{"id":5723,"date":"2019-05-24T12:06:49","date_gmt":"2019-05-24T17:06:49","guid":{"rendered":"https:\/\/www.oaxaca.gob.mx\/ieepo\/portal\/?page_id=5723"},"modified":"2019-05-24T12:06:49","modified_gmt":"2019-05-24T17:06:49","slug":"reglamento","status":"publish","type":"page","link":"https:\/\/www.oaxaca.gob.mx\/ieepo\/reglamento\/","title":{"rendered":"Reglamento"},"content":{"rendered":"\n<p>&nbsp;<\/p>\n\n\n\n<ol class=\"list-num wp-block-list\">\n<li>La biblioteca \u201cProfesor Victoriano A, Flores es un organismo perteneciente al Instituto Estatal de Educaci\u00f3n P\u00fablica de Oaxaca.<\/li>\n<li>Abre sus puertas al p\u00fablico en general en horario de 10 a 18 horas de lunes a viernes.<\/li>\n<li>Los acervos de la biblioteca est\u00e1n a disposici\u00f3n de investigadores de la educaci\u00f3n, y p\u00fablico en general.<\/li>\n<li>La biblioteca funciona bajo el criterio de libreros abiertos, con excepci\u00f3n del Fondo Reservado.<\/li>\n<li>El Fondo Reservado ser\u00e1 consultado con autorizaci\u00f3n del o la responsable del Fondo.<\/li>\n<li>S\u00f3lo podr\u00e1n consultarse en una sesi\u00f3n un m\u00e1ximo de tres ejemplares.<\/li>\n<li>Est\u00e1 permitida la fotograf\u00eda de los ejemplares consultados sin costo.<\/li>\n<li>No se permite usar flash.<\/li>\n<li>No se permiten fotocopias.<\/li>\n<li>Siempre habr\u00e1 dos personas en atenci\u00f3n al usuario.<\/li>\n<li>Los pr\u00e9stamos a domicilio est\u00e1n reservados a los integrantes del IEEPO.<\/li>\n<li>Para este tipo de pr\u00e9stamos el usuario debe dejar una fotocopia de su credencial de elector.<\/li>\n<li>Los libros en pr\u00e9stamo ser\u00e1n devueltos en un m\u00e1ximo de 30 d\u00edas h\u00e1biles.<\/li>\n<\/ol>\n\n<p>&nbsp;<\/p>","protected":false},"excerpt":{"rendered":"excerpt","protected":false},"author":1,"featured_media":0,"parent":0,"menu_order":0,"comment_status":"closed","ping_status":"closed","template":"","meta":{"episode_type":"","audio_file":"","podmotor_file_id":"","podmotor_episode_id":"","cover_image":"","cover_image_id":"","duration":"","filesize":"","filesize_raw":"","date_recorded":"","explicit":"","block":"","footnotes":""},"categories":[],"tags":[],"class_list":["post-5723","page","type-page","status-publish","hentry"],"acf":[],"publishpress_future_action":{"enabled":false,"date":"2026-05-11 07:44:16","action":"change-status","newStatus":"draft","terms":[],"taxonomy":"category","extraData":[]},"publishpress_future_workflow_manual_trigger":{"enabledWorkflows":[]},"_links":{"self":[{"href":"https:\/\/www.oaxaca.gob.mx\/ieepo\/wp-json\/wp\/v2\/pages\/5723","targetHints":{"allow":["GET"]}}],"collection":[{"href":"https:\/\/www.oaxaca.gob.mx\/ieepo\/wp-json\/wp\/v2\/pages"}],"about":[{"href":"https:\/\/www.oaxaca.gob.mx\/ieepo\/wp-json\/wp\/v2\/types\/page"}],"author":[{"embeddable":true,"href":"https:\/\/www.oaxaca.gob.mx\/ieepo\/wp-json\/wp\/v2\/users\/1"}],"replies":[{"embeddable":true,"href":"https:\/\/www.oaxaca.gob.mx\/ieepo\/wp-json\/wp\/v2\/comments?post=5723"}],"version-history":[{"count":0,"href":"https:\/\/www.oaxaca.gob.mx\/ieepo\/wp-json\/wp\/v2\/pages\/5723\/revisions"}],"wp:attachment":[{"href":"https:\/\/www.oaxaca.gob.mx\/ieepo\/wp-json\/wp\/v2\/media?parent=5723"}],"wp:term":[{"taxonomy":"category","embeddable":true,"href":"https:\/\/www.oaxaca.gob.mx\/ieepo\/wp-json\/wp\/v2\/categories?post=5723"},{"taxonomy":"post_tag","embeddable":true,"href":"https:\/\/www.oaxaca.gob.mx\/ieepo\/wp-json\/wp\/v2\/tags?post=5723"}],"curies":[{"name":"wp","href":"https:\/\/api.w.org\/{rel}","templated":true}]}}