{"id":50,"date":"2018-08-20T05:19:21","date_gmt":"2018-08-20T05:19:21","guid":{"rendered":"https:\/\/www.oaxaca.gob.mx\/ieepo\/portal\/?page_id=50"},"modified":"2019-11-14T09:18:50","modified_gmt":"2019-11-14T15:18:50","slug":"cursos","status":"publish","type":"page","link":"https:\/\/www.oaxaca.gob.mx\/ieepo\/cursos\/","title":{"rendered":"Cursos"},"content":{"rendered":"<div class=\"row\">\n<div class=\"col-md-6\">\n<a class=\"text-center\" href=\"\/ieepo\/habilidades-computacionales-basicas\/\" rel=\"noopener\"><br \/>\n<img loading=\"lazy\" decoding=\"async\" class=\"img-responsive rounded mx-auto d-block\" src=\"\/ieepo\/wp-content\/uploads\/sites\/75\/2018\/09\/HabilidadesComputacionalesBa\u0301sicas.png\" alt=\"HabilidadesCB\" width=\"130\" height=\"130\" \/><\/a><\/p>\n<p class=\"text-center\"><strong>Habilidades Computacionales B\u00e1sicas<\/strong>.<\/p>\n<p>Desarrollar habilidades b\u00e1sicas en el uso de las tecnolog\u00edas de la informaci\u00f3n y la comunicaci\u00f3n, para crear recursos educativos que generen nuevos ambientes en los procesos de ense\u00f1anza y aprendizaje.<\/p>\n<\/div>\n<div class=\"col-md-6\"><a class=\"text-center\" href=\"\/ieepo\/aplicaciones-para-elaborar-recursos-didacticos\/\" rel=\"noopener\"><br \/>\n<img loading=\"lazy\" decoding=\"async\" class=\"img-responsive rounded mx-auto d-block\" src=\"\/ieepo\/wp-content\/uploads\/sites\/75\/2018\/09\/AplicacionesparaElaborarRecursosDida\u0301cticos.png\" alt=\"App Recursos \" width=\"130\" height=\"130\" \/><\/a><\/p>\n<p class=\"text-center\"><strong>Aplicaciones para Elaborar Recursos Did\u00e1cticos.<\/strong><\/p>\n<p>Integrar las tecnolog\u00edas de la informaci\u00f3n y la comunicaci\u00f3n en la pr\u00e1ctica docente, como un recurso did\u00e1ctico que impacte en el aprendizaje del alumno, promoviendo el dise\u00f1o de estrategias que involucren el desarrollo de competencias digitales.<\/p>\n<\/div>\n<\/div>\n<div class=\"row\">\n<div class=\"col-md-6\"><a class=\"text-center\" href=\"\/ieepo\/plataforma-educativa-virtual-primaria-secundaria\/\" rel=\"noopener\"><br \/>\n<img decoding=\"async\" class=\"img-responsive rounded mx-auto d-block\" src=\"\/ieepo\/wp-content\/uploads\/sites\/75\/2018\/09\/CursoPlataformEducativaVirtual.png\" alt=\"Plataforma Educativa Virtual\" \/><\/a><\/p>\n<p class=\"text-center\"><strong>Plataforma Educativa Virtual Primaria-Secundaria<\/strong><\/p>\n<p>Fomentar el trabajo colaborativo estudiantil y docente a trav\u00e9s del uso de espacios alternativos virtuales empleando las tecnolog\u00edas de la informaci\u00f3n y comunicaci\u00f3n para contribuir al desarrollo de los procesos de ense\u00f1anza y aprendizaje.<\/p>\n<\/div>\n<div class=\"col-md-6\"><a class=\"text-center\" href=\"\/ieepo\/construcciones-dinamicas-con-geogebra-para-la-ensenanza-de-las-matematicas\/\" rel=\"noopener\"><br \/>\n<img decoding=\"async\" class=\"img-responsive rounded mx-auto d-block\" src=\"\/ieepo\/wp-content\/uploads\/sites\/75\/2018\/09\/GeoGebra.png\" alt=\"Geogebra\" \/><\/a><\/p>\n<p class=\"text-center\"><strong>Construcciones din\u00e1micas con GeoGebra para la ense\u00f1anza de las matem\u00e1ticas<\/strong><\/p>\n<p>Utilizar el software GeoGebra como recurso did\u00e1ctico, din\u00e1mico y metodol\u00f3gico en los procesos de ense\u00f1anza y aprendizaje de las matem\u00e1ticas a nivel de secundaria en las \u00e1reas de geometr\u00eda y funciones.<\/p>\n<\/div>\n<\/div>\n<div class=\"row\">\n<div class=\"col-md-6\"><a class=\"text-center\" href=\"\/ieepo\/asesoria-mi-compu\/\" rel=\"noopener\"><br \/>\n<img decoding=\"async\" class=\"img-responsive rounded mx-auto d-block\" src=\"\/ieepo\/wp-content\/uploads\/sites\/75\/2018\/09\/asesoriamicompu.png\" alt=\"Mi compu\" \/><\/a><\/p>\n<p class=\"text-center\"><strong>Asesor\u00eda Mi Compu<\/strong><\/p>\n<p>Dar a conocer las herramientas del Software Libre con que cuenta el programa Mi compu a trav\u00e9s de actividades pr\u00e1cticas-colaborativas que permitan su integraci\u00f3n en los procesos de ense\u00f1anza y aprendizaje, aplic\u00e1ndolo en actividades de planeaci\u00f3n, organizaci\u00f3n y evaluaci\u00f3n.<\/p>\n<\/div>\n<\/div>\n","protected":false},"excerpt":{"rendered":"excerpt","protected":false},"author":1,"featured_media":0,"parent":0,"menu_order":0,"comment_status":"closed","ping_status":"closed","template":"","meta":{"episode_type":"","audio_file":"","podmotor_file_id":"","podmotor_episode_id":"","cover_image":"","cover_image_id":"","duration":"","filesize":"","filesize_raw":"","date_recorded":"","explicit":"","block":"","footnotes":""},"categories":[],"tags":[],"class_list":["post-50","page","type-page","status-publish","hentry"],"acf":[],"publishpress_future_action":{"enabled":false,"date":"2026-05-14 12:42:27","action":"change-status","newStatus":"draft","terms":[],"taxonomy":"category","extraData":[]},"publishpress_future_workflow_manual_trigger":{"enabledWorkflows":[]},"_links":{"self":[{"href":"https:\/\/www.oaxaca.gob.mx\/ieepo\/wp-json\/wp\/v2\/pages\/50","targetHints":{"allow":["GET"]}}],"collection":[{"href":"https:\/\/www.oaxaca.gob.mx\/ieepo\/wp-json\/wp\/v2\/pages"}],"about":[{"href":"https:\/\/www.oaxaca.gob.mx\/ieepo\/wp-json\/wp\/v2\/types\/page"}],"author":[{"embeddable":true,"href":"https:\/\/www.oaxaca.gob.mx\/ieepo\/wp-json\/wp\/v2\/users\/1"}],"replies":[{"embeddable":true,"href":"https:\/\/www.oaxaca.gob.mx\/ieepo\/wp-json\/wp\/v2\/comments?post=50"}],"version-history":[{"count":2,"href":"https:\/\/www.oaxaca.gob.mx\/ieepo\/wp-json\/wp\/v2\/pages\/50\/revisions"}],"predecessor-version":[{"id":9548,"href":"https:\/\/www.oaxaca.gob.mx\/ieepo\/wp-json\/wp\/v2\/pages\/50\/revisions\/9548"}],"wp:attachment":[{"href":"https:\/\/www.oaxaca.gob.mx\/ieepo\/wp-json\/wp\/v2\/media?parent=50"}],"wp:term":[{"taxonomy":"category","embeddable":true,"href":"https:\/\/www.oaxaca.gob.mx\/ieepo\/wp-json\/wp\/v2\/categories?post=50"},{"taxonomy":"post_tag","embeddable":true,"href":"https:\/\/www.oaxaca.gob.mx\/ieepo\/wp-json\/wp\/v2\/tags?post=50"}],"curies":[{"name":"wp","href":"https:\/\/api.w.org\/{rel}","templated":true}]}}