{"id":462,"date":"2018-09-03T05:05:05","date_gmt":"2018-09-03T05:05:05","guid":{"rendered":"https:\/\/www.oaxaca.gob.mx\/ieepo\/portal\/?page_id=462"},"modified":"2018-09-03T05:05:05","modified_gmt":"2018-09-03T05:05:05","slug":"cumplimiento-lgtaip-2017-2015","status":"publish","type":"page","link":"https:\/\/www.oaxaca.gob.mx\/ieepo\/cumplimiento-lgtaip-2017-2015\/","title":{"rendered":"Cumplimiento LGTAIP 2015 -2017"},"content":{"rendered":"<p>\t\t\t\t[tabby title=\u00bbArt\u00edculo 70 LGT\u00bb]\n<h3>Art\u00edculo 70 LGT<\/h3>\n<p>En la Ley Federal y de las Entidades Federativas se contemplar\u00e1 que los sujetos obligados pongan a disposici\u00f3n del p\u00fablico y mantengan actualizada, en los respectivos medios electr\u00f3nicos, de acuerdo con sus facultades, atribuciones, funciones u objeto social, seg\u00fan corresponda, la informaci\u00f3n, por lo menos, de los temas, documentos y pol\u00edticas que a continuaci\u00f3n se se\u00f1alan&#8230;<br \/>\n[table \u201c12\u201d not found \/]<br \/>\n\n[tabby title=\u00bbArt\u00edculo 71 LGT\u00bb]\n<h3>Art\u00edculo 71 LTO<\/h3>\n<p>Adem\u00e1s de lo se\u00f1alado en el art\u00edculo anterior de la presente Ley, los sujetos obligados de los Poderes Ejecutivos Federal, de las Entidades Federativas y municipales, deber\u00e1n poner a disposici\u00f3n del p\u00fablico y actualizar la siguiente informaci\u00f3n\u2026<br \/>\n[table \u201c14\u201d not found \/]<br \/>\n\n[tabby title=\u00bbArt\u00edculo 80 LGT\u00bb]\n<h3>Art\u00edculo 80 LGT<\/h3>\n<p>Para determinar la informaci\u00f3n adicional que publicar\u00e1n todos los sujetos obligados de manera obligatoria, los Organismos garantes deber\u00e1n\u2026<br \/>\n[table \u201c15\u201d not found \/]<br \/>\n\n[tabby title=\u00bbArt\u00edculo 81 LGT\u00bb]\n<h3>Art\u00edculo 81 LGT<\/h3>\n<p>Personas f\u00edsicas o morales que recibe y ejerce recursos p\u00fablicos o actos de autoridad y que cumplir\u00e1n con obligaciones de transparencia.<br \/>\n[table \u201c16\u201d not found \/]<br \/>\n\n[tabby title=\u00bbArt\u00edculo 21 LTO\u00bb]\n<h3>Art\u00edculo 21 LTO<\/h3>\n<p>Adem\u00e1s de lo se\u00f1alado en el art\u00edculo 70 de la Ley General, el Poder Ejecutivo del Estado, deber\u00e1 poner a disposici\u00f3n del p\u00fablico y actualizar la siguiente informaci\u00f3n\u2026<br \/>\n[table \u201c17\u201d not found \/]<br \/>\n\n[tabbyending]\t\t<\/p>\n","protected":false},"excerpt":{"rendered":"excerpt","protected":false},"author":1,"featured_media":0,"parent":0,"menu_order":0,"comment_status":"closed","ping_status":"closed","template":"","meta":{"episode_type":"","audio_file":"","podmotor_file_id":"","podmotor_episode_id":"","cover_image":"","cover_image_id":"","duration":"","filesize":"","filesize_raw":"","date_recorded":"","explicit":"","block":"","footnotes":""},"categories":[],"tags":[],"class_list":["post-462","page","type-page","status-publish","hentry"],"acf":[],"publishpress_future_action":{"enabled":false,"date":"2026-05-11 07:42:33","action":"change-status","newStatus":"draft","terms":[],"taxonomy":"category","extraData":[]},"publishpress_future_workflow_manual_trigger":{"enabledWorkflows":[]},"_links":{"self":[{"href":"https:\/\/www.oaxaca.gob.mx\/ieepo\/wp-json\/wp\/v2\/pages\/462","targetHints":{"allow":["GET"]}}],"collection":[{"href":"https:\/\/www.oaxaca.gob.mx\/ieepo\/wp-json\/wp\/v2\/pages"}],"about":[{"href":"https:\/\/www.oaxaca.gob.mx\/ieepo\/wp-json\/wp\/v2\/types\/page"}],"author":[{"embeddable":true,"href":"https:\/\/www.oaxaca.gob.mx\/ieepo\/wp-json\/wp\/v2\/users\/1"}],"replies":[{"embeddable":true,"href":"https:\/\/www.oaxaca.gob.mx\/ieepo\/wp-json\/wp\/v2\/comments?post=462"}],"version-history":[{"count":0,"href":"https:\/\/www.oaxaca.gob.mx\/ieepo\/wp-json\/wp\/v2\/pages\/462\/revisions"}],"wp:attachment":[{"href":"https:\/\/www.oaxaca.gob.mx\/ieepo\/wp-json\/wp\/v2\/media?parent=462"}],"wp:term":[{"taxonomy":"category","embeddable":true,"href":"https:\/\/www.oaxaca.gob.mx\/ieepo\/wp-json\/wp\/v2\/categories?post=462"},{"taxonomy":"post_tag","embeddable":true,"href":"https:\/\/www.oaxaca.gob.mx\/ieepo\/wp-json\/wp\/v2\/tags?post=462"}],"curies":[{"name":"wp","href":"https:\/\/api.w.org\/{rel}","templated":true}]}}