{"id":4405,"date":"2019-03-28T11:06:02","date_gmt":"2019-03-28T17:06:02","guid":{"rendered":"https:\/\/www.oaxaca.gob.mx\/ieepo\/portal\/?page_id=4405"},"modified":"2022-12-14T13:06:19","modified_gmt":"2022-12-14T19:06:19","slug":"misiones-culturales-2","status":"publish","type":"page","link":"https:\/\/www.oaxaca.gob.mx\/ieepo\/misiones-culturales-2\/","title":{"rendered":"Misiones culturales"},"content":{"rendered":"<p>&nbsp;<\/p>\r\n\r\n<p>La educaci\u00f3n para adultos est\u00e1 dirigida a personas de quince a\u00f1os o m\u00e1s, que a\u00fan no han cursado o concluido la educaci\u00f3n primaria y secundaria. Esta se brinda a trav\u00e9s de servicios de alfabetizaci\u00f3n, para educaci\u00f3n primaria y secundaria; as\u00ed como de formaci\u00f3n para el trabajo, con las adecuaciones particulares para dicha poblaci\u00f3n. Esta educaci\u00f3n se apoya en la participaci\u00f3n y la solidaridad social.<\/p>\r\n\r\n\r\n\r\n<p>Las Misiones Culturales son instituciones educativas ubicadas en comunidades rurales y semiurbanas, bajo el esquema denominado educaci\u00f3n para la vida y el trabajo, que las diferencia de otros sistemas educativos y de las instituciones encargadas del desarrollo rural.<\/p>\r\n\r\n\r\n\r\n<p><strong style=\"font-weight: bold\">ESPECIALIDADES QUE BRINDA UNA MISI\u00d3N CULTURAL <\/strong><\/p>\r\n\r\n\r\n\r\n<p><strong style=\"font-weight: bold\"><em>Educaci\u00f3n B\u00e1sica<\/em><\/strong>. Tiene como prop\u00f3sito alfabetizar y proporcionar los estudios b\u00e1sicos de primaria y secundaria a las personas mayores de 15 a\u00f1os.<\/p>\r\n\r\n\r\n\r\n<p class=\"has-text-color has-background has-very-light-gray-color has-luminous-vivid-amber-background-color\" style=\"text-align: center\"><strong>Especialidades enfocadas a las Artes: <\/strong><\/p>\r\n\r\n\r\n\r\n<div class=\"row\">\r\n<div class=\"col-md-6 col-sm-6 col-xs-12\">\r\n<p><strong style=\"font-weight: bold\"><em>Actividades Recreativas<\/em><\/strong>. Promueve la recreaci\u00f3n, el desarrollo de destrezas y habilidades en educaci\u00f3n art\u00edstica, deportiva y valores c\u00edvicos.<\/p>\r\n<\/div>\r\n<div class=\"col-md-6 col-sm-6 col-xs-12\">\r\n<p><strong style=\"font-weight: bold\"><em>Actividades Musicales.<\/em><\/strong> Brinda capacitaci\u00f3n en solfeo y ejecuci\u00f3n de instrumentos para la integraci\u00f3n de grupos musicales como bandas filarm\u00f3nicas, conjuntos tropicales, rondallas, tr\u00edos, bandas de guerra, estudiantinas, entre otros.<\/p>\r\n<\/div>\r\n<\/div>\r\n\r\n\r\n\r\n<p class=\"has-text-color has-background has-very-light-gray-color\" style=\"background-color: #ad55b9;text-align: center\"><strong>Especialidades enfocadas a los Oficios: <\/strong><\/p>\r\n\r\n\r\n\r\n<div class=\"row\">\r\n<div class=\"col-md-6 col-sm-6 col-xs-12\">\r\n<p><strong style=\"font-weight: bold\"><em>Alba\u00f1iler\u00eda<\/em><\/strong><em>.<\/em> Capacita de manera te\u00f3rica y pr\u00e1ctica para la industria de la construcci\u00f3n en: Dise\u00f1o y c\u00e1lculo, Obra negra, Acabados, Ecot\u00e9cnias e Instalaciones.<\/p>\r\n<\/div>\r\n<div class=\"col-md-6 col-sm-6 col-xs-12\">\r\n<p><strong style=\"font-weight: bold\"> <em>Actividades Agropecuarias.<\/em><\/strong> Propicia el desarrollo agropecuario a trav\u00e9s de la capacitaci\u00f3n y asesor\u00eda en proyectos productivos en el \u00e1rea: Agr\u00edcola, Pecuaria y Agroindustrias.<\/p>\r\n<\/div>\r\n<div class=\"col-md-6 col-sm-6 col-xs-12\">\r\n<p><strong style=\"font-weight: bold\"><em>Carpinter\u00eda.<\/em><\/strong> Capacita de manera te\u00f3rica y pr\u00e1ctica en Carpinter\u00eda b\u00e1sica, Avanzada, General y Acabados. Contribuyendo ecol\u00f3gicamente con el uso racional de la madera, as\u00ed como la aplicaci\u00f3n de tintes naturales, industriales y todo tipo de acabados.<\/p>\r\n<\/div>\r\n<div class=\"col-md-6 col-sm-6 col-xs-12\">\r\n<p><strong style=\"font-weight: bold\"><em>Educaci\u00f3n Familiar.<\/em><\/strong> Brinda capacitaci\u00f3n en Corte y Confecci\u00f3n a nivel b\u00e1sico, intermedio y avanzado, Manualidades; de la misma manera capacita en los conocimientos b\u00e1sicos de Cocina y Reposter\u00eda. As\u00ed como orientaciones para el mejoramiento del hogar.<\/p>\r\n<\/div>\r\n<div class=\"col-md-6 col-sm-6 col-xs-12\">\r\n<p><strong style=\"font-weight: bold\"><em>Enfermer\u00eda y Primeros Auxilios<\/em><\/strong>. Brinda capacitaci\u00f3n y conocimientos b\u00e1sicos en Enfermer\u00eda y Primeros Auxilios. Las cuales pueden aplicarse en nivel primario y secundario; contribuye al saneamiento ambiental en las coordinaciones relacionadas con el \u00e1rea de la salud.<\/p>\r\n<\/div>\r\n<\/div>\r\n\r\n\r\n\r\n<p class=\"has-background\" style=\"background-color: #fff70f;text-align: center\"><strong>Especialidades Opcionales. <\/strong><\/p>\r\n\r\n\r\n\r\n<p>Se capacita en diferentes especialidades:<\/p>\r\n\r\n\r\n\r\n<div class=\"row\">\r\n<div class=\"col-md-6 col-sm-6 col-xs-12\">\r\n<p><strong style=\"font-weight: bold\"><em>Electricidad.<\/em><\/strong> Capacita en Instalaciones El\u00e9ctricas residenciales, reparaci\u00f3n de aparatos electrodom\u00e9sticos, mantenimiento y reparaci\u00f3n de motores el\u00e9ctricos, considerando medidas preventivas.<\/p>\r\n<\/div>\r\n<div class=\"col-md-6 col-sm-6 col-xs-12\">\r\n<p><strong style=\"font-weight: bold\"><em>Textiler\u00eda<\/em><\/strong>. Promueve la preservaci\u00f3n y fomento de la actividad artesanal, mediante la capacitaci\u00f3n en la elaboraci\u00f3n de prendas a partir de fibras de origen animal, vegetal y sint\u00e9tico, as\u00ed como la aplicaci\u00f3n de tintes naturales, industriales y acabados.<\/p>\r\n<\/div>\r\n<div class=\"col-md-6 col-sm-6 col-xs-12\">\r\n<p><strong style=\"font-weight: bold\"><em>Balconer\u00eda<\/em><\/strong>. Desarrolla conocimientos, habilidades y destrezas, para la toma de medidas, c\u00e1lculo de material y presupuesto para el dise\u00f1o y elaboraci\u00f3n de trabajos estructurales, tubulares y forja.<\/p>\r\n<\/div>\r\n<div class=\"col-md-6 col-sm-6 col-xs-12\">\r\n<p><em><strong style=\"font-weight: bold\">Computaci\u00f3n. <\/strong><\/em>Capacita en la introducci\u00f3n a la computaci\u00f3n, manejo de paqueter\u00eda, an\u00e1lisis y dise\u00f1o de sistemas en Access o un lenguaje visual, dise\u00f1o gr\u00e1fico y p\u00e1ginas web, as\u00ed como mantenimiento preventivo y correctivo de sistemas de c\u00f3mputo.<\/p>\r\n<\/div>\r\n<\/div>\r\n\r\n\r\n\r\n<p>La Misi\u00f3n Cultural se conforma por nueve especialidades, un Jefe de Misi\u00f3n Cultural, una secretaria y un intendente. Formando un colectivo con responsabilidad social y al servicio de comunidades rurales y semi urbanas en las cuales se establecen.<\/p>\r\n\r\n<div class=\"row\">\r\n<div class=\"col-md-3\"><img loading=\"lazy\" decoding=\"async\" width=\"150\" height=\"150\" class=\"alignnone wp-image-4935 size-thumbnail\" src=\"\/ieepo\/wp-content\/uploads\/sites\/75\/2019\/04\/rojo-150x150.png\" srcset=\"https:\/\/www.oaxaca.gob.mx\/ieepo\/wp-content\/uploads\/sites\/75\/2019\/04\/rojo-150x150.png 150w, https:\/\/www.oaxaca.gob.mx\/ieepo\/wp-content\/uploads\/sites\/75\/2019\/04\/rojo.png 300w\" sizes=\"auto, (max-width: 150px) 100vw, 150px\" \/><\/div>\r\n<div class=\"col-md-9\">\r\n<p class=\"has-text-color has-background has-large-font-size has-very-light-gray-color has-vivid-red-background-color\" style=\"text-align: center\"><strong>Perfil de ingreso<\/strong><\/p>\r\n<p>Personas mayores de 15 a\u00f1os que tengan inter\u00e9s por participar en algunas de las diferentes especialidades con que cuenta el servicio, no importando su grado de escolaridad. Por las caracter\u00edsticas de ciertas especialidades (Actividades Recreativas y Actividades Musicales) se aceptan alumnos de menor edad.<\/p>\r\n<\/div>\r\n<\/div>\r\n<!-- \/wp:post-content -->\r\n<p>&nbsp;<\/p>\r\n<!-- \/wp:media-text -->\r\n<div class=\"row\">\r\n<div class=\"col-md-9\">\r\n<p class=\"has-text-color has-background has-large-font-size has-very-light-gray-color\" style=\"background-color: #0da300;text-align: center\"><strong>Perfil de egreso<\/strong><\/p>\r\n<p>Los egresados estar\u00e1n capacitados para poner en pr\u00e1ctica los conocimientos adquiridos en los diferentes talleres, desarroll\u00e1ndose de manera personal y comunitaria para integrarse al sector productivo, social y cultural, as\u00ed como para la continuaci\u00f3n de su preparaci\u00f3n.<\/p>\r\n<\/div>\r\n<div class=\"col-md-3\"><img loading=\"lazy\" decoding=\"async\" width=\"150\" height=\"150\" class=\"alignnone wp-image-4971 size-thumbnail\" src=\"\/ieepo\/wp-content\/uploads\/sites\/75\/2019\/04\/Verde-150x150.png\" alt=\"\" srcset=\"https:\/\/www.oaxaca.gob.mx\/ieepo\/wp-content\/uploads\/sites\/75\/2019\/04\/Verde-150x150.png 150w, https:\/\/www.oaxaca.gob.mx\/ieepo\/wp-content\/uploads\/sites\/75\/2019\/04\/Verde-300x300.png 300w, https:\/\/www.oaxaca.gob.mx\/ieepo\/wp-content\/uploads\/sites\/75\/2019\/04\/Verde-768x769.png 768w, https:\/\/www.oaxaca.gob.mx\/ieepo\/wp-content\/uploads\/sites\/75\/2019\/04\/Verde-1022x1024.png 1022w\" sizes=\"auto, (max-width: 150px) 100vw, 150px\" \/><\/div>\r\n<\/div>\r\n<!-- \/wp:paragraph -->\r\n<p>&nbsp;<\/p>\r\n<!-- \/wp:media-text -->\r\n\r\n<!-- wp:html -->\r\n<div class=\"row\">\r\n<div class=\"col-md-12\">\r\n<div class=\"col-md-6 col-sm-6 col-xs-12\">\r\n<p><strong style=\"font-weight: bold\"><em>HORARIO <\/em><\/strong><em>.<\/em>El horario de atenci\u00f3n es flexible, puesto que se adapta a las necesidades de los alumnos.<\/p>\r\n<\/div>\r\n<div class=\"col-md-6 col-sm-6 col-xs-12\">\r\n<p><strong style=\"font-weight: bold\">INSCRIPCI\u00d3N <\/strong><\/p>\r\n<ul class=\"listas-geo\">\r\n<li>Dos copias del acta de nacimiento,<\/li>\r\n<li>Dos copias de la CURP,<\/li>\r\n<li>Dos copias del \u00faltimo grado de estudio (en caso de tenerlo).<\/li>\r\n<\/ul>\r\n<\/div>\r\n<\/div>\r\n<\/div>\r\n<!-- \/wp:html -->\r\n\r\n<!-- wp:paragraph {\"align\":\"center\",\"textColor\":\"very-light-gray\",\"customBackgroundColor\":\"#ff1eb4\"} -->\r\n<p class=\"has-text-color has-background has-very-light-gray-color\" style=\"background-color: #ff1eb4;text-align: center\"><strong style=\"font-weight: bold\"><em>LOS CURSOS SON TOTALMENTE GRATUITOS Y TIENEN VALIDEZ OFICIAL. <\/em><\/strong><\/p>\r\n<!-- \/wp:paragraph -->\r\n\r\n<!-- wp:quote -->\r\n<blockquote class=\"wp-block-quote\">\r\n<p><strong style=\"font-weight: bold\">Cont\u00e1ctanos <\/strong> <br \/>Tel\u00e9fonos: 51 3331 4 y 1324077 <br \/>Correo electr\u00f3nico : niveladultos@gmail.com.mx<\/p>\r\n<cite> <\/cite><\/blockquote>\r\n<!-- \/wp:quote -->\r\n<p>&nbsp;<\/p>","protected":false},"excerpt":{"rendered":"excerpt","protected":false},"author":1,"featured_media":0,"parent":0,"menu_order":0,"comment_status":"closed","ping_status":"closed","template":"","meta":{"episode_type":"","audio_file":"","podmotor_file_id":"","podmotor_episode_id":"","cover_image":"","cover_image_id":"","duration":"","filesize":"","filesize_raw":"","date_recorded":"","explicit":"","block":"","footnotes":""},"categories":[],"tags":[],"class_list":["post-4405","page","type-page","status-publish","hentry"],"acf":[],"publishpress_future_action":{"enabled":false,"date":"2026-05-19 23:55:51","action":"change-status","newStatus":"draft","terms":[],"taxonomy":"category","extraData":[]},"publishpress_future_workflow_manual_trigger":{"enabledWorkflows":[]},"_links":{"self":[{"href":"https:\/\/www.oaxaca.gob.mx\/ieepo\/wp-json\/wp\/v2\/pages\/4405","targetHints":{"allow":["GET"]}}],"collection":[{"href":"https:\/\/www.oaxaca.gob.mx\/ieepo\/wp-json\/wp\/v2\/pages"}],"about":[{"href":"https:\/\/www.oaxaca.gob.mx\/ieepo\/wp-json\/wp\/v2\/types\/page"}],"author":[{"embeddable":true,"href":"https:\/\/www.oaxaca.gob.mx\/ieepo\/wp-json\/wp\/v2\/users\/1"}],"replies":[{"embeddable":true,"href":"https:\/\/www.oaxaca.gob.mx\/ieepo\/wp-json\/wp\/v2\/comments?post=4405"}],"version-history":[{"count":2,"href":"https:\/\/www.oaxaca.gob.mx\/ieepo\/wp-json\/wp\/v2\/pages\/4405\/revisions"}],"predecessor-version":[{"id":28437,"href":"https:\/\/www.oaxaca.gob.mx\/ieepo\/wp-json\/wp\/v2\/pages\/4405\/revisions\/28437"}],"wp:attachment":[{"href":"https:\/\/www.oaxaca.gob.mx\/ieepo\/wp-json\/wp\/v2\/media?parent=4405"}],"wp:term":[{"taxonomy":"category","embeddable":true,"href":"https:\/\/www.oaxaca.gob.mx\/ieepo\/wp-json\/wp\/v2\/categories?post=4405"},{"taxonomy":"post_tag","embeddable":true,"href":"https:\/\/www.oaxaca.gob.mx\/ieepo\/wp-json\/wp\/v2\/tags?post=4405"}],"curies":[{"name":"wp","href":"https:\/\/api.w.org\/{rel}","templated":true}]}}