{"id":3618,"date":"2019-02-25T12:47:40","date_gmt":"2019-02-25T18:47:40","guid":{"rendered":"https:\/\/www.oaxaca.gob.mx\/ieepo\/portal\/?page_id=3618"},"modified":"2024-05-09T00:09:47","modified_gmt":"2024-05-09T06:09:47","slug":"secretarias-de-otros-estados","status":"publish","type":"page","link":"https:\/\/www.oaxaca.gob.mx\/ieepo\/secretarias-de-otros-estados\/","title":{"rendered":"Secretar\u00edas de otros Estados"},"content":{"rendered":"<div class=\"row\">\r\n<div class=\"col-md-2 col-sm-2 col-xs-12\"><img loading=\"lazy\" decoding=\"async\" src=\"https:\/\/www.oaxaca.gob.mx\/ieepo\/wp-content\/uploads\/sites\/75\/2024\/05\/aguascalientes.png\" alt=\"\" width=\"100\" height=\"120\" \/><\/div>\r\n<div class=\"col-md-4 col-sm-4 col-xs-12\"><strong>Aguascalientes<\/strong>\r\nInstituto de Educaci\u00f3n de Aguscalientes\r\n<a href=\"http:\/\/www.iea.gob.mx\/\" target=\"_blank\" rel=\"noopener noreferrer\">http:\/\/www.iea.gob.mx\/<\/a><\/div>\r\n<div class=\"col-md-2 col-sm-2 col-xs-12\"><img loading=\"lazy\" decoding=\"async\" src=\"https:\/\/www.oaxaca.gob.mx\/ieepo\/wp-content\/uploads\/sites\/75\/2024\/05\/baja-california.png\" alt=\"\" width=\"87\" height=\"120\" \/><\/div>\r\n<div class=\"col-md-4 col-sm-4 col-xs-12\"><strong>Baja California<\/strong>\r\nSistema Educativo Estatal\r\n<a href=\"http:\/\/www.educacionbc.edu.mx\/\" target=\"_blank\" rel=\"noopener noreferrer\">http:\/\/www.educacionbc.edu.mx\/<\/a><\/div>\r\n<\/div>\r\n<div class=\"row\">\r\n<div class=\"col-md-2 col-sm-2 col-xs-12\"><img loading=\"lazy\" decoding=\"async\" src=\"https:\/\/www.oaxaca.gob.mx\/ieepo\/wp-content\/uploads\/sites\/75\/2024\/05\/baja-california-sur.png\" alt=\"\" width=\"90\" height=\"107\" \/><\/div>\r\n<div class=\"col-md-4 col-sm-4 col-xs-12\"><strong>Baja California Sur<\/strong>\r\nSecretar\u00eda de Educaci\u00f3n P\u00fablica\r\n<a href=\"http:\/\/www.sepbcs.gob.mx\/\" target=\"_blank\" rel=\"noopener noreferrer\">http:\/\/www.sepbcs.gob.mx\/<\/a><\/div>\r\n<div class=\"col-md-2 col-sm-2 col-xs-12\"><img loading=\"lazy\" decoding=\"async\" src=\"https:\/\/www.oaxaca.gob.mx\/ieepo\/wp-content\/uploads\/sites\/75\/2024\/05\/campeche.png\" alt=\"\" width=\"83\" height=\"120\" \/><\/div>\r\n<div class=\"col-md-4 col-sm-4 col-xs-12\"><strong>Campeche<\/strong>\r\nSecretar\u00eda de Educaci\u00f3n del Gobierno del Estado de Campeche\r\n<a href=\"http:\/\/educacioncampeche.gob.mx\/\" target=\"_blank\" rel=\"noopener noreferrer\">http:\/\/educacioncampeche.gob.mx\/<\/a><\/div>\r\n<\/div>\r\n<div class=\"row\">\r\n<div class=\"col-md-2 col-sm-2 col-xs-12\"><img loading=\"lazy\" decoding=\"async\" src=\"https:\/\/www.oaxaca.gob.mx\/ieepo\/wp-content\/uploads\/sites\/75\/2024\/05\/chiapas.png\" alt=\"\" width=\"78\" height=\"100\" \/><\/div>\r\n<div class=\"col-md-4 col-sm-4 col-xs-12\"><strong>Chiapas<\/strong>\r\nSecretar\u00eda de Educaci\u00f3n\r\n<a href=\"http:\/\/www.educacionchiapas.gob.mx\/\" target=\"_blank\" rel=\"noopener noreferrer\">http:\/\/www.educacionchiapas.gob.mx\/<\/a><\/div>\r\n<div class=\"col-md-2 col-sm-2 col-xs-12\"><img loading=\"lazy\" decoding=\"async\" src=\"https:\/\/www.oaxaca.gob.mx\/ieepo\/wp-content\/uploads\/sites\/75\/2024\/05\/chihuahua.png\" alt=\"\" width=\"111\" height=\"120\" \/><\/div>\r\n<div class=\"col-md-4 col-sm-4 col-xs-12\"><strong>Chihuahua<\/strong>\r\nSecretar\u00eda de Educaci\u00f3n y Deporte\r\n<a href=\"http:\/\/educacion.chihuahua.gob.mx\/\" target=\"_blank\" rel=\"noopener noreferrer\">http:\/\/educacion.chihuahua.gob.mx\/<\/a><\/div>\r\n<\/div>\r\n<div class=\"row\">\r\n<div class=\"col-md-2 col-sm-2 col-xs-12\"><img loading=\"lazy\" decoding=\"async\" src=\"https:\/\/www.oaxaca.gob.mx\/ieepo\/wp-content\/uploads\/sites\/75\/2024\/05\/coahuila.png\" alt=\"\" width=\"116\" height=\"120\" \/><\/div>\r\n<div class=\"col-md-4 col-sm-4 col-xs-12\"><strong>Coahuila<\/strong>\r\nSecretar\u00eda de Educaci\u00f3n P\u00fablica de Coahuila\r\n<a href=\"https:\/\/www.seducoahuila.gob.mx\/\" target=\"_blank\" rel=\"noopener noreferrer\">https:\/\/www.seducoahuila.gob.mx\/<\/a><\/div>\r\n<div class=\"col-md-2 col-sm-2 col-xs-12\"><img loading=\"lazy\" decoding=\"async\" src=\"https:\/\/www.oaxaca.gob.mx\/ieepo\/wp-content\/uploads\/sites\/75\/2024\/05\/colima.png\" alt=\"\" width=\"89\" height=\"119\" \/><\/div>\r\n<div class=\"col-md-4 col-sm-4 col-xs-12\"><strong>Colima<\/strong>\r\nSecretar\u00eda de Educaci\u00f3n de Colima\r\n<a href=\"http:\/\/www.secolima.gob.mx\/\" target=\"_blank\" rel=\"noopener noreferrer\">http:\/\/www.secolima.gob.mx\/<\/a><\/div>\r\n<\/div>\r\n<div class=\"row\">\r\n<div class=\"col-md-2 col-sm-2 col-xs-12\"><img loading=\"lazy\" decoding=\"async\" src=\"https:\/\/www.oaxaca.gob.mx\/ieepo\/wp-content\/uploads\/sites\/75\/2024\/05\/distrito-federal.png\" alt=\"\" width=\"101\" height=\"120\" \/><\/div>\r\n<div class=\"col-md-4 col-sm-4 col-xs-12\"><strong>Ciudad de M\u00e9xico <\/strong>\r\nSecretar\u00eda de Educaci\u00f3n P\u00fablica\r\n<a href=\"https:\/\/www.educacion.cdmx.gob.mx\/\" target=\"_blank\" rel=\"noopener noreferrer\">https:\/\/www.educacion.cdmx.gob.mx\/<\/a><\/div>\r\n<div class=\"col-md-2 col-sm-2 col-xs-12\"><img loading=\"lazy\" decoding=\"async\" src=\"https:\/\/www.oaxaca.gob.mx\/ieepo\/wp-content\/uploads\/sites\/75\/2024\/05\/durango.png\" alt=\"\" width=\"89\" height=\"141\" \/><\/div>\r\n<div class=\"col-md-4 col-sm-4 col-xs-12\"><strong>Durango<\/strong>\r\nSecretar\u00eda de Educaci\u00f3n P\u00fablica de Durango\r\n<a href=\"http:\/\/educacion.durango.gob.mx\/\" target=\"_blank\" rel=\"noopener noreferrer\"> http:\/\/educacion.durango.gob.mx\/<\/a><\/div>\r\n<\/div>\r\n<div class=\"row\">\r\n<div class=\"col-md-2 col-sm-2 col-xs-12\"><img loading=\"lazy\" decoding=\"async\" src=\"https:\/\/www.oaxaca.gob.mx\/ieepo\/wp-content\/uploads\/sites\/75\/2024\/05\/edo.png\" alt=\"\" width=\"105\" height=\"119\" \/><\/div>\r\n<div class=\"col-md-4 col-sm-4 col-xs-12\"><strong>Estado de M\u00e9xico<\/strong>\r\nSecretar\u00eda de Educaci\u00f3n\r\n<a href=\"http:\/\/seduc.edomex.gob.mx\/inicio\" target=\"_blank\" rel=\"noopener noreferrer\">http:\/\/seduc.edomex.gob.mx\/inicio<\/a><\/div>\r\n\r\n\r\n\r\n\r\n\r\n<div class=\"col-md-2 col-sm-2 col-xs-12\"><img loading=\"lazy\" decoding=\"async\" src=\"https:\/\/www.oaxaca.gob.mx\/ieepo\/wp-content\/uploads\/sites\/75\/2024\/05\/guanajuato.png\" alt=\"\" width=\"90\" height=\"119\" \/><\/div>\r\n<div class=\"col-md-4 col-sm-4 col-xs-12\"><strong>Guanajuato <\/strong>\r\nSecretar\u00eda de Educaci\u00f3n de Guanajuato\r\n<a href=\"http:\/\/www.seg.guanajuato.gob.mx\/\" target=\"_blank\" rel=\"noopener noreferrer\">http:\/\/www.seg.guanajuato.gob.mx\/<\/a><\/div>\r\n<\/div>\r\n\r\n\r\n\r\n<div class=\"row\">\r\n<div class=\"col-md-2 col-sm-2 col-xs-12\"><img loading=\"lazy\" decoding=\"async\" src=\"https:\/\/www.oaxaca.gob.mx\/ieepo\/wp-content\/uploads\/sites\/75\/2024\/05\/guerrero.png\" alt=\"\" width=\"77\" height=\"119\" \/><\/div>\r\n<div class=\"col-md-4 col-sm-4 col-xs-12\"><strong>Guerrero<\/strong>\r\nSecretar\u00eda de Educaci\u00f3n de Guerrero\r\n<a href=\"http:\/\/www.seg.gob.mx\/\" target=\"_blank\" rel=\"noopener noreferrer\">http:\/\/www.seg.gob.mx\/<\/a><\/div>\r\n\r\n\r\n\r\n<div class=\"col-md-2 col-sm-2 col-xs-12\"><img loading=\"lazy\" decoding=\"async\" src=\"https:\/\/www.oaxaca.gob.mx\/ieepo\/wp-content\/uploads\/sites\/75\/2024\/05\/hidalgo.png\" alt=\"\" width=\"120\" height=\"108\" \/><\/div>\r\n<div class=\"col-md-4 col-sm-4 col-xs-12\"><strong>Hidalgo<\/strong>\r\nSistema de Educaci\u00f3n P\u00fablica de Hidalgo\r\n<a href=\"http:\/\/www.hgo.sep.gob.mx\/\" target=\"_blank\" rel=\"noopener noreferrer\">http:\/\/www.hgo.sep.gob.mx\/<\/a><\/div>\r\n<\/div>\r\n<div class=\"row\">\r\n<div class=\"col-md-2 col-sm-2 col-xs-12\"><img loading=\"lazy\" decoding=\"async\" src=\"https:\/\/www.oaxaca.gob.mx\/ieepo\/wp-content\/uploads\/sites\/75\/2024\/05\/jalisco.png\" alt=\"\" width=\"91\" height=\"119\" \/><\/div>\r\n<div class=\"col-md-4 col-sm-4 col-xs-12\"><strong>Jalisco<\/strong>\r\nSecretar\u00eda de Educaci\u00f3n de Jalisco\r\n<a href=\"https:\/\/portalsej.jalisco.gob.mx\/\" target=\"_blank\" rel=\"noopener noreferrer\">https:\/\/portalsej.jalisco.gob.mx\/<\/a>\r\nSecretar\u00eda de Educaci\u00f3n<\/div>\r\n<div class=\"col-md-2 col-sm-2 col-xs-12\"><img loading=\"lazy\" decoding=\"async\" src=\"https:\/\/www.oaxaca.gob.mx\/ieepo\/wp-content\/uploads\/sites\/75\/2024\/05\/michoacan.png\" alt=\"\" width=\"85\" height=\"120\" \/><\/div>\r\n<div class=\"col-md-4 col-sm-4 col-xs-12\"><strong>Michoac\u00e1n<\/strong>\r\nSecretar\u00eda de Educaci\u00f3n de Michoac\u00e1n\r\n<a href=\"http:\/\/www.educacion.michoacan.gob.mx\/\" target=\"_blank\" rel=\"noopener noreferrer\">http:\/\/www.educacion.michoacan.gob.mx\/<\/a><\/div>\r\n<\/div>\r\n<div class=\"row\">\r\n<div class=\"col-md-2 col-sm-2 col-xs-12\"><img loading=\"lazy\" decoding=\"async\" src=\"https:\/\/www.oaxaca.gob.mx\/ieepo\/wp-content\/uploads\/sites\/75\/2024\/05\/morelos.png\" alt=\"\" width=\"93\" height=\"119\" \/><\/div>\r\n<div class=\"col-md-4 col-sm-4 col-xs-12\"><strong>Morelos<\/strong>\r\nInstituto de la Educaci\u00f3n B\u00e1sica del Estado de Morelos (IEBEM)\r\n<a href=\"http:\/\/www.iebem.edu.mx\/\" target=\"_blank\" rel=\"noopener noreferrer\">http:\/\/www.iebem.edu.mx\/<\/a><\/div>\r\n<div class=\"col-md-2 col-sm-2 col-xs-12\"><img loading=\"lazy\" decoding=\"async\" src=\"https:\/\/www.oaxaca.gob.mx\/ieepo\/wp-content\/uploads\/sites\/75\/2024\/05\/nayarit.png\" alt=\"\" width=\"115\" height=\"120\" \/><\/div>\r\n<div class=\"col-md-4 col-sm-4 col-xs-12\"><strong>Nayarit<\/strong>\r\nServicios de Educaci\u00f3n P\u00fablica de Nayarit\r\n<a href=\"http:\/\/www.sepen.gob.mx\/\" target=\"_blank\" rel=\"noopener noreferrer\">http:\/\/www.sepen.gob.mx\/<\/a><\/div>\r\n<\/div>\r\n<div class=\"row\">\r\n<div class=\"col-md-2 col-sm-2 col-xs-12\"><img loading=\"lazy\" decoding=\"async\" src=\"https:\/\/www.oaxaca.gob.mx\/ieepo\/wp-content\/uploads\/sites\/75\/2024\/05\/nuevo-leon.png\" alt=\"\" width=\"86\" height=\"120\" \/><\/div>\r\n<div class=\"col-md-4 col-sm-4 col-xs-12\"><strong>Nuevo Le\u00f3n<\/strong>\r\nSecretar\u00eda de Educaci\u00f3n de Nuevo Le\u00f3n\r\n<a href=\"http:\/\/www.nl.gob.mx\/educacion\" target=\"_blank\" rel=\"noopener noreferrer\">http:\/\/www.nl.gob.mx\/educacion<\/a><\/div>\r\n<div class=\"col-md-2 col-sm-2 col-xs-12\"><img loading=\"lazy\" decoding=\"async\" src=\"https:\/\/www.oaxaca.gob.mx\/ieepo\/wp-content\/uploads\/sites\/75\/2024\/05\/oaxaca.png\" alt=\"\" width=\"83\" height=\"119\" \/><\/div>\r\n<div class=\"col-md-4 col-sm-4 col-xs-12\"><strong>Oaxaca<\/strong>\r\nInstituto Estatal de Educaci\u00f3n P\u00fablica de Oaxaca\r\n<a href=\"\/\/www.oaxaca.gob.mx\/ieepo\/\">https:\/\/www.oaxaca.gob.mx\/ieepo\/<\/a><\/div>\r\n<\/div>\r\n<div class=\"row\">\r\n<div class=\"col-md-2 col-sm-2 col-xs-12\"><img loading=\"lazy\" decoding=\"async\" src=\"https:\/\/www.oaxaca.gob.mx\/ieepo\/wp-content\/uploads\/sites\/75\/2024\/05\/puebla.png\" alt=\"\" width=\"88\" height=\"119\" \/><\/div>\r\n<div class=\"col-md-4 col-sm-4 col-xs-12\"><strong>Puebla<\/strong>\r\nSecretar\u00eda de Educaci\u00f3n de Puebla\r\n<a href=\"http:\/\/sep.puebla.gob.mx\/\" target=\"_blank\" rel=\"noopener noreferrer\">http:\/\/sep.puebla.gob.mx\/<\/a><\/div>\r\n<div class=\"col-md-2 col-sm-2 col-xs-12\"><img loading=\"lazy\" decoding=\"async\" src=\"https:\/\/www.oaxaca.gob.mx\/ieepo\/wp-content\/uploads\/sites\/75\/2024\/05\/queretaro.png\" alt=\"\" width=\"94\" height=\"120\" \/><\/div>\r\n<div class=\"col-md-4 col-sm-4 col-xs-12\"><strong>Quer\u00e9taro<\/strong>\r\nSecretar\u00eda de Educaci\u00f3n de Quer\u00e9taro\r\n<a href=\"http:\/\/www.queretaro.gob.mx\/educacion\/\" target=\"_blank\" rel=\"noopener noreferrer\">http:\/\/www.queretaro.gob.mx\/educacion\/<\/a><\/div>\r\n<\/div>\r\n<div class=\"row\">\r\n<div class=\"col-md-2 col-sm-2 col-xs-12\"><img loading=\"lazy\" decoding=\"async\" src=\"https:\/\/www.oaxaca.gob.mx\/ieepo\/wp-content\/uploads\/sites\/75\/2024\/05\/quintana-roo.png\" alt=\"\" width=\"90\" height=\"120\" \/><\/div>\r\n<div class=\"col-md-4 col-sm-4 col-xs-12\"><strong>Quintana Roo<\/strong>\r\nSecretar\u00eda de Educaci\u00f3n\r\n<a href=\"https:\/\/qroo.gob.mx\/seq\" target=\"_blank\" rel=\"noopener noreferrer\">https:\/\/qroo.gob.mx\/seq<\/a><\/div>\r\n<div class=\"col-md-2 col-sm-2 col-xs-12\"><img loading=\"lazy\" decoding=\"async\" src=\"https:\/\/www.oaxaca.gob.mx\/ieepo\/wp-content\/uploads\/sites\/75\/2024\/05\/san-luis-potosi.png\" alt=\"\" width=\"103\" height=\"120\" \/><\/div>\r\n<div class=\"col-md-4 col-sm-4 col-xs-12\"><strong>San Luis Potos\u00ed<\/strong>\r\nSecretar\u00eda de Educaci\u00f3n de San Luis Potos\u00ed\r\n<a href=\"http:\/\/www.seslp.gob.mx\/\" target=\"_blank\" rel=\"noopener noreferrer\">http:\/\/beta.slp.gob.mx\/sege\/Paginas\/Paginas\/Inicio.aspx<\/a><\/div>\r\n<\/div>\r\n<div class=\"row\">\r\n<div class=\"col-md-2 col-sm-2 col-xs-12\"><img loading=\"lazy\" decoding=\"async\" src=\"https:\/\/www.oaxaca.gob.mx\/ieepo\/wp-content\/uploads\/sites\/75\/2024\/05\/sinaloa.png\" alt=\"\" width=\"87\" height=\"150\" \/><\/div>\r\n<div class=\"col-md-4 col-sm-4 col-xs-12\"><strong>Sinaloa\r\n<\/strong>Secretar\u00eda de Educaci\u00f3n P\u00fablica y Cultura\r\n<a href=\"http:\/\/app.sepyc.gob.mx\/\" target=\"_blank\" rel=\"noopener noreferrer\">http:\/\/app.sepyc.gob.mx\/<\/a><\/div>\r\n<div class=\"col-md-2 col-sm-2 col-xs-12\"><img loading=\"lazy\" decoding=\"async\" src=\"https:\/\/www.oaxaca.gob.mx\/ieepo\/wp-content\/uploads\/sites\/75\/2024\/05\/sonora.png\" alt=\"\" width=\"104\" height=\"119\" \/><\/div>\r\n<div class=\"col-md-4 col-sm-4 col-xs-12\"><strong>Sonora<\/strong>\r\nSecretar\u00eda de Educaci\u00f3n y Cultura\r\n<a href=\"http:\/\/www.sec.gob.mx\/portal\/index.php\" target=\"_blank\" rel=\"noopener noreferrer\">http:\/\/www.sec.gob.mx\/portal\/index.php<\/a><\/div>\r\n<\/div>\r\n<div class=\"row\">\r\n<div class=\"col-md-2 col-sm-2 col-xs-12\"><img loading=\"lazy\" decoding=\"async\" src=\"https:\/\/www.oaxaca.gob.mx\/ieepo\/wp-content\/uploads\/sites\/75\/2024\/05\/tabasco.png\" alt=\"\" width=\"77\" height=\"100\" \/><\/div>\r\n<div class=\"col-md-4 col-sm-4 col-xs-12\"><strong>Tabasco<\/strong>\r\nSecretar\u00eda de Educaci\u00f3n de Tabasco\r\n<a href=\"https:\/\/tabasco.gob.mx\/se\" target=\"_blank\" rel=\"noopener noreferrer\">https:\/\/tabasco.gob.mx\/se<\/a><\/div>\r\n<div class=\"col-md-2 col-sm-2 col-xs-12\"><img loading=\"lazy\" decoding=\"async\" src=\"https:\/\/www.oaxaca.gob.mx\/ieepo\/wp-content\/uploads\/sites\/75\/2024\/05\/tamaulipas.png\" alt=\"\" width=\"100\" height=\"120\" \/><\/div>\r\n<div class=\"col-md-4 col-sm-4 col-xs-12\"><strong>Tamaulipas<\/strong>\r\nSecretar\u00eda de Educaci\u00f3n de Tamaulipas\r\n<a href=\"https:\/\/www.tamaulipas.gob.mx\/educacion\/\" target=\"_blank\" rel=\"noopener noreferrer\">https:\/\/www.tamaulipas.gob.mx\/educacion\/<\/a><\/div>\r\n<\/div>\r\n<div class=\"row\">\r\n<div class=\"col-md-2 col-sm-2 col-xs-12\"><img loading=\"lazy\" decoding=\"async\" src=\"https:\/\/www.oaxaca.gob.mx\/ieepo\/wp-content\/uploads\/sites\/75\/2024\/05\/tlaxcala.png\" alt=\"\" width=\"99\" height=\"119\" \/><\/div>\r\n<div class=\"col-md-4 col-sm-4 col-xs-12\"><strong>Tlaxcala<\/strong>\r\nSecretar\u00eda de Educaci\u00f3n P\u00fablica del Estado\r\n<a href=\"http:\/\/www.septlaxcala.gob.mx\" target=\"_blank\" rel=\"noopener noreferrer\">http:\/\/www.septlaxcala.gob.mx<\/a><\/div>\r\n<div class=\"col-md-2 col-sm-2 col-xs-12\"><img loading=\"lazy\" decoding=\"async\" src=\"https:\/\/www.oaxaca.gob.mx\/ieepo\/wp-content\/uploads\/sites\/75\/2024\/05\/veracruz.png\" alt=\"\" width=\"106\" height=\"120\" \/><\/div>\r\n<div class=\"col-md-4 col-sm-4 col-xs-12\"><strong>Veracruz<\/strong>\r\nSecretar\u00eda de Educaci\u00f3n\r\n<a href=\"https:\/\/www.sev.gob.mx\/#!\/\" target=\"_blank\" rel=\"noopener noreferrer\">https:\/\/www.sev.gob.mx\/#!\/<\/a><\/div>\r\n<\/div>\r\n<div class=\"row\">\r\n<div class=\"col-md-2 col-sm-2 col-xs-12\"><img loading=\"lazy\" decoding=\"async\" src=\"https:\/\/www.oaxaca.gob.mx\/ieepo\/wp-content\/uploads\/sites\/75\/2024\/05\/yucatan.png\" alt=\"\" width=\"90\" height=\"119\" \/><\/div>\r\n<div class=\"col-md-4 col-sm-4 col-xs-12\"><strong>Yucat\u00e1n<\/strong>\r\nSecretar\u00eda de Educaci\u00f3n de Yucat\u00e1n\r\n<a href=\"http:\/\/www.educacion.yucatan.gob.mx\/\" target=\"_blank\" rel=\"noopener noreferrer\">http:\/\/www.educacion.yucatan.gob.mx\/<\/a><\/div>\r\n<div class=\"col-md-2 col-sm-2 col-xs-12\"><img loading=\"lazy\" decoding=\"async\" src=\"https:\/\/www.oaxaca.gob.mx\/ieepo\/wp-content\/uploads\/sites\/75\/2024\/05\/zacatecas.png\" alt=\"\" width=\"106\" height=\"120\" \/><\/div>\r\n<div class=\"col-md-4 col-sm-4 col-xs-12\"><strong>Zacatecas<\/strong>\r\nSecretar\u00eda de Educaci\u00f3n\r\n<a href=\"http:\/\/www.seduzac.gob.mx\/portal\/\" target=\"_blank\" rel=\"noopener noreferrer\">http:\/\/www.seduzac.gob.mx\/portal\/<\/a><\/div>\r\n<\/div>\r\n<div class=\"row\">\r\n<div class=\"col-md-2 col-sm-2 col-xs-12\"><img loading=\"lazy\" decoding=\"async\" src=\"https:\/\/www.oaxaca.gob.mx\/ieepo\/wp-content\/uploads\/sites\/75\/2024\/05\/SEP.png\" alt=\"\" width=\"80\" height=\"68\" \/><\/div>\r\n<div class=\"col-md-4 col-sm-4 col-xs-12\"><strong>Secretar\u00eda de Educaci\u00f3n P\u00fablica Federal<\/strong>\r\n<a href=\"http:\/\/www.sep.gob.mx\" target=\"_blank\" rel=\"noopener noreferrer\">http:\/\/www.sep.gob.mx<\/a><\/div>\r\n<\/div>\r\n\r\n\r\n&nbsp;<!-- \/wp:post-content -->","protected":false},"excerpt":{"rendered":"excerpt","protected":false},"author":1,"featured_media":0,"parent":0,"menu_order":0,"comment_status":"closed","ping_status":"closed","template":"","meta":{"episode_type":"","audio_file":"","podmotor_file_id":"","podmotor_episode_id":"","cover_image":"","cover_image_id":"","duration":"","filesize":"","filesize_raw":"","date_recorded":"","explicit":"","block":"","footnotes":""},"categories":[],"tags":[],"class_list":["post-3618","page","type-page","status-publish","hentry"],"acf":[],"publishpress_future_action":{"enabled":false,"date":"2026-05-22 10:12:53","action":"change-status","newStatus":"draft","terms":[],"taxonomy":"category","extraData":[]},"publishpress_future_workflow_manual_trigger":{"enabledWorkflows":[]},"_links":{"self":[{"href":"https:\/\/www.oaxaca.gob.mx\/ieepo\/wp-json\/wp\/v2\/pages\/3618","targetHints":{"allow":["GET"]}}],"collection":[{"href":"https:\/\/www.oaxaca.gob.mx\/ieepo\/wp-json\/wp\/v2\/pages"}],"about":[{"href":"https:\/\/www.oaxaca.gob.mx\/ieepo\/wp-json\/wp\/v2\/types\/page"}],"author":[{"embeddable":true,"href":"https:\/\/www.oaxaca.gob.mx\/ieepo\/wp-json\/wp\/v2\/users\/1"}],"replies":[{"embeddable":true,"href":"https:\/\/www.oaxaca.gob.mx\/ieepo\/wp-json\/wp\/v2\/comments?post=3618"}],"version-history":[{"count":4,"href":"https:\/\/www.oaxaca.gob.mx\/ieepo\/wp-json\/wp\/v2\/pages\/3618\/revisions"}],"predecessor-version":[{"id":33186,"href":"https:\/\/www.oaxaca.gob.mx\/ieepo\/wp-json\/wp\/v2\/pages\/3618\/revisions\/33186"}],"wp:attachment":[{"href":"https:\/\/www.oaxaca.gob.mx\/ieepo\/wp-json\/wp\/v2\/media?parent=3618"}],"wp:term":[{"taxonomy":"category","embeddable":true,"href":"https:\/\/www.oaxaca.gob.mx\/ieepo\/wp-json\/wp\/v2\/categories?post=3618"},{"taxonomy":"post_tag","embeddable":true,"href":"https:\/\/www.oaxaca.gob.mx\/ieepo\/wp-json\/wp\/v2\/tags?post=3618"}],"curies":[{"name":"wp","href":"https:\/\/api.w.org\/{rel}","templated":true}]}}