{"id":33319,"date":"2024-05-31T22:34:25","date_gmt":"2024-06-01T04:34:25","guid":{"rendered":"https:\/\/www.oaxaca.gob.mx\/ieepo\/?page_id=33319"},"modified":"2024-05-31T22:37:49","modified_gmt":"2024-06-01T04:37:49","slug":"artes","status":"publish","type":"page","link":"https:\/\/www.oaxaca.gob.mx\/ieepo\/artes\/","title":{"rendered":"Artes"},"content":{"rendered":"<p style=\"font-weight: bold\"><strong>El libro de artista, una experiencia pedag\u00f3gica multidimensional<\/strong><\/p>\n<p><strong style=\"font-weight: bold\">Objetivo:<\/strong><br \/>\nPromover en los docentes la reflexi\u00f3n acerca de la implementaci\u00f3n de diversas t\u00e9cnicas art\u00edsticas como posibles estrategias did\u00e1cticas en los procesos educativos para sensibilizar y aperturar, con base en ellas, a otras posibilidades de aprendizaje.<\/p>\n","protected":false},"excerpt":{"rendered":"excerpt","protected":false},"author":87,"featured_media":0,"parent":0,"menu_order":0,"comment_status":"closed","ping_status":"closed","template":"","meta":{"episode_type":"","audio_file":"","podmotor_file_id":"","podmotor_episode_id":"","cover_image":"","cover_image_id":"","duration":"","filesize":"","filesize_raw":"","date_recorded":"","explicit":"","block":"","footnotes":""},"categories":[],"tags":[],"class_list":["post-33319","page","type-page","status-publish","hentry"],"acf":[],"publishpress_future_action":{"enabled":false,"date":"2026-05-23 18:20:16","action":"change-status","newStatus":"draft","terms":[],"taxonomy":"category","extraData":[]},"publishpress_future_workflow_manual_trigger":{"enabledWorkflows":[]},"_links":{"self":[{"href":"https:\/\/www.oaxaca.gob.mx\/ieepo\/wp-json\/wp\/v2\/pages\/33319","targetHints":{"allow":["GET"]}}],"collection":[{"href":"https:\/\/www.oaxaca.gob.mx\/ieepo\/wp-json\/wp\/v2\/pages"}],"about":[{"href":"https:\/\/www.oaxaca.gob.mx\/ieepo\/wp-json\/wp\/v2\/types\/page"}],"author":[{"embeddable":true,"href":"https:\/\/www.oaxaca.gob.mx\/ieepo\/wp-json\/wp\/v2\/users\/87"}],"replies":[{"embeddable":true,"href":"https:\/\/www.oaxaca.gob.mx\/ieepo\/wp-json\/wp\/v2\/comments?post=33319"}],"version-history":[{"count":2,"href":"https:\/\/www.oaxaca.gob.mx\/ieepo\/wp-json\/wp\/v2\/pages\/33319\/revisions"}],"predecessor-version":[{"id":33327,"href":"https:\/\/www.oaxaca.gob.mx\/ieepo\/wp-json\/wp\/v2\/pages\/33319\/revisions\/33327"}],"wp:attachment":[{"href":"https:\/\/www.oaxaca.gob.mx\/ieepo\/wp-json\/wp\/v2\/media?parent=33319"}],"wp:term":[{"taxonomy":"category","embeddable":true,"href":"https:\/\/www.oaxaca.gob.mx\/ieepo\/wp-json\/wp\/v2\/categories?post=33319"},{"taxonomy":"post_tag","embeddable":true,"href":"https:\/\/www.oaxaca.gob.mx\/ieepo\/wp-json\/wp\/v2\/tags?post=33319"}],"curies":[{"name":"wp","href":"https:\/\/api.w.org\/{rel}","templated":true}]}}