{"id":3154,"date":"2019-01-29T12:51:50","date_gmt":"2019-01-29T18:51:50","guid":{"rendered":"https:\/\/www.oaxaca.gob.mx\/ieepo\/portal\/?page_id=3154"},"modified":"2019-01-29T12:51:50","modified_gmt":"2019-01-29T18:51:50","slug":"quienes-somos-4","status":"publish","type":"page","link":"https:\/\/www.oaxaca.gob.mx\/ieepo\/quienes-somos-4\/","title":{"rendered":"\u00bfQui\u00e9nes Somos?"},"content":{"rendered":"\t\t\t\t\n<p> <strong style=\"font-weight: bold\">Misi\u00f3n<\/strong> <\/p>\n\n\n\n<p>A corto plazo ser un \u00e1rea que\nopere en el \u00e1mbito regional los servicios institucionales que demandan los\nusuarios del IEEPO, con calidad, sentido humano y alto nivel de\nprofesionalismo; coadyuvando en la soluci\u00f3n de los problemas educativos y\nsiendo un enlace oportuno y eficiente entre las \u00e1reas normativas y operativas\ndel IEEPO.<\/p>\n\n\n\n<p> <strong style=\"font-weight: bold\">Visi\u00f3n<\/strong> <\/p>\n\n\n\n<p>Ofertar servicios institucionales\noportunos, eficientes y de calidad, a todos los usuarios del IEEPO en el\ninterior del estado; coadyuvando en la soluci\u00f3n de la problem\u00e1tica educativa\nregional y en la operaci\u00f3n de los programas y servicios del instituto. <\/p>\n\n\n\n<p> <strong style=\"font-weight: bold\">Objetivo General<\/strong> <\/p>\n\n\n\n<p>Acercar los servicios institucionales a todos los demandantes en las \u00e1reas\nde influencia de las unidades delegacionales regionales.<\/p>\n\n\n\n<p><strong style=\"font-weight: bold\">Descripci\u00f3n:<\/strong> <\/p>\n\n\n\n<p>La direcci\u00f3n de servicios regionales es la instancia que se encarga de\nrealizar el enlace institucional entre las \u00e1reas normativas y operativas del I.E.E.P.O.<\/p>\n\n\n\n<p><strong style=\"font-weight: bold\">Estructura:<\/strong> <\/p>\n\n\n\n<p>La direcci\u00f3n de servicios regionales, est\u00e1 conformada por una direcci\u00f3n,\nuna subdirecci\u00f3n, cuatro jefaturas de departamentos: planeaci\u00f3n, servicios\neducativos, servicios administrativos y control y seguimiento, adem\u00e1s de doce\nunidades delegacionales regionales ubicadas en: Ca\u00f1ada, Costa, Istmo, Mixteca, Papalopan,\nSierra Norte, Sierra Sur y Valles Centrales.<\/p>\n\n\n\n<p><strong style=\"font-weight: bold\">Servicios que se ofertan en las unidades delegacionales regionales:<\/strong><\/p>\n\n\n\n<p>1.-Distribuci\u00f3n y pago de sueldos y dem\u00e1s prestaciones a los trabajadores al servicio de la educaci\u00f3n de las regiones del estado.<\/p>\n\n\n\n<p>2.-Reubicaci\u00f3n e incidencia de pagos a los trabajadores de la educaci\u00f3n que cambian de adscripci\u00f3n.<\/p>\n\n\n\n<p>3.-Tr\u00e1mite para la expedici\u00f3n de credenciales de afiliaci\u00f3n al ISSSTE, pensi\u00f3n alimenticia y de identificaci\u00f3n.<\/p>\n\n\n\n<p>4.-Registro y filiaci\u00f3n del personal de nuevo ingreso.<\/p>\n\n\n\n<p>5.-Tr\u00e1mite de est\u00edmulos a los trabajadores de la educaci\u00f3n que cumplen a\u00f1os de servicio.<\/p>\n\n\n\n<p>6.-Tr\u00e1mite de excepci\u00f3n de pago de energ\u00eda el\u00e9ctrica y agua potable de los centros de trabajo del instituto.<\/p>\n\n\n\n<p>7.-Tr\u00e1mite de registro para alta en el FORTE y SAR.<\/p>\n\n\n\n<p>8.-Tr\u00e1mite de incidencias de los recursos humanos que laboran en los diferentes centros de trabajo ubicados en las regiones del estado.<\/p>\n\n\n\n<p>9.-Control,&nbsp;&nbsp; captaci\u00f3n&nbsp;&nbsp; y&nbsp;&nbsp; procesamiento&nbsp;&nbsp; de informaci\u00f3n estad\u00edstica de los servicios de educaci\u00f3n b\u00e1sica.<\/p>\n\n\n\n<p>10.-Coordinaci\u00f3n de los procesos de preinscripciones educativas y apoyo para la realizaci\u00f3n de&nbsp; estudios de factibilidad para la creaci\u00f3n de nuevos planteles acad\u00e9micos.<\/p>\n\n\n\n<p>11.-Control, captaci\u00f3n y procesamiento de informaci\u00f3n de registro y certificaci\u00f3n escolar de los niveles de educaci\u00f3n b\u00e1sica.<\/p>\n\n\n\n<p>12.-Captar y canalizar las quejas y denuncias que en materia educativa se generen en el interior del estado.<\/p>\n\n\n\n<p>13.-Distribuir informaci\u00f3n oficial e insumos a las instancias de supervisi\u00f3n y control de los niveles educativos, as\u00ed como a los trabajadores de la educaci\u00f3n.<\/p>\n\t\t","protected":false},"excerpt":{"rendered":"excerpt","protected":false},"author":1,"featured_media":0,"parent":0,"menu_order":0,"comment_status":"closed","ping_status":"closed","template":"","meta":{"episode_type":"","audio_file":"","podmotor_file_id":"","podmotor_episode_id":"","cover_image":"","cover_image_id":"","duration":"","filesize":"","filesize_raw":"","date_recorded":"","explicit":"","block":"","footnotes":""},"categories":[],"tags":[],"class_list":["post-3154","page","type-page","status-publish","hentry"],"acf":[],"publishpress_future_action":{"enabled":false,"date":"2026-05-11 07:42:34","action":"change-status","newStatus":"draft","terms":[],"taxonomy":"category","extraData":[]},"publishpress_future_workflow_manual_trigger":{"enabledWorkflows":[]},"_links":{"self":[{"href":"https:\/\/www.oaxaca.gob.mx\/ieepo\/wp-json\/wp\/v2\/pages\/3154","targetHints":{"allow":["GET"]}}],"collection":[{"href":"https:\/\/www.oaxaca.gob.mx\/ieepo\/wp-json\/wp\/v2\/pages"}],"about":[{"href":"https:\/\/www.oaxaca.gob.mx\/ieepo\/wp-json\/wp\/v2\/types\/page"}],"author":[{"embeddable":true,"href":"https:\/\/www.oaxaca.gob.mx\/ieepo\/wp-json\/wp\/v2\/users\/1"}],"replies":[{"embeddable":true,"href":"https:\/\/www.oaxaca.gob.mx\/ieepo\/wp-json\/wp\/v2\/comments?post=3154"}],"version-history":[{"count":0,"href":"https:\/\/www.oaxaca.gob.mx\/ieepo\/wp-json\/wp\/v2\/pages\/3154\/revisions"}],"wp:attachment":[{"href":"https:\/\/www.oaxaca.gob.mx\/ieepo\/wp-json\/wp\/v2\/media?parent=3154"}],"wp:term":[{"taxonomy":"category","embeddable":true,"href":"https:\/\/www.oaxaca.gob.mx\/ieepo\/wp-json\/wp\/v2\/categories?post=3154"},{"taxonomy":"post_tag","embeddable":true,"href":"https:\/\/www.oaxaca.gob.mx\/ieepo\/wp-json\/wp\/v2\/tags?post=3154"}],"curies":[{"name":"wp","href":"https:\/\/api.w.org\/{rel}","templated":true}]}}