{"id":31276,"date":"2023-10-17T12:39:02","date_gmt":"2023-10-17T18:39:02","guid":{"rendered":"https:\/\/www.oaxaca.gob.mx\/ieepo\/?page_id=31276"},"modified":"2023-10-17T12:56:10","modified_gmt":"2023-10-17T18:56:10","slug":"fundamentos-legales","status":"publish","type":"page","link":"https:\/\/www.oaxaca.gob.mx\/ieepo\/fundamentos-legales\/","title":{"rendered":"Fundamentos legales"},"content":{"rendered":"<h3>Fundamentos legales<\/h3>\n<nav style=\"margin-bottom: 30px\">\n<div id=\"nav-tab\" class=\"nav nav-tabs\" role=\"tablist\"><a id=\"nav_tab_1\" class=\"nav-item nav-link active\" role=\"tab\" href=\"#nav_1\" data-toggle=\"tab\">Lineamientos<\/a><br \/>\n<a id=\"nav_tab_2\" class=\"nav-item nav-link\" role=\"tab\" href=\"#nav_2\" data-toggle=\"tab\">Reglas de operaci\u00f3n<\/a>\n<\/div>\n<\/nav>\n<div id=\"nav-tabContent\" class=\"tab-content\">\n<div id=\"nav_1\" class=\"tab-pane fade show active\" role=\"tabpanel\" aria-labelledby=\"nav_tab_1\">\n<div class=\"row\">\n<div class=\"col-lg-4 col-md-4 col-sm-4 col-xs-12\">\n<p>Constituci\u00f3n Pol\u00edtica de los Estados Unidos Mexicanos<\/p>\n<div class=\"wp-block-file\"><a class=\"wp-block-file__button\" href=\"\/ieepo\/wp-content\/uploads\/sites\/75\/Transparencia\/2019\/Art\u00edculo 70LGT\/Fracci\u00f3n I\/CPEUM.docx\" target=\"_blank\" rel=\"noopener noreferrer\">Descarga<\/a><\/div>\n<\/div>\n<div class=\"col-lg-4 col-md-4 col-sm-4 col-xs-12 text-centered\">\n<p>Ley General de Educaci\u00f3n<\/p>\n<div class=\"wp-block-file\"><a class=\"wp-block-file__button\" href=\"\/ieepo\/wp-content\/uploads\/sites\/75\/Transparencia\/2019\/Art\u00edculo 70LGT\/Fracci\u00f3n I\/LeyGralEdu.docx\" target=\"_blank\" rel=\"noopener noreferrer\">Descarga<\/a><\/div>\n<\/div>\n<div class=\"col-lg-4 col-md-4 col-sm-4 col-xs-12 text-centered\">\n<p>Convenio 169 de la Organizaci\u00f3n Internacional del Trabajo sobre Pueblos Ind\u00edgenas y Tribales en Pa\u00edses Independientes<\/p>\n<div class=\"wp-block-file\"><a class=\"wp-block-file__button\" href=\"\" target=\"_blank\" rel=\"noopener noreferrer\">Descarga<\/a><\/div>\n<\/div>\n<div class=\"col-lg-4 col-md-4 col-sm-4 col-xs-12 text-centered\">\n<p>Convenio Constitutivo del Fondo para el Desarrollo de los Pueblos Ind\u00edgenas de Am\u00e9rica Latina y el Caribe.<\/p>\n<div class=\"wp-block-file\"><a class=\"wp-block-file__button\" href=\"\" target=\"_blank\" rel=\"noopener noreferrer\">Descarga<\/a><\/div>\n<\/div>\n<div class=\"col-lg-4 col-md-4 col-sm-4 col-xs-12 text-centered\">\n<p>Ley del Instituto Nacional de los Pueblos Ind\u00edgenas<\/p>\n<div class=\"wp-block-file\"><a class=\"wp-block-file__button\" href=\"\" target=\"_blank\" rel=\"noopener noreferrer\">Descarga<\/a><\/div>\n<\/div>\n<div class=\"col-lg-4 col-md-4 col-sm-4 col-xs-12 text-centered\">\n<p>Ley de Planeaci\u00f3n<\/p>\n<div class=\"wp-block-file\"><a class=\"wp-block-file__button\" href=\"\" target=\"_blank\" rel=\"noopener noreferrer\">Descarga<\/a><\/div>\n<\/div>\n<div class=\"col-lg-4 col-md-4 col-sm-4 col-xs-12 text-centered\">\n<p>Ley Federal de Presupuesto y Responsabilidad Hacendaria <\/p>\n<div class=\"wp-block-file\"><a class=\"wp-block-file__button\" href=\"\" target=\"_blank\" rel=\"noopener noreferrer\">Descarga<\/a><\/div>\n<\/div>\n<div class=\"col-lg-4 col-md-4 col-sm-4 col-xs-12 text-centered\">\n<p>Reglamento Interno de la Secretar\u00eda de Educaci\u00f3n P\u00fablica<\/p>\n<div class=\"wp-block-file\"><a class=\"wp-block-file__button\" href=\"\" target=\"_blank\" rel=\"noopener noreferrer\">Descarga<\/a><\/div>\n<\/div>\n<div class=\"col-lg-4 col-md-4 col-sm-4 col-xs-12 text-centered\">\n<p>Manual de Organizaci\u00f3n de la Brigada de Desarrollo Educativo Ind\u00edgena<\/p>\n<div class=\"wp-block-file\"><a class=\"wp-block-file__button\" href=\"\" target=\"_blank\" rel=\"noopener noreferrer\">Descarga<\/a><\/div>\n<\/div>\n<div class=\"col-lg-4 col-md-4 col-sm-4 col-xs-12 text-centered\">\nPrograma de Apoyo a la Educaci\u00f3n Ind\u00edgena a cargo del Instituto Nacional de los Pueblos Ind\u00edgenas<\/p>\n<div class=\"wp-block-file\"><a class=\"wp-block-file__button\" href=\"\" target=\"_blank\" rel=\"noopener noreferrer\">Descarga<\/a><\/div>\n<\/div>\n<div class=\"col-lg-4 col-md-4 col-sm-4 col-xs-12 text-centered\">\n<p>Reglamento Interno del Instituto Estatal de Educaci\u00f3n P\u00fablica de Oaxaca.<\/p>\n<div class=\"wp-block-file\"><a class=\"wp-block-file__button\" href=\"\" target=\"_blank\" rel=\"noopener noreferrer\">Descarga<\/a><\/div>\n<\/div>\n<\/div>\n<\/div>\n<\/div>\n","protected":false},"excerpt":{"rendered":"excerpt","protected":false},"author":87,"featured_media":0,"parent":0,"menu_order":0,"comment_status":"closed","ping_status":"closed","template":"","meta":{"episode_type":"","audio_file":"","podmotor_file_id":"","podmotor_episode_id":"","cover_image":"","cover_image_id":"","duration":"","filesize":"","filesize_raw":"","date_recorded":"","explicit":"","block":"","footnotes":""},"categories":[],"tags":[],"class_list":["post-31276","page","type-page","status-publish","hentry"],"acf":[],"publishpress_future_action":{"enabled":false,"date":"2026-05-11 07:44:14","action":"change-status","newStatus":"draft","terms":[],"taxonomy":"category","extraData":[]},"publishpress_future_workflow_manual_trigger":{"enabledWorkflows":[]},"_links":{"self":[{"href":"https:\/\/www.oaxaca.gob.mx\/ieepo\/wp-json\/wp\/v2\/pages\/31276","targetHints":{"allow":["GET"]}}],"collection":[{"href":"https:\/\/www.oaxaca.gob.mx\/ieepo\/wp-json\/wp\/v2\/pages"}],"about":[{"href":"https:\/\/www.oaxaca.gob.mx\/ieepo\/wp-json\/wp\/v2\/types\/page"}],"author":[{"embeddable":true,"href":"https:\/\/www.oaxaca.gob.mx\/ieepo\/wp-json\/wp\/v2\/users\/87"}],"replies":[{"embeddable":true,"href":"https:\/\/www.oaxaca.gob.mx\/ieepo\/wp-json\/wp\/v2\/comments?post=31276"}],"version-history":[{"count":3,"href":"https:\/\/www.oaxaca.gob.mx\/ieepo\/wp-json\/wp\/v2\/pages\/31276\/revisions"}],"predecessor-version":[{"id":31282,"href":"https:\/\/www.oaxaca.gob.mx\/ieepo\/wp-json\/wp\/v2\/pages\/31276\/revisions\/31282"}],"wp:attachment":[{"href":"https:\/\/www.oaxaca.gob.mx\/ieepo\/wp-json\/wp\/v2\/media?parent=31276"}],"wp:term":[{"taxonomy":"category","embeddable":true,"href":"https:\/\/www.oaxaca.gob.mx\/ieepo\/wp-json\/wp\/v2\/categories?post=31276"},{"taxonomy":"post_tag","embeddable":true,"href":"https:\/\/www.oaxaca.gob.mx\/ieepo\/wp-json\/wp\/v2\/tags?post=31276"}],"curies":[{"name":"wp","href":"https:\/\/api.w.org\/{rel}","templated":true}]}}