{"id":31268,"date":"2023-10-17T10:56:48","date_gmt":"2023-10-17T16:56:48","guid":{"rendered":"https:\/\/www.oaxaca.gob.mx\/ieepo\/?page_id=31268"},"modified":"2023-10-17T11:32:09","modified_gmt":"2023-10-17T17:32:09","slug":"educacion-indigena-2","status":"publish","type":"page","link":"https:\/\/www.oaxaca.gob.mx\/ieepo\/educacion-indigena-2\/","title":{"rendered":"Educaci\u00f3n Ind\u00edgena"},"content":{"rendered":"<p style=\"font-weight: bold\">\u00bfQui\u00e9nes somos?<\/p>\r\n<p>Somos una de las Unidades que conforman la Subdirecci\u00f3n General de Servicios Educativos del Instituto Estatal de Educaci\u00f3n P\u00fablica de Oaxaca; teniendo a bajo su tutela los niveles de Inicial No Escolarizado, Preescolar Ind\u00edgena, Primaria Ind\u00edgena, Centros de Integraci\u00f3n Social, Secundaria Comunitaria Ind\u00edgena, Brigada de Desarrollo Ind\u00edgena y los Albergues Escolares Ind\u00edgenas.<\/p>\r\nBrindamos el acompa\u00f1amiento a Supervisoras y Supervisores, Directoras y Directores, Maestros y Maestras; as\u00ed como al Personal de Apoyo y Asistencia a la Educaci\u00f3n, en los tr\u00e1mites administrativos que requieran realizar ante el Instituto.<\/p>\r\nSolucionamos los conflictos internos en las escuelas y zonas escolares de las regiones, en coordinaci\u00f3n con la Direcci\u00f3n de Servicios Regionales y la Secretar\u00eda de Trabajos y Conflictos de la Secci\u00f3n XXII.<\/p>\r\n\r\n\r\n<p style=\"font-weight: bold\">Misi\u00f3n<\/p>\r\n<p>Administrar la Educaci\u00f3n Biling\u00fce e Intercultural de calidad en el Estado de Oaxaca, mediante el desarrollo de las pol\u00edticas educativas, lineamientos y estrategias que faciliten incrementar la eficiencia y eficacia en los procesos de ense\u00f1anza-aprendizaje en el contexto de una educaci\u00f3n laica, gratuita e incluyente que favorezca la diversidad cultural, biol\u00f3gica, \u00e9tnica, geogr\u00e1fica, ling\u00fc\u00edstica, social y econ\u00f3mica de Oaxaca.<\/p>\r\n\r\n\r\n<p style=\"font-weight: bold\">Visi\u00f3n:<\/p>\r\n<p>Consolidar una Unidad que conduzca la Educaci\u00f3n Biling\u00fce e Intercultural de Oaxaca, con est\u00e1ndares globales y universales que contribuya a formar ciudadanos libres , participativos, responsables e informados, capaces de ejercer y defender sus derechos, que participen activamente en la vida social, econ\u00f3mica y pol\u00edtica de M\u00e9xico; es decir, personas que tengan la motivaci\u00f3n y capacidad de lograr su desarrollo personal , laboral y familiar, dispuestas a mejorar su entorno social y natural para construir un Oaxaca m\u00e1s libre, justo y pr\u00f3spero , que forme parte de un mundo cada vez m\u00e1s interconectado , complejo y desafiante.<\/p>\r\n\r\n\r\n<p style=\"font-weight: bold\">Valores:<\/p>\r\n<p>Prestar los servicios de educaci\u00f3n b\u00e1sica en la modalidad ind\u00edgena, as\u00ed como las capacitaciones que imparten las Brigadas de Desarrollo Ind\u00edgena, en el marco de los principios establecidos por el art\u00edculo 3o. de la Constituci\u00f3n Pol\u00edtica de los Estados Unidos Mexicanos y las leyes que derivan de dicho art\u00edculo, para garantizar la calidad en la educaci\u00f3n obligatoria, con base en el mejoramiento constante y el m\u00e1ximo logro acad\u00e9mico de las y los educandos.<\/p>\r\n\r\n<p>Actualmente la Unidad de Educaci\u00f3n Ind\u00edgena se compone de 9 Coordinaciones.<\/p>\r\n\r\n\r\n\r\n <ul class=\"listas-geo wp-block-list\"><li><strong><a href=\"\">Coordinaci\u00f3n de Apoyo T\u00e9cnico<\/a><\/strong><\/li>\r\n<li><strong><a href=\"\">Coordinaci\u00f3n de Incidencias Administrativas<\/a><\/strong><\/li>\r\n<li><strong><a href=\"\">Coordinaci\u00f3n de Correspondencia<\/a><\/strong><\/li>\r\n\r\n<li><strong><a href=\"\">Coordinaci\u00f3n Jur\u00eddica<\/a><\/strong><\/li>\r\n<li><strong><a href=\"\">Coordinaci\u00f3n T\u00e9cnico Pedag\u00f3gica<\/a><\/strong><\/li>\r\n<li><strong><a href=\"\">Coordinaci\u00f3n Financiera<\/a><\/strong><\/li>\r\n<li><strong><a href=\"\">Coordinaci\u00f3n de Recursos Materiales y Servicios<\/a>\r\n<li><strong><a href=\"\">Coordinaci\u00f3n de Recursos Humanos<\/a><\/strong><\/li>\r\n<\/strong><\/li>\r\n\r\n\r\n\r\n<\/ul>\r\n","protected":false},"excerpt":{"rendered":"excerpt","protected":false},"author":87,"featured_media":0,"parent":0,"menu_order":0,"comment_status":"closed","ping_status":"closed","template":"","meta":{"episode_type":"","audio_file":"","podmotor_file_id":"","podmotor_episode_id":"","cover_image":"","cover_image_id":"","duration":"","filesize":"","filesize_raw":"","date_recorded":"","explicit":"","block":"","footnotes":""},"categories":[],"tags":[],"class_list":["post-31268","page","type-page","status-publish","hentry"],"acf":[],"publishpress_future_action":{"enabled":false,"date":"2026-05-11 07:44:29","action":"change-status","newStatus":"draft","terms":[],"taxonomy":"category","extraData":[]},"publishpress_future_workflow_manual_trigger":{"enabledWorkflows":[]},"_links":{"self":[{"href":"https:\/\/www.oaxaca.gob.mx\/ieepo\/wp-json\/wp\/v2\/pages\/31268","targetHints":{"allow":["GET"]}}],"collection":[{"href":"https:\/\/www.oaxaca.gob.mx\/ieepo\/wp-json\/wp\/v2\/pages"}],"about":[{"href":"https:\/\/www.oaxaca.gob.mx\/ieepo\/wp-json\/wp\/v2\/types\/page"}],"author":[{"embeddable":true,"href":"https:\/\/www.oaxaca.gob.mx\/ieepo\/wp-json\/wp\/v2\/users\/87"}],"replies":[{"embeddable":true,"href":"https:\/\/www.oaxaca.gob.mx\/ieepo\/wp-json\/wp\/v2\/comments?post=31268"}],"version-history":[{"count":2,"href":"https:\/\/www.oaxaca.gob.mx\/ieepo\/wp-json\/wp\/v2\/pages\/31268\/revisions"}],"predecessor-version":[{"id":31271,"href":"https:\/\/www.oaxaca.gob.mx\/ieepo\/wp-json\/wp\/v2\/pages\/31268\/revisions\/31271"}],"wp:attachment":[{"href":"https:\/\/www.oaxaca.gob.mx\/ieepo\/wp-json\/wp\/v2\/media?parent=31268"}],"wp:term":[{"taxonomy":"category","embeddable":true,"href":"https:\/\/www.oaxaca.gob.mx\/ieepo\/wp-json\/wp\/v2\/categories?post=31268"},{"taxonomy":"post_tag","embeddable":true,"href":"https:\/\/www.oaxaca.gob.mx\/ieepo\/wp-json\/wp\/v2\/tags?post=31268"}],"curies":[{"name":"wp","href":"https:\/\/api.w.org\/{rel}","templated":true}]}}