{"id":31239,"date":"2023-10-16T12:38:26","date_gmt":"2023-10-16T18:38:26","guid":{"rendered":"https:\/\/www.oaxaca.gob.mx\/ieepo\/?page_id=31239"},"modified":"2023-10-16T13:33:14","modified_gmt":"2023-10-16T19:33:14","slug":"quienes-somos-8","status":"publish","type":"page","link":"https:\/\/www.oaxaca.gob.mx\/ieepo\/quienes-somos-8\/","title":{"rendered":"\u00bfQui\u00e9nes Somos?"},"content":{"rendered":"\r\n\r\n<p>La Subdirecci\u00f3n General Ejecutiva es parte fundamental en la estructura planteada para la organizaci\u00f3n de las distintas \u00e1reas que conforman el Instituto Estatal de Educaci\u00f3n P\u00fablica de Oaxaca. En su organigrama contempla tres unidades administrativas esenciales para la realizaci\u00f3n de la propuesta educativa gubernamental: Planeaci\u00f3n Educativa, Desarrollo Educativo y la Direcci\u00f3n de Servicios Regionales, adem\u00e1s del \u00d3rgano Ejecutor Estatal de Acciones Compensatorias; es decir, la base operativa para hacer funcional el aspecto administrativo del organismo y la legalidad de los estudios, las acciones pedag\u00f3gicas orientadas a transformar la educaci\u00f3n de la entidad y la atenci\u00f3n del servicio educativo, aplicando las pol\u00edticas p\u00fablicas en esta materia en cada rinc\u00f3n del territorio estatal. Asimismo, est\u00e1 bajo su responsabilidad coordinar con la federaci\u00f3n programas federales cuyo objetivo es abatir el rezago educativo.<\/p>\r\n&nbsp;\r\n<strong style=\"font-weight: bold\">Misi\u00f3n Visi\u00f3n y Valores:<\/strong>\r\n&nbsp;\r\n<p>La propuesta educativa de esta administraci\u00f3n gubernamental, se sustenta en una visi\u00f3n humanista, con identidad colectiva y comunitaria. Que se basa en el rescate de la identidad cultural, los valores morales y saberes de nuestras comunidades y pueblos originarios. Vinculados con los contenidos de aprendizaje contemplados en los Planes y Programas Nacionales de Estudios, con un enfoque integrador que fortalezca en los educandos el acceso al conocimiento universal. Utilizando todas las herramientas e instrumentos did\u00e1cticos que la tecnolog\u00eda ha puesto frente a nosotros.<\/p>\r\n&nbsp;\r\n<p>El objetivo central es inyectarle una nueva din\u00e1mica al instituto haciendo eficientes y menos costosas las \u00e1reas administrativas, optimizar los recursos humanos y presupuestales de que se dispongan, con absoluta transparencia y rendici\u00f3n permanente de cuentas. mantener la coordinaci\u00f3n y cohesi\u00f3n de las tres direcciones en torno a la propuesta educativa que se dise\u00f1e a partir del Plan Estatal de Desarrollo, es decir, no trabajar como entes aislados o dispersos.<\/p>\r\n&nbsp;\r\n<p>Conformar los equipos de trabajo con personal de confianza, respetando al m\u00e1ximo los perfiles y el conocimiento que se tenga de la funci\u00f3n que se asigne; sin dejar de lado la implementaci\u00f3n de medidas que propicien un buen ambiente de trabajo, que resalte por su responsabilidad y profesionalismo, con rostro humano y de puertas abiertas a todo aquel que busque un tratamiento adecuado al asunto o tema que le ocupa o preocupa.\r\n<\/p>\r\n\r\n\r\n<p>Departamentos y funciones:<\/p>\r\n<p>Promover desde las Unidades Administrativas de la Subdirecci\u00f3n General Ejecutiva un nivel \u00f3ptimo de operatividad con el equipo de trabajo, constituido a partir de una reorganizaci\u00f3n administrativa interna, en la que se deleguen tareas y responsabilidades espec\u00edficas; adem\u00e1s de propiciar una vinculaci\u00f3n permanente y din\u00e1mica entre las tres direcciones y el \u00d3rgano Ejecutor Estatal de Acciones Compensatorias, mediante reuniones frecuentes de seguimiento y evaluaci\u00f3n, coordinadas por la Subdirecci\u00f3n General Ejecutiva.<\/p>\r\n\r\n<ul class=\"listas-geo\"><li><strong>\r\n<a href=\"https:\/\/www.oaxaca.gob.mx\/ieepo\/direccion-de-planeacion-educativa\/\">Direcci\u00f3n de Planeaci\u00f3n educativa<\/a><\/strong><\/li>\t\r\n<p>Atiende solicitudes de construcci\u00f3n y equipamiento de escuelas, revisi\u00f3n de estructuras ocupacionales, legalizaci\u00f3n y certificaci\u00f3n escolar, regularizaci\u00f3n de centros educativos; asimismo plantea la Estrategia Integral para un manejo eficiente de los recursos presupuestales en materia educativa.<\/p>\r\n\r\n<li><a href=\"https:\/\/www.oaxaca.gob.mx\/ieepo\/direccion-de-desarrollo-educativo\/\">Direcci\u00f3n de Desarrollo Educativo<\/a><\/strong><\/li>\t\r\n<p>Coordina e impulsa programas asistenciales y de car\u00e1cter educativo con el prop\u00f3sito de mejorar las condiciones de vida y escolares de las ni\u00f1as, ni\u00f1os y adolescentes oaxaque\u00f1os; as\u00ed como promover los valores culturales y art\u00edsticos con proyectos de impacto social-comunitario, entre ellos, Ver Bien para aprender mejor, La calenda educativa, programas editoriales, radio escolar y educaci\u00f3n musical.<\/p>\r\n\r\n<li><a href=\"https:\/\/www.oaxaca.gob.mx\/ieepo\/direccion-de-servicios-regionales\/\">Direcci\u00f3n de Servicios Regionales<\/a><\/strong><\/li>\t\r\n<p>Cuenta con unidades de atenci\u00f3n en las ocho regiones de la entidad; atiende de manera directa los asuntos legales, laborales y peticiones diversas que surgen desde la demarcaci\u00f3n territorial donde est\u00e1n ubicadas las delegaciones de servicios educativos, considerando sus capacidades y limitantes de tr\u00e1mite y gesti\u00f3n.<\/p>\r\n\r\n<li><a href=\"#\">\u00d3rgano Ejecutor Estatal de Acciones Compensatorias<\/a><\/strong><\/li>\r\n<p>Se vincula con programas federales, como REDES-SEP, que apoyan a maestros de educaci\u00f3n ind\u00edgena y primaria general que laboran en comunidades de alta marginaci\u00f3n. El programa no escolarizado de educaci\u00f3n inicial que se trabaja estrechamente con el CONAFE y, tambi\u00e9n con la SEBIENTI (Secretar\u00eda de BIENESTAR, tequio e inclusi\u00f3n) y el programa \u201cVAMOS JUNTOS A LA ESCUELA\u201d.<\/p>\r\n\r\n","protected":false},"excerpt":{"rendered":"excerpt","protected":false},"author":87,"featured_media":0,"parent":0,"menu_order":0,"comment_status":"closed","ping_status":"closed","template":"","meta":{"episode_type":"","audio_file":"","podmotor_file_id":"","podmotor_episode_id":"","cover_image":"","cover_image_id":"","duration":"","filesize":"","filesize_raw":"","date_recorded":"","explicit":"","block":"","footnotes":""},"categories":[],"tags":[],"class_list":["post-31239","page","type-page","status-publish","hentry"],"acf":[],"publishpress_future_action":{"enabled":false,"date":"2026-04-22 15:52:44","action":"change-status","newStatus":"draft","terms":[],"taxonomy":"category","extraData":[]},"publishpress_future_workflow_manual_trigger":{"enabledWorkflows":[]},"_links":{"self":[{"href":"https:\/\/www.oaxaca.gob.mx\/ieepo\/wp-json\/wp\/v2\/pages\/31239","targetHints":{"allow":["GET"]}}],"collection":[{"href":"https:\/\/www.oaxaca.gob.mx\/ieepo\/wp-json\/wp\/v2\/pages"}],"about":[{"href":"https:\/\/www.oaxaca.gob.mx\/ieepo\/wp-json\/wp\/v2\/types\/page"}],"author":[{"embeddable":true,"href":"https:\/\/www.oaxaca.gob.mx\/ieepo\/wp-json\/wp\/v2\/users\/87"}],"replies":[{"embeddable":true,"href":"https:\/\/www.oaxaca.gob.mx\/ieepo\/wp-json\/wp\/v2\/comments?post=31239"}],"version-history":[{"count":3,"href":"https:\/\/www.oaxaca.gob.mx\/ieepo\/wp-json\/wp\/v2\/pages\/31239\/revisions"}],"predecessor-version":[{"id":31255,"href":"https:\/\/www.oaxaca.gob.mx\/ieepo\/wp-json\/wp\/v2\/pages\/31239\/revisions\/31255"}],"wp:attachment":[{"href":"https:\/\/www.oaxaca.gob.mx\/ieepo\/wp-json\/wp\/v2\/media?parent=31239"}],"wp:term":[{"taxonomy":"category","embeddable":true,"href":"https:\/\/www.oaxaca.gob.mx\/ieepo\/wp-json\/wp\/v2\/categories?post=31239"},{"taxonomy":"post_tag","embeddable":true,"href":"https:\/\/www.oaxaca.gob.mx\/ieepo\/wp-json\/wp\/v2\/tags?post=31239"}],"curies":[{"name":"wp","href":"https:\/\/api.w.org\/{rel}","templated":true}]}}