{"id":31204,"date":"2023-10-13T13:46:36","date_gmt":"2023-10-13T19:46:36","guid":{"rendered":"https:\/\/www.oaxaca.gob.mx\/ieepo\/?page_id=31204"},"modified":"2023-10-13T13:46:36","modified_gmt":"2023-10-13T19:46:36","slug":"quienes-somos-7","status":"publish","type":"page","link":"https:\/\/www.oaxaca.gob.mx\/ieepo\/quienes-somos-7\/","title":{"rendered":"\u00bfQui\u00e9nes Somos?"},"content":{"rendered":"\t\t\t\t\r\n<p>La Oficial\u00eda Mayor es la unidad administrativa del Instituto Estatal de Educaci\u00f3n P\u00fablica de Oaxaca encargada de observar la correcta administraci\u00f3n y atenci\u00f3n de las necesidades relacionadas a recursos materiales, humanos, financieros y tecnol\u00f3gicos del instituto, a trav\u00e9s de las \u00e1reas a su cargo, la direcci\u00f3n administrativas y la direcci\u00f3n financiera.<\/p>\r\n<p><strong style=\"font-weight: bold\">Misi\u00f3n<\/strong><\/p>\r\n<p>Observar y coadyuvar a que los recursos del Instituto Estatal de Educaci\u00f3n P\u00fablica de Oaxaca sean aplicados de manera eficiente, con el fin de que ni\u00f1as, ni\u00f1os y adolescentes de las ocho regiones de nuestro estado cuenten con servicios educativos.<\/p>\r\n<p><strong style=\"font-weight: bold\">Visi\u00f3n<\/strong><\/p>\r\n<p>Que las ni\u00f1as, ni\u00f1os y adolescentes, as\u00ed como estudiantes normalistas, y personas adultas que estudian el nivel educativo b\u00e1sico cuenten con servicios educativos contextualmente relevantes y transformadores.<\/p>\r\n<p><strong style=\"font-weight: bold\">Valores<\/strong><\/p>\r\n<p>Nuestros principales valores son la honestidad, la rendici\u00f3n de cuentas y el apego a la voluntad del pueblo.<\/p>","protected":false},"excerpt":{"rendered":"excerpt","protected":false},"author":87,"featured_media":0,"parent":0,"menu_order":0,"comment_status":"closed","ping_status":"closed","template":"","meta":{"episode_type":"","audio_file":"","podmotor_file_id":"","podmotor_episode_id":"","cover_image":"","cover_image_id":"","duration":"","filesize":"","filesize_raw":"","date_recorded":"","explicit":"","block":"","footnotes":""},"categories":[],"tags":[],"class_list":["post-31204","page","type-page","status-publish","hentry"],"acf":[],"publishpress_future_action":{"enabled":false,"date":"2026-05-11 07:44:34","action":"change-status","newStatus":"draft","terms":[],"taxonomy":"category","extraData":[]},"publishpress_future_workflow_manual_trigger":{"enabledWorkflows":[]},"_links":{"self":[{"href":"https:\/\/www.oaxaca.gob.mx\/ieepo\/wp-json\/wp\/v2\/pages\/31204","targetHints":{"allow":["GET"]}}],"collection":[{"href":"https:\/\/www.oaxaca.gob.mx\/ieepo\/wp-json\/wp\/v2\/pages"}],"about":[{"href":"https:\/\/www.oaxaca.gob.mx\/ieepo\/wp-json\/wp\/v2\/types\/page"}],"author":[{"embeddable":true,"href":"https:\/\/www.oaxaca.gob.mx\/ieepo\/wp-json\/wp\/v2\/users\/87"}],"replies":[{"embeddable":true,"href":"https:\/\/www.oaxaca.gob.mx\/ieepo\/wp-json\/wp\/v2\/comments?post=31204"}],"version-history":[{"count":1,"href":"https:\/\/www.oaxaca.gob.mx\/ieepo\/wp-json\/wp\/v2\/pages\/31204\/revisions"}],"predecessor-version":[{"id":31207,"href":"https:\/\/www.oaxaca.gob.mx\/ieepo\/wp-json\/wp\/v2\/pages\/31204\/revisions\/31207"}],"wp:attachment":[{"href":"https:\/\/www.oaxaca.gob.mx\/ieepo\/wp-json\/wp\/v2\/media?parent=31204"}],"wp:term":[{"taxonomy":"category","embeddable":true,"href":"https:\/\/www.oaxaca.gob.mx\/ieepo\/wp-json\/wp\/v2\/categories?post=31204"},{"taxonomy":"post_tag","embeddable":true,"href":"https:\/\/www.oaxaca.gob.mx\/ieepo\/wp-json\/wp\/v2\/tags?post=31204"}],"curies":[{"name":"wp","href":"https:\/\/api.w.org\/{rel}","templated":true}]}}