{"id":31194,"date":"2023-10-13T12:54:42","date_gmt":"2023-10-13T18:54:42","guid":{"rendered":"https:\/\/www.oaxaca.gob.mx\/ieepo\/?page_id=31194"},"modified":"2024-02-08T16:09:40","modified_gmt":"2024-02-08T22:09:40","slug":"quienes-somos-6","status":"publish","type":"page","link":"https:\/\/www.oaxaca.gob.mx\/ieepo\/quienes-somos-6\/","title":{"rendered":"\u00bfQui\u00e9nes Somos?"},"content":{"rendered":"<p>&nbsp;<\/p>\r\n\r\n<p>La Direcci\u00f3n de Servicios Jur\u00eddicos es el representante legal del Instituto Estatal de Educaci\u00f3n P\u00fablica de Oaxaca en la defensa de sus intereses institucionales y patrimoniales; as\u00ed como ser el garante de que los actos jur\u00eddicos de la instituci\u00f3n se ajusten a la normatividad en materia educativa vigente; asumiendo el compromiso de salvaguardar, en todo momento, el derecho humano a la educaci\u00f3n y los derechos de los integrantes de la comunidad educativa.<\/p>\r\n<p><strong style=\"font-weight: bold\">Misi\u00f3n<\/strong><\/p>\r\n<p>Somos la unidad administrativa del instituto comprometida con la legalidad en el ejercicio del servicio p\u00fablico, que vigila y promueve que los actos jur\u00eddicos en el instituto se realicen ajustados a la normatividad y con principios de \u00e9tica, responsabilidad, honestidad y profesionalismo.<\/p>\r\n<p><strong style=\"font-weight: bold\">Visi\u00f3n<\/strong><\/p>\r\n<p>Consolidar la actuaci\u00f3n ajustada a la legalidad de los servidores p\u00fablicos del instituto, as\u00ed como fortalecer la, efectiva y eficaz, representaci\u00f3n legal del instituto ante todas las autoridades administrativas y judiciales, logrando un estado de legalidad que fortalezca la actividad sustantiva del organismo, en beneficio de los actores del sistema educativo, que redunde en la \u00f3ptima prestaci\u00f3n de los servicios educativos en Oaxaca.<\/p>\r\n<p><strong style=\"font-weight: bold\">Valores<\/strong><\/p>\r\n<p>Son principios y valores que determinan la actuaci\u00f3n de los servidores p\u00fablicos de la Direcci\u00f3n de Servicios Jur\u00eddicos la disciplina, legalidad, objetividad, profesionalismo, honradez, lealtad, imparcialidad, integridad, rendici\u00f3n de cuentas, eficacia y eficiencia en beneficio de la educaci\u00f3n y la justicia.<\/p>\r\n","protected":false},"excerpt":{"rendered":"excerpt","protected":false},"author":87,"featured_media":0,"parent":0,"menu_order":0,"comment_status":"closed","ping_status":"closed","template":"","meta":{"episode_type":"","audio_file":"","podmotor_file_id":"","podmotor_episode_id":"","cover_image":"","cover_image_id":"","duration":"","filesize":"","filesize_raw":"","date_recorded":"","explicit":"","block":"","footnotes":""},"categories":[],"tags":[],"class_list":["post-31194","page","type-page","status-publish","hentry"],"acf":[],"publishpress_future_action":{"enabled":false,"date":"2026-05-10 11:58:23","action":"change-status","newStatus":"draft","terms":[],"taxonomy":"category","extraData":[]},"publishpress_future_workflow_manual_trigger":{"enabledWorkflows":[]},"_links":{"self":[{"href":"https:\/\/www.oaxaca.gob.mx\/ieepo\/wp-json\/wp\/v2\/pages\/31194","targetHints":{"allow":["GET"]}}],"collection":[{"href":"https:\/\/www.oaxaca.gob.mx\/ieepo\/wp-json\/wp\/v2\/pages"}],"about":[{"href":"https:\/\/www.oaxaca.gob.mx\/ieepo\/wp-json\/wp\/v2\/types\/page"}],"author":[{"embeddable":true,"href":"https:\/\/www.oaxaca.gob.mx\/ieepo\/wp-json\/wp\/v2\/users\/87"}],"replies":[{"embeddable":true,"href":"https:\/\/www.oaxaca.gob.mx\/ieepo\/wp-json\/wp\/v2\/comments?post=31194"}],"version-history":[{"count":2,"href":"https:\/\/www.oaxaca.gob.mx\/ieepo\/wp-json\/wp\/v2\/pages\/31194\/revisions"}],"predecessor-version":[{"id":32145,"href":"https:\/\/www.oaxaca.gob.mx\/ieepo\/wp-json\/wp\/v2\/pages\/31194\/revisions\/32145"}],"wp:attachment":[{"href":"https:\/\/www.oaxaca.gob.mx\/ieepo\/wp-json\/wp\/v2\/media?parent=31194"}],"wp:term":[{"taxonomy":"category","embeddable":true,"href":"https:\/\/www.oaxaca.gob.mx\/ieepo\/wp-json\/wp\/v2\/categories?post=31194"},{"taxonomy":"post_tag","embeddable":true,"href":"https:\/\/www.oaxaca.gob.mx\/ieepo\/wp-json\/wp\/v2\/tags?post=31194"}],"curies":[{"name":"wp","href":"https:\/\/api.w.org\/{rel}","templated":true}]}}