{"id":307,"date":"2018-08-25T21:07:00","date_gmt":"2018-08-25T21:07:00","guid":{"rendered":"https:\/\/www.oaxaca.gob.mx\/ieepo\/portal\/?page_id=307"},"modified":"2022-10-03T20:22:19","modified_gmt":"2022-10-04T01:22:19","slug":"sistemas-web-para-escuelas","status":"publish","type":"page","link":"https:\/\/www.oaxaca.gob.mx\/ieepo\/sistemas-web-para-escuelas\/","title":{"rendered":"Sistemas web para escuelas"},"content":{"rendered":"<div class=\"row\">\n<div class=\"col-md-6 col-sm-6 col-xs-12\"><a class=\"text-center\" href=\"http:\/\/www.ieepoplaneacionedu.info:8088\/SIESOCP\/\" target=\"_blank\" rel=\"noopener noreferrer\"><br \/>\n<img decoding=\"async\" class=\"img-responsive mx-auto d-block\" src=\"\/ieepo\/wp-content\/uploads\/sites\/75\/2018\/09\/1.png\" alt=\"Estructura Ocupacional\" \/><\/a><\/p>\n<p class=\"text-center\">Estructura Ocupacional.(SEO)<\/p>\n<p>&nbsp;<\/p>\n<p>Sistema para la captura de informaci\u00f3n del personal que labora en Jefaturas, Supervisiones o Escuelas p\u00fablicas, de acuerdo a la estructura ocupacional vigente.<\/p><\/div>\n<div class=\"col-md-6 col-sm-6 col-xs-12\"><a class=\"text-center\" href=\"http:\/\/ieepoplaneacionedu.info\/login-inversion\/\" target=\"_blank\" rel=\"noopener noreferrer\"><br \/>\n<img decoding=\"async\" class=\"img-responsive mx-auto d-block\" src=\"\/ieepo\/wp-content\/uploads\/sites\/75\/2018\/09\/3.png\" alt=\"Infraestructura Educativa. \" \/><\/a><\/p>\n<p class=\"text-center\">Infraestructura Educativa.(SIE)<\/p>\n<p>&nbsp;<\/p>\n<p>Sistema para la captura de informaci\u00f3n sobre la condici\u00f3n f\u00edsica actual del plantel educativo (S\u00f3lo escuelas p\u00fablicas).<\/p><\/div>\n<\/div>\n<div class=\"row\">\n<div class=\"col-md-6 col-sm-6 col-xs-12\"><a class=\"text-center\" href=\"http:\/\/www.ieepoplaneacionedu.info:8088\/siceeo\/\" target=\"_blank\" rel=\"noopener noreferrer\"><br \/>\n<img decoding=\"async\" class=\"img-responsive mx-auto d-block\" src=\"\/ieepo\/wp-content\/uploads\/sites\/75\/2018\/09\/2.png\" alt=\"Control Escolar\" \/><\/a><\/p>\n<p class=\"text-center\">Control Escolar.(SICEEO)<\/p>\n<p>&nbsp;<\/p>\n<p>Sistema Integral de Control Escolar del Estado de Oaxaca.<\/p><\/div>\n<div class=\"col-md-6 col-sm-6 col-xs-12\"><a class=\"text-center\" href=\"http:\/\/www.ieepoplaneacionedu.info\/siceen\/\" target=\"_blank\" rel=\"noopener noreferrer\"><br \/>\n<img decoding=\"async\" class=\"img-responsive mx-auto d-block\" src=\"\/ieepo\/wp-content\/uploads\/sites\/75\/2018\/09\/6.png\" alt=\"Certificaci\u00f3n\" \/><\/a><\/p>\n<p class=\"text-center\">Certificaci\u00f3n Electr\u00f3nica de Educaci\u00f3n Normal(SICEEN)<\/p>\n<p>&nbsp;<\/p>\n<\/div>\n<\/div>\n<div class=\"row\">\n<div class=\"col-md-6 col-sm-6 col-xs-12\"><a class=\"text-center\" href=\"http:\/\/www.f911.sep.gob.mx\/2022-2023\/Login.aspx\" target=\"_blank\" rel=\"noopener noreferrer\"><br \/>\n<img decoding=\"async\" class=\"img-responsive mx-auto d-block\" src=\"\/ieepo\/wp-content\/uploads\/sites\/75\/2018\/09\/4.png\" alt=\"Estad\u00edstica de Inicio de Curso\" \/><\/a><\/p>\n<p class=\"text-center\">Estad\u00edstica de Inicio de Curso<\/p>\n<p>&nbsp;<\/p>\n<p><a class=\"text-center\" href=\"http:\/\/www.f911.sep.gob.mx\/2022-2023\/Login.aspx\" target=\"_blank\" rel=\"noopener noreferrer\">Ingreso de informaci\u00f3n estad\u00edstica del cuestionario 911 de inicio 2022-2023<\/a><\/p>\n<p class=\"text-center\">Fin de ciclo escolar<\/p>\n<p><a class=\"text-center\" href=\"http:\/\/www.f911.sep.gob.mx\/2021-2022\/Login.aspx\" target=\"_blank\" rel=\"noopener noreferrer\">Ingreso de informaci\u00f3n estad\u00edstica del cuestionario 911 de inicio 2021-2022<\/a><\/p>\n<\/div>\n<\/div>\n","protected":false},"excerpt":{"rendered":"excerpt","protected":false},"author":1,"featured_media":0,"parent":0,"menu_order":0,"comment_status":"closed","ping_status":"closed","template":"","meta":{"episode_type":"","audio_file":"","podmotor_file_id":"","podmotor_episode_id":"","cover_image":"","cover_image_id":"","duration":"","filesize":"","filesize_raw":"","date_recorded":"","explicit":"","block":"","footnotes":""},"categories":[],"tags":[],"class_list":["post-307","page","type-page","status-publish","hentry"],"acf":[],"publishpress_future_action":{"enabled":false,"date":"2026-05-21 10:16:37","action":"change-status","newStatus":"draft","terms":[],"taxonomy":"category","extraData":[]},"publishpress_future_workflow_manual_trigger":{"enabledWorkflows":[]},"_links":{"self":[{"href":"https:\/\/www.oaxaca.gob.mx\/ieepo\/wp-json\/wp\/v2\/pages\/307","targetHints":{"allow":["GET"]}}],"collection":[{"href":"https:\/\/www.oaxaca.gob.mx\/ieepo\/wp-json\/wp\/v2\/pages"}],"about":[{"href":"https:\/\/www.oaxaca.gob.mx\/ieepo\/wp-json\/wp\/v2\/types\/page"}],"author":[{"embeddable":true,"href":"https:\/\/www.oaxaca.gob.mx\/ieepo\/wp-json\/wp\/v2\/users\/1"}],"replies":[{"embeddable":true,"href":"https:\/\/www.oaxaca.gob.mx\/ieepo\/wp-json\/wp\/v2\/comments?post=307"}],"version-history":[{"count":7,"href":"https:\/\/www.oaxaca.gob.mx\/ieepo\/wp-json\/wp\/v2\/pages\/307\/revisions"}],"predecessor-version":[{"id":27461,"href":"https:\/\/www.oaxaca.gob.mx\/ieepo\/wp-json\/wp\/v2\/pages\/307\/revisions\/27461"}],"wp:attachment":[{"href":"https:\/\/www.oaxaca.gob.mx\/ieepo\/wp-json\/wp\/v2\/media?parent=307"}],"wp:term":[{"taxonomy":"category","embeddable":true,"href":"https:\/\/www.oaxaca.gob.mx\/ieepo\/wp-json\/wp\/v2\/categories?post=307"},{"taxonomy":"post_tag","embeddable":true,"href":"https:\/\/www.oaxaca.gob.mx\/ieepo\/wp-json\/wp\/v2\/tags?post=307"}],"curies":[{"name":"wp","href":"https:\/\/api.w.org\/{rel}","templated":true}]}}