{"id":30552,"date":"2023-07-28T09:43:31","date_gmt":"2023-07-28T15:43:31","guid":{"rendered":"https:\/\/www.oaxaca.gob.mx\/ieepo\/?page_id=30552"},"modified":"2025-06-25T00:58:39","modified_gmt":"2025-06-25T06:58:39","slug":"programa-para-el-desarrollo-profesional-docente-tipo-basico","status":"publish","type":"page","link":"https:\/\/www.oaxaca.gob.mx\/ieepo\/programa-para-el-desarrollo-profesional-docente\/","title":{"rendered":"Programa para el Desarrollo Profesional Docente"},"content":{"rendered":"<ul class=\"nav nav-tabs\" id=\"myTab\" role=\"tablist\">\r\n  <li class=\"nav-item\" role=\"presentation\">\r\n    <button id=\"nav_tab_1\" class=\"nav-link active\" role=\"tab\" data-bs-toggle=\"tab\" data-bs-target=\"#nav_1\" type=\"button\" aria-controls=\"nav_1\">Presentaci\u00f3n<\/button>\r\n  <\/li>\r\n  <li class=\"nav-item\" role=\"presentation\">\r\n    <button id=\"nav_tab_2\" class=\"nav-link\" role=\"tab\" data-bs-target=\"#nav_2\" data-bs-toggle=\"tab\" type=\"button\" aria-controls=\"nav_2\">Gu\u00eda Operativa<\/button>\r\n  <\/li>\r\n  <li class=\"nav-item\" role=\"presentation\">\r\n    <button id=\"nav_tab_3\" class=\"nav-link\" role=\"tab\" data-bs-target=\"#nav_3\" data-bs-toggle=\"tab\" type=\"button\" aria-controls=\"nav_3\">Esquema<\/button>\r\n  <\/li>\r\n  <li class=\"nav-item\" role=\"presentation\">\r\n    <button id=\"nav_tab_4\" class=\"nav-link\" role=\"tab\" data-bs-target=\"#nav_4\" data-bs-toggle=\"tab\" type=\"button\" aria-controls=\"nav_4\">Programa Anual<\/button>\r\n  <\/li>\r\n  <li class=\"nav-item\" role=\"presentation\">\r\n    <button id=\"nav_tab_5\" class=\"nav-link\" role=\"tab\" data-bs-target=\"#nav_5\" data-bs-toggle=\"tab\" type=\"button\" aria-controls=\"nav_5\">Material de Difusi\u00f3n<\/button>\r\n  <\/li>\r\n\r\n<\/ul>\r\n<div class=\"tab-content\" id=\"myTabContent\">\r\n  <div id=\"nav_1\" class=\"tab-pane fade show active\" role=\"tabpanel\" aria-labelledby=\"nav_tab_1\">\r\n    <h4><\/h4>\r\n    <div class=\"row\">\r\n      <div class=\"col-md-8 col-sm-8 col-xs-12\">\r\n        <strong style=\"font-weight: bold\">Objetivos del PRODEP<\/strong>\r\n        <ul class=\"listas-geo\">\r\n        <\/p>\r\n        Fortalecer el perfil necesario para el desempe\u00f1o de las funciones de las y los profesores de tiempo completo, personal docente, personal t\u00e9cnico docente y personal con funciones de direcci\u00f3n, supervisi\u00f3n o asesor\u00eda t\u00e9cnico-pedag\u00f3gica de las instituciones de educaci\u00f3n p\u00fablicas, a trav\u00e9s de programas de formaci\u00f3n, actualizaci\u00f3n acad\u00e9mica, capacitaci\u00f3n y\/o proyectos de investigaci\u00f3n en igualdad de oportunidades para mujeres y hombres.\r\n      <\/ul>\r\n    <\/div>\r\n    <div class=\"col-md-4 col-sm-4 col-xs-12\">\r\n      <a href=\"http:\/\/www.dgdc.sep.gob.mx\/dgdc2016\/progfederales\/dgdc_prog_fed_PRONI.htm\" target=\"_blank\" rel=\"noopener noreferrer\"><img loading=\"lazy\" decoding=\"async\" class=\"img-responsive center-block\" src=\"https:\/\/www.oaxaca.gob.mx\/ieepo\/wp-content\/uploads\/sites\/75\/2025\/06\/Logo-PRODEP-2025.png\" alt=\"PFSEE.\" width=\"226\" height=\"226\" \/><\/a>\r\n    <\/div>\r\n    &nbsp;\r\n    <strong style=\"font-weight: bold\">\r\n    <ul class=\"listas-geo\">\r\n      Comit\u00e9 de Contralor\u00eda Social\r\n      <\/strong>\r\n      &nbsp;\r\n    <\/p>\r\n    Los Comit\u00e9s de Contralor\u00eda Social en el PRODEP, se constituir\u00e1n con personal docente, t\u00e9cnico docente y personal con funciones de direcci\u00f3n de supervisi\u00f3n y de asesor\u00eda t\u00e9cnico pedag\u00f3gica que participa en las acciones de formaci\u00f3n continua en el 2025 o haya participado en \u00e9stas el a\u00f1o anterior.\r\n    La elecci\u00f3n de los integrantes debe ser de manera libre, voluntaria y considerando de manera equitativa, a hombres y mujeres.\r\n  <\/p>\r\n  <a href=\"\" target=\"_blank\" rel=\"attachment wp-att-1766 noopener\"><img loading=\"lazy\" decoding=\"async\" class=\"img-responsive mx-auto d-block\" src=\"https:\/\/www.oaxaca.gob.mx\/ieepo\/wp-content\/uploads\/sites\/75\/2023\/07\/ComiteCS.png\" alt=\"\" width=\"401\" height=\"157\" \/><\/a>\r\n<\/ul>\r\n<strong style=\"font-weight: bold\">Funciones del Comit\u00e9 de Contralor\u00eda Social<\/strong>\r\n<ul class=\"listas-geo\">\r\n  <a href=\"\" target=\"_blank\" rel=\"attachment wp-att-1766 noopener\"><img loading=\"lazy\" decoding=\"async\" class=\"img-responsive mx-auto d-block\" src=\"https:\/\/www.oaxaca.gob.mx\/ieepo\/wp-content\/uploads\/sites\/75\/2023\/08\/FuncionesCSPRODEP-TB.png\" alt=\"\" width=\"401\" height=\"200\" \/><\/a>\r\n<\/p>\r\n1.- Solicitar la informaci\u00f3n p\u00fablica del PRODEP para el buen desempe\u00f1o de sus funciones, a trav\u00e9s de los mecanismos determinados por la Entidad.\r\n<\/p>\r\n2.- Vigilar que:\r\n<\/p>\r\n<ul class=\"listas-geo\">\r\n<li>Se difunda la informaci\u00f3n completa sobre la operaci\u00f3n del PRODEP de forma veraz y oportuna.<\/li>\r\n<li>El ejercicio de los recursos p\u00fablicos sea oportuno, transparente y con apego a lo establecido en las Reglas de Operaci\u00f3n.<\/li>\r\n<li>Se cumpla con los periodos de entrega de los apoyos o servicios.<\/li>\r\n<li>El PRODEP no se utilice con fines pol\u00edticos, electorales, de lucro u otros distintos al objeto del Programa.<\/li>\r\n<li>El PRODEP se ejecute en un marco de igualdad entre mujeres y hombres.<\/li>\r\n<li>Las autoridades competentes den atenci\u00f3n a las quejas, denuncias relacionadas con el PRODEP.<\/li>\r\n<\/ul>\r\n<\/p>\r\n3.- Registrar en el Informe del Comit\u00e9 de Contralor\u00eda Social los resultados de las actividades realizadas .\r\n<\/p>\r\n4.- Orientar a las personas beneficiarias sobre c\u00f3mo presentar quejas, denuncias o sugerencias, conforme a los mecanismos establecidos en la Entidad.\r\n<\/p>\r\n5.- Recibir las quejas y denuncias que puedan dar lugar al fincamiento de responsabilidades administrativas, civiles o penales relacionadas con el programa, as\u00ed como turnarlas a las autoridades competentes para su atenci\u00f3n.\r\n<\/ul>\r\n<\/div>\r\n<p class=\"text-center\"><a href=\"\" target=\"_blank\" rel=\"attachment wp-att-1766 noopener\"><img loading=\"lazy\" decoding=\"async\" class=\"img-responsive mx-auto d-block\" src=\"\/\/www.oaxaca.gob.mx\/ieepo\/wp-content\/uploads\/sites\/75\/2023\/08\/PRODEP-TB.png\" alt=\"\" width=\"401\" height=\"207\" \/><\/a><\/p>\r\n<\/div>\r\n\r\n<div id=\"nav_2\" class=\"tab-pane fade\" role=\"tabpanel\" aria-labelledby=\"nav_tab_2\">\r\n<h4><\/h4>\r\n<div class=\"wp-block-file\"><a href=\"https:\/\/www.oaxaca.gob.mx\/ieepo\/wp-content\/uploads\/sites\/75\/2025\/06\/2025_GUIA-OPERATIVA-PRODEP.pdf\">Gu\u00eda Operativa<\/a><a class=\"wp-block-file__button\" href=\"https:\/\/www.oaxaca.gob.mx\/ieepo\/wp-content\/uploads\/sites\/75\/2025\/06\/2025_GUIA-OPERATIVA-PRODEP.pdff\">Descargar<\/a><\/div>\r\n<!-- \/wp:post-content -->\r\n<!-- wp:shortcode -->\r\n<a href=\"https:\/\/www.oaxaca.gob.mx\/ieepo\/wp-content\/uploads\/sites\/75\/2025\/06\/2025_GUIA-OPERATIVA-PRODEP.pdf\" class=\"pdfemb-viewer\" style=\"\" data-width=\"max\" data-height=\"max\" data-toolbar=\"top\" data-toolbar-fixed=\"on\">2025_GUIA-OPERATIVA-PRODEP<\/a>\r\n&nbsp;\r\n<\/div>\r\n<div id=\"nav_3\" class=\"tab-pane fade\" role=\"tabpanel\" aria-labelledby=\"nav_tab_3\">\r\n<h4><\/h4>\r\n<div class=\"wp-block-file\"><a href=\"https:\/\/www.oaxaca.gob.mx\/ieepo\/wp-content\/uploads\/sites\/75\/2025\/05\/S247-ESQUEMA-DE-CONTRALORIA-SOCIAL-PRODEP-2025.pdf\">Esquema<\/a><a class=\"wp-block-file__button\" href=\"https:\/\/www.oaxaca.gob.mx\/ieepo\/wp-content\/uploads\/sites\/75\/2025\/05\/S247-ESQUEMA-DE-CONTRALORIA-SOCIAL-PRODEP-2025.pdf\">Descargar<\/a><\/div>\r\n<!-- \/wp:shortcode -->\r\n<!-- wp:shortcode -->\r\n<a href=\"https:\/\/www.oaxaca.gob.mx\/ieepo\/wp-content\/uploads\/sites\/75\/2025\/05\/S247-ESQUEMA-DE-CONTRALORIA-SOCIAL-PRODEP-2025.pdf\" class=\"pdfemb-viewer\" style=\"\" data-width=\"max\" data-height=\"max\" data-toolbar=\"top\" data-toolbar-fixed=\"on\">S247-ESQUEMA-DE-CONTRALORIA-SOCIAL-PRODEP-2025<\/a>\r\n&nbsp;\r\n<\/div>\r\n<div id=\"nav_4\" class=\"tab-pane fade\" role=\"tabpanel\" aria-labelledby=\"nav_tab_4\">\r\n<h4><\/h4>\r\n<div class=\"wp-block-file\"><a href=\"https:\/\/www.oaxaca.gob.mx\/ieepo\/wp-content\/uploads\/sites\/75\/2025\/05\/S247-PROGRAMA-ANUAL-DE-TRABAJO-DE-CONTRALORIA-SOCIAL-PRODEP-2025.pdf\">Programa Anual<\/a><a class=\"wp-block-file__button\" href=\"https:\/\/www.oaxaca.gob.mx\/ieepo\/wp-content\/uploads\/sites\/75\/2025\/05\/S247-PROGRAMA-ANUAL-DE-TRABAJO-DE-CONTRALORIA-SOCIAL-PRODEP-2025.pdf\">Descargar<\/a><\/div>\r\n<!-- \/wp:shortcode -->\r\n<!-- wp:shortcode -->\r\n<a href=\"https:\/\/www.oaxaca.gob.mx\/ieepo\/wp-content\/uploads\/sites\/75\/2025\/05\/S247-PROGRAMA-ANUAL-DE-TRABAJO-DE-CONTRALORIA-SOCIAL-PRODEP-2025.pdf\" class=\"pdfemb-viewer\" style=\"\" data-width=\"max\" data-height=\"max\" data-toolbar=\"top\" data-toolbar-fixed=\"on\">S247-PROGRAMA-ANUAL-DE-TRABAJO-DE-CONTRALORIA-SOCIAL-PRODEP-2025<\/a>\r\n&nbsp;\r\n<\/div>\r\n<div id=\"nav_5\" class=\"tab-pane fade\" role=\"tabpanel\" aria-labelledby=\"nav_tab_5\">\r\n<h4><\/h4>\r\n\r\n<div class=\"su-tabs su-tabs-style-default su-tabs-mobile-stack\" data-active=\"1\" data-scroll-offset=\"0\" data-anchor-in-url=\"no\"><div class=\"su-tabs-nav\"><span class=\"\" data-url=\"\" data-target=\"blank\" tabindex=\"0\" role=\"button\">Instancia Normativa<\/span><span class=\"\" data-url=\"\" data-target=\"blank\" tabindex=\"0\" role=\"button\">Instancia Ejecutora<\/span><\/div><div class=\"su-tabs-panes\"><div class=\"su-tabs-pane su-u-clearfix su-u-trim\" data-title=\"Instancia Normativa\">\r\n \r\n\r\n<div class=\"row\">\r\n<div class=\"col-lg-6 col-md-4 col-sm-4 col-xs-12\">\r\n&nbsp;\r\n<!-- \/wp:shortcode -->\r\n<!-- wp:shortcode -->\r\n<a href=\"https:\/\/www.oaxaca.gob.mx\/ieepo\/wp-content\/uploads\/sites\/75\/2025\/06\/Cartel-Participa-en-la-CS.pdf\">CARTEL<\/a><a class=\"wp-block-file__button\" href=\"https:\/\/www.oaxaca.gob.mx\/ieepo\/wp-content\/uploads\/sites\/75\/2025\/06\/Cartel-Participa-en-la-CS.pdf\">Descargar<\/a>\r\n<!-- \/wp:shortcode -->\r\n<!-- wp:shortcode -->\r\n<a href=\"https:\/\/www.oaxaca.gob.mx\/ieepo\/wp-content\/uploads\/sites\/75\/2025\/06\/Cartel-Participa-en-la-CS.pdf\" class=\"pdfemb-viewer\" style=\"\" data-width=\"max\" data-height=\"max\" data-toolbar=\"top\" data-toolbar-fixed=\"on\">Cartel-Participa-en-la-CS<\/a>\r\n&nbsp;\r\n<\/p>\r\n<a href=\"https:\/\/www.oaxaca.gob.mx\/ieepo\/wp-content\/uploads\/sites\/75\/2025\/06\/Book-Contraloria-Social.pdf\">Book PRODEP<\/a><a class=\"wp-block-file__button\" href=\"https:\/\/www.oaxaca.gob.mx\/ieepo\/wp-content\/uploads\/sites\/75\/2025\/06\/Book-Contraloria-Social.pdf\">Descargar<\/a>\r\n<!-- \/wp:shortcode -->\r\n<!-- wp:shortcode -->\r\n<a href=\"https:\/\/www.oaxaca.gob.mx\/ieepo\/wp-content\/uploads\/sites\/75\/2025\/06\/Book-Contraloria-Social.pdf\" class=\"pdfemb-viewer\" style=\"\" data-width=\"max\" data-height=\"max\" data-toolbar=\"top\" data-toolbar-fixed=\"on\">Book-Contraloria-Social<\/a>\r\n<\/div>\r\n<div class=\"col-lg-6 col-md-4 col-sm-4 col-xs-12\">\r\n\r\n<a href=\"https:\/\/www.oaxaca.gob.mx\/ieepo\/wp-content\/uploads\/sites\/75\/2025\/06\/Triptico-\u00bfQue-es-el-PRODEP.pdf\">Triptico PRODEP<\/a><a class=\"wp-block-file__button\" href=\"https:\/\/www.oaxaca.gob.mx\/ieepo\/wp-content\/uploads\/sites\/75\/2025\/06\/Triptico-\u00bfQue-es-el-PRODEP.pdf\">Descargar<\/a>\r\n<!-- \/wp:shortcode -->\r\n<!-- wp:shortcode -->\r\n<a href=\"https:\/\/www.oaxaca.gob.mx\/ieepo\/wp-content\/uploads\/sites\/75\/2025\/06\/Triptico-\u00bfQue-es-el-PRODEP.pdf\" class=\"pdfemb-viewer\" style=\"\" data-width=\"max\" data-height=\"max\" data-toolbar=\"top\" data-toolbar-fixed=\"on\">Triptico-\u00bfQue-es-el-PRODEP<\/a>\r\n&nbsp;\r\n<\/div>\r\n<\/div>\r\n\r\n\r\n\r\n<\/div>\n<div class=\"su-tabs-pane su-u-clearfix su-u-trim\" data-title=\"Instancia Ejecutora\">\r\n\r\n<div class=\"row\">\r\n<div class=\"col-lg-6 col-md-4 col-sm-4 col-xs-12\">\r\n&nbsp;\r\n<!-- \/wp:shortcode -->\r\n<a href=\"https:\/\/www.oaxaca.gob.mx\/ieepo\/wp-content\/uploads\/sites\/75\/2025\/06\/CARTEL-\u00a1PATICIPA.pdf\">CARTEL<\/a><a class=\"wp-block-file__button\" href=\"https:\/\/www.oaxaca.gob.mx\/ieepo\/wp-content\/uploads\/sites\/75\/2025\/06\/CARTEL-\u00a1PATICIPA.pdf\">Descargar<\/a>\r\n<!-- \/wp:file -->\r\n<!-- wp:shortcode -->\r\n<a href=\"https:\/\/www.oaxaca.gob.mx\/ieepo\/wp-content\/uploads\/sites\/75\/2025\/06\/CARTEL-\u00a1PATICIPA.pdf\" class=\"pdfemb-viewer\" style=\"\" data-width=\"max\" data-height=\"max\" data-toolbar=\"top\" data-toolbar-fixed=\"on\">CARTEL-\u00a1PATICIPA<\/a>\r\n<\/div>\r\n<div class=\"col-lg-6 col-md-4 col-sm-4 col-xs-12\">\r\n&nbsp;\r\n<a href=\"https:\/\/www.oaxaca.gob.mx\/ieepo\/wp-content\/uploads\/sites\/75\/2025\/06\/DIPTICO-\u00bfQue-es-la-Contraloria-Social.pdf\">Diptico PRODEP<\/a><a class=\"wp-block-file__button\" href=\"https:\/\/www.oaxaca.gob.mx\/ieepo\/wp-content\/uploads\/sites\/75\/2025\/06\/DIPTICO-\u00bfQue-es-la-Contraloria-Social.pdf\">Descargar<\/a>\r\n<!-- \/wp:file -->\r\n<!-- wp:shortcode -->\r\n<a href=\"https:\/\/www.oaxaca.gob.mx\/ieepo\/wp-content\/uploads\/sites\/75\/2025\/06\/DIPTICO-\u00bfQue-es-la-Contraloria-Social.pdf\" class=\"pdfemb-viewer\" style=\"\" data-width=\"max\" data-height=\"max\" data-toolbar=\"top\" data-toolbar-fixed=\"on\">DIPTICO-\u00bfQue-es-la-Contraloria-Social<\/a>\r\n<\/div>\r\n\r\n<\/div>\r\n\r\n\r\n<\/div><\/div><\/div>\r\n\r\n\r\n<\/div>\r\n\r\n\r\n\r\n<\/div>\r\n\r\n","protected":false},"excerpt":{"rendered":"excerpt","protected":false},"author":87,"featured_media":0,"parent":0,"menu_order":0,"comment_status":"closed","ping_status":"closed","template":"","meta":{"episode_type":"","audio_file":"","podmotor_file_id":"","podmotor_episode_id":"","cover_image":"","cover_image_id":"","duration":"","filesize":"","filesize_raw":"","date_recorded":"","explicit":"","block":"","footnotes":""},"categories":[],"tags":[],"class_list":["post-30552","page","type-page","status-publish","hentry"],"acf":[],"publishpress_future_action":{"enabled":false,"date":"2026-04-30 10:08:07","action":"change-status","newStatus":"draft","terms":[],"taxonomy":"category","extraData":[]},"publishpress_future_workflow_manual_trigger":{"enabledWorkflows":[]},"_links":{"self":[{"href":"https:\/\/www.oaxaca.gob.mx\/ieepo\/wp-json\/wp\/v2\/pages\/30552","targetHints":{"allow":["GET"]}}],"collection":[{"href":"https:\/\/www.oaxaca.gob.mx\/ieepo\/wp-json\/wp\/v2\/pages"}],"about":[{"href":"https:\/\/www.oaxaca.gob.mx\/ieepo\/wp-json\/wp\/v2\/types\/page"}],"author":[{"embeddable":true,"href":"https:\/\/www.oaxaca.gob.mx\/ieepo\/wp-json\/wp\/v2\/users\/87"}],"replies":[{"embeddable":true,"href":"https:\/\/www.oaxaca.gob.mx\/ieepo\/wp-json\/wp\/v2\/comments?post=30552"}],"version-history":[{"count":3,"href":"https:\/\/www.oaxaca.gob.mx\/ieepo\/wp-json\/wp\/v2\/pages\/30552\/revisions"}],"predecessor-version":[{"id":35899,"href":"https:\/\/www.oaxaca.gob.mx\/ieepo\/wp-json\/wp\/v2\/pages\/30552\/revisions\/35899"}],"wp:attachment":[{"href":"https:\/\/www.oaxaca.gob.mx\/ieepo\/wp-json\/wp\/v2\/media?parent=30552"}],"wp:term":[{"taxonomy":"category","embeddable":true,"href":"https:\/\/www.oaxaca.gob.mx\/ieepo\/wp-json\/wp\/v2\/categories?post=30552"},{"taxonomy":"post_tag","embeddable":true,"href":"https:\/\/www.oaxaca.gob.mx\/ieepo\/wp-json\/wp\/v2\/tags?post=30552"}],"curies":[{"name":"wp","href":"https:\/\/api.w.org\/{rel}","templated":true}]}}