{"id":30,"date":"2018-08-20T05:15:48","date_gmt":"2018-08-20T05:15:48","guid":{"rendered":"https:\/\/www.oaxaca.gob.mx\/ieepo\/portal\/?page_id=30"},"modified":"2024-04-26T10:53:12","modified_gmt":"2024-04-26T16:53:12","slug":"noticias","status":"publish","type":"page","link":"https:\/\/www.oaxaca.gob.mx\/ieepo\/noticias\/","title":{"rendered":"Noticias"},"content":{"rendered":"<section class=\"section\">\r\n  <div class=\"container-md\">\r\n    <div class=\"row\">\r\n      <div class=\"col-md-8\">\r\n                <div class=\"row\">\r\n          \r\n          <!-- \/*\r\n          $paged = ( get_query_var('paged') ) ? absint(get_query_var('paged')) : 1;\r\n          \/\/$query = new WP_Query( array( 'post_type' =>  'post', 'category_name' => 'noticias', 'posts_per_page' => 10 , 'paged' => $paged ) );\r\n          $query = new WP_Query( array( 'post_type' =>  'post', 'post_status' => 'publish', 'posts_per_page' => 10 , 'paged' => $paged ) );\r\n          if ( $query->have_posts() ) :\r\n            while ( $query->have_posts() ) : $query->the_post(); *\/ \r\n          ?> -->\r\n            <div class=\"card border-0 mb-3\" style=\"width: 100%;\">\r\n              <div class=\"row g-0\">\r\n                <div class=\"col-md-4\">\r\n                                      <img decoding=\"async\" src=\"https:\/\/www.oaxaca.gob.mx\/ieepo\/wp-content\/uploads\/sites\/75\/2026\/03\/20-03-2026.png\" class=\"img-fluid\" style=\"width:300px; height:200px;\" alt=\"La convocatoria para el Mundialito Escolar 2026, coordinado por el IEEPO, est\u00e1 en marcha\">\r\n                                  <\/div>\r\n                <div class=\"col-md-8\">\r\n                  <div class=\"card-body py-1\">\r\n                    <a href=\"https:\/\/www.oaxaca.gob.mx\/ieepo\/la-convocatoria-para-el-mundialito-escolar-2026-coordinado-por-el-ieepo-esta-en-marcha\/\" title=\"La convocatoria para el Mundialito Escolar 2026, coordinado por el IEEPO, est\u00e1 en marcha\">\r\n                      <h5 class=\"card-title\">La convocatoria para el Mundialito Escolar 2026, coordinado por el IEEPO, est\u00e1 en marcha<\/h5>\r\n                    <\/a>\r\n                    <p class=\"card-text\">excerpt<\/p>\r\n                  <\/div>\r\n                <\/div>\r\n              <\/div>\r\n            <\/div>\r\n            \r\n          <!-- \/*\r\n          $paged = ( get_query_var('paged') ) ? absint(get_query_var('paged')) : 1;\r\n          \/\/$query = new WP_Query( array( 'post_type' =>  'post', 'category_name' => 'noticias', 'posts_per_page' => 10 , 'paged' => $paged ) );\r\n          $query = new WP_Query( array( 'post_type' =>  'post', 'post_status' => 'publish', 'posts_per_page' => 10 , 'paged' => $paged ) );\r\n          if ( $query->have_posts() ) :\r\n            while ( $query->have_posts() ) : $query->the_post(); *\/ \r\n          ?> -->\r\n            <div class=\"card border-0 mb-3\" style=\"width: 100%;\">\r\n              <div class=\"row g-0\">\r\n                <div class=\"col-md-4\">\r\n                                      <img decoding=\"async\" src=\"https:\/\/www.oaxaca.gob.mx\/ieepo\/wp-content\/uploads\/sites\/75\/2026\/03\/12-03-26.png\" class=\"img-fluid\" style=\"width:300px; height:200px;\" alt=\"IEEPO ofrece disculpa p\u00fablica por fallecimiento de un menor en Putla Villa de Guerrero\">\r\n                                  <\/div>\r\n                <div class=\"col-md-8\">\r\n                  <div class=\"card-body py-1\">\r\n                    <a href=\"https:\/\/www.oaxaca.gob.mx\/ieepo\/ieepo-ofrece-disculpa-publica-por-fallecimiento-de-un-menor-en-putla-villa-de-guerrero\/\" title=\"IEEPO ofrece disculpa p\u00fablica por fallecimiento de un menor en Putla Villa de Guerrero\">\r\n                      <h5 class=\"card-title\">IEEPO ofrece disculpa p\u00fablica por fallecimiento de un menor en Putla Villa de Guerrero<\/h5>\r\n                    <\/a>\r\n                    <p class=\"card-text\">excerpt<\/p>\r\n                  <\/div>\r\n                <\/div>\r\n              <\/div>\r\n            <\/div>\r\n            \r\n          <!-- \/*\r\n          $paged = ( get_query_var('paged') ) ? absint(get_query_var('paged')) : 1;\r\n          \/\/$query = new WP_Query( array( 'post_type' =>  'post', 'category_name' => 'noticias', 'posts_per_page' => 10 , 'paged' => $paged ) );\r\n          $query = new WP_Query( array( 'post_type' =>  'post', 'post_status' => 'publish', 'posts_per_page' => 10 , 'paged' => $paged ) );\r\n          if ( $query->have_posts() ) :\r\n            while ( $query->have_posts() ) : $query->the_post(); *\/ \r\n          ?> -->\r\n            <div class=\"card border-0 mb-3\" style=\"width: 100%;\">\r\n              <div class=\"row g-0\">\r\n                <div class=\"col-md-4\">\r\n                                      <img decoding=\"async\" src=\"https:\/\/www.oaxaca.gob.mx\/ieepo\/wp-content\/uploads\/sites\/75\/2026\/03\/09-03-2026A-1.png\" class=\"img-fluid\" style=\"width:300px; height:200px;\" alt=\"Conmemora IEEPO El D\u00eda Internacional de la Mujer con Jornada \u201cEl Valor Que Me Empodera\u201d\">\r\n                                  <\/div>\r\n                <div class=\"col-md-8\">\r\n                  <div class=\"card-body py-1\">\r\n                    <a href=\"https:\/\/www.oaxaca.gob.mx\/ieepo\/conmemora-ieepo-el-dia-internacional-de-la-mujer-con-jornada-el-valor-que-me-empodera\/\" title=\"Conmemora IEEPO El D\u00eda Internacional de la Mujer con Jornada \u201cEl Valor Que Me Empodera\u201d\">\r\n                      <h5 class=\"card-title\">Conmemora IEEPO El D\u00eda Internacional de la Mujer con Jornada \u201cEl Valor Que Me Empodera\u201d<\/h5>\r\n                    <\/a>\r\n                    <p class=\"card-text\">excerpt<\/p>\r\n                  <\/div>\r\n                <\/div>\r\n              <\/div>\r\n            <\/div>\r\n            \r\n          <!-- \/*\r\n          $paged = ( get_query_var('paged') ) ? absint(get_query_var('paged')) : 1;\r\n          \/\/$query = new WP_Query( array( 'post_type' =>  'post', 'category_name' => 'noticias', 'posts_per_page' => 10 , 'paged' => $paged ) );\r\n          $query = new WP_Query( array( 'post_type' =>  'post', 'post_status' => 'publish', 'posts_per_page' => 10 , 'paged' => $paged ) );\r\n          if ( $query->have_posts() ) :\r\n            while ( $query->have_posts() ) : $query->the_post(); *\/ \r\n          ?> -->\r\n            <div class=\"card border-0 mb-3\" style=\"width: 100%;\">\r\n              <div class=\"row g-0\">\r\n                <div class=\"col-md-4\">\r\n                                      <img decoding=\"async\" src=\"https:\/\/www.oaxaca.gob.mx\/ieepo\/wp-content\/uploads\/sites\/75\/2026\/03\/09-03-26.png\" class=\"img-fluid\" style=\"width:300px; height:200px;\" alt=\"Buenas Pr\u00e1cticas del IEEPO Fortalecen la Transparencia y la Cultura de la Legalidad\">\r\n                                  <\/div>\r\n                <div class=\"col-md-8\">\r\n                  <div class=\"card-body py-1\">\r\n                    <a href=\"https:\/\/www.oaxaca.gob.mx\/ieepo\/buenas-practicas-del-ieepo-fortalecen-la-transparencia-y-la-cultura-de-la-legalidad\/\" title=\"Buenas Pr\u00e1cticas del IEEPO Fortalecen la Transparencia y la Cultura de la Legalidad\">\r\n                      <h5 class=\"card-title\">Buenas Pr\u00e1cticas del IEEPO Fortalecen la Transparencia y la Cultura de la Legalidad<\/h5>\r\n                    <\/a>\r\n                    <p class=\"card-text\">excerpt<\/p>\r\n                  <\/div>\r\n                <\/div>\r\n              <\/div>\r\n            <\/div>\r\n            \r\n          <!-- \/*\r\n          $paged = ( get_query_var('paged') ) ? absint(get_query_var('paged')) : 1;\r\n          \/\/$query = new WP_Query( array( 'post_type' =>  'post', 'category_name' => 'noticias', 'posts_per_page' => 10 , 'paged' => $paged ) );\r\n          $query = new WP_Query( array( 'post_type' =>  'post', 'post_status' => 'publish', 'posts_per_page' => 10 , 'paged' => $paged ) );\r\n          if ( $query->have_posts() ) :\r\n            while ( $query->have_posts() ) : $query->the_post(); *\/ \r\n          ?> -->\r\n            <div class=\"card border-0 mb-3\" style=\"width: 100%;\">\r\n              <div class=\"row g-0\">\r\n                <div class=\"col-md-4\">\r\n                                      <img decoding=\"async\" src=\"https:\/\/www.oaxaca.gob.mx\/ieepo\/wp-content\/uploads\/sites\/75\/2026\/03\/04-03-26.png\" class=\"img-fluid\" style=\"width:300px; height:200px;\" alt=\"Hist\u00f3rico Equipamiento Tecnol\u00f3gico Transforma la Educaci\u00f3n B\u00e1sica en Oaxaca\">\r\n                                  <\/div>\r\n                <div class=\"col-md-8\">\r\n                  <div class=\"card-body py-1\">\r\n                    <a href=\"https:\/\/www.oaxaca.gob.mx\/ieepo\/historico-equipamiento-tecnologico-transforma-la-educacion-basica-en-oaxaca\/\" title=\"Hist\u00f3rico Equipamiento Tecnol\u00f3gico Transforma la Educaci\u00f3n B\u00e1sica en Oaxaca\">\r\n                      <h5 class=\"card-title\">Hist\u00f3rico Equipamiento Tecnol\u00f3gico Transforma la Educaci\u00f3n B\u00e1sica en Oaxaca<\/h5>\r\n                    <\/a>\r\n                    <p class=\"card-text\">excerpt<\/p>\r\n                  <\/div>\r\n                <\/div>\r\n              <\/div>\r\n            <\/div>\r\n            \r\n          <!-- \/*\r\n          $paged = ( get_query_var('paged') ) ? absint(get_query_var('paged')) : 1;\r\n          \/\/$query = new WP_Query( array( 'post_type' =>  'post', 'category_name' => 'noticias', 'posts_per_page' => 10 , 'paged' => $paged ) );\r\n          $query = new WP_Query( array( 'post_type' =>  'post', 'post_status' => 'publish', 'posts_per_page' => 10 , 'paged' => $paged ) );\r\n          if ( $query->have_posts() ) :\r\n            while ( $query->have_posts() ) : $query->the_post(); *\/ \r\n          ?> -->\r\n            <div class=\"card border-0 mb-3\" style=\"width: 100%;\">\r\n              <div class=\"row g-0\">\r\n                <div class=\"col-md-4\">\r\n                                      <img decoding=\"async\" src=\"https:\/\/www.oaxaca.gob.mx\/ieepo\/wp-content\/uploads\/sites\/75\/2026\/02\/25-02-26.png\" class=\"img-fluid\" style=\"width:300px; height:200px;\" alt=\"Realiza IEEPO jornada Normatividad y Sistema de Control Escolar en Educaci\u00f3n B\u00e1sica para escuelas particulares\">\r\n                                  <\/div>\r\n                <div class=\"col-md-8\">\r\n                  <div class=\"card-body py-1\">\r\n                    <a href=\"https:\/\/www.oaxaca.gob.mx\/ieepo\/realiza-ieepo-jornada-normatividad-y-sistema-de-control-escolar-en-educacion-basica-para-escuelas-particulares\/\" title=\"Realiza IEEPO jornada Normatividad y Sistema de Control Escolar en Educaci\u00f3n B\u00e1sica para escuelas particulares\">\r\n                      <h5 class=\"card-title\">Realiza IEEPO jornada Normatividad y Sistema de Control Escolar en Educaci\u00f3n B\u00e1sica para escuelas particulares<\/h5>\r\n                    <\/a>\r\n                    <p class=\"card-text\">excerpt<\/p>\r\n                  <\/div>\r\n                <\/div>\r\n              <\/div>\r\n            <\/div>\r\n            \r\n          <!-- \/*\r\n          $paged = ( get_query_var('paged') ) ? absint(get_query_var('paged')) : 1;\r\n          \/\/$query = new WP_Query( array( 'post_type' =>  'post', 'category_name' => 'noticias', 'posts_per_page' => 10 , 'paged' => $paged ) );\r\n          $query = new WP_Query( array( 'post_type' =>  'post', 'post_status' => 'publish', 'posts_per_page' => 10 , 'paged' => $paged ) );\r\n          if ( $query->have_posts() ) :\r\n            while ( $query->have_posts() ) : $query->the_post(); *\/ \r\n          ?> -->\r\n            <div class=\"card border-0 mb-3\" style=\"width: 100%;\">\r\n              <div class=\"row g-0\">\r\n                <div class=\"col-md-4\">\r\n                                      <img decoding=\"async\" src=\"https:\/\/www.oaxaca.gob.mx\/ieepo\/wp-content\/uploads\/sites\/75\/2026\/02\/23-02-26.png\" class=\"img-fluid\" style=\"width:300px; height:200px;\" alt=\"IEEPO Suma Esfuerzos con la Campa\u00f1a \u201cRompe El Tab\u00fa, Hazlo Seguro\u201d\">\r\n                                  <\/div>\r\n                <div class=\"col-md-8\">\r\n                  <div class=\"card-body py-1\">\r\n                    <a href=\"https:\/\/www.oaxaca.gob.mx\/ieepo\/ieepo-suma-esfuerzos-con-la-campana-rompe-el-tabu-hazlo-seguro\/\" title=\"IEEPO Suma Esfuerzos con la Campa\u00f1a \u201cRompe El Tab\u00fa, Hazlo Seguro\u201d\">\r\n                      <h5 class=\"card-title\">IEEPO Suma Esfuerzos con la Campa\u00f1a \u201cRompe El Tab\u00fa, Hazlo Seguro\u201d<\/h5>\r\n                    <\/a>\r\n                    <p class=\"card-text\">excerpt<\/p>\r\n                  <\/div>\r\n                <\/div>\r\n              <\/div>\r\n            <\/div>\r\n            \r\n          <!-- \/*\r\n          $paged = ( get_query_var('paged') ) ? absint(get_query_var('paged')) : 1;\r\n          \/\/$query = new WP_Query( array( 'post_type' =>  'post', 'category_name' => 'noticias', 'posts_per_page' => 10 , 'paged' => $paged ) );\r\n          $query = new WP_Query( array( 'post_type' =>  'post', 'post_status' => 'publish', 'posts_per_page' => 10 , 'paged' => $paged ) );\r\n          if ( $query->have_posts() ) :\r\n            while ( $query->have_posts() ) : $query->the_post(); *\/ \r\n          ?> -->\r\n            <div class=\"card border-0 mb-3\" style=\"width: 100%;\">\r\n              <div class=\"row g-0\">\r\n                <div class=\"col-md-4\">\r\n                                      <img decoding=\"async\" src=\"https:\/\/www.oaxaca.gob.mx\/ieepo\/wp-content\/uploads\/sites\/75\/2026\/02\/18-02-26-2.png\" class=\"img-fluid\" style=\"width:300px; height:200px;\" alt=\"Con Gobierno de Salom\u00f3n Jara, Oaxaca impulsa una educaci\u00f3n de territorio que pone al centro a la ni\u00f1ez\">\r\n                                  <\/div>\r\n                <div class=\"col-md-8\">\r\n                  <div class=\"card-body py-1\">\r\n                    <a href=\"https:\/\/www.oaxaca.gob.mx\/ieepo\/con-gobierno-de-salomon-jara-oaxaca-impulsa-una-educacion-de-territorio-que-pone-al-centro-a-la-ninez\/\" title=\"Con Gobierno de Salom\u00f3n Jara, Oaxaca impulsa una educaci\u00f3n de territorio que pone al centro a la ni\u00f1ez\">\r\n                      <h5 class=\"card-title\">Con Gobierno de Salom\u00f3n Jara, Oaxaca impulsa una educaci\u00f3n de territorio que pone al centro a la ni\u00f1ez<\/h5>\r\n                    <\/a>\r\n                    <p class=\"card-text\">excerpt<\/p>\r\n                  <\/div>\r\n                <\/div>\r\n              <\/div>\r\n            <\/div>\r\n            \r\n          <!-- \/*\r\n          $paged = ( get_query_var('paged') ) ? absint(get_query_var('paged')) : 1;\r\n          \/\/$query = new WP_Query( array( 'post_type' =>  'post', 'category_name' => 'noticias', 'posts_per_page' => 10 , 'paged' => $paged ) );\r\n          $query = new WP_Query( array( 'post_type' =>  'post', 'post_status' => 'publish', 'posts_per_page' => 10 , 'paged' => $paged ) );\r\n          if ( $query->have_posts() ) :\r\n            while ( $query->have_posts() ) : $query->the_post(); *\/ \r\n          ?> -->\r\n            <div class=\"card border-0 mb-3\" style=\"width: 100%;\">\r\n              <div class=\"row g-0\">\r\n                <div class=\"col-md-4\">\r\n                                      <img decoding=\"async\" src=\"https:\/\/www.oaxaca.gob.mx\/ieepo\/wp-content\/uploads\/sites\/75\/2026\/02\/18-02-26.png\" class=\"img-fluid\" style=\"width:300px; height:200px;\" alt=\"IEEPO y SEP cumplen con el acuerdo de pagos pendientes a docentes de Oaxaca\">\r\n                                  <\/div>\r\n                <div class=\"col-md-8\">\r\n                  <div class=\"card-body py-1\">\r\n                    <a href=\"https:\/\/www.oaxaca.gob.mx\/ieepo\/ieepo-y-sep-cumplen-con-el-acuerdo-de-pagos-pendientes-a-docentes-de-oaxaca\/\" title=\"IEEPO y SEP cumplen con el acuerdo de pagos pendientes a docentes de Oaxaca\">\r\n                      <h5 class=\"card-title\">IEEPO y SEP cumplen con el acuerdo de pagos pendientes a docentes de Oaxaca<\/h5>\r\n                    <\/a>\r\n                    <p class=\"card-text\">excerpt<\/p>\r\n                  <\/div>\r\n                <\/div>\r\n              <\/div>\r\n            <\/div>\r\n            \r\n          <!-- \/*\r\n          $paged = ( get_query_var('paged') ) ? absint(get_query_var('paged')) : 1;\r\n          \/\/$query = new WP_Query( array( 'post_type' =>  'post', 'category_name' => 'noticias', 'posts_per_page' => 10 , 'paged' => $paged ) );\r\n          $query = new WP_Query( array( 'post_type' =>  'post', 'post_status' => 'publish', 'posts_per_page' => 10 , 'paged' => $paged ) );\r\n          if ( $query->have_posts() ) :\r\n            while ( $query->have_posts() ) : $query->the_post(); *\/ \r\n          ?> -->\r\n            <div class=\"card border-0 mb-3\" style=\"width: 100%;\">\r\n              <div class=\"row g-0\">\r\n                <div class=\"col-md-4\">\r\n                                      <img decoding=\"async\" src=\"https:\/\/www.oaxaca.gob.mx\/ieepo\/wp-content\/uploads\/sites\/75\/2026\/02\/12-02-26.png\" class=\"img-fluid\" style=\"width:300px; height:200px;\" alt=\"IEEPO impulsa la transformaci\u00f3n educativa en la Costa con entrega de equipamiento tecnol\u00f3gico a 176 escuelas\">\r\n                                  <\/div>\r\n                <div class=\"col-md-8\">\r\n                  <div class=\"card-body py-1\">\r\n                    <a href=\"https:\/\/www.oaxaca.gob.mx\/ieepo\/ieepo-impulsa-la-transformacion-educativa-en-la-costa-con-entrega-de-equipamiento-tecnologico-a-176-escuelas\/\" title=\"IEEPO impulsa la transformaci\u00f3n educativa en la Costa con entrega de equipamiento tecnol\u00f3gico a 176 escuelas\">\r\n                      <h5 class=\"card-title\">IEEPO impulsa la transformaci\u00f3n educativa en la Costa con entrega de equipamiento tecnol\u00f3gico a 176 escuelas<\/h5>\r\n                    <\/a>\r\n                    <p class=\"card-text\">excerpt<\/p>\r\n                  <\/div>\r\n                <\/div>\r\n              <\/div>\r\n            <\/div>\r\n            \r\n\r\n            <!--<div class=\"row\">\r\n              <div class=\"col-md-6 text-left\"><h5><\/h5><\/div>\r\n              <div class=\"col-md-6 text-right\"><h5><\/h5><\/div>\r\n            <\/div>-->\r\n            <div class=\"row\">\r\n              <div class=\"col-md-6 text-left\">\r\n                <h5><a href=\"https:\/\/www.oaxaca.gob.mx\/ieepo\/wp-json\/wp\/v2\/pages\/30\/page\/2\/\" >Noticias anteriores<\/a><\/h5>\r\n              <\/div>\r\n              <div class=\"col-md-6 text-right\">\r\n                <h5><\/h5>\r\n              <\/div>\r\n            <\/div>\r\n                  <\/div>\r\n      <\/div>\r\n    <\/div>\r\n  <\/div>\r\n<\/section>\r\n\r\n\r\n\n","protected":false},"excerpt":{"rendered":"excerpt","protected":false},"author":1,"featured_media":0,"parent":0,"menu_order":0,"comment_status":"closed","ping_status":"closed","template":"","meta":{"episode_type":"","audio_file":"","podmotor_file_id":"","podmotor_episode_id":"","cover_image":"","cover_image_id":"","duration":"","filesize":"","filesize_raw":"","date_recorded":"","explicit":"","block":"","footnotes":""},"categories":[],"tags":[],"class_list":["post-30","page","type-page","status-publish","hentry"],"acf":[],"publishpress_future_action":{"enabled":false,"date":"2026-04-20 07:28:55","action":"change-status","newStatus":"draft","terms":[],"taxonomy":"category","extraData":[]},"publishpress_future_workflow_manual_trigger":{"enabledWorkflows":[]},"_links":{"self":[{"href":"https:\/\/www.oaxaca.gob.mx\/ieepo\/wp-json\/wp\/v2\/pages\/30","targetHints":{"allow":["GET"]}}],"collection":[{"href":"https:\/\/www.oaxaca.gob.mx\/ieepo\/wp-json\/wp\/v2\/pages"}],"about":[{"href":"https:\/\/www.oaxaca.gob.mx\/ieepo\/wp-json\/wp\/v2\/types\/page"}],"author":[{"embeddable":true,"href":"https:\/\/www.oaxaca.gob.mx\/ieepo\/wp-json\/wp\/v2\/users\/1"}],"replies":[{"embeddable":true,"href":"https:\/\/www.oaxaca.gob.mx\/ieepo\/wp-json\/wp\/v2\/comments?post=30"}],"version-history":[{"count":3,"href":"https:\/\/www.oaxaca.gob.mx\/ieepo\/wp-json\/wp\/v2\/pages\/30\/revisions"}],"predecessor-version":[{"id":32903,"href":"https:\/\/www.oaxaca.gob.mx\/ieepo\/wp-json\/wp\/v2\/pages\/30\/revisions\/32903"}],"wp:attachment":[{"href":"https:\/\/www.oaxaca.gob.mx\/ieepo\/wp-json\/wp\/v2\/media?parent=30"}],"wp:term":[{"taxonomy":"category","embeddable":true,"href":"https:\/\/www.oaxaca.gob.mx\/ieepo\/wp-json\/wp\/v2\/categories?post=30"},{"taxonomy":"post_tag","embeddable":true,"href":"https:\/\/www.oaxaca.gob.mx\/ieepo\/wp-json\/wp\/v2\/tags?post=30"}],"curies":[{"name":"wp","href":"https:\/\/api.w.org\/{rel}","templated":true}]}}