{"id":26213,"date":"2022-07-21T13:53:03","date_gmt":"2022-07-21T18:53:03","guid":{"rendered":"https:\/\/www.oaxaca.gob.mx\/ieepo\/?page_id=26213"},"modified":"2022-07-28T14:28:54","modified_gmt":"2022-07-28T19:28:54","slug":"licitaciones-convocatoria-y-bases","status":"publish","type":"page","link":"https:\/\/www.oaxaca.gob.mx\/ieepo\/licitaciones-convocatoria-y-bases\/","title":{"rendered":"Licitaciones convocatoria y bases"},"content":{"rendered":"\n<table id=\"tablepress-127\" class=\"tablepress tablepress-id-127\">\n<thead>\n<tr class=\"row-1\">\n\t<th class=\"column-1\">LICITACI\u00d3N PUBLICA NACIONAL PRESENCIAL <\/th><th class=\"column-2\">CONVOCATORIAS Y BASES<\/th>\n<\/tr>\n<\/thead>\n<tbody class=\"row-striping row-hover\">\n<tr class=\"row-2\">\n\t<td class=\"column-1\"><strong style=\"font-weight: bold\">N\u00ba LA-920037993-E5-2022<\/strong> Para la adquisici\u00f3n de mobiliario para escuelas y equipo de oficina.<br \/>\n&nbsp;<br \/>\n<\/td><td class=\"column-2\"><a href=\"https:\/\/www.oaxaca.gob.mx\/ieepo\/wp-content\/uploads\/sites\/75\/2022\/07\/BASES-LPN-LA-920037993-E5-2022.pdf\" target=\"_blank\" rel=\"noopener noreferrer\"><i class=\"far fa-file-pdf fa-2x\">\u00a0<\/i><\/a><br \/>\n&nbsp;<br \/>\n<\/td>\n<\/tr>\n<tr class=\"row-3\">\n\t<td class=\"column-1\"><strong style=\"font-weight: bold\">N\u00ba LA-920037993-E5-2022<\/strong> ACTA DE JUNTA DE ACLARACIONES.<\/td><td class=\"column-2\"><a href=\"https:\/\/www.oaxaca.gob.mx\/ieepo\/wp-content\/uploads\/sites\/75\/2022\/07\/Acta-Junta-de-Aclaraciones-LA-920037993-E5-2022.pdf\" target=\"_blank\" rel=\"noopener noreferrer\"><i class=\"far fa-file-pdf fa-2x\">\u00a0<\/i><\/a><\/td>\n<\/tr>\n<tr class=\"row-4\">\n\t<td class=\"column-1\"><strong style=\"font-weight: bold\">No.LA-920037993-E6-2022<\/strong> Para la contrataci\u00f3n del servicio de mantenimiento preventivo y correctivo de equipos inform\u00e1ticos del IEEPO 2022.<\/td><td class=\"column-2\"><a href=\"https:\/\/www.oaxaca.gob.mx\/ieepo\/wp-content\/uploads\/sites\/75\/2022\/07\/BASES-LPN-006.pdf\" target=\"_blank\" rel=\"noopener noreferrer\"><i class=\"far fa-file-pdf fa-2x\">\u00a0<\/i><\/a><\/td>\n<\/tr>\n<tr class=\"row-5\">\n\t<td class=\"column-1\"><strong style=\"font-weight: bold\">N\u00ba LA-920037993-E6-2022<\/strong> ACTA DE JUNTA DE ACLARACIONES.<\/td><td class=\"column-2\"><a href=\"https:\/\/www.oaxaca.gob.mx\/ieepo\/wp-content\/uploads\/sites\/75\/2022\/08\/1.-Junta-de-AclaracionesMEI-E6-2022.pdf\" target=\"_blank\" rel=\"noopener noreferrer\"><i class=\"far fa-file-pdf fa-2x\">\u00a0<\/i><\/a><\/td>\n<\/tr>\n<tr class=\"row-6\">\n\t<td class=\"column-1\"><strong style=\"font-weight: bold\">N\u00ba LA-920037993-E6-2022<\/strong> FALLO<\/td><td class=\"column-2\"><a href=\"https:\/\/www.oaxaca.gob.mx\/ieepo\/wp-content\/uploads\/sites\/75\/2022\/08\/5.-Fallo-SERV-E6-2022.pdf\" target=\"_blank\" rel=\"noopener noreferrer\"><i class=\"far fa-file-pdf fa-2x\">\u00a0<\/i><\/a><\/td>\n<\/tr>\n<tr class=\"row-7\">\n\t<td class=\"column-1\"><strong style=\"font-weight: bold\">No.LA-920037993-E7-2022<\/strong> Contrataci\u00f3n del servicio de mantenimiento y reparaciones menores (instalaciones el\u00e9ctricas, canceler\u00eda, rehabilitaci\u00f3n de techumbre) en escuelas de educaci\u00f3n b\u00e1sica del IEEPO en diferentes regiones del estado de oaxaca.<\/td><td class=\"column-2\"><a href=\"https:\/\/www.oaxaca.gob.mx\/ieepo\/wp-content\/uploads\/sites\/75\/2022\/07\/BASES-LPN-007.pdf\" target=\"_blank\" rel=\"noopener noreferrer\"><i class=\"far fa-file-pdf fa-2x\">\u00a0<\/i><\/a><\/td>\n<\/tr>\n<tr class=\"row-8\">\n\t<td class=\"column-1\"><strong style=\"font-weight: bold\">N\u00ba LA-920037993-E7-2022<\/strong> ACTA DE JUNTA DE ACLARACIONES.<\/td><td class=\"column-2\"><a href=\"https:\/\/www.oaxaca.gob.mx\/ieepo\/wp-content\/uploads\/sites\/75\/2022\/08\/1.-Junta-de-Aclaraciones-MTTO-E7-2022.pdf\" target=\"_blank\" rel=\"noopener noreferrer\"><i class=\"far fa-file-pdf fa-2x\">\u00a0<\/i><\/a><\/td>\n<\/tr>\n<tr class=\"row-9\">\n\t<td class=\"column-1\"><strong style=\"font-weight: bold\">N\u00ba LA-920037993-E7-2022<\/strong> FALLO.<\/td><td class=\"column-2\"><a href=\"https:\/\/www.oaxaca.gob.mx\/ieepo\/wp-content\/uploads\/sites\/75\/2022\/08\/5.-Fallo-mtto.-007-2022.pdf\" target=\"_blank\" rel=\"noopener noreferrer\"><i class=\"far fa-file-pdf fa-2x\">\u00a0<\/i><\/a><\/td>\n<\/tr>\n<\/tbody>\n<\/table>\n<!-- #tablepress-127 from cache -->\n","protected":false},"excerpt":{"rendered":"excerpt","protected":false},"author":87,"featured_media":0,"parent":0,"menu_order":0,"comment_status":"closed","ping_status":"closed","template":"","meta":{"episode_type":"","audio_file":"","podmotor_file_id":"","podmotor_episode_id":"","cover_image":"","cover_image_id":"","duration":"","filesize":"","filesize_raw":"","date_recorded":"","explicit":"","block":"","footnotes":""},"categories":[],"tags":[],"class_list":["post-26213","page","type-page","status-publish","hentry"],"acf":[],"publishpress_future_action":{"enabled":false,"date":"2026-05-11 07:45:09","action":"change-status","newStatus":"draft","terms":[],"taxonomy":"category","extraData":[]},"publishpress_future_workflow_manual_trigger":{"enabledWorkflows":[]},"_links":{"self":[{"href":"https:\/\/www.oaxaca.gob.mx\/ieepo\/wp-json\/wp\/v2\/pages\/26213","targetHints":{"allow":["GET"]}}],"collection":[{"href":"https:\/\/www.oaxaca.gob.mx\/ieepo\/wp-json\/wp\/v2\/pages"}],"about":[{"href":"https:\/\/www.oaxaca.gob.mx\/ieepo\/wp-json\/wp\/v2\/types\/page"}],"author":[{"embeddable":true,"href":"https:\/\/www.oaxaca.gob.mx\/ieepo\/wp-json\/wp\/v2\/users\/87"}],"replies":[{"embeddable":true,"href":"https:\/\/www.oaxaca.gob.mx\/ieepo\/wp-json\/wp\/v2\/comments?post=26213"}],"version-history":[{"count":7,"href":"https:\/\/www.oaxaca.gob.mx\/ieepo\/wp-json\/wp\/v2\/pages\/26213\/revisions"}],"predecessor-version":[{"id":26376,"href":"https:\/\/www.oaxaca.gob.mx\/ieepo\/wp-json\/wp\/v2\/pages\/26213\/revisions\/26376"}],"wp:attachment":[{"href":"https:\/\/www.oaxaca.gob.mx\/ieepo\/wp-json\/wp\/v2\/media?parent=26213"}],"wp:term":[{"taxonomy":"category","embeddable":true,"href":"https:\/\/www.oaxaca.gob.mx\/ieepo\/wp-json\/wp\/v2\/categories?post=26213"},{"taxonomy":"post_tag","embeddable":true,"href":"https:\/\/www.oaxaca.gob.mx\/ieepo\/wp-json\/wp\/v2\/tags?post=26213"}],"curies":[{"name":"wp","href":"https:\/\/api.w.org\/{rel}","templated":true}]}}