{"id":256,"date":"2018-08-25T02:19:53","date_gmt":"2018-08-25T02:19:53","guid":{"rendered":"https:\/\/www.oaxaca.gob.mx\/ieepo\/portal\/?page_id=256"},"modified":"2023-01-10T12:16:07","modified_gmt":"2023-01-10T18:16:07","slug":"subdireccion-general-de-servicios-educativos","status":"publish","type":"page","link":"https:\/\/www.oaxaca.gob.mx\/ieepo\/subdireccion-general-de-servicios-educativos\/","title":{"rendered":"Subdirecci\u00f3n General de Servicios Educativos"},"content":{"rendered":"<p>\t\t\t\tLa Subdirecci\u00f3n General de Servicios Educativos se encarga de coordinar, con un enfoque de calidad educativa, la implementaci\u00f3n de los servicios de educaci\u00f3n inicial, preescolar, biling\u00fce e intercultural, primaria, secundaria, especial, normal y dem\u00e1s para la formaci\u00f3n de docentes que se impartan en planteles que dependan del Instituto; as\u00ed como de los servicios orientados a favorecer la equidad educativa: el programa de idiomas, la tecnolog\u00eda educativa, los servicios de educaci\u00f3n art\u00edsticos, f\u00edsicos y deportivos de apoyo a la educaci\u00f3n b\u00e1sica.<\/p>\n<p>Realiza estudios, an\u00e1lisis y dict\u00e1menes sobre materiales did\u00e1cticos y \u00fatiles escolares recomendados oficialmente, de acuerdo, a los planes y programas de estudio vigentes, buscando el beneficio de la educaci\u00f3n y la econom\u00eda familiar.<\/p>\n<p>Comunica y verifica el cumplimiento del calendario escolar oficial establecido para los planteles p\u00fablicos y privados. Difunde y vigila el cumplimiento de los planes, programas, m\u00e9todos de estudio, normas pedag\u00f3gicas, contenidos educativos, materiales did\u00e1cticos y dem\u00e1s instrumentos necesarios para la evaluaci\u00f3n del aprendizaje en la educaci\u00f3n.<\/p>\n<p>Dirige las visitas de inspecci\u00f3n para verificar la infraestructura f\u00edsica, condiciones higi\u00e9nico-pedag\u00f3gicas, acad\u00e9micas y de servicio educativo, en general, de las instituciones del nivel de educaci\u00f3n b\u00e1sica que lo soliciten.<\/p>\n","protected":false},"excerpt":{"rendered":"excerpt","protected":false},"author":1,"featured_media":0,"parent":0,"menu_order":0,"comment_status":"closed","ping_status":"closed","template":"","meta":{"episode_type":"","audio_file":"","podmotor_file_id":"","podmotor_episode_id":"","cover_image":"","cover_image_id":"","duration":"","filesize":"","filesize_raw":"","date_recorded":"","explicit":"","block":"","footnotes":""},"categories":[],"tags":[],"class_list":["post-256","page","type-page","status-publish","hentry"],"acf":[],"publishpress_future_action":{"enabled":false,"date":"2026-04-22 19:50:11","action":"change-status","newStatus":"draft","terms":[],"taxonomy":"category","extraData":[]},"publishpress_future_workflow_manual_trigger":{"enabledWorkflows":[]},"_links":{"self":[{"href":"https:\/\/www.oaxaca.gob.mx\/ieepo\/wp-json\/wp\/v2\/pages\/256","targetHints":{"allow":["GET"]}}],"collection":[{"href":"https:\/\/www.oaxaca.gob.mx\/ieepo\/wp-json\/wp\/v2\/pages"}],"about":[{"href":"https:\/\/www.oaxaca.gob.mx\/ieepo\/wp-json\/wp\/v2\/types\/page"}],"author":[{"embeddable":true,"href":"https:\/\/www.oaxaca.gob.mx\/ieepo\/wp-json\/wp\/v2\/users\/1"}],"replies":[{"embeddable":true,"href":"https:\/\/www.oaxaca.gob.mx\/ieepo\/wp-json\/wp\/v2\/comments?post=256"}],"version-history":[{"count":1,"href":"https:\/\/www.oaxaca.gob.mx\/ieepo\/wp-json\/wp\/v2\/pages\/256\/revisions"}],"predecessor-version":[{"id":28573,"href":"https:\/\/www.oaxaca.gob.mx\/ieepo\/wp-json\/wp\/v2\/pages\/256\/revisions\/28573"}],"wp:attachment":[{"href":"https:\/\/www.oaxaca.gob.mx\/ieepo\/wp-json\/wp\/v2\/media?parent=256"}],"wp:term":[{"taxonomy":"category","embeddable":true,"href":"https:\/\/www.oaxaca.gob.mx\/ieepo\/wp-json\/wp\/v2\/categories?post=256"},{"taxonomy":"post_tag","embeddable":true,"href":"https:\/\/www.oaxaca.gob.mx\/ieepo\/wp-json\/wp\/v2\/tags?post=256"}],"curies":[{"name":"wp","href":"https:\/\/api.w.org\/{rel}","templated":true}]}}