{"id":248,"date":"2018-08-25T02:14:34","date_gmt":"2018-08-25T02:14:34","guid":{"rendered":"https:\/\/www.oaxaca.gob.mx\/ieepo\/portal\/?page_id=248"},"modified":"2023-01-09T12:36:32","modified_gmt":"2023-01-09T18:36:32","slug":"organo-interno-de-control","status":"publish","type":"page","link":"https:\/\/www.oaxaca.gob.mx\/ieepo\/organo-interno-de-control\/","title":{"rendered":"\u00d3rgano Interno de Control"},"content":{"rendered":"<p>\t\t\t\tEl \u00f3rgano interno de control se encarga de recibir quejas y denuncias por incumplimiento de las obligaciones del personal responsable del servicio p\u00fablico y darles seguimiento, as\u00ed como investigar y determinar a los servidores p\u00fablicos, las responsabilidades a que haya lugar e imponer las sanciones respectivas, en los t\u00e9rminos del ordenamiento legal en materia de responsabilidades, con excepci\u00f3n de las que conozca los Departamentos de Responsabilidades Administrativas \u201cA\u201d y \u201cB\u201d de la Secretar\u00eda.<\/p>\n<p>Vigilar el cumplimiento de las normas de control que expida la Secretar\u00eda, y aquellas que en la materia expidan las dependencias, las entidades y los \u00f3rganos auxiliares, analizar y proponer con un enfoque preventivo, las normas, lineamientos, mecanismos y acciones para fortalecer el control interno de las instituciones en las que se encuentren designados.<\/p>\n<p>Programar, ordenar y realizar auditor\u00edas, revisiones y visitas de inspecci\u00f3n e informar de su resultado a la Secretar\u00eda, as\u00ed como a los responsables de las \u00e1reas auditadas y a los titulares de los \u00f3rganos p\u00fablicos, apoyar, verificar y evaluar las acciones que promuevan la mejora de su gesti\u00f3n; denunciar ante las autoridades competentes, por s\u00ed o por conducto de la o el servidor p\u00fablico del propio \u00f3rgano interno de control que el titular de \u00e9ste determine, los hechos de que tengan conocimiento y que puedan ser constitutivos de delitos o, en su caso, solicitar al \u00e1rea jur\u00eddica del \u00f3rgano p\u00fablico que sea designado, la formulaci\u00f3n de las querellas a que haya lugar cuando las conductas il\u00edcitas requieran de este requisito de procedibilidad.<\/p>\n<p>Requerir a las \u00e1reas administrativas del \u00f3rgano p\u00fablico al que sea designado, la informaci\u00f3n necesaria para cumplir con sus atribuciones y brindar la asesor\u00eda que les requieran en el \u00e1mbito de sus competencias; llevar a cabo programas espec\u00edficos tendientes a verificar el cumplimiento de las obligaciones a cargo de los servidores p\u00fablicos del \u00f3rgano p\u00fablico que sea designado, conforme a los lineamientos emitidos por la Secretar\u00eda;<br \/>\nCoordinar y participar en los actos de entrega-recepci\u00f3n de las y los servidores p\u00fablicos, y las dem\u00e1s que les confieran las leyes y disposiciones normativas aplicables, as\u00ed como las que les sean conferidas por el director.<\/p>\n","protected":false},"excerpt":{"rendered":"excerpt","protected":false},"author":1,"featured_media":0,"parent":0,"menu_order":0,"comment_status":"closed","ping_status":"closed","template":"","meta":{"episode_type":"","audio_file":"","podmotor_file_id":"","podmotor_episode_id":"","cover_image":"","cover_image_id":"","duration":"","filesize":"","filesize_raw":"","date_recorded":"","explicit":"","block":"","footnotes":""},"categories":[],"tags":[],"class_list":["post-248","page","type-page","status-publish","hentry"],"acf":[],"publishpress_future_action":{"enabled":false,"date":"2026-05-11 03:28:44","action":"change-status","newStatus":"draft","terms":[],"taxonomy":"category","extraData":[]},"publishpress_future_workflow_manual_trigger":{"enabledWorkflows":[]},"_links":{"self":[{"href":"https:\/\/www.oaxaca.gob.mx\/ieepo\/wp-json\/wp\/v2\/pages\/248","targetHints":{"allow":["GET"]}}],"collection":[{"href":"https:\/\/www.oaxaca.gob.mx\/ieepo\/wp-json\/wp\/v2\/pages"}],"about":[{"href":"https:\/\/www.oaxaca.gob.mx\/ieepo\/wp-json\/wp\/v2\/types\/page"}],"author":[{"embeddable":true,"href":"https:\/\/www.oaxaca.gob.mx\/ieepo\/wp-json\/wp\/v2\/users\/1"}],"replies":[{"embeddable":true,"href":"https:\/\/www.oaxaca.gob.mx\/ieepo\/wp-json\/wp\/v2\/comments?post=248"}],"version-history":[{"count":4,"href":"https:\/\/www.oaxaca.gob.mx\/ieepo\/wp-json\/wp\/v2\/pages\/248\/revisions"}],"predecessor-version":[{"id":28567,"href":"https:\/\/www.oaxaca.gob.mx\/ieepo\/wp-json\/wp\/v2\/pages\/248\/revisions\/28567"}],"wp:attachment":[{"href":"https:\/\/www.oaxaca.gob.mx\/ieepo\/wp-json\/wp\/v2\/media?parent=248"}],"wp:term":[{"taxonomy":"category","embeddable":true,"href":"https:\/\/www.oaxaca.gob.mx\/ieepo\/wp-json\/wp\/v2\/categories?post=248"},{"taxonomy":"post_tag","embeddable":true,"href":"https:\/\/www.oaxaca.gob.mx\/ieepo\/wp-json\/wp\/v2\/tags?post=248"}],"curies":[{"name":"wp","href":"https:\/\/api.w.org\/{rel}","templated":true}]}}