{"id":246,"date":"2018-08-25T02:13:12","date_gmt":"2018-08-25T02:13:12","guid":{"rendered":"https:\/\/www.oaxaca.gob.mx\/ieepo\/portal\/?page_id=246"},"modified":"2023-01-09T12:30:28","modified_gmt":"2023-01-09T18:30:28","slug":"direccion-de-comunicacion-social","status":"publish","type":"page","link":"https:\/\/www.oaxaca.gob.mx\/ieepo\/direccion-de-comunicacion-social\/","title":{"rendered":"Direcci\u00f3n de Comunicaci\u00f3n Social"},"content":{"rendered":"<p>\t\t\t\tLa Direcci\u00f3n de Comunicaci\u00f3n Social coordina y atiende actividades de informaci\u00f3n y difusi\u00f3n del Instituto, de conformidad con las disposiciones jur\u00eddicas aplicables. Planea y ejecuta las campa\u00f1as de difusi\u00f3n que las unidades administrativas requieran para la adecuada realizaci\u00f3n de sus fines y vincula las pol\u00edticas de comunicaci\u00f3n social del Instituto con las de Coordinaci\u00f3n General de Comunicaci\u00f3n Social del Gobierno del Estado. Da seguimiento a las coberturas de los medios de comunicaci\u00f3n sobre los actos del Instituto y del Director General, e integra el registro del material respectivo.<\/p>\n<p>Coordina los servicios de producci\u00f3n gr\u00e1fica, videos, audios y cualquier otro servicio de comunicaci\u00f3n, en las diferentes unidades administrativas. Coordina el contenido y difusi\u00f3n del portal institucional, as\u00ed como las redes sociales y la se\u00f1al de video y radio por internet, de conformidad con la normatividad aplicable. Fomenta el v\u00ednculo del Instituto con organismos educativos para la difusi\u00f3n de material educativo.<\/p>\n<p>En coordinaci\u00f3n con la Direcci\u00f3n de Servicios Jur\u00eddicos, efect\u00faa la correcta difusi\u00f3n de las obligaciones de transparencia y rendici\u00f3n de cuentas, de conformidad con las disposiciones jur\u00eddicas aplicables.<\/p>\n<p>&nbsp;\t\t<\/p>\n","protected":false},"excerpt":{"rendered":"excerpt","protected":false},"author":1,"featured_media":0,"parent":0,"menu_order":0,"comment_status":"closed","ping_status":"closed","template":"","meta":{"episode_type":"","audio_file":"","podmotor_file_id":"","podmotor_episode_id":"","cover_image":"","cover_image_id":"","duration":"","filesize":"","filesize_raw":"","date_recorded":"","explicit":"","block":"","footnotes":""},"categories":[],"tags":[],"class_list":["post-246","page","type-page","status-publish","hentry"],"acf":[],"publishpress_future_action":{"enabled":false,"date":"2026-05-07 10:11:26","action":"change-status","newStatus":"draft","terms":[],"taxonomy":"category","extraData":[]},"publishpress_future_workflow_manual_trigger":{"enabledWorkflows":[]},"_links":{"self":[{"href":"https:\/\/www.oaxaca.gob.mx\/ieepo\/wp-json\/wp\/v2\/pages\/246","targetHints":{"allow":["GET"]}}],"collection":[{"href":"https:\/\/www.oaxaca.gob.mx\/ieepo\/wp-json\/wp\/v2\/pages"}],"about":[{"href":"https:\/\/www.oaxaca.gob.mx\/ieepo\/wp-json\/wp\/v2\/types\/page"}],"author":[{"embeddable":true,"href":"https:\/\/www.oaxaca.gob.mx\/ieepo\/wp-json\/wp\/v2\/users\/1"}],"replies":[{"embeddable":true,"href":"https:\/\/www.oaxaca.gob.mx\/ieepo\/wp-json\/wp\/v2\/comments?post=246"}],"version-history":[{"count":1,"href":"https:\/\/www.oaxaca.gob.mx\/ieepo\/wp-json\/wp\/v2\/pages\/246\/revisions"}],"predecessor-version":[{"id":28565,"href":"https:\/\/www.oaxaca.gob.mx\/ieepo\/wp-json\/wp\/v2\/pages\/246\/revisions\/28565"}],"wp:attachment":[{"href":"https:\/\/www.oaxaca.gob.mx\/ieepo\/wp-json\/wp\/v2\/media?parent=246"}],"wp:term":[{"taxonomy":"category","embeddable":true,"href":"https:\/\/www.oaxaca.gob.mx\/ieepo\/wp-json\/wp\/v2\/categories?post=246"},{"taxonomy":"post_tag","embeddable":true,"href":"https:\/\/www.oaxaca.gob.mx\/ieepo\/wp-json\/wp\/v2\/tags?post=246"}],"curies":[{"name":"wp","href":"https:\/\/api.w.org\/{rel}","templated":true}]}}