{"id":244,"date":"2018-08-25T02:11:27","date_gmt":"2018-08-25T02:11:27","guid":{"rendered":"https:\/\/www.oaxaca.gob.mx\/ieepo\/portal\/?page_id=244"},"modified":"2023-01-09T12:25:51","modified_gmt":"2023-01-09T18:25:51","slug":"direccion-financiera","status":"publish","type":"page","link":"https:\/\/www.oaxaca.gob.mx\/ieepo\/direccion-financiera\/","title":{"rendered":"Direcci\u00f3n Financiera"},"content":{"rendered":"<p>\t\t\t\tLa Direcci\u00f3n Financiera elabora y coordina la aplicaci\u00f3n del Programa Operativo Anual, se\u00f1alando los objetivos espec\u00edficos, las \u00e1reas responsables y los tiempos estimados de ejecuci\u00f3n, Confirma, con las unidades administrativas, que las metas de sus programas sean congruentes con los recursos autorizados.<\/p>\n<p>Elabora, conforme a las pol\u00edticas y a la normativa aplicable en la materia, las estructuras salariales y montos de las remuneraciones del personal del Instituto y las somete a consideraci\u00f3n del Oficial Mayor. Participa, con la Direcci\u00f3n Administrativa y las instancias federales competentes, en el sistema de pagos al personal al servicio de la educaci\u00f3n en Oaxaca. Administra con honestidad, transparencia y eficiencia el presupuesto de ingresos y egresos de los servicios educativos asignados al Instituto.<\/p>\n<p>Inspecciona y supervisa a las unidades administrativas, as\u00ed como a los planteles educativos, verificando el buen uso de los recursos materiales, humanos y financieros conforme a las normas y pol\u00edticas establecidas en la materia.<\/p>\n","protected":false},"excerpt":{"rendered":"excerpt","protected":false},"author":1,"featured_media":0,"parent":0,"menu_order":0,"comment_status":"closed","ping_status":"closed","template":"","meta":{"episode_type":"","audio_file":"","podmotor_file_id":"","podmotor_episode_id":"","cover_image":"","cover_image_id":"","duration":"","filesize":"","filesize_raw":"","date_recorded":"","explicit":"","block":"","footnotes":""},"categories":[],"tags":[],"class_list":["post-244","page","type-page","status-publish","hentry"],"acf":[],"publishpress_future_action":{"enabled":false,"date":"2026-05-07 10:00:56","action":"change-status","newStatus":"draft","terms":[],"taxonomy":"category","extraData":[]},"publishpress_future_workflow_manual_trigger":{"enabledWorkflows":[]},"_links":{"self":[{"href":"https:\/\/www.oaxaca.gob.mx\/ieepo\/wp-json\/wp\/v2\/pages\/244","targetHints":{"allow":["GET"]}}],"collection":[{"href":"https:\/\/www.oaxaca.gob.mx\/ieepo\/wp-json\/wp\/v2\/pages"}],"about":[{"href":"https:\/\/www.oaxaca.gob.mx\/ieepo\/wp-json\/wp\/v2\/types\/page"}],"author":[{"embeddable":true,"href":"https:\/\/www.oaxaca.gob.mx\/ieepo\/wp-json\/wp\/v2\/users\/1"}],"replies":[{"embeddable":true,"href":"https:\/\/www.oaxaca.gob.mx\/ieepo\/wp-json\/wp\/v2\/comments?post=244"}],"version-history":[{"count":3,"href":"https:\/\/www.oaxaca.gob.mx\/ieepo\/wp-json\/wp\/v2\/pages\/244\/revisions"}],"predecessor-version":[{"id":28564,"href":"https:\/\/www.oaxaca.gob.mx\/ieepo\/wp-json\/wp\/v2\/pages\/244\/revisions\/28564"}],"wp:attachment":[{"href":"https:\/\/www.oaxaca.gob.mx\/ieepo\/wp-json\/wp\/v2\/media?parent=244"}],"wp:term":[{"taxonomy":"category","embeddable":true,"href":"https:\/\/www.oaxaca.gob.mx\/ieepo\/wp-json\/wp\/v2\/categories?post=244"},{"taxonomy":"post_tag","embeddable":true,"href":"https:\/\/www.oaxaca.gob.mx\/ieepo\/wp-json\/wp\/v2\/tags?post=244"}],"curies":[{"name":"wp","href":"https:\/\/api.w.org\/{rel}","templated":true}]}}