{"id":24,"date":"2018-08-20T05:14:38","date_gmt":"2018-08-20T05:14:38","guid":{"rendered":"https:\/\/www.oaxaca.gob.mx\/ieepo\/portal\/?page_id=24"},"modified":"2025-06-24T18:52:28","modified_gmt":"2025-06-25T00:52:28","slug":"calendario-escolar","status":"publish","type":"page","link":"https:\/\/www.oaxaca.gob.mx\/ieepo\/calendario-escolar\/","title":{"rendered":"Calendario Escolar"},"content":{"rendered":"<p>Calendario escolar para el siguiente ciclo lectivo 2025-2026 aplican en toda la Rep\u00fablica Mexicana para la educaci\u00f3n preescolar, primaria, secundaria, normal y dem\u00e1s para la formaci\u00f3n de docentes de educaci\u00f3n b\u00e1sica.<br \/>\nM\u00e1s informaci\u00f3n descarga directa: <a href=\"https:\/\/calendarioescolar.sep.gob.mx\/\" target=\"_blank\" rel=\"noopener noreferrer\">https:\/\/calendarioescolar.sep.gob.mx\/<\/a><\/p>\n<div class=\"wp-block-file\"><a href=\"https:\/\/www.oaxaca.gob.mx\/ieepo\/wp-content\/uploads\/sites\/75\/2025\/06\/Calendario_Escolar_2025-2026.pdf\">Calendario Escolar 2025-2026<\/a><a class=\"wp-block-file__button\" href=\"https:\/\/www.oaxaca.gob.mx\/ieepo\/wp-content\/uploads\/sites\/75\/2025\/06\/Calendario_Escolar_2025-2026.pdf\">Descarga<\/a><\/div>\n<a href=\"https:\/\/www.oaxaca.gob.mx\/ieepo\/wp-content\/uploads\/sites\/75\/2025\/06\/Calendario_Escolar_2025-2026.pdf\" class=\"pdfemb-viewer\" style=\"\" data-width=\"max\" data-height=\"max\" data-toolbar=\"top\" data-toolbar-fixed=\"on\">Calendario_Escolar_2025-2026<\/a>\n<p><a href=\"https:\/\/www.dof.gob.mx\/nota_detalle.php?codigo=5759535&amp;fecha=09\/06\/2025#gsc.tab=0\" target=\"_blank\" rel=\"noopener noreferrer\"><strong>Si quieres conocer la informaci\u00f3n que publica el Diario Oficial de la Federaci\u00f3n, s\u00f3lo da clic aqu\u00ed.<\/strong><\/a><\/p>\n<p>M\u00e1s informaci\u00f3n descarga directa: <a href=\"https:\/\/calendarioescolar.sep.gob.mx\/storage\/recursos\/2025\/06\/HsEyrGD9rb-Calendario_Escolar_EDUCACION_BASICA_2025-2026_tcarta.pdf\" target=\"_blank\" rel=\"noopener noreferrer\">https:\/\/calendarioescolar.sep.gob.mx\/storage\/recursos\/2025\/06\/HsEyrGD9rb-Calendario_Escolar_EDUCACION_BASICA_2025-2026_tcarta.pdf<\/a><\/p>\n<p>Calendario escolar para el siguiente ciclo lectivo 2024-2025 aplican en toda la Rep\u00fablica Mexicana para la educaci\u00f3n preescolar, primaria, secundaria, normal y dem\u00e1s para la formaci\u00f3n de docentes de educaci\u00f3n b\u00e1sica.<br \/>\nM\u00e1s informaci\u00f3n descarga directa: <a href=\"https:\/\/calendarioescolar.sep.gob.mx\/\" target=\"_blank\" rel=\"noopener noreferrer\">https:\/\/calendarioescolar.sep.gob.mx\/<\/a><\/p>\n<div class=\"wp-block-file\"><a href=\"https:\/\/www.oaxaca.gob.mx\/ieepo\/wp-content\/uploads\/sites\/75\/2024\/06\/2024-2025-CalendarioEscolarBasica.pdf\">Calendario Escolar 2024-2025<\/a><a class=\"wp-block-file__button\" href=\"https:\/\/www.oaxaca.gob.mx\/ieepo\/wp-content\/uploads\/sites\/75\/2024\/06\/2024-2025-CalendarioEscolarBasica.pdf\">Descarga<\/a><\/div>\n<a href=\"https:\/\/www.oaxaca.gob.mx\/ieepo\/wp-content\/uploads\/sites\/75\/2024\/06\/2024-2025-CalendarioEscolarBasica.pdf\" class=\"pdfemb-viewer\" style=\"\" data-width=\"max\" data-height=\"max\" data-toolbar=\"top\" data-toolbar-fixed=\"on\">2024-2025-CalendarioEscolarBasica<\/a>\n<p><a href=\"https:\/\/www.dof.gob.mx\/nota_detalle.php?codigo=5729964&amp;fecha=10\/06\/2024#gsc.tab=0\" target=\"_blank\" rel=\"noopener noreferrer\"><strong>Si quieres conocer la informaci\u00f3n que publica el Diario Oficial de la Federaci\u00f3n, s\u00f3lo da clic aqu\u00ed.<\/strong><\/a><\/p>\n<p>M\u00e1s informaci\u00f3n descarga directa: <a href=\"https:\/\/www.gob.mx\/sep\/es\/articulos\/boletin-70-publica-sep-calendarios-escolares-2024-2025-para-educacion-basica-y-normal\" target=\"_blank\" rel=\"noopener noreferrer\">https:\/\/www.gob.mx\/sep\/es\/articulos\/boletin-70-publica-sep-calendarios-escolares-2024-2025-para-educacion-basica-y-normal<\/a><\/p>\n<p>Calendario escolar para el siguiente ciclo lectivo 2023-2024 aplican en toda la Rep\u00fablica Mexicana para la educaci\u00f3n preescolar, primaria, secundaria, normal y dem\u00e1s para la formaci\u00f3n de docentes de educaci\u00f3n b\u00e1sica.<br \/>\nM\u00e1s informaci\u00f3n descarga directa: <a href=\"https:\/\/calendarioescolar.sep.gob.mx\/2023-2024\" target=\"_blank\" rel=\"noopener noreferrer\">https:\/\/www.gob.mx\/sep?tab=Calendario%20escolar<\/a><\/p>\n<div class=\"wp-block-file\"><a href=\"https:\/\/www.oaxaca.gob.mx\/ieepo\/wp-content\/uploads\/sites\/75\/2023\/07\/Calendario-Escolar-2023-2024.pdf\">Calendario Escolar 2023-2024<\/a><a class=\"wp-block-file__button\" href=\"https:\/\/www.oaxaca.gob.mx\/ieepo\/wp-content\/uploads\/sites\/75\/2023\/07\/Calendario-Escolar-2023-2024.pdf\">Descarga<\/a><\/div>\n<a href=\"https:\/\/www.oaxaca.gob.mx\/ieepo\/wp-content\/uploads\/sites\/75\/2023\/07\/Calendario-Escolar-2023-2024.pdf\" class=\"pdfemb-viewer\" style=\"\" data-width=\"max\" data-height=\"max\" data-toolbar=\"top\" data-toolbar-fixed=\"on\">Calendario-Escolar-2023-2024<\/a>\n<p><a href=\"https:\/\/www.dof.gob.mx\/nota_detalle.php?codigo=5693346&amp;fecha=26\/06\/2023&amp;print=true\" target=\"_blank\" rel=\"noopener noreferrer\"><strong>Si quieres conocer la informaci\u00f3n que publica el Diario Oficial de la Federaci\u00f3n, s\u00f3lo da clic aqu\u00ed.<\/strong><\/a><\/p>\n<p>M\u00e1s informaci\u00f3n descarga directa: <a href=\"https:\/\/www.gob.mx\/sep\/articulos\/boletin-sep-no-129-publica-sep-calendario-escolar-2022-2023-de-educacion-basica-y-normal?state=published\" target=\"_blank\" rel=\"noopener noreferrer\">https:\/\/www.gob.mx\/sep?tab=Calendario%20escolar<\/a><\/p>\n","protected":false},"excerpt":{"rendered":"excerpt","protected":false},"author":1,"featured_media":0,"parent":0,"menu_order":0,"comment_status":"closed","ping_status":"closed","template":"","meta":{"episode_type":"","audio_file":"","podmotor_file_id":"","podmotor_episode_id":"","cover_image":"","cover_image_id":"","duration":"","filesize":"","filesize_raw":"","date_recorded":"","explicit":"","block":"","footnotes":""},"categories":[],"tags":[],"class_list":["post-24","page","type-page","status-publish","hentry"],"acf":[],"publishpress_future_action":{"enabled":false,"date":"2026-05-11 04:48:52","action":"change-status","newStatus":"draft","terms":[],"taxonomy":"category","extraData":[]},"publishpress_future_workflow_manual_trigger":{"enabledWorkflows":[]},"_links":{"self":[{"href":"https:\/\/www.oaxaca.gob.mx\/ieepo\/wp-json\/wp\/v2\/pages\/24","targetHints":{"allow":["GET"]}}],"collection":[{"href":"https:\/\/www.oaxaca.gob.mx\/ieepo\/wp-json\/wp\/v2\/pages"}],"about":[{"href":"https:\/\/www.oaxaca.gob.mx\/ieepo\/wp-json\/wp\/v2\/types\/page"}],"author":[{"embeddable":true,"href":"https:\/\/www.oaxaca.gob.mx\/ieepo\/wp-json\/wp\/v2\/users\/1"}],"replies":[{"embeddable":true,"href":"https:\/\/www.oaxaca.gob.mx\/ieepo\/wp-json\/wp\/v2\/comments?post=24"}],"version-history":[{"count":3,"href":"https:\/\/www.oaxaca.gob.mx\/ieepo\/wp-json\/wp\/v2\/pages\/24\/revisions"}],"predecessor-version":[{"id":35815,"href":"https:\/\/www.oaxaca.gob.mx\/ieepo\/wp-json\/wp\/v2\/pages\/24\/revisions\/35815"}],"wp:attachment":[{"href":"https:\/\/www.oaxaca.gob.mx\/ieepo\/wp-json\/wp\/v2\/media?parent=24"}],"wp:term":[{"taxonomy":"category","embeddable":true,"href":"https:\/\/www.oaxaca.gob.mx\/ieepo\/wp-json\/wp\/v2\/categories?post=24"},{"taxonomy":"post_tag","embeddable":true,"href":"https:\/\/www.oaxaca.gob.mx\/ieepo\/wp-json\/wp\/v2\/tags?post=24"}],"curies":[{"name":"wp","href":"https:\/\/api.w.org\/{rel}","templated":true}]}}