{"id":238,"date":"2018-08-25T02:05:51","date_gmt":"2018-08-25T02:05:51","guid":{"rendered":"https:\/\/www.oaxaca.gob.mx\/ieepo\/portal\/?page_id=238"},"modified":"2023-01-09T12:23:27","modified_gmt":"2023-01-09T18:23:27","slug":"direccion-de-tecnologias-educativas","status":"publish","type":"page","link":"https:\/\/www.oaxaca.gob.mx\/ieepo\/direccion-de-tecnologias-educativas\/","title":{"rendered":"Direcci\u00f3n de Tecnolog\u00edas Educativas"},"content":{"rendered":"<p>La Direcci\u00f3n de Tecnolog\u00edas Educativas determina e implementa, en coordinaci\u00f3n con las unidades administrativas y autoridades competentes, las estrategias y proyectos dirigidos a dotar de infraestructura tecnol\u00f3gica a las escuelas de educaci\u00f3n b\u00e1sica para que alumnas, alumnos y personal docente accedan a tecnolog\u00edas de informaci\u00f3n y comunicaci\u00f3n. Brinda asesor\u00eda y capacitaci\u00f3n a personal docente, alumnado y unidades administrativas en materia de tecnolog\u00edas de la informaci\u00f3n y la comunicaci\u00f3n.<\/p>\n<p>Desarrolla software educativo, con base en los planes y programas de estudio actuales, contribuyendo en la reducci\u00f3n de la brecha digital y de acceso al conocimiento.<\/p>\n","protected":false},"excerpt":{"rendered":"excerpt","protected":false},"author":1,"featured_media":0,"parent":0,"menu_order":0,"comment_status":"closed","ping_status":"closed","template":"","meta":{"episode_type":"","audio_file":"","podmotor_file_id":"","podmotor_episode_id":"","cover_image":"","cover_image_id":"","duration":"","filesize":"","filesize_raw":"","date_recorded":"","explicit":"","block":"","footnotes":""},"categories":[],"tags":[],"class_list":["post-238","page","type-page","status-publish","hentry"],"acf":[],"publishpress_future_action":{"enabled":false,"date":"2026-05-10 06:01:06","action":"change-status","newStatus":"draft","terms":[],"taxonomy":"category","extraData":[]},"publishpress_future_workflow_manual_trigger":{"enabledWorkflows":[]},"_links":{"self":[{"href":"https:\/\/www.oaxaca.gob.mx\/ieepo\/wp-json\/wp\/v2\/pages\/238","targetHints":{"allow":["GET"]}}],"collection":[{"href":"https:\/\/www.oaxaca.gob.mx\/ieepo\/wp-json\/wp\/v2\/pages"}],"about":[{"href":"https:\/\/www.oaxaca.gob.mx\/ieepo\/wp-json\/wp\/v2\/types\/page"}],"author":[{"embeddable":true,"href":"https:\/\/www.oaxaca.gob.mx\/ieepo\/wp-json\/wp\/v2\/users\/1"}],"replies":[{"embeddable":true,"href":"https:\/\/www.oaxaca.gob.mx\/ieepo\/wp-json\/wp\/v2\/comments?post=238"}],"version-history":[{"count":3,"href":"https:\/\/www.oaxaca.gob.mx\/ieepo\/wp-json\/wp\/v2\/pages\/238\/revisions"}],"predecessor-version":[{"id":28561,"href":"https:\/\/www.oaxaca.gob.mx\/ieepo\/wp-json\/wp\/v2\/pages\/238\/revisions\/28561"}],"wp:attachment":[{"href":"https:\/\/www.oaxaca.gob.mx\/ieepo\/wp-json\/wp\/v2\/media?parent=238"}],"wp:term":[{"taxonomy":"category","embeddable":true,"href":"https:\/\/www.oaxaca.gob.mx\/ieepo\/wp-json\/wp\/v2\/categories?post=238"},{"taxonomy":"post_tag","embeddable":true,"href":"https:\/\/www.oaxaca.gob.mx\/ieepo\/wp-json\/wp\/v2\/tags?post=238"}],"curies":[{"name":"wp","href":"https:\/\/api.w.org\/{rel}","templated":true}]}}