{"id":236,"date":"2018-08-25T02:04:26","date_gmt":"2018-08-25T02:04:26","guid":{"rendered":"https:\/\/www.oaxaca.gob.mx\/ieepo\/portal\/?page_id=236"},"modified":"2023-01-09T12:22:35","modified_gmt":"2023-01-09T18:22:35","slug":"direccion-de-planeacion-educativa","status":"publish","type":"page","link":"https:\/\/www.oaxaca.gob.mx\/ieepo\/direccion-de-planeacion-educativa\/","title":{"rendered":"Direcci\u00f3n de Planeaci\u00f3n Educativa"},"content":{"rendered":"<p>\t\t\t\tLa Direcci\u00f3n de Planeaci\u00f3n Educativa elabora proyectos de planes de actividades para la educaci\u00f3n b\u00e1sica y educaci\u00f3n normal, para someterlos a consideraci\u00f3n del titular de la Subdirecci\u00f3n de Servicios Educativos. Coordina la elaboraci\u00f3n de programas institucionales, regionales, estatales y especiales del sector educativo, por instrucciones del titular de la Subdirecci\u00f3n General Ejecutiva o a solicitud de las Unidades Administrativas.<\/p>\n<p>Coordina y opera, con la participaci\u00f3n de los municipios, las entidades paraestatales y las unidades administrativas, el padr\u00f3n nacional de alumnas y alumnos, personal docente y centros escolares en el estado de Oaxaca. Coordina acciones con el titular de la Subdirecci\u00f3n General Ejecutiva, el Instituto Nacional de Estad\u00edstica y Geograf\u00eda adem\u00e1s de instancias especializadas, nacionales e internacionales, para la obtenci\u00f3n y uso sistem\u00e1tico de la informaci\u00f3n estad\u00edstica, geogr\u00e1fica y censal que permita integrar el Sistema Nacional de Informaci\u00f3n Educativa.<\/p>\n","protected":false},"excerpt":{"rendered":"excerpt","protected":false},"author":1,"featured_media":0,"parent":0,"menu_order":0,"comment_status":"closed","ping_status":"closed","template":"","meta":{"episode_type":"","audio_file":"","podmotor_file_id":"","podmotor_episode_id":"","cover_image":"","cover_image_id":"","duration":"","filesize":"","filesize_raw":"","date_recorded":"","explicit":"","block":"","footnotes":""},"categories":[],"tags":[],"class_list":["post-236","page","type-page","status-publish","hentry"],"acf":[],"publishpress_future_action":{"enabled":false,"date":"2026-05-21 11:42:19","action":"change-status","newStatus":"draft","terms":[],"taxonomy":"category","extraData":[]},"publishpress_future_workflow_manual_trigger":{"enabledWorkflows":[]},"_links":{"self":[{"href":"https:\/\/www.oaxaca.gob.mx\/ieepo\/wp-json\/wp\/v2\/pages\/236","targetHints":{"allow":["GET"]}}],"collection":[{"href":"https:\/\/www.oaxaca.gob.mx\/ieepo\/wp-json\/wp\/v2\/pages"}],"about":[{"href":"https:\/\/www.oaxaca.gob.mx\/ieepo\/wp-json\/wp\/v2\/types\/page"}],"author":[{"embeddable":true,"href":"https:\/\/www.oaxaca.gob.mx\/ieepo\/wp-json\/wp\/v2\/users\/1"}],"replies":[{"embeddable":true,"href":"https:\/\/www.oaxaca.gob.mx\/ieepo\/wp-json\/wp\/v2\/comments?post=236"}],"version-history":[{"count":3,"href":"https:\/\/www.oaxaca.gob.mx\/ieepo\/wp-json\/wp\/v2\/pages\/236\/revisions"}],"predecessor-version":[{"id":28560,"href":"https:\/\/www.oaxaca.gob.mx\/ieepo\/wp-json\/wp\/v2\/pages\/236\/revisions\/28560"}],"wp:attachment":[{"href":"https:\/\/www.oaxaca.gob.mx\/ieepo\/wp-json\/wp\/v2\/media?parent=236"}],"wp:term":[{"taxonomy":"category","embeddable":true,"href":"https:\/\/www.oaxaca.gob.mx\/ieepo\/wp-json\/wp\/v2\/categories?post=236"},{"taxonomy":"post_tag","embeddable":true,"href":"https:\/\/www.oaxaca.gob.mx\/ieepo\/wp-json\/wp\/v2\/tags?post=236"}],"curies":[{"name":"wp","href":"https:\/\/api.w.org\/{rel}","templated":true}]}}