{"id":228,"date":"2018-08-24T19:32:50","date_gmt":"2018-08-24T19:32:50","guid":{"rendered":"https:\/\/www.oaxaca.gob.mx\/ieepo\/portal\/?page_id=228"},"modified":"2023-01-09T12:18:13","modified_gmt":"2023-01-09T18:18:13","slug":"direccion-para-la-atencion-de-los-derechos-humanos","status":"publish","type":"page","link":"https:\/\/www.oaxaca.gob.mx\/ieepo\/direccion-para-la-atencion-de-los-derechos-humanos\/","title":{"rendered":"Direcci\u00f3n para la Atenci\u00f3n de los Derechos Humanos"},"content":{"rendered":"<p>\t\t\t\tLa Direcci\u00f3n para la Atenci\u00f3n de los Derechos Humanos tiene como objetivo supervisar el ejercicio pleno de los derechos humanos de los educandos y de los trabajadores del Instituto, as\u00ed como el de apoyar, promover, asesorar y dar seguimiento en materia de derechos humanos buscando prevenir y disminuir las quejas y recomendaciones que se deriven por violaciones a los derechos humanos.<\/p>\n<h3>Funciones:<\/h3>\n<ul class=\"listas-geo\">\n<li>    Supervisar que los derechos humanos de la comunidad escolar y de los servidores p\u00fablicos del instituto sean respetados.<\/li>\n<li>\tAtender, en coordinaci\u00f3n con las instancias competentes, las recomendaciones o requerimientos que emitan las autoridades en la materia.<\/li>\n<li>\tRepresentar al Instituto ante los organismos locales, nacionales e internacionales de derechos humanos para atender solicitudes y mecanismos de conciliaci\u00f3n.<\/li>\n<li>\tAsegurar que el enfoque de derechos humanos permee en la conducci\u00f3n laboral de las unidades administrativas del Instituto.<\/li>\n<li>\tEstablecer programas y campa\u00f1as para la defensa, protecci\u00f3n y promoci\u00f3n de los derechos humanos en el \u00e1mbito de la educaci\u00f3n b\u00e1sica.<\/li>\n<\/ul>\n<h3>\u00c1reas. <\/h3>\n<ul class=\"listas-geo\">\n<li> <a href=\"https:\/\/www.oaxaca.gob.mx\/ieepo\/departamento-de-quejas-y-colaboraciones\/\" target=\"_blank\" rel=\"noopener noreferrer\">Departamento de Quejas y Colaboraciones.<\/a><\/p>\n<\/li>\n<li><a href=\"https:\/\/www.oaxaca.gob.mx\/ieepo\/departamento-de-seguimiento-de-propuestas-y-recomendaciones\/\" target=\"_blank\" rel=\"noopener noreferrer\">Departamento de Seguimiento de Propuestas y Recomendaciones.<\/a><\/p>\n<\/li>\n<li><a href=\"https:\/\/www.oaxaca.gob.mx\/ieepo\/departamento-de-educacion-y-promocion\/\" target=\"_blank\" rel=\"noopener noreferrer\">Departamento de Educaci\u00f3n y Promoci\u00f3n. <\/a><\/p>\n<\/li>\n<\/ul>\n","protected":false},"excerpt":{"rendered":"excerpt","protected":false},"author":1,"featured_media":0,"parent":0,"menu_order":0,"comment_status":"closed","ping_status":"closed","template":"","meta":{"episode_type":"","audio_file":"","podmotor_file_id":"","podmotor_episode_id":"","cover_image":"","cover_image_id":"","duration":"","filesize":"","filesize_raw":"","date_recorded":"","explicit":"","block":"","footnotes":""},"categories":[],"tags":[],"class_list":["post-228","page","type-page","status-publish","hentry"],"acf":[],"publishpress_future_action":{"enabled":false,"date":"2026-05-23 17:32:40","action":"change-status","newStatus":"draft","terms":[],"taxonomy":"category","extraData":[]},"publishpress_future_workflow_manual_trigger":{"enabledWorkflows":[]},"_links":{"self":[{"href":"https:\/\/www.oaxaca.gob.mx\/ieepo\/wp-json\/wp\/v2\/pages\/228","targetHints":{"allow":["GET"]}}],"collection":[{"href":"https:\/\/www.oaxaca.gob.mx\/ieepo\/wp-json\/wp\/v2\/pages"}],"about":[{"href":"https:\/\/www.oaxaca.gob.mx\/ieepo\/wp-json\/wp\/v2\/types\/page"}],"author":[{"embeddable":true,"href":"https:\/\/www.oaxaca.gob.mx\/ieepo\/wp-json\/wp\/v2\/users\/1"}],"replies":[{"embeddable":true,"href":"https:\/\/www.oaxaca.gob.mx\/ieepo\/wp-json\/wp\/v2\/comments?post=228"}],"version-history":[{"count":7,"href":"https:\/\/www.oaxaca.gob.mx\/ieepo\/wp-json\/wp\/v2\/pages\/228\/revisions"}],"predecessor-version":[{"id":28556,"href":"https:\/\/www.oaxaca.gob.mx\/ieepo\/wp-json\/wp\/v2\/pages\/228\/revisions\/28556"}],"wp:attachment":[{"href":"https:\/\/www.oaxaca.gob.mx\/ieepo\/wp-json\/wp\/v2\/media?parent=228"}],"wp:term":[{"taxonomy":"category","embeddable":true,"href":"https:\/\/www.oaxaca.gob.mx\/ieepo\/wp-json\/wp\/v2\/categories?post=228"},{"taxonomy":"post_tag","embeddable":true,"href":"https:\/\/www.oaxaca.gob.mx\/ieepo\/wp-json\/wp\/v2\/tags?post=228"}],"curies":[{"name":"wp","href":"https:\/\/api.w.org\/{rel}","templated":true}]}}