{"id":22213,"date":"2021-10-16T22:37:06","date_gmt":"2021-10-17T03:37:06","guid":{"rendered":"https:\/\/www.oaxaca.gob.mx\/ieepo\/?page_id=22213"},"modified":"2021-10-20T15:14:08","modified_gmt":"2021-10-20T20:14:08","slug":"noticias-seminario","status":"publish","type":"page","link":"https:\/\/www.oaxaca.gob.mx\/ieepo\/noticias-seminario\/","title":{"rendered":"Noticias Seminario"},"content":{"rendered":"<style type=\"text\/css\">\r\n\t\t\t\r\n\t\t\t* {\r\n\t\t\t\tmargin:0px;\r\n\t\t\t\tpadding:0px;\r\n\t\t\t}\r\n\t\t\t#header {\r\n\t\t\t\tmargin:auto;\r\n\t\t\t\twidth:720px;\r\n\t\t\t\tfont-family:Arial, Helvetica, sans-serif;\r\n\t\t\t}\r\n\t\t\r\n\t\t\tul, ol {\r\n\t\t\t\tlist-style:none;\r\n\t\t\t\tjustify-content: flex-end !important;\r\n\t\t\t\t\r\n\t\t\t}\r\n\t\t\t\r\n\t\t\t.nav > li {\r\n\t\t\t\tfloat:left;\r\n\t\t\t}\r\n\t\t\t\r\n\t\t\t.nav li a {\r\n\t\t\t\tbackground-color:#f6f6f6;\r\n\t\t\t\tcolor:#545454;\r\n\t\t\t\ttext-decoration:none;\r\n\t\t\t\tpadding:0px 10px;\r\n\t\t\t\tdisplay:block;\r\n\t\t\t}\r\n\t\t\t\r\n\t\t\t.nav li a:hover {\r\n\t\t\t\tbackground-color:transparent;\r\n\t\t\t}\r\n\t\t\t\r\n\t\t\t.nav li ul {\r\n\t\t\t\tdisplay:none;\r\n\t\t\t\tposition:absolute;\r\n\t\t\t\tmin-width:720px;\r\n\t\t\t}\r\n\t\t\t\r\n\t\t\t.nav li:hover > ul {\r\n\t\t\t\tdisplay:block;\r\n\t\t\t}\r\n\t\t\t\r\n\t\t\t.nav li ul li {\r\n\t\t\t\tposition:relative;\r\n\t\t\t}\r\n\t\t\t\r\n\t\t\t.nav li ul li ul {\r\n\t\t\t\tright:-140px;\r\n\t\t\t\ttop:0px;\r\n\t\t\t}\r\n\r\n\t\t\t.menu-header {\r\n    \t\tbackground-color: #f6f6f6;\r\n    \t\tpadding: 10px;\r\n    \t\tborder-bottom: 1px solid #ddd;\r\n    \t\tlist-style: none;\r\n\t\t\t}\t\r\n\t\r\n\t\r\n\t\t\t.container .logo {\r\n  \t\t\tmax-width: 300px;\r\n  \t\t\tpadding: 0 10px;\r\n  \t\t\toverflow: hidden;\r\n\t\t\t}\r\n\r\n\t\t\t.container .logo a {\r\n  \t\t\tdisplay: -webkit-box;\r\n  \t\t\tdisplay: -ms-flexbox;\r\n  \t\t\tdisplay: flex;\r\n  \t\t\t-ms-flex-wrap: wrap;\r\n  \t\t\tflex-wrap: wrap;\r\n  \t\t\t-webkit-box-align: center;\r\n  \t\t\t-ms-flex-align: center;\r\n  \t\t\talign-items: center;\r\n  \t\t\theight: 60px;\r\n\t\t\t}\r\n\r\n\t\t\t.container .logo a img {\r\n  \t\t\tmax-width: 100%;\r\n  \t\t\tmax-height: 60px;\r\n\t\t\t}\r\n\r\n\t\t\t.container .logo {\r\n    \t\t-webkit-box-flex: 1;\r\n    \t\t-ms-flex: 1;\r\n    \t\tflex: 1;\r\n  \t\t\t}\r\n<\/style>\r\n\r\n\r\n<body>\r\n\t<div class=\"container\">  \r\n\t\r\n\t\t<div class id=\"menu-header\">\r\n\t<div class=\"logo\">\r\n     <a href=\"https:\/\/www.oaxaca.gob.mx\/ieepo\/seminariointernacional\/\"><img loading=\"lazy\" decoding=\"async\" src=\"https:\/\/www.oaxaca.gob.mx\/ieepo\/wp-content\/uploads\/sites\/75\/2021\/10\/icono-seminario.png\" width=\"40\" height=\"40\"  alt=\"logo\"><\/a>\r\n    <\/div>\r\n\t\t\t<ul class=\"nav\">\r\n\t\t\t\t<li><a href=\"https:\/\/www.oaxaca.gob.mx\/ieepo\/seminariointernacional\/\">Inicio<\/a><\/li>\r\n\t\t\t\t<li><a href=\"https:\/\/www.oaxaca.gob.mx\/ieepo\/programa\/\">Programa<\/a><\/li>\r\n\t\t\t\t<li><a href=\"https:\/\/www.oaxaca.gob.mx\/ieepo\/conferencistas\/\">Conferencistas<\/a><\/li>\r\n\t\t\t\t<li><a href=\"https:\/\/www.oaxaca.gob.mx\/ieepo\/galeria-fotografica\/\">Galer\u00eda<\/a><\/li>\r\n\t\t\t\t<li><a href=\"https:\/\/www.oaxaca.gob.mx\/ieepo\/noticias-seminario\/\">Noticias<\/a><\/li>\r\n\t\t\t\t<li><a href=\"https:\/\/www.oaxaca.gob.mx\/ieepo\/registro-seminario\/\">Registro<\/a><\/li>\r\n\t\t\t\t<li><a href=\"https:\/\/www.oaxaca.gob.mx\/ieepo\/contacto-seminario\/\">Contacto<\/a><\/li>\r\n\t\t\t<\/ul>\r\n\t\t<\/div>\r\n\t<\/div>\t\r\n\t<\/body>\n<p>\u00a0<\/p>\n<p>&nbsp;<\/p>\n\r\n<div id=\"carouselExampleInterval\" class=\"carousel slide\" data-bs-ride=\"carousel\">\r\n  <div class=\"carousel-inner\">\r\n      \r\n            <a href=\"https:\/\/www.oaxaca.gob.mx\/ieepo\/un-hecho-historico-y-sin-precedente-firman-declaracion-de-oaxaca-esfuerzo-conjunto-del-seminario-internacional-la-educacion-en-mexico-america-latina-y-el-caribe\/\" title=\"Un hecho hist\u00f3rico y sin precedente Firman \u201cDeclaraci\u00f3n de Oaxaca\u201d, esfuerzo conjunto del Seminario Internacional \u201cLa Educaci\u00f3n en M\u00e9xico, Am\u00e9rica Latina y el Caribe\u201d\" target=\"_blank\">\r\n                    <div class=\"carousel-item active\" data-bs-interval=\"5000\">\r\n                          <img decoding=\"async\" src=\"https:\/\/www.oaxaca.gob.mx\/ieepo\/wp-content\/uploads\/sites\/75\/2021\/11\/13-11-21.png \" class=\"d-block w-100\" alt=\"Un hecho hist\u00f3rico y sin precedente Firman \u201cDeclaraci\u00f3n de Oaxaca\u201d, esfuerzo conjunto del Seminario Internacional \u201cLa Educaci\u00f3n en M\u00e9xico, Am\u00e9rica Latina y el Caribe\u201d\"\/>\r\n                      <\/div>\r\n        <\/a>\r\n          \r\n            <a href=\"https:\/\/www.oaxaca.gob.mx\/ieepo\/intercambio-de-experiencias-educativas-se-reflejara-en-las-aulas-ieepo\/\" title=\"Intercambio de experiencias educativas  se reflejar\u00e1 en las aulas: IEEPO\" target=\"_blank\">\r\n                    <div class=\"carousel-item \" data-bs-interval=\"5000\">\r\n                          <img decoding=\"async\" src=\"https:\/\/www.oaxaca.gob.mx\/ieepo\/wp-content\/uploads\/sites\/75\/2021\/11\/12-11-21.png \" class=\"d-block w-100\" alt=\"Intercambio de experiencias educativas  se reflejar\u00e1 en las aulas: IEEPO\"\/>\r\n                      <\/div>\r\n        <\/a>\r\n          \r\n            <a href=\"https:\/\/www.oaxaca.gob.mx\/ieepo\/reconoce-ieepo-aportaciones-de-especialistas-en-seminario-internacional\/\" title=\"Reconoce IEEPO aportaciones de  especialistas en Seminario Internacional\" target=\"_blank\">\r\n                    <div class=\"carousel-item \" data-bs-interval=\"5000\">\r\n                          <img decoding=\"async\" src=\"https:\/\/www.oaxaca.gob.mx\/ieepo\/wp-content\/uploads\/sites\/75\/2021\/11\/11-11-21.png \" class=\"d-block w-100\" alt=\"Reconoce IEEPO aportaciones de  especialistas en Seminario Internacional\"\/>\r\n                      <\/div>\r\n        <\/a>\r\n          \r\n            <a href=\"https:\/\/www.oaxaca.gob.mx\/ieepo\/inicia-con-exito-en-oaxaca-seminario-internacional-la-educacion-en-mexico-america-latina-y-el-caribe\/\" title=\"Inicia con \u00e9xito en Oaxaca Seminario Internacional \u201cLa  Educaci\u00f3n en M\u00e9xico, Am\u00e9rica Latina y el Caribe\u201d\" target=\"_blank\">\r\n                    <div class=\"carousel-item \" data-bs-interval=\"5000\">\r\n                          <img decoding=\"async\" src=\"https:\/\/www.oaxaca.gob.mx\/ieepo\/wp-content\/uploads\/sites\/75\/2021\/11\/10-11-21.png \" class=\"d-block w-100\" alt=\"Inicia con \u00e9xito en Oaxaca Seminario Internacional \u201cLa  Educaci\u00f3n en M\u00e9xico, Am\u00e9rica Latina y el Caribe\u201d\"\/>\r\n                      <\/div>\r\n        <\/a>\r\n          \r\n            <a href=\"https:\/\/www.oaxaca.gob.mx\/ieepo\/oaxaca-sede-del-seminario-internacional-la-educacion-en-mexico-america-latina-y-el-caribe\/\" title=\"Oaxaca, sede del Seminario Internacional \u201cLa Educaci\u00f3n en M\u00e9xico, Am\u00e9rica Latina y el Caribe\u201d\" target=\"_blank\">\r\n                    <div class=\"carousel-item \" data-bs-interval=\"5000\">\r\n                          <img decoding=\"async\" src=\"https:\/\/www.oaxaca.gob.mx\/ieepo\/wp-content\/uploads\/sites\/75\/2021\/10\/20-10-21.png \" class=\"d-block w-100\" alt=\"Oaxaca, sede del Seminario Internacional \u201cLa Educaci\u00f3n en M\u00e9xico, Am\u00e9rica Latina y el Caribe\u201d\"\/>\r\n                      <\/div>\r\n        <\/a>\r\n          <\/div>\r\n  <button class=\"carousel-control-prev\" type=\"button\" data-bs-target=\"#carouselExampleInterval\" data-bs-slide=\"prev\">\r\n              <style>\r\n                .carousel-control-prev-icon, .carousel-control-next-icon {\r\n                  display: inline-block;\r\n                  height: 40px;\r\n                  width: 40px;\r\n                  border-radius: 0.5rem;\r\n                  line-height: 40px;\r\n                  text-align: center;\r\n                  background-color: #9D2449;\r\n                  font-weight: bold;\r\n                  color: #FFF;\r\n                  \/*margin-left: auto;*\/\r\n                  opacity: 0.9!important;\r\n                }\r\n              <\/style>\r\n            <span class=\"carousel-control-prev-icon\" aria-hidden=\"true\"><\/span>\r\n            <span class=\"visually-hidden\">Previous<\/span>\r\n            <\/button>\r\n            <button class=\"carousel-control-next\" type=\"button\" data-bs-target=\"#carouselExampleInterval\" data-bs-slide=\"next\">\r\n            <span class=\"carousel-control-next-icon\" aria-hidden=\"true\"><\/span>\r\n            <span class=\"visually-hidden\">Next<\/span>\r\n    <\/button>\r\n<\/div>\r\n<br\/>\r\n\n<p>&nbsp;<\/p>\n\n\n<div class=\"su-posts su-posts-teaser-loop \">\n\n\t\t\t\t\t\t\n\t\t\t\n\t\t\t<div id=\"su-post-23133\" class=\"su-post \">\n\t\t\t\t\t\t\t\t\t<a class=\"su-post-thumbnail\" href=\"https:\/\/www.oaxaca.gob.mx\/ieepo\/un-hecho-historico-y-sin-precedente-firman-declaracion-de-oaxaca-esfuerzo-conjunto-del-seminario-internacional-la-educacion-en-mexico-america-latina-y-el-caribe\/\"><img loading=\"lazy\" decoding=\"async\" width=\"1141\" height=\"451\" src=\"https:\/\/www.oaxaca.gob.mx\/ieepo\/wp-content\/uploads\/sites\/75\/2021\/11\/13-11-21.png\" class=\"attachment-post-thumbnail size-post-thumbnail wp-post-image\" alt=\"\" srcset=\"https:\/\/www.oaxaca.gob.mx\/ieepo\/wp-content\/uploads\/sites\/75\/2021\/11\/13-11-21.png 1141w, https:\/\/www.oaxaca.gob.mx\/ieepo\/wp-content\/uploads\/sites\/75\/2021\/11\/13-11-21-300x119.png 300w, https:\/\/www.oaxaca.gob.mx\/ieepo\/wp-content\/uploads\/sites\/75\/2021\/11\/13-11-21-1024x405.png 1024w, https:\/\/www.oaxaca.gob.mx\/ieepo\/wp-content\/uploads\/sites\/75\/2021\/11\/13-11-21-768x304.png 768w\" sizes=\"auto, (max-width: 1141px) 100vw, 1141px\" \/><\/a>\n\t\t\t\t\t\t\t\t<h2 class=\"su-post-title\"><a href=\"https:\/\/www.oaxaca.gob.mx\/ieepo\/un-hecho-historico-y-sin-precedente-firman-declaracion-de-oaxaca-esfuerzo-conjunto-del-seminario-internacional-la-educacion-en-mexico-america-latina-y-el-caribe\/\">Un hecho hist\u00f3rico y sin precedente Firman \u201cDeclaraci\u00f3n de Oaxaca\u201d, esfuerzo conjunto del Seminario Internacional \u201cLa Educaci\u00f3n en M\u00e9xico, Am\u00e9rica Latina y el Caribe\u201d<\/a><\/h2>\n\t\t\t<\/div>\n\n\t\t\t\t\t\n\t\t\t\n\t\t\t<div id=\"su-post-23086\" class=\"su-post \">\n\t\t\t\t\t\t\t\t\t<a class=\"su-post-thumbnail\" href=\"https:\/\/www.oaxaca.gob.mx\/ieepo\/intercambio-de-experiencias-educativas-se-reflejara-en-las-aulas-ieepo\/\"><img loading=\"lazy\" decoding=\"async\" width=\"1140\" height=\"450\" src=\"https:\/\/www.oaxaca.gob.mx\/ieepo\/wp-content\/uploads\/sites\/75\/2021\/11\/12-11-21.png\" class=\"attachment-post-thumbnail size-post-thumbnail wp-post-image\" alt=\"\" srcset=\"https:\/\/www.oaxaca.gob.mx\/ieepo\/wp-content\/uploads\/sites\/75\/2021\/11\/12-11-21.png 1140w, https:\/\/www.oaxaca.gob.mx\/ieepo\/wp-content\/uploads\/sites\/75\/2021\/11\/12-11-21-300x118.png 300w, https:\/\/www.oaxaca.gob.mx\/ieepo\/wp-content\/uploads\/sites\/75\/2021\/11\/12-11-21-1024x404.png 1024w, https:\/\/www.oaxaca.gob.mx\/ieepo\/wp-content\/uploads\/sites\/75\/2021\/11\/12-11-21-768x303.png 768w\" sizes=\"auto, (max-width: 1140px) 100vw, 1140px\" \/><\/a>\n\t\t\t\t\t\t\t\t<h2 class=\"su-post-title\"><a href=\"https:\/\/www.oaxaca.gob.mx\/ieepo\/intercambio-de-experiencias-educativas-se-reflejara-en-las-aulas-ieepo\/\">Intercambio de experiencias educativas  se reflejar\u00e1 en las aulas: IEEPO<\/a><\/h2>\n\t\t\t<\/div>\n\n\t\t\t\t\t\n\t\t\t\n\t\t\t<div id=\"su-post-23039\" class=\"su-post \">\n\t\t\t\t\t\t\t\t\t<a class=\"su-post-thumbnail\" href=\"https:\/\/www.oaxaca.gob.mx\/ieepo\/reconoce-ieepo-aportaciones-de-especialistas-en-seminario-internacional\/\"><img loading=\"lazy\" decoding=\"async\" width=\"1140\" height=\"450\" src=\"https:\/\/www.oaxaca.gob.mx\/ieepo\/wp-content\/uploads\/sites\/75\/2021\/11\/11-11-21.png\" class=\"attachment-post-thumbnail size-post-thumbnail wp-post-image\" alt=\"\" srcset=\"https:\/\/www.oaxaca.gob.mx\/ieepo\/wp-content\/uploads\/sites\/75\/2021\/11\/11-11-21.png 1140w, https:\/\/www.oaxaca.gob.mx\/ieepo\/wp-content\/uploads\/sites\/75\/2021\/11\/11-11-21-300x118.png 300w, https:\/\/www.oaxaca.gob.mx\/ieepo\/wp-content\/uploads\/sites\/75\/2021\/11\/11-11-21-1024x404.png 1024w, https:\/\/www.oaxaca.gob.mx\/ieepo\/wp-content\/uploads\/sites\/75\/2021\/11\/11-11-21-768x303.png 768w\" sizes=\"auto, (max-width: 1140px) 100vw, 1140px\" \/><\/a>\n\t\t\t\t\t\t\t\t<h2 class=\"su-post-title\"><a href=\"https:\/\/www.oaxaca.gob.mx\/ieepo\/reconoce-ieepo-aportaciones-de-especialistas-en-seminario-internacional\/\">Reconoce IEEPO aportaciones de  especialistas en Seminario Internacional<\/a><\/h2>\n\t\t\t<\/div>\n\n\t\t\t\t\t\n\t\t\t\n\t\t\t<div id=\"su-post-22998\" class=\"su-post \">\n\t\t\t\t\t\t\t\t\t<a class=\"su-post-thumbnail\" href=\"https:\/\/www.oaxaca.gob.mx\/ieepo\/inicia-con-exito-en-oaxaca-seminario-internacional-la-educacion-en-mexico-america-latina-y-el-caribe\/\"><img loading=\"lazy\" decoding=\"async\" width=\"1140\" height=\"450\" src=\"https:\/\/www.oaxaca.gob.mx\/ieepo\/wp-content\/uploads\/sites\/75\/2021\/11\/10-11-21.png\" class=\"attachment-post-thumbnail size-post-thumbnail wp-post-image\" alt=\"\" srcset=\"https:\/\/www.oaxaca.gob.mx\/ieepo\/wp-content\/uploads\/sites\/75\/2021\/11\/10-11-21.png 1140w, https:\/\/www.oaxaca.gob.mx\/ieepo\/wp-content\/uploads\/sites\/75\/2021\/11\/10-11-21-300x118.png 300w, https:\/\/www.oaxaca.gob.mx\/ieepo\/wp-content\/uploads\/sites\/75\/2021\/11\/10-11-21-1024x404.png 1024w, https:\/\/www.oaxaca.gob.mx\/ieepo\/wp-content\/uploads\/sites\/75\/2021\/11\/10-11-21-768x303.png 768w\" sizes=\"auto, (max-width: 1140px) 100vw, 1140px\" \/><\/a>\n\t\t\t\t\t\t\t\t<h2 class=\"su-post-title\"><a href=\"https:\/\/www.oaxaca.gob.mx\/ieepo\/inicia-con-exito-en-oaxaca-seminario-internacional-la-educacion-en-mexico-america-latina-y-el-caribe\/\">Inicia con \u00e9xito en Oaxaca Seminario Internacional \u201cLa  Educaci\u00f3n en M\u00e9xico, Am\u00e9rica Latina y el Caribe\u201d<\/a><\/h2>\n\t\t\t<\/div>\n\n\t\t\t\t\t\n\t\t\t\n\t\t\t<div id=\"su-post-22696\" class=\"su-post \">\n\t\t\t\t\t\t\t\t\t<a class=\"su-post-thumbnail\" href=\"https:\/\/www.oaxaca.gob.mx\/ieepo\/oaxaca-sede-del-seminario-internacional-la-educacion-en-mexico-america-latina-y-el-caribe\/\"><img loading=\"lazy\" decoding=\"async\" width=\"1140\" height=\"450\" src=\"https:\/\/www.oaxaca.gob.mx\/ieepo\/wp-content\/uploads\/sites\/75\/2021\/10\/20-10-21.png\" class=\"attachment-post-thumbnail size-post-thumbnail wp-post-image\" alt=\"\" srcset=\"https:\/\/www.oaxaca.gob.mx\/ieepo\/wp-content\/uploads\/sites\/75\/2021\/10\/20-10-21.png 1140w, https:\/\/www.oaxaca.gob.mx\/ieepo\/wp-content\/uploads\/sites\/75\/2021\/10\/20-10-21-300x118.png 300w, https:\/\/www.oaxaca.gob.mx\/ieepo\/wp-content\/uploads\/sites\/75\/2021\/10\/20-10-21-1024x404.png 1024w, https:\/\/www.oaxaca.gob.mx\/ieepo\/wp-content\/uploads\/sites\/75\/2021\/10\/20-10-21-768x303.png 768w\" sizes=\"auto, (max-width: 1140px) 100vw, 1140px\" \/><\/a>\n\t\t\t\t\t\t\t\t<h2 class=\"su-post-title\"><a href=\"https:\/\/www.oaxaca.gob.mx\/ieepo\/oaxaca-sede-del-seminario-internacional-la-educacion-en-mexico-america-latina-y-el-caribe\/\">Oaxaca, sede del Seminario Internacional \u201cLa Educaci\u00f3n en M\u00e9xico, Am\u00e9rica Latina y el Caribe\u201d<\/a><\/h2>\n\t\t\t<\/div>\n\n\t\t\t\n<\/div>\n\n","protected":false},"excerpt":{"rendered":"excerpt","protected":false},"author":87,"featured_media":0,"parent":0,"menu_order":0,"comment_status":"closed","ping_status":"closed","template":"","meta":{"episode_type":"","audio_file":"","podmotor_file_id":"","podmotor_episode_id":"","cover_image":"","cover_image_id":"","duration":"","filesize":"","filesize_raw":"","date_recorded":"","explicit":"","block":"","footnotes":""},"categories":[],"tags":[],"class_list":["post-22213","page","type-page","status-publish","hentry"],"acf":[],"publishpress_future_action":{"enabled":false,"date":"2026-05-14 14:39:47","action":"change-status","newStatus":"draft","terms":[],"taxonomy":"category","extraData":[]},"publishpress_future_workflow_manual_trigger":{"enabledWorkflows":[]},"_links":{"self":[{"href":"https:\/\/www.oaxaca.gob.mx\/ieepo\/wp-json\/wp\/v2\/pages\/22213","targetHints":{"allow":["GET"]}}],"collection":[{"href":"https:\/\/www.oaxaca.gob.mx\/ieepo\/wp-json\/wp\/v2\/pages"}],"about":[{"href":"https:\/\/www.oaxaca.gob.mx\/ieepo\/wp-json\/wp\/v2\/types\/page"}],"author":[{"embeddable":true,"href":"https:\/\/www.oaxaca.gob.mx\/ieepo\/wp-json\/wp\/v2\/users\/87"}],"replies":[{"embeddable":true,"href":"https:\/\/www.oaxaca.gob.mx\/ieepo\/wp-json\/wp\/v2\/comments?post=22213"}],"version-history":[{"count":12,"href":"https:\/\/www.oaxaca.gob.mx\/ieepo\/wp-json\/wp\/v2\/pages\/22213\/revisions"}],"predecessor-version":[{"id":22702,"href":"https:\/\/www.oaxaca.gob.mx\/ieepo\/wp-json\/wp\/v2\/pages\/22213\/revisions\/22702"}],"wp:attachment":[{"href":"https:\/\/www.oaxaca.gob.mx\/ieepo\/wp-json\/wp\/v2\/media?parent=22213"}],"wp:term":[{"taxonomy":"category","embeddable":true,"href":"https:\/\/www.oaxaca.gob.mx\/ieepo\/wp-json\/wp\/v2\/categories?post=22213"},{"taxonomy":"post_tag","embeddable":true,"href":"https:\/\/www.oaxaca.gob.mx\/ieepo\/wp-json\/wp\/v2\/tags?post=22213"}],"curies":[{"name":"wp","href":"https:\/\/api.w.org\/{rel}","templated":true}]}}