{"id":22,"date":"2018-08-20T05:14:22","date_gmt":"2018-08-20T05:14:22","guid":{"rendered":"https:\/\/www.oaxaca.gob.mx\/ieepo\/portal\/?page_id=22"},"modified":"2018-08-20T05:14:22","modified_gmt":"2018-08-20T05:14:22","slug":"directorio","status":"publish","type":"page","link":"https:\/\/www.oaxaca.gob.mx\/ieepo\/directorio\/","title":{"rendered":"Directorio"},"content":{"rendered":"\n<table id=\"tablepress-1\" class=\"tablepress tablepress-id-1\">\n<thead>\n<tr class=\"row-1\">\n\t<th class=\"column-1\">NOMBRE<\/th><th class=\"column-2\">CARGO<\/th><th class=\"column-3\">TELEFONO OFICIAL<\/th><th class=\"column-4\">CORREO<\/th>\n<\/tr>\n<\/thead>\n<tbody class=\"row-striping row-hover\">\n<tr class=\"row-2\">\n\t<td class=\"column-1\">LCDO. EMILIO MONTERO P\u00c9REZ<\/td><td class=\"column-2\">DIRECTOR GENERAL DEL IEEPO<\/td><td class=\"column-3\">951-13-2-52-49<\/td><td class=\"column-4\"><i class=\"fas fa-envelope-open-text\"><\/i><a href=\"mailto:direcciongral@ieepo.edu.mx\" target=\"_blank\" rel=\"noopener noreferrer\" data-auth=\"NotApplicable\"> direcciongral@ieepo.edu.mx<\/a><\/td>\n<\/tr>\n<tr class=\"row-3\">\n\t<td class=\"column-1\">RUBEN RAM\u00cdREZ S\u00c1NCHEZ<\/td><td class=\"column-2\">SECRETARIO PARTICULAR<\/td><td class=\"column-3\">951-13-2-52-49 EXT 106   <\/td><td class=\"column-4\"><i class=\"fas fa-envelope-open-text\"><\/i><a href=\"mailto:direcciongral@ieepo.edu.mx\" target=\"_blank\" rel=\"noopener noreferrer\" data-auth=\"NotApplicable\"> direcciongral@ieepo.edu.mx<\/a><\/td>\n<\/tr>\n<tr class=\"row-4\">\n\t<td class=\"column-1\">ELISEO V\u00c1SQUEZ NAZARIO<\/td><td class=\"column-2\">ASESOR GENERAL<\/td><td class=\"column-3\">951-1-66-08-12 y  951-51-3-55-04  <\/td><td class=\"column-4\"><i class=\"fas fa-envelope-open-text\"><\/i><a href=\"mailto:lasesoriageneral2018@gmail.com\" target=\"_blank\" rel=\"noopener noreferrer\" data-auth=\"NotApplicable\"> asesoriageneral2018@gmail.com<\/a><\/td>\n<\/tr>\n<tr class=\"row-5\">\n\t<td class=\"column-1\">ULISES G\u00d3MEZ REGALADO<\/td><td class=\"column-2\">DIRECTOR PARA LA ATENCI\u00d3N DE LOS DERECHOS HUMANOS<\/td><td class=\"column-3\">951-50-2-57-18 y 951-51-5-46-60<\/td><td class=\"column-4\"><i class=\"fas fa-envelope-open-text\"><\/i> <a href=\"mailto:dir.dh.ieepo@gmail.com\" target=\"_blank\" rel=\"noopener noreferrer\" data-auth=\"NotApplicable\"> atencionderechoshumanos@ieepo.gob.mx<\/a><\/td>\n<\/tr>\n<tr class=\"row-6\">\n\t<td class=\"column-1\">XADANI HUANTES BOLA\u00d1OS<\/td><td class=\"column-2\">DIRECTORA PARA LA MEJORA DE LA CONVIVENCIA ESCOLAR<\/td><td class=\"column-3\">951-205-38-71<\/td><td class=\"column-4\"><i class=\"fas fa-envelope-open-text\"><\/i><a href=\"mailto:direccion.convivenciaescolar@gmail.com\" target=\"_blank\" rel=\"noopener noreferrer\" data-auth=\"NotApplicable\"> direccion.convivenciaescolar@gmail.com<\/a><\/td>\n<\/tr>\n<tr class=\"row-7\">\n\t<td class=\"column-1\">JORGE MAGARI\u00d1O<\/td><td class=\"column-2\">DIRECTOR DE COMUNICACI\u00d3N SOCIAL<\/td><td class=\"column-3\">951-50-2-61-19<\/td><td class=\"column-4\"><i class=\"fas fa-envelope-open-text\"><\/i><a href=\"mailto:ieepocomunicacion@ieepo.gob.mx\" target=\"_blank\" rel=\"noopener noreferrer\" data-auth=\"NotApplicable\"> ieepocomunicacion@ieepo.gob.mx<\/a><\/td>\n<\/tr>\n<tr class=\"row-8\">\n\t<td class=\"column-1\">MANUEL RA\u00daL MATUS PERPENTI<\/td><td class=\"column-2\">DIRECTOR DE TECNOLOG\u00cdAS EDUCATIVAS<\/td><td class=\"column-3\">951-51-3-70-02 Y 951-51-3-36-45<\/td><td class=\"column-4\"><i class=\"fas fa-envelope-open-text\"><\/i><a href=\"mailto:dte@ieepo.gob.mx\" target=\"_blank\" rel=\"noopener noreferrer\" data-auth=\"NotApplicable\"> dte@ieepo.gob.mx <\/a><\/td>\n<\/tr>\n<tr class=\"row-9\">\n\t<td class=\"column-1\">ISA\u00cdAS CRUZ L\u00d3PEZ<\/td><td class=\"column-2\">DIRECTOR DE SERVICIOS JUR\u00cdDICOS<\/td><td class=\"column-3\">951-291-27-51<\/td><td class=\"column-4\"><i class=\"fas fa-envelope-open-text\"><\/i><a href=\"mailto:slegal.dsj@ieepo.gob.mx\" target=\"_blank\" rel=\"noopener noreferrer\" data-auth=\"NotApplicable\"> legal.dsj@ieepo.gob.mx<\/a><\/td>\n<\/tr>\n<tr class=\"row-10\">\n\t<td class=\"column-1\">KARLOS GARC\u00cdA NIEVES<\/td><td class=\"column-2\">DIRECTOR DE EVALUACI\u00d3N<\/td><td class=\"column-3\">951-68-9-00-01 Y 951-68-9-00-40<\/td><td class=\"column-4\"><i class=\"fas fa-envelope-open-text\"><\/i><a href=\"mailto:spdoaxaca@ieepo.gob.mx\" target=\"_blank\" rel=\"noopener noreferrer\" data-auth=\"NotApplicable\"> spdoaxaca@ieepo.gob.mx<\/a><br \/>\n<br \/>\n<i class=\"fas fa-envelope-open-text\"><\/i><a href=\"mailto:direccioneevaluacion@ieepo.gob.mx\" target=\"_blank\" rel=\"noopener noreferrer\" data-auth=\"NotApplicable\"> direccioneevaluacion@ieepo.gob.mx<\/a><\/td>\n<\/tr>\n<tr class=\"row-11\">\n\t<td class=\"column-1\">ABEL JES\u00daS LEYVA GANDARILLAS<\/td><td class=\"column-2\">OFICIAL MAYOR<\/td><td class=\"column-3\">951-52-0-39-06<\/td><td class=\"column-4\"><i class=\"fas fa-envelope-open-text\"><\/i><a href=\"mailto:oficialiamayor@ieepo.gob.mx\" target=\"_blank\" rel=\"noopener noreferrer\" data-auth=\"NotApplicable\"> oficialiamayor@ieepo.gob.mx<\/a><\/td>\n<\/tr>\n<tr class=\"row-12\">\n\t<td class=\"column-1\">ROBERTO CARLOS VERA RAM\u00cdREZ<\/td><td class=\"column-2\">DIRECTOR ADMINISTRATIVO<\/td><td class=\"column-3\">951-51-5-25-47<\/td><td class=\"column-4\"><i class=\"fas fa-envelope-open-text\"><\/i><a href=\"mailto:lsroberto.vera@ieepo.gob.mx\" target=\"_blank\" rel=\"noopener noreferrer\" data-auth=\"NotApplicable\"> sroberto.vera@ieepo.gob.mx<\/a><\/td>\n<\/tr>\n<tr class=\"row-13\">\n\t<td class=\"column-1\">JAVIER ITURBIDE REYES<\/td><td class=\"column-2\">DIRECTOR FINANCIERO<\/td><td class=\"column-3\">951-35-1-07-42<\/td><td class=\"column-4\"><i class=\"fas fa-envelope-open-text\"><\/i><a href=\"mailto:dir.financiera@ieepo.edu.mx\" target=\"_blank\" rel=\"noopener noreferrer\" data-auth=\"NotApplicable\"> dir.financiera@ieepo.edu.mx<\/a><\/td>\n<\/tr>\n<tr class=\"row-14\">\n\t<td class=\"column-1\">ISMAEL ZARAGOZA MARGARITO<\/td><td class=\"column-2\">ENCARGADO DE LA DIRECCI\u00d3N DE SERVICIOS REGIONALES<\/td><td class=\"column-3\">951-68-8-11-37 Y 951-51-3-55-15<\/td><td class=\"column-4\"><i class=\"fas fa-envelope-open-text\"><\/i><a href=\"mailto:servicios.regionales@ieepo.gob.mx\" target=\"_blank\" rel=\"noopener noreferrer\" data-auth=\"NotApplicable\"> servicios.regionales@ieepo.gob.mx<\/a><\/td>\n<\/tr>\n<tr class=\"row-15\">\n\t<td class=\"column-1\">MART\u00cdN BOLA\u00d1OS MART\u00cdNEZ<\/td><td class=\"column-2\">DIRECTOR DE DESARROLLO EDUCATIVO<\/td><td class=\"column-3\">951-51-6-89-71 Y 951-51 - 3 -07 61<\/td><td class=\"column-4\"><i class=\"fas fa-envelope-open-text\"><\/i><a href=\"mailto:dde@ieepo.gob.mx\" target=\"_blank\" rel=\"noopener noreferrer\" data-auth=\"NotApplicable\"> dde@ieepo.gob.mx<\/a><\/td>\n<\/tr>\n<tr class=\"row-16\">\n\t<td class=\"column-1\">JAVIER MART\u00cdNEZ L\u00d3PEZ<\/td><td class=\"column-2\">SUBDIRECTOR GENERAL EJECUTIVO<\/td><td class=\"column-3\">951-51- 3- 61-92<\/td><td class=\"column-4\"><i class=\"fas fa-envelope-open-text\"><\/i><a href=\"mailto:sge@ieepo.gob.mx\" target=\"_blank\" rel=\"noopener noreferrer\" data-auth=\"NotApplicable\"> sge@ieepo.gob.mx<\/a><\/td>\n<\/tr>\n<tr class=\"row-17\">\n\t<td class=\"column-1\">FLORENCIO DE LA CRUZ VALDIVIESO<\/td><td class=\"column-2\">DIRECTOR DE PLANEACI\u00d3N EDUCATIVA<\/td><td class=\"column-3\">951-51-5-09-36 Y 951-51-5-73-52<\/td><td class=\"column-4\"><i class=\"fas fa-envelope-open-text\"><\/i><a href=\"mailto:planeacion@ieepo.edu.mx\" target=\"_blank\" rel=\"noopener noreferrer\" data-auth=\"NotApplicable\"> planeacion@ieepo.edu.mx<\/a><\/td>\n<\/tr>\n<tr class=\"row-18\">\n\t<td class=\"column-1\">ALBINO P\u00c9REZ V\u00c1SQUEZ<\/td><td class=\"column-2\">SUBDIRECTOR GENERAL DE SERVICIOS EDUCATIVOS<\/td><td class=\"column-3\">951-13-2-88-04<\/td><td class=\"column-4\"><i class=\"fas fa-envelope-open-text\"><\/i><a href=\"mailto:servicioseducativos@ieepo.gob.mx\" target=\"_blank\" rel=\"noopener noreferrer\" data-auth=\"NotApplicable\"> servicioseducativos@ieepo.gob.mx<\/a><\/td>\n<\/tr>\n<tr class=\"row-19\">\n\t<td class=\"column-1\">GENARO SANTA ANA COLMENARES<\/td><td class=\"column-2\">TITULAR DEL \u00d3RGANO INTERNO DE CONTROL<\/td><td class=\"column-3\">951-20-5-21-54<\/td><td class=\"column-4\"><i class=\"fas fa-envelope-open-text\"><\/i><a href=\"mailto:oic@ieepo.gob.mx\" target=\"_blank\" rel=\"noopener noreferrer\" data-auth=\"NotApplicable\"> oic@ieepo.gob.mx<\/a><\/td>\n<\/tr>\n<\/tbody>\n<\/table>\n<!-- #tablepress-1 from cache -->\n","protected":false},"excerpt":{"rendered":"excerpt","protected":false},"author":1,"featured_media":0,"parent":0,"menu_order":0,"comment_status":"closed","ping_status":"closed","template":"","meta":{"episode_type":"","audio_file":"","podmotor_file_id":"","podmotor_episode_id":"","cover_image":"","cover_image_id":"","duration":"","filesize":"","filesize_raw":"","date_recorded":"","explicit":"","block":"","footnotes":""},"categories":[],"tags":[],"class_list":["post-22","page","type-page","status-publish","hentry"],"acf":[],"publishpress_future_action":{"enabled":false,"date":"2026-05-11 13:05:47","action":"change-status","newStatus":"draft","terms":[],"taxonomy":"category","extraData":[]},"publishpress_future_workflow_manual_trigger":{"enabledWorkflows":[]},"_links":{"self":[{"href":"https:\/\/www.oaxaca.gob.mx\/ieepo\/wp-json\/wp\/v2\/pages\/22","targetHints":{"allow":["GET"]}}],"collection":[{"href":"https:\/\/www.oaxaca.gob.mx\/ieepo\/wp-json\/wp\/v2\/pages"}],"about":[{"href":"https:\/\/www.oaxaca.gob.mx\/ieepo\/wp-json\/wp\/v2\/types\/page"}],"author":[{"embeddable":true,"href":"https:\/\/www.oaxaca.gob.mx\/ieepo\/wp-json\/wp\/v2\/users\/1"}],"replies":[{"embeddable":true,"href":"https:\/\/www.oaxaca.gob.mx\/ieepo\/wp-json\/wp\/v2\/comments?post=22"}],"version-history":[{"count":0,"href":"https:\/\/www.oaxaca.gob.mx\/ieepo\/wp-json\/wp\/v2\/pages\/22\/revisions"}],"wp:attachment":[{"href":"https:\/\/www.oaxaca.gob.mx\/ieepo\/wp-json\/wp\/v2\/media?parent=22"}],"wp:term":[{"taxonomy":"category","embeddable":true,"href":"https:\/\/www.oaxaca.gob.mx\/ieepo\/wp-json\/wp\/v2\/categories?post=22"},{"taxonomy":"post_tag","embeddable":true,"href":"https:\/\/www.oaxaca.gob.mx\/ieepo\/wp-json\/wp\/v2\/tags?post=22"}],"curies":[{"name":"wp","href":"https:\/\/api.w.org\/{rel}","templated":true}]}}