{"id":20708,"date":"2021-07-25T12:49:32","date_gmt":"2021-07-25T17:49:32","guid":{"rendered":"https:\/\/www.oaxaca.gob.mx\/ieepo\/?page_id=20708"},"modified":"2025-04-03T07:42:36","modified_gmt":"2025-04-03T13:42:36","slug":"comite-de-etica","status":"publish","type":"page","link":"https:\/\/www.oaxaca.gob.mx\/ieepo\/comite-de-etica\/","title":{"rendered":"Comit\u00e9 de \u00c9tica"},"content":{"rendered":"<ul id=\"myTab\" class=\"nav nav-tabs\" role=\"tablist\">\n<li class=\"nav-item\" role=\"presentation\"><button id=\"nav_tab_uno\" class=\"nav-link active\" role=\"tab\" type=\"button\" data-bs-target=\"#nav_uno\" data-bs-toggle=\"tab\" aria-controls=\"nav_uno\">Introducci\u00f3n<br \/>\n<\/button><\/li>\n<li class=\"nav-item\" role=\"presentation\"><button id=\"nav_tab_dos\" class=\"nav-link\" role=\"tab\" type=\"button\" data-bs-target=\"#nav_dos\" data-bs-toggle=\"tab\" aria-controls=\"nav_dos\"><br \/>\nMarco Jur\u00eddico<br \/>\n<\/button><\/li>\n<li class=\"nav-item\" role=\"presentation\"><button id=\"nav_tab_tres\" class=\"nav-link\" role=\"tab\" type=\"button\" data-bs-target=\"#nav_tres\" data-bs-toggle=\"tab\" aria-controls=\"nav_tres\"><br \/>\nActas<br \/>\n<\/button><\/li>\n<li class=\"nav-item\" role=\"presentation\"><button id=\"nav_tab_cuatro\" class=\"nav-link\" role=\"tab\" type=\"button\" data-bs-target=\"#nav_cuatro\" data-bs-toggle=\"tab\" aria-controls=\"nav_cuatro\"><br \/>\nPlan anual de trabajo<br \/>\n<\/button><\/li>\n<li class=\"nav-item\" role=\"presentation\"><button id=\"nav_tab_cinco\" class=\"nav-link\" role=\"tab\" type=\"button\" data-bs-target=\"#nav_cinco\" data-bs-toggle=\"tab\" aria-controls=\"nav_cinco\"><br \/>\nInformes anuales<br \/>\n<\/button><\/li>\n<li class=\"nav-item\" role=\"presentation\"><button id=\"nav_tab_seis\" class=\"nav-link\" role=\"tab\" type=\"button\" data-bs-target=\"#nav_seis\" data-bs-toggle=\"tab\" aria-controls=\"nav_seis\"><br \/>\nC\u00f3digo de conducta<br \/>\n<\/button><\/li>\n<li class=\"nav-item\" role=\"presentation\"><button id=\"nav_tab_siete\" class=\"nav-link\" role=\"tab\" type=\"button\" data-bs-target=\"#nav_siete\" data-bs-toggle=\"tab\" aria-controls=\"nav_siete\"><br \/>\nAcciones de sensibilizaci\u00f3n<br \/>\n<\/button><\/li>\n<\/ul>\n<div id=\"myTabContent\" class=\"tab-content\">\n<div id=\"nav_uno\" class=\"tab-pane fade show active\" role=\"tabpanel\" aria-labelledby=\"nav_tab_uno\">\n<h4>Introducci\u00f3n<\/h4>\n\n<table id=\"tablepress-120\" class=\"tablepress tablepress-id-120\">\n<thead>\n<tr class=\"row-1\">\n\t<th class=\"column-1\">T\u00edtulo<\/th><th class=\"column-2\">Descargar<\/th>\n<\/tr>\n<\/thead>\n<tbody class=\"row-striping row-hover\">\n<tr class=\"row-2\">\n\t<td class=\"column-1\">\u00bf Que es el Comit\u00e9 de \u00c9tica?<\/td><td class=\"column-2\"><\/td>\n<\/tr>\n<tr class=\"row-3\">\n\t<td class=\"column-1\">Estructura<\/td><td class=\"column-2\"><\/td>\n<\/tr>\n<\/tbody>\n<\/table>\n<!-- #tablepress-120 from cache -->\n<\/div>\n<div id=\"nav_dos\" class=\"tab-pane fade\" role=\"tabpanel\" aria-labelledby=\"nav_tab_dos\">\n<h4>Marco Jur\u00eddico<\/h4>\n\n<table id=\"tablepress-137\" class=\"tablepress tablepress-id-137\">\n<thead>\n<tr class=\"row-1\">\n\t<th class=\"column-1\">Documento<\/th><th class=\"column-2\">Descargar<\/th>\n<\/tr>\n<\/thead>\n<tbody class=\"row-striping row-hover\">\n<tr class=\"row-2\">\n\t<td class=\"column-1\">Ley De Responsabilidades De Los Servidores Publicos Del Estado Y Municipios De Oaxaca<\/td><td class=\"column-2\"><a target=\"_blank\" href=\"https:\/\/transparencia.ieepo.gob.mx\/COMITE-ETICA\/LEY-RES-DE-SERVI-PUB-DEL-EST-MUNI-DE-OAX.pdf\" rel=\"noopener\"><i class=\"far fa-file-pdf fa-2x\">\u00a0<\/i><\/a><\/td>\n<\/tr>\n<tr class=\"row-3\">\n\t<td class=\"column-1\">Ley General De Responsabilidades Administrativas<\/td><td class=\"column-2\"><a target=\"_blank\" href=\"https:\/\/transparencia.ieepo.gob.mx\/\/COMITE-ETICA\/LEY-GRAL-RES-ADMINI.pdf\" rel=\"noopener\"><i class=\"far fa-file-pdf fa-2x\">\u00a0<\/i><\/a><\/td>\n<\/tr>\n<tr class=\"row-4\">\n\t<td class=\"column-1\">Protocolo de Actuaci\u00f3n de los Comit\u00e9s de \u00c9tica y de Prevenci\u00f3n de Conflictos de Inter\u00e9s en la Atenci\u00f3n de Presuntos Actos de Discriminaci\u00f3n<\/td><td class=\"column-2\"><a target=\"_blank\" href=\"https:\/\/transparencia.ieepo.gob.mx\/COMITE-ETICA\/PROTOCOLO-ACT-LOS-COMITES-ETICA.pdf\" rel=\"noopener\"><i class=\"far fa-file-pdf fa-2x\">\u00a0<\/i><\/a><\/td>\n<\/tr>\n<tr class=\"row-5\">\n\t<td class=\"column-1\"><\/td><td class=\"column-2\"><\/td>\n<\/tr>\n<\/tbody>\n<\/table>\n<!-- #tablepress-137 from cache -->\n<\/div>\n<div id=\"nav_tres\" class=\"tab-pane fade\" role=\"tabpanel\" aria-labelledby=\"nav_tab_tres\">\n<h4>Actas<\/h4>\n<div id=\"acordeonYears\" class=\"accordion\">\n<div class=\"accordion-item\">\n<h2 class=\"accordion-header\"><button class=\"accordion-button\" type=\"button\" data-bs-toggle=\"collapse\" data-bs-target=\"#collapseOne\" aria-expanded=\"true\" aria-controls=\"collapseOne\"><br \/>\n2025<br \/>\n<\/button><\/h2>\n<div id=\"collapseOne\" class=\"accordion-collapse collapse show\" data-bs-parent=\"#acordeonYears\">\n<div class=\"accordion-body\"><a href=\"https:\/\/transparencia.ieepo.gob.mx\/COMITE-ETICA\/2025\/Actas\/1ra-Sesion-Ordinaria-2025.pdf\" target=\"_blank\" rel=\"noopener noreferrer\"><i class=\"far fa-file-pdf fa-2x\"><\/i> Primera Sesio\u0301n Ordinaria 2024 del Comite\u0301 de E\u0301tica y de Prevencio\u0301n de Conflicto de Intere\u0301s del IEEPO<\/a><\/div>\n<\/div>\n<\/div>\n<div class=\"accordion-item\">\n<h2 class=\"accordion-header\"><button class=\"accordion-button collapsed\" type=\"button\" data-bs-toggle=\"collapse\" data-bs-target=\"#collapseTwo\" aria-expanded=\"false\" aria-controls=\"collapseTwo\"><br \/>\n2024<br \/>\n<\/button><\/h2>\n<div id=\"collapseTwo\" class=\"accordion-collapse collapse\" data-bs-parent=\"#acordeonYears\">\n<div class=\"accordion-body\"><a href=\"https:\/\/transparencia.ieepo.gob.mx\/COMITE-ETICA\/2024\/Actas\/1ra-Sesion-Ordinaria-2024.pdf\" target=\"_blank\" rel=\"noopener noreferrer\"><i class=\"far fa-file-pdf fa-2x\"><\/i> Primera Sesio\u0301n Ordinaria 2024 del Comite\u0301 de E\u0301tica y de Prevencio\u0301n de Conflicto de Intere\u0301s del IEEPO<\/a><\/div>\n<div class=\"accordion-body\"><a href=\"https:\/\/transparencia.ieepo.gob.mx\/COMITE-ETICA\/2024\/Actas\/2da-Sesion-Ordinaria-2024.pdf\" target=\"_blank\" rel=\"noopener noreferrer\"><i class=\"far fa-file-pdf fa-2x\"><\/i> Segunda Sesio\u0301n Ordinaria 2024 del Comite\u0301 de E\u0301tica y de Prevencio\u0301n de Conflicto de Intere\u0301s del IEEPO<\/a><\/div>\n<div class=\"accordion-body\"><a href=\"https:\/\/transparencia.ieepo.gob.mx\/COMITE-ETICA\/2024\/Actas\/3ra-Sesion-Ordinaria-2024.pdf\" target=\"_blank\" rel=\"noopener noreferrer\"><i class=\"far fa-file-pdf fa-2x\"><\/i> Tercera Sesio\u0301n Ordinaria 2024 del Comite\u0301 de E\u0301tica y de Prevencio\u0301n de Conflicto de Intere\u0301s del IEEPO<\/a><\/div>\n<\/div>\n<\/div>\n<div class=\"accordion-item\">\n<h2 class=\"accordion-header\"><button class=\"accordion-button collapsed\" type=\"button\" data-bs-toggle=\"collapse\" data-bs-target=\"#collapseThree\" aria-expanded=\"false\" aria-controls=\"collapseThree\"><br \/>\n2023<br \/>\n<\/button><\/h2>\n<div id=\"collapseThree\" class=\"accordion-collapse collapse\" data-bs-parent=\"#acordeonYears\">\n<div class=\"accordion-body\"><a href=\"https:\/\/transparencia.ieepo.gob.mx\/COMITE-ETICA\/2023\/Actas\/1ra-Sesion-Ordinaria-2023.pdf\" target=\"_blank\" rel=\"noopener noreferrer\"><i class=\"far fa-file-pdf fa-2x\"><\/i> Instalacio\u0301n y Primera Sesio\u0301n Ordinaria 2023 del Comite\u0301 de E\u0301tica y de Prevencio\u0301n de Conflicto de Intere\u0301s del IEEPO<\/a><\/div>\n<div class=\"accordion-body\"><a href=\"https:\/\/transparencia.ieepo.gob.mx\/COMITE-ETICA\/2023\/Actas\/2da-Sesion-Ordinaria-2023.pdf\" target=\"_blank\" rel=\"noopener noreferrer\"><i class=\"far fa-file-pdf fa-2x\"><\/i> Segunda Sesio\u0301n Ordinaria 2023 del Comite\u0301 de E\u0301tica y de Prevencio\u0301n de Conflicto de Intere\u0301s del IEEPO<\/a><\/div>\n<div class=\"accordion-body\"><a href=\"https:\/\/transparencia.ieepo.gob.mx\/COMITE-ETICA\/2023\/Actas\/3ra-Sesion-Ordinaria-2023.pdf\" target=\"_blank\" rel=\"noopener noreferrer\"><i class=\"far fa-file-pdf fa-2x\"><\/i> Tercera Sesio\u0301n Ordinaria 2023 del Comite\u0301 de E\u0301tica y de Prevencio\u0301n de Conflicto de Intere\u0301s del IEEPO<\/a><\/div>\n<\/div>\n<\/div>\n<div class=\"accordion-item\">\n<h2 class=\"accordion-header\"><button class=\"accordion-button collapsed\" type=\"button\" data-bs-toggle=\"collapse\" data-bs-target=\"#collapseFour\" aria-expanded=\"false\" aria-controls=\"collapseFour\"><br \/>\n2020<br \/>\n<\/button><\/h2>\n<div id=\"collapseFour\" class=\"accordion-collapse collapse\" data-bs-parent=\"#acordeonYears\">\n<div class=\"accordion-body\"><a href=\"https:\/\/transparencia.ieepo.gob.mx\/COMITE-ETICA\/1ra.Sesi\u00f3nOrdinaria-2020.pdf\" target=\"_blank\" rel=\"noopener noreferrer\"><i class=\"far fa-file-pdf fa-2x\"><\/i> Primera Sesi\u00f3n Ordinaria 2020 del Comit\u00e9 de \u00c9tica y de Prevenci\u00f3n de Conflicto de Inter\u00e9s del IEEPO<\/a><\/div>\n<div class=\"accordion-body\"><\/div>\n<\/div>\n<\/div>\n<\/div>\n<\/div>\n<div id=\"nav_cuatro\" class=\"tab-pane fade\" role=\"tabpanel\" aria-labelledby=\"nav_tab_cuatro\">\n<h4>Plan anual de trabajo<\/h4>\n<div id=\"acordeonYears\" class=\"accordion\">\n<div class=\"accordion-item\">\n<h2 class=\"accordion-header\"><button class=\"accordion-button\" type=\"button\" data-bs-toggle=\"collapse\" data-bs-target=\"#collapseonce\" aria-expanded=\"true\" aria-controls=\"collapseonce\"><br \/>\n2025<br \/>\n<\/button><\/h2>\n<div id=\"collapseonce\" class=\"accordion-collapse collapse show\" data-bs-parent=\"#acordeonYears\">\n<div class=\"accordion-body\"><a href=\"https:\/\/transparencia.ieepo.gob.mx\/COMITE-ETICA\/2025\/Plan-Anual\/Plan-Anual-2025.pdf\" target=\"_blank\" rel=\"noopener noreferrer\"><i class=\"far fa-file-pdf fa-2x\"><\/i> Plan Anual de Trabajo 2025 del Comite\u0301 de E\u0301tica y  de Prevencio\u0301n de Conflicto de Intere\u0301s del IEEPO<\/a><\/div>\n<\/div>\n<\/div>\n<div class=\"accordion-item\">\n<h2 class=\"accordion-header\"><button class=\"accordion-button collapsed\" type=\"button\" data-bs-toggle=\"collapse\" data-bs-target=\"#collapsedoce\" aria-expanded=\"false\" aria-controls=\"collapsedoce\"><br \/>\n2024<br \/>\n<\/button><\/h2>\n<div id=\"collapsedoce\" class=\"accordion-collapse collapse\" data-bs-parent=\"#acordeonYears\">\n<div class=\"accordion-body\"><a href=\"https:\/\/transparencia.ieepo.gob.mx\/COMITE-ETICA\/2024\/Plan-Anual\/Plan-Anual-2024.pdf\" target=\"_blank\" rel=\"noopener noreferrer\"><i class=\"far fa-file-pdf fa-2x\"><\/i> Plan Anual de Trabajo 2024 del Comite\u0301 de E\u0301tica y  de Prevencio\u0301n de Conflicto de Intere\u0301s del IEEPO<\/a><\/div>\n<\/div>\n<\/div>\n<div class=\"accordion-item\">\n<h2 class=\"accordion-header\"><button class=\"accordion-button collapsed\" type=\"button\" data-bs-toggle=\"collapse\" data-bs-target=\"#collapsetrece\" aria-expanded=\"false\" aria-controls=\"collapsetrece\"><br \/>\n2023<br \/>\n<\/button><\/h2>\n<div id=\"collapsetrece\" class=\"accordion-collapse collapse\" data-bs-parent=\"#acordeonYears\">\n<div class=\"accordion-body\"><a href=\"https:\/\/transparencia.ieepo.gob.mx\/COMITE-ETICA\/2023\/Plan-Anual\/Plan-Anual-2023.pdf\" target=\"_blank\" rel=\"noopener noreferrer\"><i class=\"far fa-file-pdf fa-2x\"><\/i> Plan Anual de Trabajo 2023 del Comite\u0301 de E\u0301tica y  de Prevencio\u0301n de Conflicto de Intere\u0301s del IEEPO<\/a><\/div>\n<\/div>\n<\/div>\n<\/div>\n<\/div>\n<div id=\"nav_cinco\" class=\"tab-pane fade\" role=\"tabpanel\" aria-labelledby=\"nav_tab_cinco\">\n<h4>Informes anuales<\/h4>\n<\/div>\n<div id=\"nav_seis\" class=\"tab-pane fade\" role=\"tabpanel\" aria-labelledby=\"nav_tab_seis\">\n<h4>C\u00f3digo de conducta<\/h4>\n\n<table id=\"tablepress-53\" class=\"tablepress tablepress-id-53\">\n<thead>\n<tr class=\"row-1\">\n\t<th class=\"column-1\">Documento<\/th><th class=\"column-2\">Descargar<\/th>\n<\/tr>\n<\/thead>\n<tbody class=\"row-striping row-hover\">\n<tr class=\"row-2\">\n\t<td class=\"column-1\">C\u00f3digo de conducta de las servidoras y servidores p\u00fablicos del Instituto Estatal de Educaci\u00f3n P\u00fablica de Oaxaca<\/td><td class=\"column-2\"><a target=\"_blank\" href=\"https:\/\/transparencia.ieepo.gob.mx\/DSJ\/MARCO_JURIDICO\/CODIGOS\/CODIGO_DE_CONDUCTA_IEEPO_PERIODICO_OFICIAL.pdf\" rel=\"noopener noreferrer\"><i class=\"far fa-file-pdf fa-2x\"> <\/i><\/a><br \/>\n<\/td>\n<\/tr>\n<\/tbody>\n<\/table>\n<!-- #tablepress-53 from cache -->\n<\/div>\n<div id=\"nav_siete\" class=\"tab-pane fade\" role=\"tabpanel\" aria-labelledby=\"nav_tab_siete\">\n<h4>Acciones de sensibilizaci\u00f3n<\/h4>\n<\/div>\n<\/div>\n","protected":false},"excerpt":{"rendered":"excerpt","protected":false},"author":87,"featured_media":0,"parent":0,"menu_order":0,"comment_status":"closed","ping_status":"closed","template":"","meta":{"episode_type":"","audio_file":"","podmotor_file_id":"","podmotor_episode_id":"","cover_image":"","cover_image_id":"","duration":"","filesize":"","filesize_raw":"","date_recorded":"","explicit":"","block":"","footnotes":""},"categories":[],"tags":[],"class_list":["post-20708","page","type-page","status-publish","hentry"],"acf":[],"publishpress_future_action":{"enabled":false,"date":"2026-05-21 11:38:02","action":"change-status","newStatus":"draft","terms":[],"taxonomy":"category","extraData":[]},"publishpress_future_workflow_manual_trigger":{"enabledWorkflows":[]},"_links":{"self":[{"href":"https:\/\/www.oaxaca.gob.mx\/ieepo\/wp-json\/wp\/v2\/pages\/20708","targetHints":{"allow":["GET"]}}],"collection":[{"href":"https:\/\/www.oaxaca.gob.mx\/ieepo\/wp-json\/wp\/v2\/pages"}],"about":[{"href":"https:\/\/www.oaxaca.gob.mx\/ieepo\/wp-json\/wp\/v2\/types\/page"}],"author":[{"embeddable":true,"href":"https:\/\/www.oaxaca.gob.mx\/ieepo\/wp-json\/wp\/v2\/users\/87"}],"replies":[{"embeddable":true,"href":"https:\/\/www.oaxaca.gob.mx\/ieepo\/wp-json\/wp\/v2\/comments?post=20708"}],"version-history":[{"count":2,"href":"https:\/\/www.oaxaca.gob.mx\/ieepo\/wp-json\/wp\/v2\/pages\/20708\/revisions"}],"predecessor-version":[{"id":35465,"href":"https:\/\/www.oaxaca.gob.mx\/ieepo\/wp-json\/wp\/v2\/pages\/20708\/revisions\/35465"}],"wp:attachment":[{"href":"https:\/\/www.oaxaca.gob.mx\/ieepo\/wp-json\/wp\/v2\/media?parent=20708"}],"wp:term":[{"taxonomy":"category","embeddable":true,"href":"https:\/\/www.oaxaca.gob.mx\/ieepo\/wp-json\/wp\/v2\/categories?post=20708"},{"taxonomy":"post_tag","embeddable":true,"href":"https:\/\/www.oaxaca.gob.mx\/ieepo\/wp-json\/wp\/v2\/tags?post=20708"}],"curies":[{"name":"wp","href":"https:\/\/api.w.org\/{rel}","templated":true}]}}