{"id":18844,"date":"2021-02-17T13:15:47","date_gmt":"2021-02-17T19:15:47","guid":{"rendered":"https:\/\/www.oaxaca.gob.mx\/ieepo\/?page_id=18844"},"modified":"2022-10-25T13:39:02","modified_gmt":"2022-10-25T18:39:02","slug":"guia-para-el-acceso-a-la-educacion-de-ninas-ninos-y-adolescentes-en-contextos-de-migracion-y-o-trabajo-infantil","status":"publish","type":"page","link":"https:\/\/www.oaxaca.gob.mx\/ieepo\/guia-para-el-acceso-a-la-educacion-de-ninas-ninos-y-adolescentes-en-contextos-de-migracion-y-o-trabajo-infantil\/","title":{"rendered":"Gu\u00eda para el Acceso a la Educaci\u00f3n de Ni\u00f1as, Ni\u00f1os y Adolescentes en Contextos de Migraci\u00f3n y\/o Trabajo Infantil."},"content":{"rendered":"<div class=\"wp-block-file\"><a href=\"https:\/\/www.oaxaca.gob.mx\/ieepo\/wp-content\/uploads\/sites\/75\/2021\/02\/GUIA-EDUCACION-DH.pdf\">Guia<\/a><a class=\"wp-block-file__button\" href=\"https:\/\/www.oaxaca.gob.mx\/ieepo\/wp-content\/uploads\/sites\/75\/2021\/02\/GUIA-EDUCACION-DH.pdf\">Descarga<\/a><\/div>\n<a href=\"https:\/\/www.oaxaca.gob.mx\/ieepo\/wp-content\/uploads\/sites\/75\/2021\/02\/GUIA-EDUCACION-DH.pdf\" class=\"pdfemb-viewer\" style=\"\" data-width=\"max\" data-height=\"max\" data-toolbar=\"top\" data-toolbar-fixed=\"on\">GUIA-EDUCACION-DH<\/a>\n","protected":false},"excerpt":{"rendered":"excerpt","protected":false},"author":87,"featured_media":0,"parent":0,"menu_order":0,"comment_status":"closed","ping_status":"closed","template":"","meta":{"episode_type":"","audio_file":"","podmotor_file_id":"","podmotor_episode_id":"","cover_image":"","cover_image_id":"","duration":"","filesize":"","filesize_raw":"","date_recorded":"","explicit":"","block":"","footnotes":""},"categories":[84],"tags":[],"class_list":["post-18844","page","type-page","status-publish","hentry","category-guiadh"],"acf":[],"publishpress_future_action":{"enabled":false,"date":"2026-05-23 17:32:40","action":"change-status","newStatus":"draft","terms":[],"taxonomy":"category","extraData":[]},"publishpress_future_workflow_manual_trigger":{"enabledWorkflows":[]},"_links":{"self":[{"href":"https:\/\/www.oaxaca.gob.mx\/ieepo\/wp-json\/wp\/v2\/pages\/18844","targetHints":{"allow":["GET"]}}],"collection":[{"href":"https:\/\/www.oaxaca.gob.mx\/ieepo\/wp-json\/wp\/v2\/pages"}],"about":[{"href":"https:\/\/www.oaxaca.gob.mx\/ieepo\/wp-json\/wp\/v2\/types\/page"}],"author":[{"embeddable":true,"href":"https:\/\/www.oaxaca.gob.mx\/ieepo\/wp-json\/wp\/v2\/users\/87"}],"replies":[{"embeddable":true,"href":"https:\/\/www.oaxaca.gob.mx\/ieepo\/wp-json\/wp\/v2\/comments?post=18844"}],"version-history":[{"count":3,"href":"https:\/\/www.oaxaca.gob.mx\/ieepo\/wp-json\/wp\/v2\/pages\/18844\/revisions"}],"predecessor-version":[{"id":20966,"href":"https:\/\/www.oaxaca.gob.mx\/ieepo\/wp-json\/wp\/v2\/pages\/18844\/revisions\/20966"}],"wp:attachment":[{"href":"https:\/\/www.oaxaca.gob.mx\/ieepo\/wp-json\/wp\/v2\/media?parent=18844"}],"wp:term":[{"taxonomy":"category","embeddable":true,"href":"https:\/\/www.oaxaca.gob.mx\/ieepo\/wp-json\/wp\/v2\/categories?post=18844"},{"taxonomy":"post_tag","embeddable":true,"href":"https:\/\/www.oaxaca.gob.mx\/ieepo\/wp-json\/wp\/v2\/tags?post=18844"}],"curies":[{"name":"wp","href":"https:\/\/api.w.org\/{rel}","templated":true}]}}