{"id":1841,"date":"2018-10-15T12:24:13","date_gmt":"2018-10-15T18:24:13","guid":{"rendered":"https:\/\/www.oaxaca.gob.mx\/ieepo\/portal\/?page_id=1841"},"modified":"2018-10-15T12:24:13","modified_gmt":"2018-10-15T18:24:13","slug":"unidad-de-proyectos-de-fortalecimiento-educativo","status":"publish","type":"page","link":"https:\/\/www.oaxaca.gob.mx\/ieepo\/unidad-de-proyectos-de-fortalecimiento-educativo\/","title":{"rendered":"Unidad de Proyectos de Fortalecimiento Educativo"},"content":{"rendered":"<p><strong style=\"font-weight: bold\">Objetivo:<\/strong> desarrolla y coordina la realizaci\u00f3n de proyectos y acciones educativas integrales que elevan el desarrollo de capacidades y habilidades creativas, art\u00edsticas, cognitivas, entre otras m\u00e1s, esto cuyo objetivo principal es la permanencia y continuidad educativa mediante sus programas y talleres que promueve como:<\/p>\n<ul class=\"listas-geo\">\n<li><strong>Taller de la Orquesta Sinf\u00f3nica Infantil y Juvenil (OSIJ)<\/strong>\n<ul>\n<li><strong style=\"font-weight: bold\">Objetivo:<\/strong> Coadyuvar a la formaci\u00f3n y desarrollo art\u00edstico de ni\u00f1as, ni\u00f1os y adolescentes de educaci\u00f3n primaria y secundaria, con la finalidad de integrarse a la Orquesta y participar en los diversos conciertos a lo largo del ciclo escolar.<\/li>\n<li>Actualmente, la orquesta est\u00e1 conformada por 80 alumnos de educaci\u00f3n b\u00e1sica.<\/li>\n<\/ul>\n<\/li>\n<li><strong>Taller del Teatr\u00edn M\u00e1gico de los ni\u00f1os<\/strong>\n<ul>\n<li><strong style=\"font-weight: bold\">Objetivo:<\/strong> Difundir, a trav\u00e9s del teatro y t\u00edteres, temas que expresen las habilidades para la vida de los alumnos de educaci\u00f3n b\u00e1sica.<\/li>\n<li>18 escuelas de educaci\u00f3n b\u00e1sica atendidas<\/li>\n<li>Se le ha brindado atenci\u00f3n a Escuelas de Educaci\u00f3n b\u00e1sica (Preescolar, CENDI, Primaria y Secundaria), haciendo un total de 1028 ni\u00f1os y ni\u00f1as participantes aproximadamente.<\/li>\n<\/ul>\n<\/li>\n<li><strong>Taller de Danza Mexicana (TADAMEX)<\/strong>\n<ul>\n<li><strong style=\"font-weight: bold\">Objetivo:<\/strong> Fomentar las artes en la educaci\u00f3n b\u00e1sica, desarrollando las habilidades psicomotrices en ni\u00f1as y ni\u00f1os de primaria y secundaria, con la intenci\u00f3n de lograr mejores aprendizajes.<\/li>\n<li>Se cuenta con 130 alumnos que forman parte del grupo representativo.<\/li>\n<\/ul>\n<\/li>\n<li><strong>\u00c1rea de Fondo Editorial<\/strong>\n<ul>\n<li><strong style=\"font-weight: bold\">Objetivo:<\/strong> Producir, reproducir y difundir de manera gratuita publicaciones y materiales educativos de calidad, que coadyuven al proceso de ense\u00f1anza-aprendizaje en las escuelas de educaci\u00f3n b\u00e1sica; creados desde el \u00e1mbito de la investigaci\u00f3n, la docencia e instancias rectoras del quehacer educativo.<\/li>\n<\/ul>\n<\/li>\n<li><a href=\"\/ieepo\/radios-escolares-2\/\"><strong>Radios Escolares<\/strong><\/a>\n<ul>\n<li><strong style=\"font-weight: bold\">Objetivo:<\/strong> Promover la comunicaci\u00f3n y el aprendizaje de los alumnos a trav\u00e9s de la interacci\u00f3n con su medio, buscando desarrollar competencias comunicativas basadas en la investigaci\u00f3n y producci\u00f3n de contenidos relevantes.<\/li>\n<li>Se tienen 7 escuelas participantes:\n<ul class=\"listas-geo\">\n<li>Prim. \u201cVictoriano A. Flores\u201d, en Santa Martha Apasco, Etla, Oax.<\/li>\n<li>Sec. Fed. No. 2 \u201cJos\u00e9 Mar\u00eda Bradom\u00edn\u201d.<\/li>\n<li>Sec. Gral. \u201cMois\u00e9s Saenz Garza\u201d, Centro Oaxaca.<\/li>\n<li>Sec. \u201cJaime Torres Bodet\u201d.<\/li>\n<li>Sec. T\u00e9c. No. 14, Internado Reyes Mantec\u00f3n.<\/li>\n<li>Sec. T\u00e9c. No. 108<\/li>\n<li>Sec. T\u00e9c. No. 121<\/li>\n<\/ul>\n<\/li>\n<\/ul>\n<\/li>\n<li>Se han capacitado alrededor de 1260 alumnos de las escuelas participantes y 250 docentes y educadoras, aproximadamente.<\/li>\n<li><strong>\u00c1rea de Vinculaci\u00f3n intersectorial.<\/strong>\n<ul>\n<li><strong style=\"font-weight: bold\">Objetivo:<\/strong> Crear v\u00ednculos con instituciones educativas y dependencias de gobierno para contar con escenarios que favorezcan al desarrollo del individuo y garantizar el derecho a la salud en alumnos de educaci\u00f3n b\u00e1sica.<\/li>\n<\/ul>\n<\/li>\n<\/ul>\n<p>Estos talleres se ofrecen con car\u00e1cter gratuito, con aprobaci\u00f3n de alumnos y sus instituciones educativas. Las actividades se desarrollan en sus tiempos disponibles, con la finalidad de ocupar su tiempo libre en tareas productivas, evitando aquellas que perjudiquen su salud y la de los dem\u00e1s.<\/p>\n<p><strong style=\"font-weight: bold\">Cont\u00e1ctanos<\/strong><br \/>\nTel\u00e9fonos: 51 68971 y 51 30761 Educativo (Ext.107)<br \/>\nLic. Felipe de Jes\u00fas Morales Lara\t\t<\/p>\n","protected":false},"excerpt":{"rendered":"excerpt","protected":false},"author":1,"featured_media":0,"parent":0,"menu_order":0,"comment_status":"closed","ping_status":"closed","template":"","meta":{"episode_type":"","audio_file":"","podmotor_file_id":"","podmotor_episode_id":"","cover_image":"","cover_image_id":"","duration":"","filesize":"","filesize_raw":"","date_recorded":"","explicit":"","block":"","footnotes":""},"categories":[],"tags":[],"class_list":["post-1841","page","type-page","status-publish","hentry"],"acf":[],"publishpress_future_action":{"enabled":false,"date":"2026-04-22 18:16:43","action":"change-status","newStatus":"draft","terms":[],"taxonomy":"category","extraData":[]},"publishpress_future_workflow_manual_trigger":{"enabledWorkflows":[]},"_links":{"self":[{"href":"https:\/\/www.oaxaca.gob.mx\/ieepo\/wp-json\/wp\/v2\/pages\/1841","targetHints":{"allow":["GET"]}}],"collection":[{"href":"https:\/\/www.oaxaca.gob.mx\/ieepo\/wp-json\/wp\/v2\/pages"}],"about":[{"href":"https:\/\/www.oaxaca.gob.mx\/ieepo\/wp-json\/wp\/v2\/types\/page"}],"author":[{"embeddable":true,"href":"https:\/\/www.oaxaca.gob.mx\/ieepo\/wp-json\/wp\/v2\/users\/1"}],"replies":[{"embeddable":true,"href":"https:\/\/www.oaxaca.gob.mx\/ieepo\/wp-json\/wp\/v2\/comments?post=1841"}],"version-history":[{"count":0,"href":"https:\/\/www.oaxaca.gob.mx\/ieepo\/wp-json\/wp\/v2\/pages\/1841\/revisions"}],"wp:attachment":[{"href":"https:\/\/www.oaxaca.gob.mx\/ieepo\/wp-json\/wp\/v2\/media?parent=1841"}],"wp:term":[{"taxonomy":"category","embeddable":true,"href":"https:\/\/www.oaxaca.gob.mx\/ieepo\/wp-json\/wp\/v2\/categories?post=1841"},{"taxonomy":"post_tag","embeddable":true,"href":"https:\/\/www.oaxaca.gob.mx\/ieepo\/wp-json\/wp\/v2\/tags?post=1841"}],"curies":[{"name":"wp","href":"https:\/\/api.w.org\/{rel}","templated":true}]}}