{"id":1831,"date":"2018-10-15T11:44:14","date_gmt":"2018-10-15T17:44:14","guid":{"rendered":"https:\/\/www.oaxaca.gob.mx\/ieepo\/portal\/?page_id=1831"},"modified":"2022-09-27T09:38:18","modified_gmt":"2022-09-27T14:38:18","slug":"ver-bien-para-aprender-mejor","status":"publish","type":"page","link":"https:\/\/www.oaxaca.gob.mx\/ieepo\/ver-bien-para-aprender-mejor\/","title":{"rendered":"Ver bien para aprender mejor"},"content":{"rendered":"<div class=\"row\">\n<div class=\"col-md-8 col-sm-8 col-xs-12\">\n<p><strong style=\"font-weight: bold\">Misi\u00f3n:<\/strong><\/p>\n<p>Dotar de lentes gratuitamente a los alumnos de educaci\u00f3n primaria y secundaria de las escuelas p\u00fablicas del estado de Oaxaca que padecen problemas de agudeza visual, a fin de contribuir a evitar el bajo rendimiento, la reprobaci\u00f3n y la deserci\u00f3n escolar de los educandos.<\/p>\n<p><strong style=\"font-weight: bold\">Visi\u00f3n:<\/strong><\/p>\n<p>Ser un programa permanente, sustentado en el manejo trasparente de los recursos y la corresponsabilidad de la sociedad civil y el gobierno federal, estatal y municipal; obteniendo, por el uso de los anteojos, un resultado favorable en el aprovechamiento escolar, la deserci\u00f3n, la integraci\u00f3n social y familiar de los escolares sentando las bases para una cultura de la vista.<\/p>\n<\/div>\n<div class=\"col-md-4 col-sm-4 col-xs-12\">\n<p>&nbsp;<\/p>\n<p><a href=\"http:\/\/verbien.org.mx\/\" target=\"_blank\" rel=\"noopener noreferrer\"><img loading=\"lazy\" decoding=\"async\" class=\"img-responsive center-block\" src=\"\/ieepo\/wp-content\/uploads\/sites\/75\/2018\/10\/ver-bien.png\" alt=\"Ver bien.\" width=\"187\" height=\"187\"><\/a><\/p>\n<\/div>\n<\/div>\n<p><strong style=\"font-weight: bold\">Resultados<\/strong><\/p>\n<p>Durante 20 &nbsp;a\u00f1os de trabajo se han atendido a m\u00e1s de 753,000 alumnos benefici\u00e1ndose con lentes a 235,231&nbsp; hasta septiembre de&nbsp; 2018 en toda la entidad.<\/p>\n<p>Actualmente el programa depende de la Direcci\u00f3n de Desarrollo Educativo del Instituto Estatal de Educaci\u00f3n P\u00fablica de Oaxaca y funciona mediante acuerdo&nbsp; entre la Secretar\u00eda de Educaci\u00f3n P\u00fablica con el Gobierno Estatal y el Fideicomiso del Programa Nacional \u201cVer Bien para Aprender Mejor\u201d. Estas dependencias asumen el costo de los lentes en &nbsp;partes proporcionales.<\/p>\n<div class=\"row\">\n<div class=\"col-md-8 col-sm-8 col-xs-12\">\n<p><strong style=\"font-weight: bold\">Requisitos:<\/strong><\/p>\n<p>Revisi\u00f3n y reporte sobre el otorgamiento de becas escolares de educaci\u00f3n b\u00e1sica de Escuelas Particulares del Estado.<\/p>\n<p>Se deber\u00e1 presentar en este Departamento, dentro de los primeros 15 d\u00edas, iniciado el ciclo escolar la siguiente documentaci\u00f3n:<\/p>\n<ul class=\"listas-geo\">\n<li>Oficio pormenorizado sobre otorgamiento de becas, dirigido al director de Desarrollo Educativo.<\/li>\n<li>Acta constitutiva del Comit\u00e9 de becas de la escuela correspondiente.<\/li>\n<li>La convocatoria que la escuela emiti\u00f3, donde se dio a conocer el otorgamiento de becas.<\/li>\n<li>La ficha t\u00e9cnica sobre el otorgamiento de becas.<\/li>\n<li>Reporte sobre otorgamiento de becas en instituciones particulares.<\/li>\n<\/ul>\n<p>Brindar atenci\u00f3n optom\u00e9trica y dotar de anteojos de alta calidad a todos los ni\u00f1os y ni\u00f1as de primaria de las escuelas p\u00fablicas del estado de Oaxaca.<\/p>\n<p>Los maestros a trav\u00e9s de la detecci\u00f3n de los alumnos, realiza el examen y reporta a los alumnos reportados y en el t\u00e9rmino de un mes y medio se les hace estrega de sus lentes.<\/p>\n<\/div>\n<div class=\"col-md-4 col-sm-4 col-xs-12\">\n<p><strong style=\"font-weight: bold\"><br \/>\n20 A\u00d1OS DEL PROGRAMA \u201cVER BIEN PARA APRENDER MEJOR\u201c<\/strong><strong>&nbsp;<\/strong><strong>&nbsp;<\/strong><\/p>\n<table style=\"height: 724px\" width=\"321\">\n<tbody>\n<tr>\n<td width=\"151\"><strong style=\"font-weight: bold\">CICLO ESCOLAR<\/strong><\/td>\n<td width=\"227\"><strong style=\"font-weight: bold\">LENTES<\/strong><\/p>\n<p><strong style=\"font-family: inherit;font-size: inherit\">ENTREGADOS<\/strong><\/td>\n<\/tr>\n<tr>\n<td width=\"151\">1999-2000<\/td>\n<td width=\"227\">1,059<\/td>\n<\/tr>\n<tr>\n<td width=\"151\">2000-2001<\/td>\n<td width=\"227\">13,230<\/td>\n<\/tr>\n<tr>\n<td width=\"151\">2001-2002<\/td>\n<td width=\"227\">28,998<\/td>\n<\/tr>\n<tr>\n<td width=\"151\">2002-2003<\/td>\n<td width=\"227\">33,825<\/td>\n<\/tr>\n<tr>\n<td width=\"151\">2003-2004<\/td>\n<td width=\"227\">28,968<\/td>\n<\/tr>\n<tr>\n<td width=\"151\">2004-2005<\/td>\n<td width=\"227\">6,789<\/td>\n<\/tr>\n<tr>\n<td width=\"151\">2005-2006<\/td>\n<td width=\"227\">22,852<\/td>\n<\/tr>\n<tr>\n<td width=\"151\">2006-2007<\/td>\n<td width=\"227\">5,751<\/td>\n<\/tr>\n<tr>\n<td width=\"151\">2007- 2008<\/td>\n<td width=\"227\">10,761<\/td>\n<\/tr>\n<tr>\n<td width=\"151\">2008- 2009<\/td>\n<td width=\"227\">8,375<\/td>\n<\/tr>\n<tr>\n<td width=\"151\">2009- 2010<\/td>\n<td width=\"227\">7,520<\/td>\n<\/tr>\n<tr>\n<td width=\"151\">2010 -2011<\/td>\n<td width=\"227\">7,000<\/td>\n<\/tr>\n<tr>\n<td width=\"151\">2011 -2012<\/td>\n<td width=\"227\">7,846<\/td>\n<\/tr>\n<tr>\n<td width=\"151\">2012-2013<\/td>\n<td width=\"227\">17,563<\/td>\n<\/tr>\n<tr>\n<td width=\"151\">2013-2014<\/td>\n<td width=\"227\">6,443<\/td>\n<\/tr>\n<tr>\n<td width=\"151\">2014-2015<\/td>\n<td width=\"227\">15,923<\/td>\n<\/tr>\n<tr>\n<td width=\"151\">2015-2016<\/td>\n<td width=\"227\">10,685<\/td>\n<\/tr>\n<tr>\n<td width=\"151\">2016-2017<\/td>\n<td width=\"227\">224<\/td>\n<\/tr>\n<tr>\n<td width=\"151\">2017-2018<\/td>\n<td width=\"227\">857<\/td>\n<\/tr>\n<tr>\n<td width=\"151\">2018-2019<\/td>\n<td width=\"227\">562<\/td>\n<\/tr>\n<tr>\n<td width=\"151\"><strong>TOTAL<\/strong><\/td>\n<td width=\"227\">235,231<\/td>\n<\/tr>\n<\/tbody>\n<\/table>\n<\/div>\n<\/div>\n<p><strong>&nbsp;<a href=\"\/ieepo\/ver-bien-para-aprender-mejor\/concurso-nacional-ver-bien\/\" rel=\"attachment wp-att-1832\"><img loading=\"lazy\" decoding=\"async\" class=\"img-responsive center-block aligncenter\" src=\"\/ieepo\/wp-content\/uploads\/sites\/75\/2018\/10\/concurso-nacional-Ver-Bien--1024x661.jpeg\" alt=\"\" width=\"699\" height=\"451\"><\/a><\/strong><\/p>\n<p><strong>&nbsp;<\/strong><strong>Fotograf\u00eda de Oaxaca ganadora del&nbsp; 1er lugar en el concurso nacional #Ver Bien desde tus ojos del programa Ver Bien Para Aprender Mejor Nacional.<\/strong><\/p>\n<p><strong>&nbsp;<\/strong>Durante este ciclo escolar resultaron beneficiados con lentes gratuitos 1419 alumnos en 12 municipios afectados por los sismos de las regiones &nbsp;del Istmo y &nbsp;Costa, gracias al donativo de la Fundaci\u00f3n Warby Parker.<\/p>\n<div class=\"ytdelimitador\">\n<div class=\"ytcontenedor\">\n<\/div>\n<\/div>\n<p><strong style=\"font-weight: bold\">Cont\u00e1ctanos<\/strong><\/p>\n<p>Tel\u00e9fonos: 51 68971 y 51 30761 (Ext.113)<br \/>\nMtra. Silvia Toledo Flores<\/p>\n","protected":false},"excerpt":{"rendered":"excerpt","protected":false},"author":1,"featured_media":0,"parent":0,"menu_order":0,"comment_status":"closed","ping_status":"closed","template":"","meta":{"episode_type":"","audio_file":"","podmotor_file_id":"","podmotor_episode_id":"","cover_image":"","cover_image_id":"","duration":"","filesize":"","filesize_raw":"","date_recorded":"","explicit":"","block":"","footnotes":""},"categories":[],"tags":[],"class_list":["post-1831","page","type-page","status-publish","hentry"],"acf":[],"publishpress_future_action":{"enabled":false,"date":"2026-04-22 18:04:41","action":"change-status","newStatus":"draft","terms":[],"taxonomy":"category","extraData":[]},"publishpress_future_workflow_manual_trigger":{"enabledWorkflows":[]},"_links":{"self":[{"href":"https:\/\/www.oaxaca.gob.mx\/ieepo\/wp-json\/wp\/v2\/pages\/1831","targetHints":{"allow":["GET"]}}],"collection":[{"href":"https:\/\/www.oaxaca.gob.mx\/ieepo\/wp-json\/wp\/v2\/pages"}],"about":[{"href":"https:\/\/www.oaxaca.gob.mx\/ieepo\/wp-json\/wp\/v2\/types\/page"}],"author":[{"embeddable":true,"href":"https:\/\/www.oaxaca.gob.mx\/ieepo\/wp-json\/wp\/v2\/users\/1"}],"replies":[{"embeddable":true,"href":"https:\/\/www.oaxaca.gob.mx\/ieepo\/wp-json\/wp\/v2\/comments?post=1831"}],"version-history":[{"count":1,"href":"https:\/\/www.oaxaca.gob.mx\/ieepo\/wp-json\/wp\/v2\/pages\/1831\/revisions"}],"predecessor-version":[{"id":27239,"href":"https:\/\/www.oaxaca.gob.mx\/ieepo\/wp-json\/wp\/v2\/pages\/1831\/revisions\/27239"}],"wp:attachment":[{"href":"https:\/\/www.oaxaca.gob.mx\/ieepo\/wp-json\/wp\/v2\/media?parent=1831"}],"wp:term":[{"taxonomy":"category","embeddable":true,"href":"https:\/\/www.oaxaca.gob.mx\/ieepo\/wp-json\/wp\/v2\/categories?post=1831"},{"taxonomy":"post_tag","embeddable":true,"href":"https:\/\/www.oaxaca.gob.mx\/ieepo\/wp-json\/wp\/v2\/tags?post=1831"}],"curies":[{"name":"wp","href":"https:\/\/api.w.org\/{rel}","templated":true}]}}