{"id":1829,"date":"2018-10-15T11:20:17","date_gmt":"2018-10-15T17:20:17","guid":{"rendered":"https:\/\/www.oaxaca.gob.mx\/ieepo\/portal\/?page_id=1829"},"modified":"2019-11-15T14:07:01","modified_gmt":"2019-11-15T20:07:01","slug":"programa-de-educacion-inicial-no-escolarizada-del-conafe","status":"publish","type":"page","link":"https:\/\/www.oaxaca.gob.mx\/ieepo\/programa-de-educacion-inicial-no-escolarizada-del-conafe\/","title":{"rendered":"Programa de Educaci\u00f3n Inicial no Escolarizada del CONAFE"},"content":{"rendered":"<p><strong style=\"font-weight: bold\">Misi\u00f3n<\/strong><\/p>\n<p>El Programa de Educaci\u00f3n Inicial no Escolarizada del CONAFE busca favorecer el desarrollo de competencias de los ni\u00f1os y las ni\u00f1as de cero a cuatro a\u00f1os de edad mediante la formaci\u00f3n y orientaci\u00f3n de los padres de familia, agentes educativos y otros miembros de la comunidad para propiciar el mejoramiento de las pr\u00e1cticas de crianza mediante decisiones informadas.<\/p>\n<p><strong style=\"font-weight: bold\">Visi\u00f3n<\/strong><\/p>\n<p>El Programa de Educaci\u00f3n Inicial no Escolarizada del CONAFE habr\u00e1 propiciado que los padres, madres y responsables del cuidado de los ni\u00f1os de cero a cuatro a\u00f1os de las comunidades atendidas adquieran conocimientos, habilidades, actitudes y valores que les permitan reflexionar sobre sus pr\u00e1cticas de crianza y mejorarlas en beneficio del desarrollo de los ni\u00f1os y de la vida familiar.<\/p>\n<p><strong>\u00a0<\/strong><strong style=\"font-weight: bold\">Objetivo General <\/strong><\/p>\n<p>Acompa\u00f1ar la crianza de ni\u00f1as y ni\u00f1os, desde el periodo de gestaci\u00f3n y hasta los 3 a\u00f1os 11 meses de edad, mediante procesos reflexivos con madres, embarazadas, padres y\/o cuidadores en torno a sus acciones de crianza, a fin de propiciar interacciones significativas entre adultos y ni\u00f1os que favorezcan el desarrollo integral y el ejercicio de sus derechos.<\/p>\n<p><strong style=\"font-weight: bold\">Objetivos Espec\u00edficos<\/strong><\/p>\n<p>Fortalecer el desarrollo integral de los ni\u00f1os menores de 4 a\u00f1os de edad.<\/p>\n<ul class=\"listas-geo\">\n<li>Propiciar una cultura a favor de la primera infancia mediante la participaci\u00f3n de la familia y la comunidad en el cuidado y la educaci\u00f3n de los ni\u00f1os.<\/li>\n<li>Promover en las mujeres embarazadas el autocuidado y el establecimiento de v\u00ednculos afectivos con el bebe en gestaci\u00f3n.<\/li>\n<li>Impulsar la participaci\u00f3n de los hombres en la crianza de los infantes.<\/li>\n<li>Propiciar condiciones que favorezcan la transici\u00f3n de los ni\u00f1os de Educaci\u00f3n Inicial.<\/li>\n<\/ul>\n<p><strong style=\"font-weight: bold\">Vinculaci\u00f3n Con Dependencias<\/strong><\/p>\n<p><strong>\u00a0<\/strong>Comisi\u00f3n Estatal de cultura f\u00edsica y deporte (CECUDE), con el objetivo de fomentar la activaci\u00f3n f\u00edsica a trav\u00e9s de ejercicios pr\u00e1cticos entre los trabajadores de este programa y abatir el sedentarismo se inicio con el programa mu\u00e9vete.<\/p>\n<p>Polic\u00eda Federal. Con el objetivo de dotar a los asistentes de elementos suficientes para hacer frente a algunos de los problemas cotidianos con los que se enfrenta nuestra sociedad actualmente y los cu\u00e1les les permitir\u00e1n cimentar las bases para una mejor educaci\u00f3n desde la infancia, evitando cuestiones como la violencia, el acoso y la discriminaci\u00f3n, as\u00ed como tambi\u00e9n adquirir t\u00e9cnicas de defensa personal.<\/p>\n<p>Sistema Nacional de Protecci\u00f3n Integral de Ni\u00f1as, Ni\u00f1os y Adolescente. (SIPINNA), dar a conocer el enfoque de derechos de las ni\u00f1as, ni\u00f1os y adolescentes, as\u00ed como informar que se refiere el inter\u00e9s superior del ni\u00f1o.<\/p>\n<p><strong style=\"font-weight: bold\">Cont\u00e1ctanos<\/strong><br \/>\nTel\u00e9fonos (51 87222 y 5187159)<br \/>\nMtra. Flor Figueroa Parada<\/p>\n<p><strong>\u00a0<\/strong><\/p>\n<p><em>\u00a0<\/em><\/p>\n<p><em>\u00a0<\/em><\/p>\n","protected":false},"excerpt":{"rendered":"excerpt","protected":false},"author":1,"featured_media":0,"parent":0,"menu_order":0,"comment_status":"closed","ping_status":"closed","template":"","meta":{"episode_type":"","audio_file":"","podmotor_file_id":"","podmotor_episode_id":"","cover_image":"","cover_image_id":"","duration":"","filesize":"","filesize_raw":"","date_recorded":"","explicit":"","block":"","footnotes":""},"categories":[],"tags":[],"class_list":["post-1829","page","type-page","status-publish","hentry"],"acf":[],"publishpress_future_action":{"enabled":false,"date":"2026-04-24 02:58:03","action":"change-status","newStatus":"draft","terms":[],"taxonomy":"category","extraData":[]},"publishpress_future_workflow_manual_trigger":{"enabledWorkflows":[]},"_links":{"self":[{"href":"https:\/\/www.oaxaca.gob.mx\/ieepo\/wp-json\/wp\/v2\/pages\/1829","targetHints":{"allow":["GET"]}}],"collection":[{"href":"https:\/\/www.oaxaca.gob.mx\/ieepo\/wp-json\/wp\/v2\/pages"}],"about":[{"href":"https:\/\/www.oaxaca.gob.mx\/ieepo\/wp-json\/wp\/v2\/types\/page"}],"author":[{"embeddable":true,"href":"https:\/\/www.oaxaca.gob.mx\/ieepo\/wp-json\/wp\/v2\/users\/1"}],"replies":[{"embeddable":true,"href":"https:\/\/www.oaxaca.gob.mx\/ieepo\/wp-json\/wp\/v2\/comments?post=1829"}],"version-history":[{"count":1,"href":"https:\/\/www.oaxaca.gob.mx\/ieepo\/wp-json\/wp\/v2\/pages\/1829\/revisions"}],"predecessor-version":[{"id":9574,"href":"https:\/\/www.oaxaca.gob.mx\/ieepo\/wp-json\/wp\/v2\/pages\/1829\/revisions\/9574"}],"wp:attachment":[{"href":"https:\/\/www.oaxaca.gob.mx\/ieepo\/wp-json\/wp\/v2\/media?parent=1829"}],"wp:term":[{"taxonomy":"category","embeddable":true,"href":"https:\/\/www.oaxaca.gob.mx\/ieepo\/wp-json\/wp\/v2\/categories?post=1829"},{"taxonomy":"post_tag","embeddable":true,"href":"https:\/\/www.oaxaca.gob.mx\/ieepo\/wp-json\/wp\/v2\/tags?post=1829"}],"curies":[{"name":"wp","href":"https:\/\/api.w.org\/{rel}","templated":true}]}}