{"id":1822,"date":"2018-10-15T10:59:19","date_gmt":"2018-10-15T16:59:19","guid":{"rendered":"https:\/\/www.oaxaca.gob.mx\/ieepo\/portal\/?page_id=1822"},"modified":"2018-10-15T10:59:19","modified_gmt":"2018-10-15T16:59:19","slug":"prospera-programa-de-inclusion-social","status":"publish","type":"page","link":"https:\/\/www.oaxaca.gob.mx\/ieepo\/prospera-programa-de-inclusion-social\/","title":{"rendered":"Prospera programa de inclusi\u00f3n social."},"content":{"rendered":"<p>\t\t\t\tEste programa cuenta con Reglas de Operaci\u00f3n aprobadas a trav\u00e9s de un colegiado que encabeza el Secretario de Hacienda y Cr\u00e9dito P\u00fablico, considerando lo establecido en los art\u00edculos 3\u00ba\u00a0 y 4\u00ba\u00a0 de la Constituci\u00f3n Pol\u00edtica de los Estados Unidos Mexicanos, as\u00ed como lo establecido en la Ley General de Desarrollo Social.<\/p>\n<p>Derivado de esto emanan las Corresponsabilidades y facultades referentes al Sector Educativo en Educaci\u00f3n B\u00e1sica y CAM Laboral, en el que el Instituto Estatal de Educaci\u00f3n P\u00fablica de Oaxaca participa puntualmente a trav\u00e9s del equipo de <strong style=\"font-weight: bold\">Enlace IEEPO-PROSPERA<\/strong>, seg\u00fan el numeral:<\/p>\n<p><strong style=\"font-weight: bold\">4.2.3.2. Certificaci\u00f3n del Cumplimiento de Corresponsabilidades a los Servicios Educativos de Primaria, Secundaria.<\/strong><\/p>\n<p>Para la certificaci\u00f3n del cumplimiento de las acciones de corresponsabilidad en primaria y secundaria, las Delegaciones Estatales del Programa Prospera entregar\u00e1n al sector educativo los formatos (E1) y (E2) por escuela, los cuales una vez certificados deben ser devueltos a las Delegaciones Estatales del Programa, para su procesamiento.<\/p>\n<p>El Programa orienta sus acciones a apoyar la inscripci\u00f3n, permanencia y asistencia regular a la educaci\u00f3n primaria y secundaria de las hijas e hijos de las familias beneficiarias, asignadas al Esquema de Apoyos con Corresponsabilidad, disminuyendo la deserci\u00f3n escolar.<\/p>\n<p>&nbsp;<\/p>\n<p><strong style=\"font-weight: bold\">Importancia de la labor de las y los profesores, directoras y directores de las escuelas de educaci\u00f3n primaria, secundaria y cam laboral.<\/strong><\/p>\n<p><strong>El IEEPO<\/strong> a trav\u00e9s de este personal docente brindan un gran apoyo para las familias beneficiarias del Programa en tres aspectos fundamentales:<\/p>\n<ul class=\"listas-geo\">\n<li>Certificando la inscripci\u00f3n de las ni\u00f1as y ni\u00f1os, mediante el registro correcto de los datos de cada uno de ellos en el formato de certificaci\u00f3n de inscripci\u00f3n a primaria o secundaria (formato E1), o por medio de una Constancia de Inscripci\u00f3n.<\/li>\n<li>Promoviendo la asistencia regular de las alumnas y los alumnos a clases, y el mejoramiento de su aprendizaje.<\/li>\n<li>Registrando el n\u00famero de faltas injustificadas de las alumnas y los alumnos en el formato de Certificaci\u00f3n de cumplimiento de asistencia a primaria y secundaria (Formatos E2), y a trav\u00e9s de Avisos de Asistencia.<\/li>\n<\/ul>\n<div class=\"row\">\n<div class=\"col-md-6 col-sm-6 col-xs-12\">\n<p><strong style=\"font-weight: bold\">El Enlace IEEPO-PROSPERA atiende a:<\/strong><\/p>\n<ul class=\"listas-geo\">\n<li>4,947 Escuelas Primarias<\/li>\n<li>2,204 Escuelas Secundarias<\/li>\n<li>53 Centros de Atenci\u00f3n M\u00faltiple<\/li>\n<\/ul>\n<\/div>\n<div class=\"col-md-6 col-sm-6 col-xs-12\">\n<strong style=\"font-weight: bold\">Cont\u00e1ctanos<\/strong><br \/>\nTel\u00e9fonos: 51 68971 y 51 30761 (ext.112)<br \/>\nLic. Carlos Alfredo Avenda\u00f1o G\u00f3mez<\/p>\n<\/div>\n<\/div>\n","protected":false},"excerpt":{"rendered":"excerpt","protected":false},"author":1,"featured_media":0,"parent":0,"menu_order":0,"comment_status":"closed","ping_status":"closed","template":"","meta":{"episode_type":"","audio_file":"","podmotor_file_id":"","podmotor_episode_id":"","cover_image":"","cover_image_id":"","duration":"","filesize":"","filesize_raw":"","date_recorded":"","explicit":"","block":"","footnotes":""},"categories":[],"tags":[],"class_list":["post-1822","page","type-page","status-publish","hentry"],"acf":[],"publishpress_future_action":{"enabled":false,"date":"2026-04-24 04:31:09","action":"change-status","newStatus":"draft","terms":[],"taxonomy":"category","extraData":[]},"publishpress_future_workflow_manual_trigger":{"enabledWorkflows":[]},"_links":{"self":[{"href":"https:\/\/www.oaxaca.gob.mx\/ieepo\/wp-json\/wp\/v2\/pages\/1822","targetHints":{"allow":["GET"]}}],"collection":[{"href":"https:\/\/www.oaxaca.gob.mx\/ieepo\/wp-json\/wp\/v2\/pages"}],"about":[{"href":"https:\/\/www.oaxaca.gob.mx\/ieepo\/wp-json\/wp\/v2\/types\/page"}],"author":[{"embeddable":true,"href":"https:\/\/www.oaxaca.gob.mx\/ieepo\/wp-json\/wp\/v2\/users\/1"}],"replies":[{"embeddable":true,"href":"https:\/\/www.oaxaca.gob.mx\/ieepo\/wp-json\/wp\/v2\/comments?post=1822"}],"version-history":[{"count":0,"href":"https:\/\/www.oaxaca.gob.mx\/ieepo\/wp-json\/wp\/v2\/pages\/1822\/revisions"}],"wp:attachment":[{"href":"https:\/\/www.oaxaca.gob.mx\/ieepo\/wp-json\/wp\/v2\/media?parent=1822"}],"wp:term":[{"taxonomy":"category","embeddable":true,"href":"https:\/\/www.oaxaca.gob.mx\/ieepo\/wp-json\/wp\/v2\/categories?post=1822"},{"taxonomy":"post_tag","embeddable":true,"href":"https:\/\/www.oaxaca.gob.mx\/ieepo\/wp-json\/wp\/v2\/tags?post=1822"}],"curies":[{"name":"wp","href":"https:\/\/api.w.org\/{rel}","templated":true}]}}