{"id":1813,"date":"2018-10-15T10:19:36","date_gmt":"2018-10-15T16:19:36","guid":{"rendered":"https:\/\/www.oaxaca.gob.mx\/ieepo\/portal\/?page_id=1813"},"modified":"2022-09-28T16:23:50","modified_gmt":"2022-09-28T21:23:50","slug":"unidad-de-programas","status":"publish","type":"page","link":"https:\/\/www.oaxaca.gob.mx\/ieepo\/unidad-de-programas\/","title":{"rendered":"Unidad de Programas"},"content":{"rendered":"<p>\t\t\t\tLa Unidad de Programas de la Direcci\u00f3n de Desarrollo Educativo del IEEPO, promueve y opera programas que buscan elevar la calidad del proceso ense\u00f1anza-aprendizaje; contribuir y disminuir el rezago en las condiciones f\u00edsicas de las escuelas p\u00fablicas de educaci\u00f3n b\u00e1sica; fortalecer la autonom\u00eda de la gesti\u00f3n escolar con un enfoque de calidad y equidad; y contribuir a la reducci\u00f3n del rezago educativo mediante el otorgamiento de becas a ni\u00f1as y j\u00f3venes en situaci\u00f3n de vulnerabilidad agravada por embarazo y\u00a0 maternidad, contribuyendo as\u00ed al desarrollo del Sistema B\u00e1sico de Mejora Educativa.<\/p>\n<p>Los programas que est\u00e1 Unidad ejecuta en nuestro estado son los siguientes:<\/p>\n<ul class=\"listas-geo\">\n<li><a href=\"\/ieepo\/prospera-programa-de-inclusion-social\/\"><strong>Prospera programa de inclusi\u00f3n social.<\/strong><strong>\u00a0<\/strong><\/a><\/li>\n<\/ul>\n<\/li>\n<li><a href=\"\/ieepo\/programa-de-educacion-inicial-no-escolarizada-del-conafe\/\">Educaci\u00f3n inicial no escolarizada del CONAFE<\/a><\/li>\n<li><a href=\"\/ieepo\/ver-bien-para-aprender-mejor\/\">Ver bien para aprender mejor<\/a><\/li>\n<li><a href=\"\/ieepo\/sigamos-aprendiendoen-el-hospital\/\">Sigamos aprendiendo en el hospital<\/a><\/li>\n<\/ul>\n<p>&nbsp;<\/p>\n<p>&nbsp;\t\t<\/p>\n","protected":false},"excerpt":{"rendered":"excerpt","protected":false},"author":1,"featured_media":0,"parent":0,"menu_order":0,"comment_status":"closed","ping_status":"closed","template":"","meta":{"episode_type":"","audio_file":"","podmotor_file_id":"","podmotor_episode_id":"","cover_image":"","cover_image_id":"","duration":"","filesize":"","filesize_raw":"","date_recorded":"","explicit":"","block":"","footnotes":""},"categories":[],"tags":[],"class_list":["post-1813","page","type-page","status-publish","hentry"],"acf":[],"publishpress_future_action":{"enabled":false,"date":"2026-04-29 02:45:37","action":"change-status","newStatus":"draft","terms":[],"taxonomy":"category","extraData":[]},"publishpress_future_workflow_manual_trigger":{"enabledWorkflows":[]},"_links":{"self":[{"href":"https:\/\/www.oaxaca.gob.mx\/ieepo\/wp-json\/wp\/v2\/pages\/1813","targetHints":{"allow":["GET"]}}],"collection":[{"href":"https:\/\/www.oaxaca.gob.mx\/ieepo\/wp-json\/wp\/v2\/pages"}],"about":[{"href":"https:\/\/www.oaxaca.gob.mx\/ieepo\/wp-json\/wp\/v2\/types\/page"}],"author":[{"embeddable":true,"href":"https:\/\/www.oaxaca.gob.mx\/ieepo\/wp-json\/wp\/v2\/users\/1"}],"replies":[{"embeddable":true,"href":"https:\/\/www.oaxaca.gob.mx\/ieepo\/wp-json\/wp\/v2\/comments?post=1813"}],"version-history":[{"count":1,"href":"https:\/\/www.oaxaca.gob.mx\/ieepo\/wp-json\/wp\/v2\/pages\/1813\/revisions"}],"predecessor-version":[{"id":27271,"href":"https:\/\/www.oaxaca.gob.mx\/ieepo\/wp-json\/wp\/v2\/pages\/1813\/revisions\/27271"}],"wp:attachment":[{"href":"https:\/\/www.oaxaca.gob.mx\/ieepo\/wp-json\/wp\/v2\/media?parent=1813"}],"wp:term":[{"taxonomy":"category","embeddable":true,"href":"https:\/\/www.oaxaca.gob.mx\/ieepo\/wp-json\/wp\/v2\/categories?post=1813"},{"taxonomy":"post_tag","embeddable":true,"href":"https:\/\/www.oaxaca.gob.mx\/ieepo\/wp-json\/wp\/v2\/tags?post=1813"}],"curies":[{"name":"wp","href":"https:\/\/api.w.org\/{rel}","templated":true}]}}