{"id":18,"date":"2018-08-20T05:13:30","date_gmt":"2018-08-20T05:13:30","guid":{"rendered":"https:\/\/www.oaxaca.gob.mx\/ieepo\/portal\/?page_id=18"},"modified":"2018-08-20T05:13:30","modified_gmt":"2018-08-20T05:13:30","slug":"objetivos","status":"publish","type":"page","link":"https:\/\/www.oaxaca.gob.mx\/ieepo\/objetivos\/","title":{"rendered":"Objetivos"},"content":{"rendered":"<p>\t\t\t\t<strong>OBTETIVO DEL INSTITUTO ESTATAL DE EDUCACI\u00d3N P\u00daBLICA DE OAXACA (IEEPO)<\/strong><\/p>\n<p>Prestar los servicios de educaci\u00f3n inicial, b\u00e1sica incluyendo ind\u00edgena, especial, as\u00ed como la normal y dem\u00e1s para la formaci\u00f3n de maestros, en el marco de los principios establecidos por el art\u00edculo 3o. de la Constituci\u00f3n Federal, la Ley General del Servicio Profesional Docente y la Ley del Instituto Nacional para la Evaluaci\u00f3n de la Educaci\u00f3n, para garantizar la calidad en la educaci\u00f3n obligatoria, con base en el mejoramiento constante y el m\u00e1ximo logro acad\u00e9mico de los educandos.<\/p>\n<p><strong>Referencia:<\/strong><br \/>\nLey de Educaci\u00f3n del Estado libre y Soberano de Oaxaca (Articulo 21)<br \/>\nReglamento Interno del Instituto Estatal de Educaci\u00f3n P\u00fablica de Oaxaca (Articulo 2)<\/p>\n","protected":false},"excerpt":{"rendered":"excerpt","protected":false},"author":1,"featured_media":0,"parent":0,"menu_order":0,"comment_status":"closed","ping_status":"closed","template":"","meta":{"episode_type":"","audio_file":"","podmotor_file_id":"","podmotor_episode_id":"","cover_image":"","cover_image_id":"","duration":"","filesize":"","filesize_raw":"","date_recorded":"","explicit":"","block":"","footnotes":""},"categories":[],"tags":[],"class_list":["post-18","page","type-page","status-publish","hentry"],"acf":[],"publishpress_future_action":{"enabled":false,"date":"2026-05-11 07:42:21","action":"change-status","newStatus":"draft","terms":[],"taxonomy":"category","extraData":[]},"publishpress_future_workflow_manual_trigger":{"enabledWorkflows":[]},"_links":{"self":[{"href":"https:\/\/www.oaxaca.gob.mx\/ieepo\/wp-json\/wp\/v2\/pages\/18","targetHints":{"allow":["GET"]}}],"collection":[{"href":"https:\/\/www.oaxaca.gob.mx\/ieepo\/wp-json\/wp\/v2\/pages"}],"about":[{"href":"https:\/\/www.oaxaca.gob.mx\/ieepo\/wp-json\/wp\/v2\/types\/page"}],"author":[{"embeddable":true,"href":"https:\/\/www.oaxaca.gob.mx\/ieepo\/wp-json\/wp\/v2\/users\/1"}],"replies":[{"embeddable":true,"href":"https:\/\/www.oaxaca.gob.mx\/ieepo\/wp-json\/wp\/v2\/comments?post=18"}],"version-history":[{"count":0,"href":"https:\/\/www.oaxaca.gob.mx\/ieepo\/wp-json\/wp\/v2\/pages\/18\/revisions"}],"wp:attachment":[{"href":"https:\/\/www.oaxaca.gob.mx\/ieepo\/wp-json\/wp\/v2\/media?parent=18"}],"wp:term":[{"taxonomy":"category","embeddable":true,"href":"https:\/\/www.oaxaca.gob.mx\/ieepo\/wp-json\/wp\/v2\/categories?post=18"},{"taxonomy":"post_tag","embeddable":true,"href":"https:\/\/www.oaxaca.gob.mx\/ieepo\/wp-json\/wp\/v2\/tags?post=18"}],"curies":[{"name":"wp","href":"https:\/\/api.w.org\/{rel}","templated":true}]}}