{"id":1774,"date":"2018-10-12T10:57:57","date_gmt":"2018-10-12T16:57:57","guid":{"rendered":"https:\/\/www.oaxaca.gob.mx\/ieepo\/portal\/?page_id=1774"},"modified":"2018-10-12T10:57:57","modified_gmt":"2018-10-12T16:57:57","slug":"requisitos-para-ingresar-al-programa","status":"publish","type":"page","link":"https:\/\/www.oaxaca.gob.mx\/ieepo\/requisitos-para-ingresar-al-programa\/","title":{"rendered":"Requisitos para ingresar al programa"},"content":{"rendered":"<ul class=\"listas-geo\">\n<li>La escuela o supervisi\u00f3n escolar presentar\u00e1n una solicitud por escrito dirigida a la Lic. Bel\u00e9n Morales Bautista (Directora para la Mejora de la Convivencia Escolar), donde solicitan su incorporaci\u00f3n al programa.<\/li>\n<li>La escuela se compromete a entregar la documentaci\u00f3n correspondiente<br \/>\n<a href=\"http:\/\/www.ieepo.oaxaca.gob.mx\/Transparencia\/Tramites\/DPMCE\/Carta compromiso.docx\" rel=\"attachment wp-att-712\">Carta compromiso<\/a><br \/>\nActa de conformaci\u00f3n de los Consejos Escolares de Participaci\u00f3n Social \u2013CEPS- que incluya al Comit\u00e9 para la Mejora de la Convivencia Escolar, Comit\u00e9 de Contralor\u00eda Social y Estad\u00edstica inicial del presente ciclo escolar en los tiempos establecidos por el programa)<\/li>\n<li>La escuela se compromete a dar el uso para el que esta destinado el material y asistir a los talleres acordados con el programa<\/li>\n<\/ul>\n<div class=\"row\">\n<div class=\"col-md-3 col-sm-3 col-xs-12\">\n<\/div>\n<div class=\"col-md-3 col-sm-3 col-xs-12\">\n<a href=\"\/ieepo\/wp-content\/uploads\/sites\/75\/2018\/10\/TripticoProgramaNacinal.pdf\" target=\"_blank\" rel=\"attachment wp-att-1764 noopener noreferrer\"><img loading=\"lazy\" decoding=\"async\" class=\"img-responsive center-block\" src=\"\/ieepo\/wp-content\/uploads\/sites\/75\/2018\/10\/boton.png\" alt=\"\" width=\"400\" height=\"90\" \/><\/a>\n<\/div>\n<\/div>\n","protected":false},"excerpt":{"rendered":"excerpt","protected":false},"author":1,"featured_media":0,"parent":0,"menu_order":0,"comment_status":"closed","ping_status":"closed","template":"","meta":{"episode_type":"","audio_file":"","podmotor_file_id":"","podmotor_episode_id":"","cover_image":"","cover_image_id":"","duration":"","filesize":"","filesize_raw":"","date_recorded":"","explicit":"","block":"","footnotes":""},"categories":[],"tags":[],"class_list":["post-1774","page","type-page","status-publish","hentry"],"acf":[],"publishpress_future_action":{"enabled":false,"date":"2026-05-11 07:42:38","action":"change-status","newStatus":"draft","terms":[],"taxonomy":"category","extraData":[]},"publishpress_future_workflow_manual_trigger":{"enabledWorkflows":[]},"_links":{"self":[{"href":"https:\/\/www.oaxaca.gob.mx\/ieepo\/wp-json\/wp\/v2\/pages\/1774","targetHints":{"allow":["GET"]}}],"collection":[{"href":"https:\/\/www.oaxaca.gob.mx\/ieepo\/wp-json\/wp\/v2\/pages"}],"about":[{"href":"https:\/\/www.oaxaca.gob.mx\/ieepo\/wp-json\/wp\/v2\/types\/page"}],"author":[{"embeddable":true,"href":"https:\/\/www.oaxaca.gob.mx\/ieepo\/wp-json\/wp\/v2\/users\/1"}],"replies":[{"embeddable":true,"href":"https:\/\/www.oaxaca.gob.mx\/ieepo\/wp-json\/wp\/v2\/comments?post=1774"}],"version-history":[{"count":0,"href":"https:\/\/www.oaxaca.gob.mx\/ieepo\/wp-json\/wp\/v2\/pages\/1774\/revisions"}],"wp:attachment":[{"href":"https:\/\/www.oaxaca.gob.mx\/ieepo\/wp-json\/wp\/v2\/media?parent=1774"}],"wp:term":[{"taxonomy":"category","embeddable":true,"href":"https:\/\/www.oaxaca.gob.mx\/ieepo\/wp-json\/wp\/v2\/categories?post=1774"},{"taxonomy":"post_tag","embeddable":true,"href":"https:\/\/www.oaxaca.gob.mx\/ieepo\/wp-json\/wp\/v2\/tags?post=1774"}],"curies":[{"name":"wp","href":"https:\/\/api.w.org\/{rel}","templated":true}]}}