{"id":17588,"date":"2020-11-13T16:13:40","date_gmt":"2020-11-13T22:13:40","guid":{"rendered":"https:\/\/www.oaxaca.gob.mx\/ieepo\/?page_id=17588"},"modified":"2022-12-15T14:36:55","modified_gmt":"2022-12-15T20:36:55","slug":"materiales-para-la-estrategia-de-educacion-a-distancia-de-educacion-especial","status":"publish","type":"page","link":"https:\/\/www.oaxaca.gob.mx\/ieepo\/materiales-para-la-estrategia-de-educacion-a-distancia-de-educacion-especial\/","title":{"rendered":"Materiales para la estrategia de educaci\u00f3n a distancia de educaci\u00f3n especial"},"content":{"rendered":"<div class=\"row\">\n<div class=\"col-lg-6 col-md-4 col-sm-4 col-xs-12\">\n<p><a href=\"https:\/\/www.oaxaca.gob.mx\/ieepo\/wp-content\/uploads\/sites\/75\/2021\/01\/CUADERNILLO-FMS.pdf\" target=\"_blank\" rel=\"attachment wp-att-432 noopener noreferrer\"><img loading=\"lazy\" decoding=\"async\" class=\"aligncenter size-full wp-image-432\" src=\"https:\/\/www.oaxaca.gob.mx\/ieepo\/wp-content\/uploads\/sites\/75\/2022\/12\/CUADERNILLO-FMS.png\" alt=\"\" width=\"320\" height=\"220\" \/><\/a><br \/>\nCuadernillo de actividades para estimular las funciones mentales superiores.<\/p>\n<div class=\"wp-block-file\"><a class=\"wp-block-file__button\" href=\"https:\/\/www.oaxaca.gob.mx\/ieepo\/wp-content\/uploads\/sites\/75\/2021\/01\/CUADERNILLO-FMS.pdf\">Descarga<\/a><\/div>\n<\/div>\n<div class=\"col-lg-6 col-md-4 col-sm-4 col-xs-12\">\n<\/div>\n<\/div>\n<div class=\"row\">\n<div class=\"col-lg-6 col-md-4 col-sm-4 col-xs-12\">\n<p><a href=\"https:\/\/www.oaxaca.gob.mx\/ieepo\/wp-content\/uploads\/sites\/75\/2020\/11\/Guia-de-orientacion-para-familias-de-ninos-con-Trastorno-del-Espectro-Autista-y-otros-Trastornos-del-Neurodesarrollo.-2020-Oaxaca-IEEPO_compressed.pdf\" target=\"_blank\" rel=\"attachment wp-att-432 noopener noreferrer\"><img loading=\"lazy\" decoding=\"async\" class=\"aligncenter size-full wp-image-432\" src=\"https:\/\/www.oaxaca.gob.mx\/ieepo\/wp-content\/uploads\/sites\/75\/2022\/12\/guia-para-familias.png\" alt=\"\" width=\"320\" height=\"220\" \/><\/a><br \/>\nGu\u00eda de orientaci\u00f3n para familias de ni\u00f1os con Trastorno del Espectro Autista y otros Trastornos del Neurodesarrollo.<\/p>\n<div class=\"wp-block-file\"><a class=\"wp-block-file__button\" href=\"https:\/\/www.oaxaca.gob.mx\/ieepo\/wp-content\/uploads\/sites\/75\/2020\/11\/Guia-de-orientacion-para-familias-de-ninos-con-Trastorno-del-Espectro-Autista-y-otros-Trastornos-del-Neurodesarrollo.-2020-Oaxaca-IEEPO_compressed.pdf\">Descarga<\/a><\/div>\n<\/div>\n<div class=\"col-lg-6 col-md-4 col-sm-4 col-xs-12\">\n<p><a href=\"https:\/\/www.oaxaca.gob.mx\/ieepo\/wp-content\/uploads\/sites\/75\/2020\/11\/Oax_Act_paraHabilidadesAdaptativas.pdf\" target=\"_blank\" rel=\"attachment wp-att-432 noopener noreferrer\"><img loading=\"lazy\" decoding=\"async\" class=\"aligncenter size-full wp-image-432\" src=\"https:\/\/www.oaxaca.gob.mx\/ieepo\/wp-content\/uploads\/sites\/75\/2022\/12\/Cuadernillo-apoyo-.png\" alt=\"\" width=\"320\" height=\"220\" \/><\/a>Cuadernillo de apoyo:<br \/>\nActividades para el desarrollo de las habilidades adaptativas.<\/p>\n<div class=\"wp-block-file\"><a class=\"wp-block-file__button\" href=\"https:\/\/www.oaxaca.gob.mx\/ieepo\/wp-content\/uploads\/sites\/75\/2020\/11\/Oax_Act_paraHabilidadesAdaptativas.pdf\">Descarga<\/a><\/div>\n<\/div>\n<\/div>\n","protected":false},"excerpt":{"rendered":"excerpt","protected":false},"author":87,"featured_media":0,"parent":0,"menu_order":0,"comment_status":"closed","ping_status":"closed","template":"","meta":{"episode_type":"","audio_file":"","podmotor_file_id":"","podmotor_episode_id":"","cover_image":"","cover_image_id":"","duration":"","filesize":"","filesize_raw":"","date_recorded":"","explicit":"","block":"","footnotes":""},"categories":[],"tags":[],"class_list":["post-17588","page","type-page","status-publish","hentry"],"acf":[],"publishpress_future_action":{"enabled":false,"date":"2026-05-24 07:46:05","action":"change-status","newStatus":"draft","terms":[],"taxonomy":"category","extraData":[]},"publishpress_future_workflow_manual_trigger":{"enabledWorkflows":[]},"_links":{"self":[{"href":"https:\/\/www.oaxaca.gob.mx\/ieepo\/wp-json\/wp\/v2\/pages\/17588","targetHints":{"allow":["GET"]}}],"collection":[{"href":"https:\/\/www.oaxaca.gob.mx\/ieepo\/wp-json\/wp\/v2\/pages"}],"about":[{"href":"https:\/\/www.oaxaca.gob.mx\/ieepo\/wp-json\/wp\/v2\/types\/page"}],"author":[{"embeddable":true,"href":"https:\/\/www.oaxaca.gob.mx\/ieepo\/wp-json\/wp\/v2\/users\/87"}],"replies":[{"embeddable":true,"href":"https:\/\/www.oaxaca.gob.mx\/ieepo\/wp-json\/wp\/v2\/comments?post=17588"}],"version-history":[{"count":8,"href":"https:\/\/www.oaxaca.gob.mx\/ieepo\/wp-json\/wp\/v2\/pages\/17588\/revisions"}],"predecessor-version":[{"id":28460,"href":"https:\/\/www.oaxaca.gob.mx\/ieepo\/wp-json\/wp\/v2\/pages\/17588\/revisions\/28460"}],"wp:attachment":[{"href":"https:\/\/www.oaxaca.gob.mx\/ieepo\/wp-json\/wp\/v2\/media?parent=17588"}],"wp:term":[{"taxonomy":"category","embeddable":true,"href":"https:\/\/www.oaxaca.gob.mx\/ieepo\/wp-json\/wp\/v2\/categories?post=17588"},{"taxonomy":"post_tag","embeddable":true,"href":"https:\/\/www.oaxaca.gob.mx\/ieepo\/wp-json\/wp\/v2\/tags?post=17588"}],"curies":[{"name":"wp","href":"https:\/\/api.w.org\/{rel}","templated":true}]}}