{"id":1741,"date":"2018-10-12T08:07:21","date_gmt":"2018-10-12T14:07:21","guid":{"rendered":"https:\/\/www.oaxaca.gob.mx\/ieepo\/portal\/?page_id=1741"},"modified":"2023-03-28T08:38:36","modified_gmt":"2023-03-28T14:38:36","slug":"departamento-de-prevencion","status":"publish","type":"page","link":"https:\/\/www.oaxaca.gob.mx\/ieepo\/departamento-de-prevencion\/","title":{"rendered":"Departamento de Prevenci\u00f3n"},"content":{"rendered":"<p>\t\t\t\t<strong style=\"font-weight: bold\">OBJETIVO GENERAL:<\/strong><\/p>\n<p>Promover y concientizar en los agentes que intervengan en la educaci\u00f3n de nivel b\u00e1sico, estrategias de sensibilizaci\u00f3n para una sana y pac\u00edfica convivencia, con la finalidad de prevenir actos de violencia Escolar en cualquiera de sus modalidades,<\/p>\n<p><strong style=\"font-weight: bold\">POBLACI\u00d3N OBJETIVO:<\/strong><br \/>\nPersonal docente, directivos, administrativos, madres, padres de familia, tutoras, tutores y alumnado de nivel b\u00e1sico formal e ind\u00edgena de:  preescolar, primaria y secundaria.<\/p>\n<p><strong style=\"font-weight: bold\">EJES TRANSVERSALES:<\/strong><br \/>\n\u2022 Acoso Escolar.<br \/>\n\u2022 Violencia Escolar.<br \/>\n\u2022 Cultura de Paz.<br \/>\n\u2022 Habilidades Socioemocionales.<\/p>\n<p><strong style=\"font-weight: bold\">MODALIDADES DE INTERVENCI\u00d3N:<\/strong><br \/>\n\u2022 Por canalizaci\u00f3n del Departamento de Seguimiento a Casos.<br \/>\n\u2022 Por solicitud de las escuelas.\t\t<\/p>\n","protected":false},"excerpt":{"rendered":"excerpt","protected":false},"author":1,"featured_media":0,"parent":0,"menu_order":0,"comment_status":"closed","ping_status":"closed","template":"","meta":{"episode_type":"","audio_file":"","podmotor_file_id":"","podmotor_episode_id":"","cover_image":"","cover_image_id":"","duration":"","filesize":"","filesize_raw":"","date_recorded":"","explicit":"","block":"","footnotes":""},"categories":[],"tags":[],"class_list":["post-1741","page","type-page","status-publish","hentry"],"acf":[],"publishpress_future_action":{"enabled":false,"date":"2026-05-08 00:28:32","action":"change-status","newStatus":"draft","terms":[],"taxonomy":"category","extraData":[]},"publishpress_future_workflow_manual_trigger":{"enabledWorkflows":[]},"_links":{"self":[{"href":"https:\/\/www.oaxaca.gob.mx\/ieepo\/wp-json\/wp\/v2\/pages\/1741","targetHints":{"allow":["GET"]}}],"collection":[{"href":"https:\/\/www.oaxaca.gob.mx\/ieepo\/wp-json\/wp\/v2\/pages"}],"about":[{"href":"https:\/\/www.oaxaca.gob.mx\/ieepo\/wp-json\/wp\/v2\/types\/page"}],"author":[{"embeddable":true,"href":"https:\/\/www.oaxaca.gob.mx\/ieepo\/wp-json\/wp\/v2\/users\/1"}],"replies":[{"embeddable":true,"href":"https:\/\/www.oaxaca.gob.mx\/ieepo\/wp-json\/wp\/v2\/comments?post=1741"}],"version-history":[{"count":2,"href":"https:\/\/www.oaxaca.gob.mx\/ieepo\/wp-json\/wp\/v2\/pages\/1741\/revisions"}],"predecessor-version":[{"id":29257,"href":"https:\/\/www.oaxaca.gob.mx\/ieepo\/wp-json\/wp\/v2\/pages\/1741\/revisions\/29257"}],"wp:attachment":[{"href":"https:\/\/www.oaxaca.gob.mx\/ieepo\/wp-json\/wp\/v2\/media?parent=1741"}],"wp:term":[{"taxonomy":"category","embeddable":true,"href":"https:\/\/www.oaxaca.gob.mx\/ieepo\/wp-json\/wp\/v2\/categories?post=1741"},{"taxonomy":"post_tag","embeddable":true,"href":"https:\/\/www.oaxaca.gob.mx\/ieepo\/wp-json\/wp\/v2\/tags?post=1741"}],"curies":[{"name":"wp","href":"https:\/\/api.w.org\/{rel}","templated":true}]}}