{"id":16,"date":"2018-08-20T05:13:11","date_gmt":"2018-08-20T05:13:11","guid":{"rendered":"https:\/\/www.oaxaca.gob.mx\/ieepo\/portal\/?page_id=16"},"modified":"2021-11-11T10:37:10","modified_gmt":"2021-11-11T16:37:10","slug":"mision-y-vision","status":"publish","type":"page","link":"https:\/\/www.oaxaca.gob.mx\/ieepo\/mision-y-vision\/","title":{"rendered":"Misi\u00f3n, Visi\u00f3n y Objetivos"},"content":{"rendered":"<p><strong style=\"font-weight: bold\">Misi\u00f3n<\/strong><\/p>\n<p>Dirigir y administrar la educaci\u00f3n b\u00e1sica de calidad en el Estado de Oaxaca, mediante el desarrollo de las pol\u00edticas educativas, lineamientos y estrategias que faciliten incrementar la eficiencia y eficacia en los procesos de ense\u00f1anza-aprendizaje en el contexto de una educaci\u00f3n laica, gratuita e incluyente que favorezca la diversidad cultural, biol\u00f3gica, \u00e9tnica, geogr\u00e1fica, ling\u00fc\u00edstica, social y econ\u00f3mica de Oaxaca.<\/p>\n<p><strong style=\"font-weight: bold\">Visi\u00f3n<\/strong><\/p>\n<p>Consolidar una instituci\u00f3n educativa de calidad que conduzca la educaci\u00f3n b\u00e1sica de Oaxaca, con est\u00e1ndares globales\u00a0 y universales que contribuya a formar ciudadanos libres , participativos, responsables e informados, capaces de ejercer y defender sus derechos, que participen activamente en la vida social, econ\u00f3mica y pol\u00edtica de M\u00e9xico; es decir, personas que tengan la motivaci\u00f3n y capacidad de lograr su desarrollo personal , laboral y familiar , dispuestas a mejorar su entorno social y natural para construir un Oaxaca m\u00e1s libre, justo y pr\u00f3spero , que forme parte de un mundo cada vez m\u00e1s interconectado , complejo y desafiante.<\/p>\n<p><strong style=\"font-weight: bold\">OBJETIVO DEL INSTITUTO ESTATAL DE EDUCACI\u00d3N P\u00daBLICA DE OAXACA (IEEPO)<\/strong><\/p>\n<p>Prestar los servicios de educaci\u00f3n inicial b\u00e1sica incluyendo la ind\u00edgena, especial, as\u00ed como la normal y dem\u00e1s para la formaci\u00f3n del personal docente, en el marco de los principios establecidos por el art\u00edculo 3o. de la Constituci\u00f3n Pol\u00edtica de los Estados Unidos Mexicanos y las leyes que derivan de dicho art\u00edculo, para garantizar la calidad en la educaci\u00f3n obligatoria, con base en el mejoramiento constante y el m\u00e1ximo logro acad\u00e9mico de las y los educandos.<\/p>\n<p><strong style=\"font-weight: bold\">Referencia:<\/strong><br \/>\nLey de Educaci\u00f3n del Estado libre y Soberano de Oaxaca (Articulo 21)<br \/>\nReglamento Interno del Instituto Estatal de Educaci\u00f3n P\u00fablica de Oaxaca (Articulo 2)<\/p>\n","protected":false},"excerpt":{"rendered":"excerpt","protected":false},"author":1,"featured_media":0,"parent":0,"menu_order":0,"comment_status":"closed","ping_status":"closed","template":"","meta":{"episode_type":"","audio_file":"","podmotor_file_id":"","podmotor_episode_id":"","cover_image":"","cover_image_id":"","duration":"","filesize":"","filesize_raw":"","date_recorded":"","explicit":"","block":"","footnotes":""},"categories":[],"tags":[],"class_list":["post-16","page","type-page","status-publish","hentry"],"acf":[],"publishpress_future_action":{"enabled":false,"date":"2026-04-21 14:45:52","action":"change-status","newStatus":"draft","terms":[],"taxonomy":"category","extraData":[]},"publishpress_future_workflow_manual_trigger":{"enabledWorkflows":[]},"_links":{"self":[{"href":"https:\/\/www.oaxaca.gob.mx\/ieepo\/wp-json\/wp\/v2\/pages\/16","targetHints":{"allow":["GET"]}}],"collection":[{"href":"https:\/\/www.oaxaca.gob.mx\/ieepo\/wp-json\/wp\/v2\/pages"}],"about":[{"href":"https:\/\/www.oaxaca.gob.mx\/ieepo\/wp-json\/wp\/v2\/types\/page"}],"author":[{"embeddable":true,"href":"https:\/\/www.oaxaca.gob.mx\/ieepo\/wp-json\/wp\/v2\/users\/1"}],"replies":[{"embeddable":true,"href":"https:\/\/www.oaxaca.gob.mx\/ieepo\/wp-json\/wp\/v2\/comments?post=16"}],"version-history":[{"count":5,"href":"https:\/\/www.oaxaca.gob.mx\/ieepo\/wp-json\/wp\/v2\/pages\/16\/revisions"}],"predecessor-version":[{"id":23012,"href":"https:\/\/www.oaxaca.gob.mx\/ieepo\/wp-json\/wp\/v2\/pages\/16\/revisions\/23012"}],"wp:attachment":[{"href":"https:\/\/www.oaxaca.gob.mx\/ieepo\/wp-json\/wp\/v2\/media?parent=16"}],"wp:term":[{"taxonomy":"category","embeddable":true,"href":"https:\/\/www.oaxaca.gob.mx\/ieepo\/wp-json\/wp\/v2\/categories?post=16"},{"taxonomy":"post_tag","embeddable":true,"href":"https:\/\/www.oaxaca.gob.mx\/ieepo\/wp-json\/wp\/v2\/tags?post=16"}],"curies":[{"name":"wp","href":"https:\/\/api.w.org\/{rel}","templated":true}]}}