{"id":15426,"date":"2020-07-30T18:00:42","date_gmt":"2020-07-30T23:00:42","guid":{"rendered":"https:\/\/www.oaxaca.gob.mx\/ieepo\/?page_id=15426"},"modified":"2020-08-10T23:07:36","modified_gmt":"2020-08-11T04:07:36","slug":"presentacion","status":"publish","type":"page","link":"https:\/\/www.oaxaca.gob.mx\/ieepo\/presentacion-2\/","title":{"rendered":"Presentaci\u00f3n"},"content":{"rendered":"<p style=\"text-align: center;font-weight: bold\">Resultados de las Estrategias de Educaci\u00f3n a Distancia de las Escuelas Normales.<\/p>\n<div dir=\"auto\"><\/div>\n<p>&nbsp;<\/p>\n<div dir=\"auto\">En este micrositio se presentan las evidencias de como con el apoyo de herramientas digitales, acatando el llamado al confinamiento oficial, Escuelas Normales de la entidad concluyeron el semestre par febrero-julio 2020, muestra del profesionalismo, responsabilidad y desempe\u00f1o de directivos, planta docente, as\u00ed como de la disposici\u00f3n y compromiso de las y los estudiantes.<\/div>\n<div dir=\"auto\"><\/div>\n<p>&nbsp;<\/p>\n<div dir=\"auto\">Por este logro sobresaliente, a nombre del gobernador Alejandro Murat Hinojosa, el Instituto Estatal de Educaci\u00f3n P\u00fablica de Oaxaca (IEEPO), que dirige Francisco \u00c1ngel Villarreal, expresa su felicitaci\u00f3n y reconocimiento a las instituciones formadoras de maestras y maestros, que realizaron trabajos e implementaron estrategias para fortalecer los aprendizajes y cerrar en tiempo y forma las actividades semestrales.<\/div>\n<div dir=\"auto\"><\/div>\n<p>&nbsp;<\/p>\n<div dir=\"auto\">En este esfuerzo, directores de las escuelas resaltaron los resultados del trabajo coordinado con las autoridades educativas y coincidieron que con el acompa\u00f1amiento y el asesoramiento brindado tanto por la Secretar\u00eda de Educaci\u00f3n P\u00fablica (SEP), a trav\u00e9s de la Direcci\u00f3n General de Educaci\u00f3n Superior para Profesionales de la Educaci\u00f3n (DGESPE) y diferentes \u00e1reas del IEEPO, se sacaron adelante los planes y programas acad\u00e9micos.<\/div>\n<div dir=\"auto\"><\/div>\n<p>&nbsp;<\/p>\n<div dir=\"auto\">En su contenido, el micrositio presenta la relator\u00eda por medio de documentos de la experiencia acad\u00e9mica, videos de directores que explican sus procesos de trabajo, comunicados y los reconocimientos a las escuelas normales, \u00a0por parte del director del IEEPO por el esfuerzo de las comunidades normalistas para el logro de sus objetivos educativos.<\/div>\n","protected":false},"excerpt":{"rendered":"excerpt","protected":false},"author":87,"featured_media":0,"parent":0,"menu_order":0,"comment_status":"closed","ping_status":"closed","template":"","meta":{"episode_type":"","audio_file":"","podmotor_file_id":"","podmotor_episode_id":"","cover_image":"","cover_image_id":"","duration":"","filesize":"","filesize_raw":"","date_recorded":"","explicit":"","block":"","footnotes":""},"categories":[],"tags":[],"class_list":["post-15426","page","type-page","status-publish","hentry"],"acf":[],"publishpress_future_action":{"enabled":false,"date":"2026-05-11 07:43:49","action":"change-status","newStatus":"draft","terms":[],"taxonomy":"category","extraData":[]},"publishpress_future_workflow_manual_trigger":{"enabledWorkflows":[]},"_links":{"self":[{"href":"https:\/\/www.oaxaca.gob.mx\/ieepo\/wp-json\/wp\/v2\/pages\/15426","targetHints":{"allow":["GET"]}}],"collection":[{"href":"https:\/\/www.oaxaca.gob.mx\/ieepo\/wp-json\/wp\/v2\/pages"}],"about":[{"href":"https:\/\/www.oaxaca.gob.mx\/ieepo\/wp-json\/wp\/v2\/types\/page"}],"author":[{"embeddable":true,"href":"https:\/\/www.oaxaca.gob.mx\/ieepo\/wp-json\/wp\/v2\/users\/87"}],"replies":[{"embeddable":true,"href":"https:\/\/www.oaxaca.gob.mx\/ieepo\/wp-json\/wp\/v2\/comments?post=15426"}],"version-history":[{"count":1,"href":"https:\/\/www.oaxaca.gob.mx\/ieepo\/wp-json\/wp\/v2\/pages\/15426\/revisions"}],"predecessor-version":[{"id":15427,"href":"https:\/\/www.oaxaca.gob.mx\/ieepo\/wp-json\/wp\/v2\/pages\/15426\/revisions\/15427"}],"wp:attachment":[{"href":"https:\/\/www.oaxaca.gob.mx\/ieepo\/wp-json\/wp\/v2\/media?parent=15426"}],"wp:term":[{"taxonomy":"category","embeddable":true,"href":"https:\/\/www.oaxaca.gob.mx\/ieepo\/wp-json\/wp\/v2\/categories?post=15426"},{"taxonomy":"post_tag","embeddable":true,"href":"https:\/\/www.oaxaca.gob.mx\/ieepo\/wp-json\/wp\/v2\/tags?post=15426"}],"curies":[{"name":"wp","href":"https:\/\/api.w.org\/{rel}","templated":true}]}}