{"id":14569,"date":"2020-06-10T19:47:33","date_gmt":"2020-06-11T00:47:33","guid":{"rendered":"https:\/\/www.oaxaca.gob.mx\/ieepo\/?page_id=14569"},"modified":"2021-12-02T11:43:25","modified_gmt":"2021-12-02T17:43:25","slug":"presentacion-o-justificacion","status":"publish","type":"page","link":"https:\/\/www.oaxaca.gob.mx\/ieepo\/presentacion\/","title":{"rendered":"Presentaci\u00f3n"},"content":{"rendered":"<h3 class=\"text-center\">Presentaci\u00f3n<\/h3>\n<p>En un ejercicio de transparencia proactiva para fortalecer el Derecho de Acceso a la Informaci\u00f3n P\u00fablica, se crea este micrositio como una aportaci\u00f3n del Instituto Estatal de Educaci\u00f3n P\u00fablica de Oaxaca a la sociedad sobre un sector relevante como es el educativo.<\/p>\n<p>En su compromiso de velar por una mejor educaci\u00f3n para las ni\u00f1as, ni\u00f1os y adolescentes, el presidente de la Rep\u00fablica, Andr\u00e9s Manuel L\u00f3pez Obrador, junto con el gobernador del Estado Alejandro Murat Hinojosa y con el respaldo del secretario de Educaci\u00f3n P\u00fablica (SEP), Esteban Moctezuma Barrag\u00e1n, en estrecha coordinaci\u00f3n con el IEEPO, impulsan como nunca antes una pol\u00edtica de puertas abiertas en la atenci\u00f3n a las demandas del magisterio.<\/p>\n<p>Con una estrecha comunicaci\u00f3n y a trav\u00e9s de consensos, se han realizado 13 Mesas Tripartitas de trabajo entre la SEP, el IEEPO y la dirigencia magisterial de Oaxaca, las cuales han dado como resultado importantes avances para iniciar el proceso de soluci\u00f3n de las incidencias administrativas de los a\u00f1os 2014 y 2015.<\/p>\n<p>Dichas incidencias administrativas se refieren a claves presupuestales y pagos de servicios prestados en los diferentes niveles educativos de educaci\u00f3n b\u00e1sica y normal en el estado, que no fueron conciliados ante la federaci\u00f3n, raz\u00f3n por la cual carecen de un soporte presupuestal.<\/p>\n<p>A trav\u00e9s de un proceso minucioso de revisi\u00f3n e integraci\u00f3n de los expedientes correspondientes a las incidencias presentadas ante la SEP, se asignaron -en un primer momento- 236 claves presupuestales; en tanto que otras 85 est\u00e1n en proceso, y se tiene previsto otorgar 222 m\u00e1s en el mes de julio, para lograr una asignaci\u00f3n total de 543 claves presupuestales.<\/p>\n<p>De igual forma, como reconocimiento a la labor que realizan las maestras y maestros en la entidad, se atender\u00e1 en una primera etapa a partir del mes de junio del 2020 el rubro de Pagos \u00danicos, con un importe total de 100 millones de pesos en beneficio de 875 trabajadoras y trabajadores de la educaci\u00f3n, con expedientes debidamente validados por el IEEPO y la SEP.<\/p>\n<p>Por otra parte, un logro en la atenci\u00f3n magisterial ha sido la regularizaci\u00f3n de mil 300 claves E2403 y E2405 en beneficio de igual n\u00famero de Personal de Apoyo y Asistencia a la Educaci\u00f3n (PAEE) y la puesta en marcha de la Estrategia Nacional de Iniciaci\u00f3n a la Docencia en el Medio Ind\u00edgena, para atender la demanda de docentes en estas zonas con 400 j\u00f3venes originarios y hablantes de la lengua materna de la comunidad, para garantizar su permanencia frente a grupo y preservar las lenguas maternas.<\/p>\n<p>Asimismo, la contrataci\u00f3n de 702 normalistas egresados de las generaci\u00f3n 2017-2018, la asignaci\u00f3n de 8 mil 100 horas para personal docente en secundarias t\u00e9cnicas y generales y la basificaci\u00f3n de 2 mil 111 trabajadores que estaban contratados por tiempo fijo en los diferentes niveles y modalidades educativas.<\/p>\n<p>Hoy, se pone a disposici\u00f3n este micrositio, para consulta de la informaci\u00f3n correspondiente a la atenci\u00f3n de las maestras y maestros y soluci\u00f3n de las incidencias administrativas, lo cual, ha sido una de las principales solicitudes del magisterio de Oaxaca, el ejercicio de la transparencia.<\/p>\n<p>As\u00ed, a trav\u00e9s del fortalecimiento de la labor magisterial, el Gobierno de M\u00e9xico y el Gobierno del Estado, refrendan una vez m\u00e1s el compromiso con la educaci\u00f3n de la ni\u00f1ez y adolescencia de nuestra entidad.<\/p>\n","protected":false},"excerpt":{"rendered":"excerpt","protected":false},"author":87,"featured_media":0,"parent":0,"menu_order":0,"comment_status":"closed","ping_status":"closed","template":"","meta":{"episode_type":"","audio_file":"","podmotor_file_id":"","podmotor_episode_id":"","cover_image":"","cover_image_id":"","duration":"","filesize":"","filesize_raw":"","date_recorded":"","explicit":"","block":"","footnotes":""},"categories":[],"tags":[],"class_list":["post-14569","page","type-page","status-publish","hentry"],"acf":[],"publishpress_future_action":{"enabled":false,"date":"2026-05-10 02:51:42","action":"change-status","newStatus":"draft","terms":[],"taxonomy":"category","extraData":[]},"publishpress_future_workflow_manual_trigger":{"enabledWorkflows":[]},"_links":{"self":[{"href":"https:\/\/www.oaxaca.gob.mx\/ieepo\/wp-json\/wp\/v2\/pages\/14569","targetHints":{"allow":["GET"]}}],"collection":[{"href":"https:\/\/www.oaxaca.gob.mx\/ieepo\/wp-json\/wp\/v2\/pages"}],"about":[{"href":"https:\/\/www.oaxaca.gob.mx\/ieepo\/wp-json\/wp\/v2\/types\/page"}],"author":[{"embeddable":true,"href":"https:\/\/www.oaxaca.gob.mx\/ieepo\/wp-json\/wp\/v2\/users\/87"}],"replies":[{"embeddable":true,"href":"https:\/\/www.oaxaca.gob.mx\/ieepo\/wp-json\/wp\/v2\/comments?post=14569"}],"version-history":[{"count":4,"href":"https:\/\/www.oaxaca.gob.mx\/ieepo\/wp-json\/wp\/v2\/pages\/14569\/revisions"}],"predecessor-version":[{"id":23479,"href":"https:\/\/www.oaxaca.gob.mx\/ieepo\/wp-json\/wp\/v2\/pages\/14569\/revisions\/23479"}],"wp:attachment":[{"href":"https:\/\/www.oaxaca.gob.mx\/ieepo\/wp-json\/wp\/v2\/media?parent=14569"}],"wp:term":[{"taxonomy":"category","embeddable":true,"href":"https:\/\/www.oaxaca.gob.mx\/ieepo\/wp-json\/wp\/v2\/categories?post=14569"},{"taxonomy":"post_tag","embeddable":true,"href":"https:\/\/www.oaxaca.gob.mx\/ieepo\/wp-json\/wp\/v2\/tags?post=14569"}],"curies":[{"name":"wp","href":"https:\/\/api.w.org\/{rel}","templated":true}]}}