{"id":14,"date":"2018-08-20T05:12:32","date_gmt":"2018-08-20T05:12:32","guid":{"rendered":"https:\/\/www.oaxaca.gob.mx\/ieepo\/portal\/?page_id=14"},"modified":"2023-03-03T11:33:39","modified_gmt":"2023-03-03T17:33:39","slug":"titular","status":"publish","type":"page","link":"https:\/\/www.oaxaca.gob.mx\/ieepo\/titular\/","title":{"rendered":"Titular"},"content":{"rendered":"<div class=\"row\">\n<div class=\"col-md-6\"><a class=\"text-center\" href=\"https:\/\/www.oaxaca.gob.mx\/ieepo\/que-es-la-ente\/\" rel=\"noopener\"><br \/>\n<img loading=\"lazy\" decoding=\"async\" class=\"img-responsive rounded mx-auto d-block\" src=\"https:\/\/www.oaxaca.gob.mx\/ieepo\/wp-content\/uploads\/sites\/75\/2023\/03\/DG.EMILIO.jpg\" alt=\"Actas-SIA\" width=\"450\" height=\"550\" \/><\/a><\/p>\n<p style=\"text-align: center\">LCDO. EMILIO MONTERO P\u00c9REZ<\/p>\n<\/div>\n<div class=\"col-md-6\">\n<h3 style=\"text-align: center\">Mensaje de bienvenida<\/h3>\n<p>&nbsp;<\/p>\n<p style=\"font-size: 12pt\">Bienvenido a la p\u00e1gina de Internet del Instituto Estatal de Educaci\u00f3n P\u00fablica de Oaxaca, con ella buscamos acercarte a la informaci\u00f3n oportuna y actualizada sobre los servicios educativos a nivel b\u00e1sico, as\u00ed como a las diferentes actividades que realizamos.<\/p>\n<p>A trav\u00e9s de este canal se procura establecer una comunicaci\u00f3n estrecha con las madres y padres de familia, docentes, estudiantes y ciudadan\u00eda,\u00a0 para lograr juntos un Estado de bienestar que nos conducir\u00e1 al nuevo pacto social para vivir en paz.<\/p>\n<p>Los invito a hacer un recorrido por los apartados de noticias, convocatorias, transparencia y tr\u00e1mites; as\u00ed como por la informaci\u00f3n relacionada con la priorizaci\u00f3n del bienestar de las ni\u00f1as y adolescentes, tal como prevenci\u00f3n del acoso escolar, inclusi\u00f3n y equidad.\n<\/p><\/div>\n<\/div>\n","protected":false},"excerpt":{"rendered":"excerpt","protected":false},"author":1,"featured_media":0,"parent":0,"menu_order":0,"comment_status":"closed","ping_status":"closed","template":"","meta":{"episode_type":"","audio_file":"","podmotor_file_id":"","podmotor_episode_id":"","cover_image":"","cover_image_id":"","duration":"","filesize":"","filesize_raw":"","date_recorded":"","explicit":"","block":"","footnotes":""},"categories":[],"tags":[],"class_list":["post-14","page","type-page","status-publish","hentry"],"acf":[],"publishpress_future_action":{"enabled":false,"date":"2026-05-07 08:19:32","action":"change-status","newStatus":"draft","terms":[],"taxonomy":"category","extraData":[]},"publishpress_future_workflow_manual_trigger":{"enabledWorkflows":[]},"_links":{"self":[{"href":"https:\/\/www.oaxaca.gob.mx\/ieepo\/wp-json\/wp\/v2\/pages\/14","targetHints":{"allow":["GET"]}}],"collection":[{"href":"https:\/\/www.oaxaca.gob.mx\/ieepo\/wp-json\/wp\/v2\/pages"}],"about":[{"href":"https:\/\/www.oaxaca.gob.mx\/ieepo\/wp-json\/wp\/v2\/types\/page"}],"author":[{"embeddable":true,"href":"https:\/\/www.oaxaca.gob.mx\/ieepo\/wp-json\/wp\/v2\/users\/1"}],"replies":[{"embeddable":true,"href":"https:\/\/www.oaxaca.gob.mx\/ieepo\/wp-json\/wp\/v2\/comments?post=14"}],"version-history":[{"count":13,"href":"https:\/\/www.oaxaca.gob.mx\/ieepo\/wp-json\/wp\/v2\/pages\/14\/revisions"}],"predecessor-version":[{"id":29052,"href":"https:\/\/www.oaxaca.gob.mx\/ieepo\/wp-json\/wp\/v2\/pages\/14\/revisions\/29052"}],"wp:attachment":[{"href":"https:\/\/www.oaxaca.gob.mx\/ieepo\/wp-json\/wp\/v2\/media?parent=14"}],"wp:term":[{"taxonomy":"category","embeddable":true,"href":"https:\/\/www.oaxaca.gob.mx\/ieepo\/wp-json\/wp\/v2\/categories?post=14"},{"taxonomy":"post_tag","embeddable":true,"href":"https:\/\/www.oaxaca.gob.mx\/ieepo\/wp-json\/wp\/v2\/tags?post=14"}],"curies":[{"name":"wp","href":"https:\/\/api.w.org\/{rel}","templated":true}]}}