{"id":13603,"date":"2020-05-12T00:55:19","date_gmt":"2020-05-12T05:55:19","guid":{"rendered":"https:\/\/www.oaxaca.gob.mx\/ieepo\/?page_id=13603"},"modified":"2020-05-19T03:07:53","modified_gmt":"2020-05-19T08:07:53","slug":"fichas-de-repaso-secundaria","status":"publish","type":"page","link":"https:\/\/www.oaxaca.gob.mx\/ieepo\/fichas-de-repaso-secundaria\/","title":{"rendered":"Fichas de Repaso Secundaria"},"content":{"rendered":"<div class=\"row\">\n<div class=\"col-md-2 col-sm-2 col-xs-12\">\n<p><img loading=\"lazy\" decoding=\"async\" src=\"https:\/\/www.oaxaca.gob.mx\/ieepo\/wp-content\/uploads\/sites\/75\/2020\/05\/maestro-03.png\" width=\"148\" height=\"401\" border=\"0\" \/><\/p>\n<\/div>\n<div class=\"col-md-8 col-sm-2 col-xs-12\">\n<h4 style=\"font-weight: bold\" align=\"center\">\u00bfC\u00f3mo puedes aprovechar al m\u00e1ximo los d\u00edas en casa?<\/h4>\n<ul class=\"listas-geo\">\n<li>\n<h5><b style=\"font-weight: bold\">\u00a1Crea tu propio horario! <\/b>Pide a tu pap\u00e1, mam\u00e1 o tutor que te ayude a organizar un horario para determinar el tiempo para estudiar, jugar, leer, ver televisi\u00f3n, utilizar videojuegos, comer y determinar la hora de acostarse, entre otras actividades.<\/h5>\n<\/li>\n<li>\n<h5><b style=\"font-weight: bold\">\u00a1Escoge un lugar! Destina un lugar en casa para estudiar todos los d\u00edas<\/b>, en donde te sientas c\u00f3modo y te puedas concentrar mejor.<\/h5>\n<\/li>\n<li>\n<h5><b style=\"font-weight: bold\">\u00a1Resuelve tus dudas!<\/b><\/h5>\n<h5>Con ayuda de pap\u00e1, mam\u00e1, tutor o hermano(s) revisa tus cuadernos y libros de cada asignatura y marca los temas que se te dificultan. Investiga y realiza pr\u00e1cticas con esos temas, ver\u00e1s que pronto los entender\u00e1s por completo. Si despu\u00e9s de realizar estas actividades a\u00fan tienes dudas, escr\u00edbelas en tu cuaderno para que le preguntes a tu profesora o profesor por correo electr\u00f3nico, tel\u00e9fono, o cuando vuelvas a verlo.<\/h5>\n<\/li>\n<\/ul>\n<\/div>\n<div class=\"col-md-2 col-sm-2 col-xs-12\" align=\"center\"><img loading=\"lazy\" decoding=\"async\" src=\"https:\/\/www.oaxaca.gob.mx\/ieepo\/wp-content\/uploads\/sites\/75\/2020\/05\/maestro-01.png\" width=\"178\" height=\"680\" border=\"0\" \/><\/div>\n<\/div>\n<h3 align=\"center\">18 al 22 de Mayo<\/h3>\n<div class=\"row\">\n<div class=\"col-md-2.5 col-sm-2 col-xs-12\">\n<h4>D\u00eda 1<\/h4>\n<h5><a class=\"text-success\" href=\"https:\/\/www.aprendeencasa.mx\/aprende-en-casa\/alumnos-secundaria\/tareas\/mayo\/2020-05-18\/18mayo_1secundaria_ficha1_semana7.pdf\" target=\"_blank\" rel=\"noopener noreferrer\">1\u00b0 de Secundaria<\/a><\/h5>\n<h5><a class=\"text-success\" href=\"https:\/\/www.aprendeencasa.mx\/aprende-en-casa\/alumnos-secundaria\/tareas\/mayo\/2020-05-18\/18mayo_2secundaria_ficha1_semana7.pdf\" target=\"_blank\" rel=\"noopener noreferrer\">2\u00b0 de Secundaria<\/a><\/h5>\n<h5><a class=\"text-success\" href=\"https:\/\/www.aprendeencasa.mx\/aprende-en-casa\/alumnos-secundaria\/tareas\/mayo\/2020-05-18\/18mayo_3secundaria_ficha1_semana7.pdf\" target=\"_blank\" rel=\"noopener noreferrer\">3\u00b0 de Secundaria<\/a><\/h5>\n<\/div>\n<div class=\"col-md-2.5 col-sm-2 col-xs-12\">\n<h4>D\u00eda 2<\/h4>\n<h5><a class=\"text-success\" href=\"https:\/\/www.aprendeencasa.mx\/aprende-en-casa\/alumnos-secundaria\/tareas\/mayo\/2020-05-19\/19mayo_1secundaria_ficha2_semana7.pdf\" target=\"_blank\" rel=\"noopener noreferrer\">1\u00b0 de Secundaria<\/a><\/h5>\n<h5><a class=\"text-success\" href=\"https:\/\/www.aprendeencasa.mx\/aprende-en-casa\/alumnos-secundaria\/tareas\/mayo\/2020-05-19\/19mayo_2secundaria_ficha2_semana7.pdf\" target=\"_blank\" rel=\"noopener noreferrer\">2\u00b0 de Secundaria<\/a><\/h5>\n<h5><a class=\"text-success\" href=\"https:\/\/www.aprendeencasa.mx\/aprende-en-casa\/alumnos-secundaria\/tareas\/mayo\/2020-05-19\/19mayo_3secundaria_ficha2_semana7.pdf\" target=\"_blank\" rel=\"noopener noreferrer\">3\u00b0 de Secundaria<\/a><\/h5>\n<\/div>\n<div class=\"col-md-2.5 col-sm-2 col-xs-12\">\n<h4>D\u00eda 3<\/h4>\n<h5><a class=\"text-success\" href=\"https:\/\/www.aprendeencasa.mx\/aprende-en-casa\/alumnos-secundaria\/tareas\/mayo\/2020-05-20\/20mayo_1secundaria_ficha3_semana7.pdf\" target=\"_blank\" rel=\"noopener noreferrer\">1\u00b0 de Secundaria<\/a><\/h5>\n<h5><a class=\"text-success\" href=\"https:\/\/www.aprendeencasa.mx\/aprende-en-casa\/alumnos-secundaria\/tareas\/mayo\/2020-05-20\/20mayo_2secundaria_ficha3_semana7.pdf\" target=\"_blank\" rel=\"noopener noreferrer\">2\u00b0 de Secundaria<\/a><\/h5>\n<h5><a class=\"text-success\" href=\"https:\/\/www.aprendeencasa.mx\/aprende-en-casa\/alumnos-secundaria\/tareas\/mayo\/2020-05-20\/20mayo_3secundaria_ficha3_semana7.pdf\" target=\"_blank\" rel=\"noopener noreferrer\">3\u00b0 de Secundaria<\/a><\/h5>\n<\/div>\n<div class=\"col-md-2.5 col-sm-2 col-xs-12\">\n<h4>D\u00eda 4<\/h4>\n<h5><a class=\"text-success\" href=\"https:\/\/www.aprendeencasa.mx\/aprende-en-casa\/alumnos-secundaria\/tareas\/mayo\/2020-05-21\/21mayo_1secundaria_ficha4_semana7.pdf\" target=\"_blank\" rel=\"noopener noreferrer\">1\u00b0 de Secundaria<\/a><\/h5>\n<h5><a class=\"text-success\" href=\"https:\/\/www.aprendeencasa.mx\/aprende-en-casa\/alumnos-secundaria\/tareas\/mayo\/2020-05-21\/21mayo_2secundaria_ficha4_semana7.pdf\" target=\"_blank\" rel=\"noopener noreferrer\">2\u00b0 de Secundaria<\/a><\/h5>\n<h5><a class=\"text-success\" href=\"https:\/\/www.aprendeencasa.mx\/aprende-en-casa\/alumnos-secundaria\/tareas\/mayo\/2020-05-21\/21mayo_3secundaria_ficha4_semana7.pdf\" target=\"_blank\" rel=\"noopener noreferrer\">3\u00b0 de Secundaria<\/a><\/h5>\n<\/div>\n<div class=\"col-md-2 col-sm-2 col-xs-12\">\n<h4>D\u00eda 5<\/h4>\n<h5><a class=\"text-success\" href=\"https:\/\/www.aprendeencasa.mx\/aprende-en-casa\/alumnos-secundaria\/tareas\/mayo\/2020-05-22\/22mayo_1secundaria_ficha5_semana7.pdf\" target=\"_blank\" rel=\"noopener noreferrer\">1\u00b0 de Secundaria<\/a><\/h5>\n<h5><a class=\"text-success\" href=\"https:\/\/www.aprendeencasa.mx\/aprende-en-casa\/alumnos-secundaria\/tareas\/mayo\/2020-05-22\/22mayo_2secundaria_ficha5_semana7.pdf\" target=\"_blank\" rel=\"noopener noreferrer\">2\u00b0 de Secundaria<\/a><\/h5>\n<h5><a class=\"text-success\" href=\"https:\/\/www.aprendeencasa.mx\/aprende-en-casa\/alumnos-secundaria\/tareas\/mayo\/2020-05-22\/22mayo_3secundaria_ficha5_semana7.pdf\" target=\"_blank\" rel=\"noopener noreferrer\">3\u00b0 de Secundaria<\/a><\/h5>\n<\/div>\n<\/div>\n<p>&nbsp;<\/p>\n<h3 align=\"center\">11 al 14 de Mayo<\/h3>\n<div class=\"row\">\n<div class=\"col-md-3 col-sm-2 col-xs-12\">\n<h4>D\u00eda 1<\/h4>\n<h5><a class=\"text-success\" href=\"https:\/\/www.aprendeencasa.mx\/aprende-en-casa\/alumnos-secundaria\/tareas\/mayo\/2020-05-11\/11mayo_1secundaria_ficha1_semana6.pdf\" target=\"_blank\" rel=\"noopener noreferrer\">1\u00b0 de Secundaria<\/a><\/h5>\n<h5><a class=\"text-success\" href=\"https:\/\/www.aprendeencasa.mx\/aprende-en-casa\/alumnos-secundaria\/tareas\/mayo\/2020-05-11\/11mayo_2secundaria_ficha1_semana6.pdf\" target=\"_blank\" rel=\"noopener noreferrer\">2\u00b0 de Secundaria<\/a><\/h5>\n<h5><a class=\"text-success\" href=\"https:\/\/www.aprendeencasa.mx\/aprende-en-casa\/alumnos-secundaria\/tareas\/mayo\/2020-05-11\/11mayo_3secundaria_ficha1_semana6.pdf\" target=\"_blank\" rel=\"noopener noreferrer\">3\u00b0 de Secundaria<\/a><\/h5>\n<\/div>\n<div class=\"col-md-3 col-sm-2 col-xs-12\">\n<h4>D\u00eda 2<\/h4>\n<h5><a class=\"text-success\" href=\"https:\/\/www.aprendeencasa.mx\/aprende-en-casa\/alumnos-secundaria\/tareas\/mayo\/2020-05-12\/12mayo_1secundaria_ficha2_semana6.pdf\" target=\"_blank\" rel=\"noopener noreferrer\">1\u00b0 de Secundaria<\/a><\/h5>\n<h5><a class=\"text-success\" href=\"https:\/\/www.aprendeencasa.mx\/aprende-en-casa\/alumnos-secundaria\/tareas\/mayo\/2020-05-12\/12mayo_2secundaria_ficha2_semana6.pdf\" target=\"_blank\" rel=\"noopener noreferrer\">2\u00b0 de Secundaria<\/a><\/h5>\n<h5><a class=\"text-success\" href=\"https:\/\/www.aprendeencasa.mx\/aprende-en-casa\/alumnos-secundaria\/tareas\/mayo\/2020-05-12\/12mayo_3secundaria_ficha2_semana6.pdf\" target=\"_blank\" rel=\"noopener noreferrer\">3\u00b0 de Secundaria<\/a><\/h5>\n<\/div>\n<div class=\"col-md-3 col-sm-2 col-xs-12\">\n<h4>D\u00eda 3<\/h4>\n<h5><a class=\"text-success\" href=\"https:\/\/www.aprendeencasa.mx\/aprende-en-casa\/alumnos-secundaria\/tareas\/mayo\/2020-05-13\/13mayo_1secundaria_ficha3_semana6.pdf\" target=\"_blank\" rel=\"noopener noreferrer\">1\u00b0 de Secundaria<\/a><\/h5>\n<h5><a class=\"text-success\" href=\"https:\/\/www.aprendeencasa.mx\/aprende-en-casa\/alumnos-secundaria\/tareas\/mayo\/2020-05-13\/13mayo_2secundaria_ficha3_semana6.pdf\" target=\"_blank\" rel=\"noopener noreferrer\">2\u00b0 de Secundaria<\/a><\/h5>\n<h5><a class=\"text-success\" href=\"https:\/\/www.aprendeencasa.mx\/aprende-en-casa\/alumnos-secundaria\/tareas\/mayo\/2020-05-13\/13mayo_3secundaria_ficha3_semana6.pdf\" target=\"_blank\" rel=\"noopener noreferrer\">3\u00b0 de Secundaria<\/a><\/h5>\n<\/div>\n<div class=\"col-md-3 col-sm-2 col-xs-12\">\n<h4>D\u00eda 4<\/h4>\n<h5><a class=\"text-success\" href=\"https:\/\/www.aprendeencasa.mx\/aprende-en-casa\/alumnos-secundaria\/tareas\/mayo\/2020-05-14\/14mayo_1secundaria_ficha4_semana6.pdf\" target=\"_blank\" rel=\"noopener noreferrer\">1\u00b0 de Secundaria<\/a><\/h5>\n<h5><a class=\"text-success\" href=\"https:\/\/www.aprendeencasa.mx\/aprende-en-casa\/alumnos-secundaria\/tareas\/mayo\/2020-05-14\/14mayo_2secundaria_ficha4_semana6.pdf\" target=\"_blank\" rel=\"noopener noreferrer\">2\u00b0 de Secundaria<\/a><\/h5>\n<h5><a class=\"text-success\" href=\"https:\/\/www.aprendeencasa.mx\/aprende-en-casa\/alumnos-secundaria\/tareas\/mayo\/2020-05-14\/14mayo_3secundaria_ficha4_semana6.pdf\" target=\"_blank\" rel=\"noopener noreferrer\">3\u00b0 de Secundaria<\/a><\/h5>\n<\/div>\n<\/div>\n<p>&nbsp;<\/p>\n<h3 align=\"center\">4 al 8 de Mayo<\/h3>\n<div class=\"row\">\n<div class=\"col-md-3 col-sm-2 col-xs-12\">\n<h4>D\u00eda 1<\/h4>\n<h5><a class=\"text-success\" href=\"https:\/\/www.aprendeencasa.mx\/aprende-en-casa\/alumnos-secundaria\/tareas\/mayo\/2020-05-04\/4mayo_1secundaria_ficha1_semana5.pdf\" target=\"_blank\" rel=\"noopener noreferrer\">1\u00b0 de Secundaria<\/a><\/h5>\n<h5><a class=\"text-success\" href=\"https:\/\/www.aprendeencasa.mx\/aprende-en-casa\/alumnos-secundaria\/tareas\/mayo\/2020-05-04\/4mayo_Secundaria_2_Grado_Semana5_Dia1.pdf\" target=\"_blank\" rel=\"noopener noreferrer\">2\u00b0 de Secundaria<\/a><\/h5>\n<h5><a class=\"text-success\" href=\"https:\/\/www.aprendeencasa.mx\/aprende-en-casa\/alumnos-secundaria\/tareas\/mayo\/2020-05-04\/4mayo_secundaria_3grado_ficha1_semana5.pdf\" target=\"_blank\" rel=\"noopener noreferrer\">3\u00b0 de Secundaria<\/a><\/h5>\n<\/div>\n<div class=\"col-md-3 col-sm-2 col-xs-12\">\n<h4>D\u00eda 2<\/h4>\n<h5><a class=\"text-success\" href=\"https:\/\/www.aprendeencasa.mx\/aprende-en-casa\/alumnos-secundaria\/tareas\/mayo\/2020-05-06\/6mayo_1secundaria_ficha3_semana5.pdf\" target=\"_blank\" rel=\"noopener noreferrer\">1\u00b0 de Secundaria<\/a><\/h5>\n<h5><a class=\"text-success\" href=\"https:\/\/www.aprendeencasa.mx\/aprende-en-casa\/alumnos-secundaria\/tareas\/mayo\/2020-05-06\/6mayo_Secundaria_2_Grado_Semana5_Dia3.pdf\" target=\"_blank\" rel=\"noopener noreferrer\">2\u00b0 de Secundaria<\/a><\/h5>\n<h5><a class=\"text-success\" href=\"https:\/\/www.aprendeencasa.mx\/aprende-en-casa\/alumnos-secundaria\/tareas\/mayo\/2020-05-06\/6mayo_secundaria_3grado_ficha3_semana5.pdf\" target=\"_blank\" rel=\"noopener noreferrer\">3\u00b0 de Secundaria<\/a><\/h5>\n<\/div>\n<div class=\"col-md-3 col-sm-2 col-xs-12\">\n<h4>D\u00eda 3<\/h4>\n<h5><a class=\"text-success\" href=\"https:\/\/www.aprendeencasa.mx\/aprende-en-casa\/alumnos-secundaria\/tareas\/mayo\/2020-05-07\/7mayo_1secundaria_ficha4_semana5.pdf\" target=\"_blank\" rel=\"noopener noreferrer\">1\u00b0 de Secundaria<\/a><\/h5>\n<h5><a class=\"text-success\" href=\"https:\/\/www.aprendeencasa.mx\/aprende-en-casa\/alumnos-secundaria\/tareas\/mayo\/2020-05-07\/7mayo_Secundaria_2_Grado_Semana5_Dia4.pdf\" target=\"_blank\" rel=\"noopener noreferrer\">2\u00b0 de Secundaria<\/a><\/h5>\n<h5><a class=\"text-success\" href=\"https:\/\/www.aprendeencasa.mx\/aprende-en-casa\/alumnos-secundaria\/tareas\/mayo\/2020-05-07\/7mayo_secundaria_3grado_ficha4_semana5.pdf\" target=\"_blank\" rel=\"noopener noreferrer\">3\u00b0 de Secundaria<\/a><\/h5>\n<\/div>\n<div class=\"col-md-3 col-sm-2 col-xs-12\">\n<h4>D\u00eda 4<\/h4>\n<h5><a class=\"text-success\" href=\"https:\/\/www.aprendeencasa.mx\/aprende-en-casa\/alumnos-secundaria\/tareas\/mayo\/2020-05-08\/8mayo_1secundaria_ficha5_semana5.pdf\" target=\"_blank\" rel=\"noopener noreferrer\">1\u00b0 de Secundaria<\/a><\/h5>\n<h5><a class=\"text-success\" href=\"https:\/\/www.aprendeencasa.mx\/aprende-en-casa\/alumnos-secundaria\/tareas\/mayo\/2020-05-08\/8mayo_Secundaria_2_Grado_Semana5_Dia5.pdf\" target=\"_blank\" rel=\"noopener noreferrer\">2\u00b0 de Secundaria<\/a><\/h5>\n<h5><a class=\"text-success\" href=\"https:\/\/www.aprendeencasa.mx\/aprende-en-casa\/alumnos-secundaria\/tareas\/mayo\/2020-05-08\/8mayo_secundaria_3grado_ficha5_semana5.pdf\" target=\"_blank\" rel=\"noopener noreferrer\">3\u00b0 de Secundaria<\/a><\/h5>\n<\/div>\n<\/div>\n<p>&nbsp;<\/p>\n<h3 align=\"center\">27 al 30 de abril<\/h3>\n<div class=\"row\">\n<div class=\"col-md-3 col-sm-2 col-xs-12\">\n<h4>D\u00eda 1<\/h4>\n<h5><a class=\"text-success\" href=\"https:\/\/www.aprendeencasa.mx\/aprende-en-casa\/alumnos-secundaria\/tareas\/abril\/2020-04-27\/F_27abril_secundaria_1grado_ficha1_semana4.pdf\" target=\"_blank\" rel=\"noopener noreferrer\">1\u00b0 de Secundaria<\/a><\/h5>\n<h5><a class=\"text-success\" href=\"https:\/\/www.aprendeencasa.mx\/aprende-en-casa\/alumnos-secundaria\/tareas\/abril\/2020-04-27\/F_27abril_secundaria_2grado_ficha1_semana4.pdf\" target=\"_blank\" rel=\"noopener noreferrer\">2\u00b0 de Secundaria<\/a><\/h5>\n<h5><a class=\"text-success\" href=\"https:\/\/www.aprendeencasa.mx\/aprende-en-casa\/alumnos-secundaria\/tareas\/abril\/2020-04-27\/F_27abril_secundaria_3grado_ficha1_semana4.pdf\" target=\"_blank\" rel=\"noopener noreferrer\">3\u00b0 de Secundaria<\/a><\/h5>\n<\/div>\n<div class=\"col-md-3 col-sm-2 col-xs-12\">\n<h4>D\u00eda 2<\/h4>\n<h5><a class=\"text-success\" href=\"https:\/\/www.aprendeencasa.mx\/aprende-en-casa\/alumnos-secundaria\/tareas\/abril\/2020-04-28\/F_28abril_secundaria_1grado_ficha2_semana4.pdf\" target=\"_blank\" rel=\"noopener noreferrer\">1\u00b0 de Secundaria<\/a><\/h5>\n<h5><a class=\"text-success\" href=\"https:\/\/www.aprendeencasa.mx\/aprende-en-casa\/alumnos-secundaria\/tareas\/abril\/2020-04-28\/F_28abril_secundaria_2grado_ficha2_semana4.pdf\" target=\"_blank\" rel=\"noopener noreferrer\">2\u00b0 de Secundaria<\/a><\/h5>\n<h5><a class=\"text-success\" href=\"https:\/\/www.aprendeencasa.mx\/aprende-en-casa\/alumnos-secundaria\/tareas\/abril\/2020-04-28\/F_28abril_secundaria_2grado_ficha2_semana4.pdf\" target=\"_blank\" rel=\"noopener noreferrer\">3\u00b0 de Secundaria<\/a><\/h5>\n<\/div>\n<div class=\"col-md-3 col-sm-2 col-xs-12\">\n<h4>D\u00eda 3<\/h4>\n<h5><a class=\"text-success\" href=\"https:\/\/www.aprendeencasa.mx\/aprende-en-casa\/alumnos-secundaria\/tareas\/abril\/2020-04-29\/F_29abril_secundaria_1grado_ficha3_semana4.pdf\" target=\"_blank\" rel=\"noopener noreferrer\">1\u00b0 de Secundaria<\/a><\/h5>\n<h5><a class=\"text-success\" href=\"https:\/\/www.aprendeencasa.mx\/aprende-en-casa\/alumnos-secundaria\/tareas\/abril\/2020-04-29\/F_29abril_secundaria_2grado_ficha3_semana4.pdf\" target=\"_blank\" rel=\"noopener noreferrer\">2\u00b0 de Secundaria<\/a><\/h5>\n<h5><a class=\"text-success\" href=\"https:\/\/www.aprendeencasa.mx\/aprende-en-casa\/alumnos-secundaria\/tareas\/abril\/2020-04-29\/F_29abril_secundaria_3grado_ficha3_semana4.pdf\" target=\"_blank\" rel=\"noopener noreferrer\">3\u00b0 de Secundaria<\/a><\/h5>\n<\/div>\n<div class=\"col-md-3 col-sm-2 col-xs-12\">\n<h4>D\u00eda 4<\/h4>\n<h5><a class=\"text-success\" href=\"https:\/\/www.aprendeencasa.mx\/aprende-en-casa\/alumnos-secundaria\/tareas\/abril\/2020-04-30\/F_30abril_secundaria_1grado_ficha4_semana4.pdf\" target=\"_blank\" rel=\"noopener noreferrer\">1\u00b0 de Secundaria<\/a><\/h5>\n<h5><a class=\"text-success\" href=\"https:\/\/www.aprendeencasa.mx\/aprende-en-casa\/alumnos-secundaria\/tareas\/abril\/2020-04-30\/F_30abril_secundaria_2grado_ficha4_semana4.pdf\" target=\"_blank\" rel=\"noopener noreferrer\">2\u00b0 de Secundaria<\/a><\/h5>\n<h5><a class=\"text-success\" href=\"https:\/\/www.aprendeencasa.mx\/aprende-en-casa\/alumnos-secundaria\/tareas\/abril\/2020-04-30\/F_30abril_secundaria_3grado_ficha4_semana4.pdf\" target=\"_blank\" rel=\"noopener noreferrer\">3\u00b0 de Secundaria<\/a><\/h5>\n<\/div>\n<\/div>\n","protected":false},"excerpt":{"rendered":"excerpt","protected":false},"author":87,"featured_media":0,"parent":0,"menu_order":0,"comment_status":"closed","ping_status":"closed","template":"","meta":{"episode_type":"","audio_file":"","podmotor_file_id":"","podmotor_episode_id":"","cover_image":"","cover_image_id":"","duration":"","filesize":"","filesize_raw":"","date_recorded":"","explicit":"","block":"","footnotes":""},"categories":[],"tags":[],"class_list":["post-13603","page","type-page","status-publish","hentry"],"acf":[],"publishpress_future_action":{"enabled":false,"date":"2026-05-11 07:45:02","action":"change-status","newStatus":"draft","terms":[],"taxonomy":"category","extraData":[]},"publishpress_future_workflow_manual_trigger":{"enabledWorkflows":[]},"_links":{"self":[{"href":"https:\/\/www.oaxaca.gob.mx\/ieepo\/wp-json\/wp\/v2\/pages\/13603","targetHints":{"allow":["GET"]}}],"collection":[{"href":"https:\/\/www.oaxaca.gob.mx\/ieepo\/wp-json\/wp\/v2\/pages"}],"about":[{"href":"https:\/\/www.oaxaca.gob.mx\/ieepo\/wp-json\/wp\/v2\/types\/page"}],"author":[{"embeddable":true,"href":"https:\/\/www.oaxaca.gob.mx\/ieepo\/wp-json\/wp\/v2\/users\/87"}],"replies":[{"embeddable":true,"href":"https:\/\/www.oaxaca.gob.mx\/ieepo\/wp-json\/wp\/v2\/comments?post=13603"}],"version-history":[{"count":26,"href":"https:\/\/www.oaxaca.gob.mx\/ieepo\/wp-json\/wp\/v2\/pages\/13603\/revisions"}],"predecessor-version":[{"id":13937,"href":"https:\/\/www.oaxaca.gob.mx\/ieepo\/wp-json\/wp\/v2\/pages\/13603\/revisions\/13937"}],"wp:attachment":[{"href":"https:\/\/www.oaxaca.gob.mx\/ieepo\/wp-json\/wp\/v2\/media?parent=13603"}],"wp:term":[{"taxonomy":"category","embeddable":true,"href":"https:\/\/www.oaxaca.gob.mx\/ieepo\/wp-json\/wp\/v2\/categories?post=13603"},{"taxonomy":"post_tag","embeddable":true,"href":"https:\/\/www.oaxaca.gob.mx\/ieepo\/wp-json\/wp\/v2\/tags?post=13603"}],"curies":[{"name":"wp","href":"https:\/\/api.w.org\/{rel}","templated":true}]}}