{"id":12660,"date":"2020-08-24T08:53:03","date_gmt":"2020-08-24T13:53:03","guid":{"rendered":"https:\/\/www.oaxaca.gob.mx\/ieepo\/?page_id=12660"},"modified":"2024-05-08T23:26:35","modified_gmt":"2024-05-09T05:26:35","slug":"canales-educativos","status":"publish","type":"page","link":"https:\/\/www.oaxaca.gob.mx\/ieepo\/canales-educativos\/","title":{"rendered":"Canales Educativos"},"content":{"rendered":"<div class=\"row\">\n<div class=\"col-md-2 col-sm-2 col-xs-12\"><a href=\"https:\/\/www.oaxaca.gob.mx\/ieepo\/tv-unam\/\" target=\"_blank\" rel=\"noopener noreferrer\"><img loading=\"lazy\" decoding=\"async\" src=\"https:\/\/www.oaxaca.gob.mx\/ieepo\/wp-content\/uploads\/sites\/75\/2020\/04\/tv-unam.png\" alt=\"\" width=\"130\" height=\"80\" \/><\/a><\/div>\n<div class=\"col-md-4 col-sm-4 col-xs-12\">\n<h3 style=\"vertical-align: -50px\">TV UNAM<\/h3>\n<\/div>\n<div class=\"col-md-2 col-sm-2 col-xs-12\"><a href=\"https:\/\/www.oaxaca.gob.mx\/cortv\/tv-en-vivo\/\" target=\"_blank\" rel=\"noopener noreferrer\"><img loading=\"lazy\" decoding=\"async\" src=\"https:\/\/www.oaxaca.gob.mx\/ieepo\/wp-content\/uploads\/sites\/75\/2020\/04\/cortv.png\" alt=\"\" width=\"130\" height=\"120\" \/><\/a><\/div>\n<div class=\"col-md-4 col-sm-4 col-xs-12\">\n<h3>cortv<\/h3>\n<p><strong>Corporaci\u00f3n Oaxaque\u00f1a de Radio y Televisi\u00f3n <\/strong><\/p>\n<\/div>\n<\/div>\n<div class=\"row\">\n<div class=\"col-md-2 col-sm-2 col-xs-12\"><\/div>\n<div class=\"col-md-4 col-sm-4 col-xs-12\"><\/div>\n<div class=\"col-md-2 col-sm-2 col-xs-12\"><\/div>\n<div class=\"col-md-4 col-sm-4 col-xs-12\"><\/div>\n<\/div>\n<div class=\"row\">\n<div class=\"col-md-2 col-sm-2 col-xs-12\"><a href=\"https:\/\/www.oaxaca.gob.mx\/ieepo\/ingenio-tv\/\" target=\"_blank\" rel=\"noopener noreferrer\"><img loading=\"lazy\" decoding=\"async\" src=\"https:\/\/www.oaxaca.gob.mx\/ieepo\/wp-content\/uploads\/sites\/75\/2020\/04\/ingeniotv.jpg\" alt=\"\" width=\"130\" height=\"80\" \/><\/a><\/div>\n<div class=\"col-md-4 col-sm-4 col-xs-12\">\n<h3 style=\"vertical-align: -50px\">Ingenio TV<\/h3>\n<\/div>\n<div class=\"col-md-2 col-sm-2 col-xs-12\"><a href=\"https:\/\/www.oaxaca.gob.mx\/ieepo\/telesecundaria-tv\/\" target=\"_blank\" rel=\"noopener noreferrer\"><img loading=\"lazy\" decoding=\"async\" src=\"https:\/\/www.oaxaca.gob.mx\/ieepo\/wp-content\/uploads\/sites\/75\/2020\/04\/telesecundaria-tv-11-usat.png\" alt=\"\" width=\"130\" height=\"80\" \/><\/a><\/div>\n<div class=\"col-md-4 col-sm-4 col-xs-12\">\n<h3>Telesecundaria TV 11<\/h3>\n<p><strong>Edusat<\/strong><\/p>\n<\/div>\n<\/div>\n<div class=\"row\">\n<div class=\"col-md-2 col-sm-2 col-xs-12\"><\/div>\n<div class=\"col-md-4 col-sm-4 col-xs-12\"><\/div>\n<div class=\"col-md-2 col-sm-2 col-xs-12\"><\/div>\n<div class=\"col-md-4 col-sm-4 col-xs-12\"><\/div>\n<\/div>\n<div class=\"row\">\n<div class=\"col-md-2 col-sm-2 col-xs-12\"><a href=\"https:\/\/www.oaxaca.gob.mx\/ieepo\/telesecundariamas-tv\/\" target=\"_blank\" rel=\"noopener noreferrer\"><img loading=\"lazy\" decoding=\"async\" src=\"https:\/\/www.oaxaca.gob.mx\/ieepo\/wp-content\/uploads\/sites\/75\/2020\/04\/telesecundaria-tv.png\" alt=\"\" width=\"130\" height=\"80\" \/><\/a><\/div>\n<div class=\"col-md-4 col-sm-4 col-xs-12\">\n<h3>Telesecundaria + TV 27<\/h3>\n<p><strong>Edusat<\/strong><\/p>\n<\/div>\n<div class=\"col-md-2 col-sm-2 col-xs-12\"><a href=\"https:\/\/www.oaxaca.gob.mx\/ieepo\/telebachillerato-tv\/\" target=\"_blank\" rel=\"noopener noreferrer\"><img loading=\"lazy\" decoding=\"async\" src=\"https:\/\/www.oaxaca.gob.mx\/ieepo\/wp-content\/uploads\/sites\/75\/2020\/04\/telebachillerato-tv.png\" alt=\"\" width=\"130\" height=\"80\" \/><\/a><\/div>\n<div class=\"col-md-4 col-sm-4 col-xs-12\">\n<h3>Telebachillerato TV 17<\/h3>\n<p><strong>Edusat<\/strong><\/p>\n<\/div>\n<\/div>\n<div class=\"row\">\n<div class=\"col-md-2 col-sm-2 col-xs-12\"><\/div>\n<div class=\"col-md-4 col-sm-4 col-xs-12\"><\/div>\n<div class=\"col-md-2 col-sm-2 col-xs-12\"><\/div>\n<div class=\"col-md-4 col-sm-4 col-xs-12\"><\/div>\n<\/div>\n<div class=\"row\">\n<div class=\"col-md-2 col-sm-2 col-xs-12\"><a href=\"https:\/\/www.oaxaca.gob.mx\/ieepo\/capacita-tv\/\" target=\"_blank\" rel=\"noopener noreferrer\"><img loading=\"lazy\" decoding=\"async\" src=\"https:\/\/www.oaxaca.gob.mx\/ieepo\/wp-content\/uploads\/sites\/75\/2020\/04\/capacita-tv.png\" alt=\"\" width=\"130\" height=\"80\" \/><\/a><\/div>\n<div class=\"col-md-4 col-sm-4 col-xs-12\">\n<h3>Capacita TV<\/h3>\n<\/div>\n<div class=\"col-md-2 col-sm-2 col-xs-12\"><a href=\"https:\/\/www.oaxaca.gob.mx\/ieepo\/aprende-tv\/\" target=\"_blank\" rel=\"noopener noreferrer\"><img loading=\"lazy\" decoding=\"async\" src=\"https:\/\/www.oaxaca.gob.mx\/ieepo\/wp-content\/uploads\/sites\/75\/2020\/04\/aprende-tv.png\" alt=\"\" width=\"130\" height=\"80\" \/><\/a><\/div>\n<div class=\"col-md-4 col-sm-4 col-xs-12\">\n<h3>Aprende TV<\/h3>\n<\/div>\n<\/div>\n","protected":false},"excerpt":{"rendered":"excerpt","protected":false},"author":87,"featured_media":0,"parent":0,"menu_order":0,"comment_status":"closed","ping_status":"closed","template":"","meta":{"episode_type":"","audio_file":"","podmotor_file_id":"","podmotor_episode_id":"","cover_image":"","cover_image_id":"","duration":"","filesize":"","filesize_raw":"","date_recorded":"","explicit":"","block":"","footnotes":""},"categories":[],"tags":[],"class_list":["post-12660","page","type-page","status-publish","hentry"],"acf":[],"publishpress_future_action":{"enabled":false,"date":"2026-05-14 12:42:27","action":"change-status","newStatus":"draft","terms":[],"taxonomy":"category","extraData":[]},"publishpress_future_workflow_manual_trigger":{"enabledWorkflows":[]},"_links":{"self":[{"href":"https:\/\/www.oaxaca.gob.mx\/ieepo\/wp-json\/wp\/v2\/pages\/12660","targetHints":{"allow":["GET"]}}],"collection":[{"href":"https:\/\/www.oaxaca.gob.mx\/ieepo\/wp-json\/wp\/v2\/pages"}],"about":[{"href":"https:\/\/www.oaxaca.gob.mx\/ieepo\/wp-json\/wp\/v2\/types\/page"}],"author":[{"embeddable":true,"href":"https:\/\/www.oaxaca.gob.mx\/ieepo\/wp-json\/wp\/v2\/users\/87"}],"replies":[{"embeddable":true,"href":"https:\/\/www.oaxaca.gob.mx\/ieepo\/wp-json\/wp\/v2\/comments?post=12660"}],"version-history":[{"count":3,"href":"https:\/\/www.oaxaca.gob.mx\/ieepo\/wp-json\/wp\/v2\/pages\/12660\/revisions"}],"predecessor-version":[{"id":33176,"href":"https:\/\/www.oaxaca.gob.mx\/ieepo\/wp-json\/wp\/v2\/pages\/12660\/revisions\/33176"}],"wp:attachment":[{"href":"https:\/\/www.oaxaca.gob.mx\/ieepo\/wp-json\/wp\/v2\/media?parent=12660"}],"wp:term":[{"taxonomy":"category","embeddable":true,"href":"https:\/\/www.oaxaca.gob.mx\/ieepo\/wp-json\/wp\/v2\/categories?post=12660"},{"taxonomy":"post_tag","embeddable":true,"href":"https:\/\/www.oaxaca.gob.mx\/ieepo\/wp-json\/wp\/v2\/tags?post=12660"}],"curies":[{"name":"wp","href":"https:\/\/api.w.org\/{rel}","templated":true}]}}