{"id":11781,"date":"2020-04-12T09:58:34","date_gmt":"2020-04-12T14:58:34","guid":{"rendered":"https:\/\/www.oaxaca.gob.mx\/ieepo\/?page_id=11781"},"modified":"2020-04-12T19:12:48","modified_gmt":"2020-04-13T00:12:48","slug":"propuestas-de-actividades-para-reforzar-los-aprendizajes-esperados-durante-el-aislamiento-preventivo-preescolar-primaria-y-secundaria","status":"publish","type":"page","link":"https:\/\/www.oaxaca.gob.mx\/ieepo\/propuestas-de-actividades-para-reforzar-los-aprendizajes-esperados-durante-el-aislamiento-preventivo-preescolar-primaria-y-secundaria\/","title":{"rendered":"Propuestas de actividades para reforzar los Aprendizajes Esperados durante el aislamiento preventivo (preescolar, primaria y secundaria)"},"content":{"rendered":"<nav style=\"margin-bottom: 30px\">\n<div role=\"tablist\">\n<p style=\"text-align: center;font-weight: bold\">Acompa\u00f1amiento de las familias a los estudiantes<\/p>\n<p><strong style=\"font-weight: bold\">Introducci\u00f3n<\/strong><br \/>\nDadas las diversas acciones establecidas por el Gobierno de M\u00e9xico para contener y prevenir el contagio del COVID-19(ACUERDO n\u00famero 02\/03\/20), la Secretar\u00eda de Educaci\u00f3n P\u00fablica pone a disposici\u00f3n de las familias diversos recursos para dar continuidad a los estudios de las ni\u00f1as, los ni\u00f1os y adolescentes de educaci\u00f3n b\u00e1sica que se encontrar\u00e1n en sus casas debido al aislamiento preventivo. En este documento las familias encontrar\u00e1n propuestas de actividades para reforzar el aprendizaje de ni\u00f1as, ni\u00f1os y adolescentes, las cuales podr\u00e1n ser acompa\u00f1adas por cualquier miembro de la familia que est\u00e9 a cargo del cuidado de los estudiantes durante este periodo de contingencia.<br \/>\n<strong style=\"font-weight: bold\">Objetivo:<\/strong><br \/>\nLas y los estudiantes desarrollar\u00e1n una serie de actividades que les ayuden a reforzar sus aprendizajes de manera remota, con el acompa\u00f1amiento de sus familias, a trav\u00e9s de actividades cotidianas, que puedan realizar en casa.<\/p>\n<\/div>\n<\/nav>\n<div class=\"row\">\n<div class=\"col-md-3\"><a class=\"text-center\" href=\"https:\/\/www.oaxaca.gob.mx\/ieepo\/actividades-para-reforzar-los-aprendizajes-en-preescolar\/\" target=\"_blank\" rel=\"noopener noreferrer\"><br \/>\n<img loading=\"lazy\" decoding=\"async\" class=\"img-responsive rounded mx-auto d-block\" src=\"https:\/\/www.oaxaca.gob.mx\/ieepo\/wp-content\/uploads\/sites\/75\/2020\/03\/Sugerencias-Preescolar.png\" alt=\"Censo\" width=\"210\" height=\"120\" \/><\/a><\/p>\n<p class=\"text-center\"><a href=\"https:\/\/www.oaxaca.gob.mx\/ieepo\/actividades-para-reforzar-los-aprendizajes-en-preescolar\/\" target=\"_blank\" rel=\"noopener noreferrer\"><strong>Preescolar<\/strong><\/a><\/p>\n<\/div>\n<div class=\"col-md-3\"><a class=\"text-center\" href=\"https:\/\/www.oaxaca.gob.mx\/ieepo\/actividades-para-reforzar-los-aprendizajes-en-primaria\/\" target=\"_blank\" rel=\"noopener noreferrer\"><br \/>\n<img loading=\"lazy\" decoding=\"async\" class=\"img-responsive rounded mx-auto d-block\" src=\"https:\/\/www.oaxaca.gob.mx\/ieepo\/wp-content\/uploads\/sites\/75\/2020\/03\/Sugerencias-Primaria.png\" alt=\"Guia \" width=\"210\" height=\"120\" \/><\/a><\/p>\n<p class=\"text-center\"><a href=\"https:\/\/www.oaxaca.gob.mx\/ieepo\/actividades-para-reforzar-los-aprendizajes-en-primaria\/\" target=\"_blank\" rel=\"noopener noreferrer\"><strong>Primaria<\/strong><\/a><\/p>\n<\/div>\n<div class=\"col-md-3\"><a class=\"text-center\" href=\"https:\/\/www.oaxaca.gob.mx\/ieepo\/actividades-para-reforzar-los-aprendizajes-en-secundaria\/\" target=\"_blank\" rel=\"noopener noreferrer\"><br \/>\n<img loading=\"lazy\" decoding=\"async\" class=\"img-responsive rounded mx-auto d-block\" src=\"https:\/\/www.oaxaca.gob.mx\/ieepo\/wp-content\/uploads\/sites\/75\/2020\/03\/Sugerencias-Secundaria.png\" alt=\"Guia \" width=\"210\" height=\"120\" \/><\/a><\/p>\n<p class=\"text-center\"><a href=\"https:\/\/www.oaxaca.gob.mx\/ieepo\/actividades-para-reforzar-los-aprendizajes-en-secundaria\/\" target=\"_blank\" rel=\"noopener noreferrer\"><strong>Secundaria<\/strong><\/a><\/p>\n<\/div>\n<\/div>\n","protected":false},"excerpt":{"rendered":"excerpt","protected":false},"author":87,"featured_media":0,"parent":0,"menu_order":0,"comment_status":"closed","ping_status":"closed","template":"","meta":{"episode_type":"","audio_file":"","podmotor_file_id":"","podmotor_episode_id":"","cover_image":"","cover_image_id":"","duration":"","filesize":"","filesize_raw":"","date_recorded":"","explicit":"","block":"","footnotes":""},"categories":[],"tags":[],"class_list":["post-11781","page","type-page","status-publish","hentry"],"acf":[],"publishpress_future_action":{"enabled":false,"date":"2026-05-15 13:45:34","action":"change-status","newStatus":"draft","terms":[],"taxonomy":"category","extraData":[]},"publishpress_future_workflow_manual_trigger":{"enabledWorkflows":[]},"_links":{"self":[{"href":"https:\/\/www.oaxaca.gob.mx\/ieepo\/wp-json\/wp\/v2\/pages\/11781","targetHints":{"allow":["GET"]}}],"collection":[{"href":"https:\/\/www.oaxaca.gob.mx\/ieepo\/wp-json\/wp\/v2\/pages"}],"about":[{"href":"https:\/\/www.oaxaca.gob.mx\/ieepo\/wp-json\/wp\/v2\/types\/page"}],"author":[{"embeddable":true,"href":"https:\/\/www.oaxaca.gob.mx\/ieepo\/wp-json\/wp\/v2\/users\/87"}],"replies":[{"embeddable":true,"href":"https:\/\/www.oaxaca.gob.mx\/ieepo\/wp-json\/wp\/v2\/comments?post=11781"}],"version-history":[{"count":12,"href":"https:\/\/www.oaxaca.gob.mx\/ieepo\/wp-json\/wp\/v2\/pages\/11781\/revisions"}],"predecessor-version":[{"id":11935,"href":"https:\/\/www.oaxaca.gob.mx\/ieepo\/wp-json\/wp\/v2\/pages\/11781\/revisions\/11935"}],"wp:attachment":[{"href":"https:\/\/www.oaxaca.gob.mx\/ieepo\/wp-json\/wp\/v2\/media?parent=11781"}],"wp:term":[{"taxonomy":"category","embeddable":true,"href":"https:\/\/www.oaxaca.gob.mx\/ieepo\/wp-json\/wp\/v2\/categories?post=11781"},{"taxonomy":"post_tag","embeddable":true,"href":"https:\/\/www.oaxaca.gob.mx\/ieepo\/wp-json\/wp\/v2\/tags?post=11781"}],"curies":[{"name":"wp","href":"https:\/\/api.w.org\/{rel}","templated":true}]}}