{"id":11496,"date":"2020-03-05T13:23:27","date_gmt":"2020-03-05T19:23:27","guid":{"rendered":"https:\/\/www.oaxaca.gob.mx\/ieepo\/?page_id=11496"},"modified":"2024-10-15T07:14:39","modified_gmt":"2024-10-15T13:14:39","slug":"guelaguetza-de-aprendizajes-atlas-digital-del-estado-de-oaxaca","status":"publish","type":"page","link":"https:\/\/www.oaxaca.gob.mx\/ieepo\/guelaguetza-de-aprendizajes-atlas-digital-del-estado-de-oaxaca\/","title":{"rendered":"Guelaguetza de aprendizajes Atlas digital del estado de Oaxaca"},"content":{"rendered":"<p style=\"text-align: center\"><a href=\"https:\/\/atlas.ieepo.gob.mx\/\" target=\"_blank\" rel=\"attachment wp-att-1766 noopener noreferrer\"><img loading=\"lazy\" decoding=\"async\" class=\"img-responsive mx-auto d-block\" src=\"https:\/\/www.oaxaca.gob.mx\/ieepo\/wp-content\/uploads\/sites\/75\/2020\/03\/logo_atlas.png\" alt=\"\" width=\"401\" height=\"107\" \/><\/a><\/p>\n<p>El Instituto Estatal de Educaci\u00f3n P\u00fabica de Oaxaca (IEEPO) a trav\u00e9s de la Direcci\u00f3n de Tecnolog\u00edas Educativas (DTE), dise\u00f1\u00f3 el proyecto \u201cGuelaguetza de aprendizajes: Atlas digital del estado de Oaxaca\u201d con la finalidad de fomentar la valoraci\u00f3n de la riqueza cultural, \u00e9tnica, ling\u00fc\u00edstica, hist\u00f3rica, social y natural del estado a trav\u00e9s de la creaci\u00f3n de recursos did\u00e1cticos acordes al contexto y a los contenidos curriculares de la educaci\u00f3n b\u00e1sica.<\/p>\n<p><strong style=\"font-weight: bold\">\u00bfQu\u00e9 es?<\/strong><\/p>\n<ul class=\"listas-geo\">\n<li>Es una estrategia pedag\u00f3gica que permite conocer la riqueza natural, cultural, ling\u00fc\u00edstica, hist\u00f3rica y social del estado de Oaxaca con un enfoque educativo, colaborativo, inclusivo y de respeto a los derechos humanos.<\/li>\n<li>Es una pr\u00e1ctica educativa que promueve el reconocimiento de los pueblos ind\u00edgenas, la valoraci\u00f3n de las lenguas maternas, la oralidad, las tradiciones, costumbres, historias, formas de vida, recursos naturales, etc., a trav\u00e9s de la vinculaci\u00f3n del curr\u00edculo oficial con el contexto local, enriqueciendo as\u00ed, el aprendizaje de los estudiantes de educaci\u00f3n b\u00e1sica.<\/li>\n<li>Es un objeto de aprendizaje que organiza, en un mapa digital del estado de Oaxaca, recursos multimedia generados por docentes, alumnos, padres de familia y la comunidad educativa en general, acerca de contenidos curriculares relacionados con el contexto propio de cada comunidad.<\/li>\n<li>Es un recurso educativo que a partir de una \u201cGuelaguetza de aprendizajes\u201d, promueve el trabajo colaborativo de la comunidad educativa para compartir experiencias, conocimientos, saberes comunitarios y aprendizajes a trav\u00e9s de ilustraciones, fotograf\u00edas, videos, audios, presentaciones multimedia y textos en lenguas maternas.<\/li>\n<li>Es una estrategia que promueve en los docentes y estudiantes el convertirse en prosumidores<a href=\"#_ftn1\" name=\"_ftnref1\">[1]<\/a> de contenidos educativos, al mismo tiempo que desarrollan habilidades digitales.<\/li>\n<\/ul>\n<h6><a href=\"#_ftnref1\" name=\"_ftn1\">[1]<\/a> Un prosumidor hace referencia a una persona generadora de contenidos y creadora de ideas.<\/h6>\n<p>&nbsp;<\/p>\n<p><strong style=\"font-weight: bold\">\u00bfC\u00f3mo funciona?<\/strong><\/p>\n<p>El Atlas digital es una aplicaci\u00f3n web desarrollada y administrada por la dte como un punto de encuentro, donde distintos saberes se re\u00fanen, donde las colaboraciones de docentes, estudiantes y tutores fortalecen su significado y contribuyen a enriquecer el conocimiento que tenemos acerca de nuestra entidad.<\/p>\n<ul class=\"listas-geo\">\n<li>La DTE convoca de manera continua a la comunidad educativa de educaci\u00f3n b\u00e1sica de Oaxaca a crear y compartir recursos que muestren la riqueza cultural, ling\u00fc\u00edstica, musical, hist\u00f3rica, social y natural del estado (fotograf\u00edas, ilustraciones, videos, audios, textos) y que est\u00e9n elaborados desde la perspectiva educativa del curr\u00edculo escolar.<\/li>\n<li>Docentes, estudiantes, madres y padres de familia interesados, desarrollan recursos did\u00e1cticos y los comparten con la comunidad a trav\u00e9s de la plataforma web del Atlas digital.<\/li>\n<li>La DTE valida los materiales con la finalidad de vigilar que los recursos incluyan contenidos veraces, de respeto y est\u00e9n correctamente identificados con las asignaturas y categor\u00edas del Atlas.<\/li>\n<li>Una vez aprobados los recursos, se publican en la plataforma para consulta del p\u00fablico en general y su uso como herramientas did\u00e1cticas en la educaci\u00f3n b\u00e1sica.<\/li>\n<\/ul>\n<p>&nbsp;<\/p>\n<p><strong style=\"font-weight: bold\">\u00bfC\u00f3mo se organiza?<\/strong><\/p>\n<p>Este objeto de aprendizaje organiza en un mapa de Oaxaca los recursos generados. Integra fotograf\u00edas, ilustraciones, videos, audios y textos en lenguas maternas, acerca del medio f\u00edsico, infraestructura, sociedad, actividades econ\u00f3micas y aspectos culturales que permiten fortalecer la identidad oaxaque\u00f1a y compartir experiencias, enriqueciendo el aprendizaje de los estudiantes de educaci\u00f3n b\u00e1sica.<\/p>\n<p>Para consultar los recursos existentes, es posible realizarlo a trav\u00e9s de una b\u00fasqueda en un mapa que muestra distintas capas, explorar recursos por asignaturas o por categor\u00edas espec\u00edficas.<\/p>\n<div class=\"row\">\n<div class=\"col-md-6 col-sm-6 col-xs-12\"><a href=\"https:\/\/atlas.ieepo.gob.mx\/\" target=\"_blank\" rel=\"noopener noreferrer\"><br \/>\n<img loading=\"lazy\" decoding=\"async\" class=\"img-responsive mx-auto d-block\" src=\"https:\/\/www.oaxaca.gob.mx\/ieepo\/wp-content\/uploads\/sites\/75\/2020\/03\/Mapa-Asignatura-Categoria.png\" alt=\"Mapa\" width=\"608\" height=\"280\" \/><br \/>\n<\/a><\/div>\n<div class=\"col-md-6 col-sm-6 col-xs-12\"><a href=\"https:\/\/atlas.ieepo.gob.mx\/\" target=\"_blank\" rel=\"noopener noreferrer\"><br \/>\n<img loading=\"lazy\" decoding=\"async\" class=\"img-responsive mx-auto d-block\" src=\"https:\/\/www.oaxaca.gob.mx\/ieepo\/wp-content\/uploads\/sites\/75\/2020\/03\/Lupa-ni\u00f1a.png\" alt=\"Lupa\" width=\"164\" height=\"309\" \/><br \/>\n<\/a><\/div>\n<\/div>\n<p>&nbsp;<\/p>\n<p><strong style=\"font-weight: bold\">\u00bfC\u00f3mo colaborar?<\/strong><\/p>\n<p style=\"text-align: center\"><img loading=\"lazy\" decoding=\"async\" class=\"img-responsive mx-auto d-block\" src=\"https:\/\/www.oaxaca.gob.mx\/ieepo\/wp-content\/uploads\/sites\/75\/2020\/03\/Como-colaborar.png\" alt=\"\" width=\"708\" height=\"300\" \/><\/p>\n<p>El Atlas digital es un recurso que se enriquece con las aportaciones de docentes, estudiantes, madres y padres de familia. Por lo tanto, las personas interesadas en contribuir con la construcci\u00f3n de este valioso acervo deber\u00e1n:<\/p>\n<ol class=\"list-num\">\n<li>Seleccionar un tema de su inter\u00e9s y relacionarlo con alguna asignatura de primaria o secundaria pertenecientes a los campos formativos Lenguaje y comunicaci\u00f3n y Exploraci\u00f3n y comprensi\u00f3n del mundo natural y social<\/li>\n<li>Generar un recurso (fotograf\u00eda, ilustraci\u00f3n, video, audio y\/o un texto en lengua materna espa\u00f1ol o ind\u00edgena) acerca del lugar en el que viven, de sus recursos naturales, de los r\u00edos, de sus monta\u00f1as, vegetaci\u00f3n, fauna, de las tradiciones y costumbres, de los saberes comunitarios, de sitios hist\u00f3ricos, etc.<\/li>\n<li>Ingresar a la plataforma web ubicada en <a href=\"https:\/\/atlas.ieepo.gob.mx\/\" target=\"_blank\" rel=\"noopener noreferrer\"><em>https:\/\/atlas.ieepo.gob.mx\/<\/em><\/a> y subir su recurso, especificando:\n<ul class=\"listas-geo\">\n<li>T\u00edtulo<\/li>\n<li>Descripci\u00f3n<\/li>\n<li>Lugar de origen<\/li>\n<li>Autor<\/li>\n<li>Tipo de contenido<\/li>\n<li>Asignatura<\/li>\n<li>Categor\u00edas<\/li>\n<\/ul>\n<\/li>\n<\/ol>\n<p>&nbsp;<\/p>\n<p>Personal especializado de la DTE realizar\u00e1 la validaci\u00f3n de los recursos que ser\u00e1n publicados en el Atlas. Una vez autorizados, los autores recibir\u00e1n una notificaci\u00f3n v\u00eda correo electr\u00f3nico.<\/p>\n<p>&nbsp;<\/p>\n<p><strong style=\"font-weight: bold\">Docente, estudiante, madre y padre de familia:<\/strong><\/p>\n<p><strong>\u00a1La DTE te invita a ser parte de esta <\/strong><strong>\u201cGuelaguetza de aprendizajes\u201d<\/strong><strong>! S\u00famate a construir este <\/strong><strong>Atlas digital del estado de Oaxaca<\/strong><strong>. <\/strong><\/p>\n<p style=\"text-align: center\"><a href=\"https:\/\/atlas.ieepo.gob.mx\/\" target=\"_blank\" rel=\"attachment wp-att-1766 noopener noreferrer\"><img loading=\"lazy\" decoding=\"async\" class=\"img-responsive mx-auto d-block\" src=\"https:\/\/www.oaxaca.gob.mx\/ieepo\/wp-content\/uploads\/sites\/75\/2020\/03\/Ni\u00f1o-mapa.png\" alt=\"\" width=\"517\" height=\"422\" \/><\/a><\/p>\n<h3><strong>Para m\u00e1s informaci\u00f3n accesa a: <a href=\"https:\/\/atlas.ieepo.gob.mx\/\" target=\"_blank\" rel=\"noopener noreferrer\">https:\/\/atlas.ieepo.gob.mx\/<\/a><\/strong><\/h3>\n","protected":false},"excerpt":{"rendered":"excerpt","protected":false},"author":87,"featured_media":34590,"parent":0,"menu_order":0,"comment_status":"closed","ping_status":"closed","template":"","meta":{"episode_type":"","audio_file":"","podmotor_file_id":"","podmotor_episode_id":"","cover_image":"","cover_image_id":"","duration":"","filesize":"","filesize_raw":"","date_recorded":"","explicit":"","block":"","footnotes":""},"categories":[6],"tags":[],"class_list":["post-11496","page","type-page","status-publish","has-post-thumbnail","hentry","category-enlaces"],"acf":[],"publishpress_future_action":{"enabled":false,"date":"2026-05-15 09:06:06","action":"change-status","newStatus":"draft","terms":[],"taxonomy":"category","extraData":[]},"publishpress_future_workflow_manual_trigger":{"enabledWorkflows":[]},"_links":{"self":[{"href":"https:\/\/www.oaxaca.gob.mx\/ieepo\/wp-json\/wp\/v2\/pages\/11496","targetHints":{"allow":["GET"]}}],"collection":[{"href":"https:\/\/www.oaxaca.gob.mx\/ieepo\/wp-json\/wp\/v2\/pages"}],"about":[{"href":"https:\/\/www.oaxaca.gob.mx\/ieepo\/wp-json\/wp\/v2\/types\/page"}],"author":[{"embeddable":true,"href":"https:\/\/www.oaxaca.gob.mx\/ieepo\/wp-json\/wp\/v2\/users\/87"}],"replies":[{"embeddable":true,"href":"https:\/\/www.oaxaca.gob.mx\/ieepo\/wp-json\/wp\/v2\/comments?post=11496"}],"version-history":[{"count":29,"href":"https:\/\/www.oaxaca.gob.mx\/ieepo\/wp-json\/wp\/v2\/pages\/11496\/revisions"}],"predecessor-version":[{"id":29334,"href":"https:\/\/www.oaxaca.gob.mx\/ieepo\/wp-json\/wp\/v2\/pages\/11496\/revisions\/29334"}],"wp:featuredmedia":[{"embeddable":true,"href":"https:\/\/www.oaxaca.gob.mx\/ieepo\/wp-json\/wp\/v2\/media\/34590"}],"wp:attachment":[{"href":"https:\/\/www.oaxaca.gob.mx\/ieepo\/wp-json\/wp\/v2\/media?parent=11496"}],"wp:term":[{"taxonomy":"category","embeddable":true,"href":"https:\/\/www.oaxaca.gob.mx\/ieepo\/wp-json\/wp\/v2\/categories?post=11496"},{"taxonomy":"post_tag","embeddable":true,"href":"https:\/\/www.oaxaca.gob.mx\/ieepo\/wp-json\/wp\/v2\/tags?post=11496"}],"curies":[{"name":"wp","href":"https:\/\/api.w.org\/{rel}","templated":true}]}}