{"id":8036,"date":"2025-09-23T11:25:45","date_gmt":"2025-09-23T17:25:45","guid":{"rendered":"https:\/\/www.oaxaca.gob.mx\/ieea\/?page_id=8036"},"modified":"2025-11-27T13:57:31","modified_gmt":"2025-11-27T19:57:31","slug":"presupuesto-3er-trimestre-2025","status":"publish","type":"page","link":"https:\/\/www.oaxaca.gob.mx\/ieea\/presupuesto-3er-trimestre-2025\/","title":{"rendered":"Presupuesto 3er Trimestre 2025"},"content":{"rendered":"<p><a href=\"https:\/\/www.oaxaca.gob.mx\/ieea\/wp-content\/uploads\/sites\/49\/2025\/10\/3.-pagos-por-ayudas-subsidios-3er\u00b0-trimestre-2025.doc\">Pagos por Ayudas y Subsidios<\/a><\/p>\n<p>&nbsp;<\/p>\n<p><a href=\"https:\/\/www.oaxaca.gob.mx\/ieea\/wp-content\/uploads\/sites\/49\/2025\/09\/EDOS.-FIN.-JULIO-2025-1.pdf\">EDOS. FIN. JULIO 2025<\/a><\/p>\n<p><a href=\"https:\/\/www.oaxaca.gob.mx\/ieea\/wp-content\/uploads\/sites\/49\/2025\/10\/AVANCE-DE-GESTION-ENE-SEP-2025.pdf\">AVANCE DE GESTION ENE-SEP 2025<\/a><\/p>\n<p><a href=\"https:\/\/www.oaxaca.gob.mx\/ieea\/wp-content\/uploads\/sites\/49\/2025\/10\/EDO.-FIN.-AGOSTO-2025.pdf\">EDO. FIN. AGOSTO 2025<\/a><\/p>\n<p><a href=\"https:\/\/www.oaxaca.gob.mx\/ieea\/wp-content\/uploads\/sites\/49\/2025\/11\/ESTADOS-FIN.-SEPT.2025.pdf\">ESTADOS FIN. SEPT.2025<\/a><\/p>\n<p><a href=\"https:\/\/www.oaxaca.gob.mx\/ieea\/wp-content\/uploads\/sites\/49\/2025\/11\/ReporteFinal-3er-Trimestre-2025.xlsx\">ReporteFinal 3er Trimestre 2025<\/a><\/p>\n<p><em><strong>CONAC<\/strong><\/em><\/p>\n<p style=\"text-align: left\"><a href=\"https:\/\/www.oaxaca.gob.mx\/ieea\/wp-content\/uploads\/sites\/49\/2025\/10\/Analitico-de-Categorias-Plazas-Autorizadas-con-su-Tabulador.pdf\">Anal\u00edtico de Categorias Plazas Autorizadas con su Tabulador<\/a><br \/>\n<a href=\"https:\/\/www.oaxaca.gob.mx\/ieea\/wp-content\/uploads\/sites\/49\/2025\/10\/Catalogo-de-Categorias-y-Tabuladores.pdf\">Cat\u00e1logo de Categorias y Tabuladores<\/a><br \/>\n<a href=\"https:\/\/www.oaxaca.gob.mx\/ieea\/wp-content\/uploads\/sites\/49\/2025\/10\/Catalogo-de-Percepciones-y-Deducciones.pdf\">Cat\u00e1logo de Percepciones y Deducciones<\/a><br \/>\n<a href=\"https:\/\/www.oaxaca.gob.mx\/ieea\/wp-content\/uploads\/sites\/49\/2025\/10\/Movimientos-de-Personal-por-Centro-de-Trabajo.pdf\">Movimientos de Personal por Centro de Trabajo<\/a><br \/>\n<a href=\"https:\/\/www.oaxaca.gob.mx\/ieea\/wp-content\/uploads\/sites\/49\/2025\/10\/Movimientos-de-Plazas.pdf\">Movimientos de Plazas<\/a><br \/>\n<a href=\"https:\/\/www.oaxaca.gob.mx\/ieea\/wp-content\/uploads\/sites\/49\/2025\/10\/Personal-Comisionado.pdf\">Personal Comisionado<\/a><br \/>\n<a href=\"https:\/\/www.oaxaca.gob.mx\/ieea\/wp-content\/uploads\/sites\/49\/2025\/10\/Personal-con-Licencia.pdf\">Personal con Licencia<\/a><br \/>\n<a href=\"https:\/\/www.oaxaca.gob.mx\/ieea\/wp-content\/uploads\/sites\/49\/2025\/10\/Personal-fedralizado-por-RFC.pdf\">Personal fedralizado por RFC<\/a><br \/>\n<a href=\"https:\/\/www.oaxaca.gob.mx\/ieea\/wp-content\/uploads\/sites\/49\/2025\/10\/Plaza-Funcion.pdf\">Plaza Funci\u00f3n<\/a><br \/>\n<a href=\"https:\/\/www.oaxaca.gob.mx\/ieea\/wp-content\/uploads\/sites\/49\/2025\/10\/RFC-de-Trabadores-con-Pagos-Retroactivos-con-un-periodo-mayo-a-45-dias.pdf\">RFC de Trabadores con Pagos Retroactivos con un periodo mayo a 45 dias.<\/a><br \/>\n<a href=\"https:\/\/www.oaxaca.gob.mx\/ieea\/wp-content\/uploads\/sites\/49\/2025\/10\/Trabajadores-con-Doble-Asignacion-Salarial-en-Municipios-no-Colindantes-Geograficamente.pdf\">Trabajadores con Doble Asignaci\u00f3n Salarial en Municipios no Colindantes Geogr\u00e1ficamente<\/a><br \/>\n<a href=\"https:\/\/www.oaxaca.gob.mx\/ieea\/wp-content\/uploads\/sites\/49\/2025\/10\/Trabajadores-Contratados-por-Honorarios-en-el-Periodo.pdf\">Trabajadores Contratados por Honorarios en el Periodo<\/a><br \/>\n<a href=\"https:\/\/www.oaxaca.gob.mx\/ieea\/wp-content\/uploads\/sites\/49\/2025\/10\/Trabajadores-cuyo-Salaria-Basico-supere-los-Ingresos-Promedio.pdf\">Trabajadores cuyo Salaria B\u00e1sico supere los Ingresos Promedio<\/a><br \/>\n<a href=\"https:\/\/www.oaxaca.gob.mx\/ieea\/wp-content\/uploads\/sites\/49\/2025\/10\/Trabajadores-Jubilados-en-el-Periodo.pdf\">Trabajadores Jubilados en el Periodo<\/a><br \/>\n<a href=\"https:\/\/www.oaxaca.gob.mx\/ieea\/wp-content\/uploads\/sites\/49\/2025\/10\/Trabajadores-Ocupando-Plazas-que-superan-el-Numero-de-Horas-de-Compatibilidad.pdf\">Trabajadores Ocupando Plazas que superan el N\u00famero de Horas de Compatibilidad<\/a><br \/>\n<a href=\"https:\/\/www.oaxaca.gob.mx\/ieea\/wp-content\/uploads\/sites\/49\/2025\/10\/Trabajadores-que-cobran-con-RFC-CURP-con-Formato-Incorrecto.pdf\">Trabajadores que cobran con RFC CURP con Formato Incorrecto<\/a><br \/>\n<a href=\"https:\/\/www.oaxaca.gob.mx\/ieea\/wp-content\/uploads\/sites\/49\/2025\/10\/Trabajadores-que-Tramitaron-Licencia-Prejubilatoria-en-el-Periodo.pdf\">Trabajadores que Tramitar\u00f3n Licencia Prejubilatoria en el Periodo<\/a><\/p>\n<p>&nbsp;<\/p>\n","protected":false},"excerpt":{"rendered":"<p>Pagos por Ayudas y Subsidios &nbsp; EDOS. FIN. JULIO 2025 AVANCE DE GESTION ENE-SEP 2025 EDO. FIN. AGOSTO 2025 ESTADOS FIN. SEPT.2025 ReporteFinal 3er Trimestre 2025 CONAC Anal\u00edtico de Categorias Plazas Autorizadas con su Tabulador Cat\u00e1logo de Categorias y Tabuladores Cat\u00e1logo de Percepciones y Deducciones Movimientos de Personal por Centro de Trabajo Movimientos de Plazas [&hellip;]<\/p>\n","protected":false},"author":58,"featured_media":0,"parent":0,"menu_order":0,"comment_status":"closed","ping_status":"closed","template":"","meta":{"episode_type":"","audio_file":"","podmotor_file_id":"","podmotor_episode_id":"","cover_image":"","cover_image_id":"","duration":"","filesize":"","filesize_raw":"","date_recorded":"","explicit":"","block":"","itunes_episode_number":"","itunes_title":"","itunes_season_number":"","itunes_episode_type":"","footnotes":""},"categories":[],"tags":[],"class_list":["post-8036","page","type-page","status-publish","hentry"],"acf":[],"publishpress_future_action":{"enabled":false,"date":"2026-04-20 12:33:58","action":"change-status","newStatus":"draft","terms":[],"taxonomy":"category","extraData":[]},"publishpress_future_workflow_manual_trigger":{"enabledWorkflows":[]},"_links":{"self":[{"href":"https:\/\/www.oaxaca.gob.mx\/ieea\/wp-json\/wp\/v2\/pages\/8036","targetHints":{"allow":["GET"]}}],"collection":[{"href":"https:\/\/www.oaxaca.gob.mx\/ieea\/wp-json\/wp\/v2\/pages"}],"about":[{"href":"https:\/\/www.oaxaca.gob.mx\/ieea\/wp-json\/wp\/v2\/types\/page"}],"author":[{"embeddable":true,"href":"https:\/\/www.oaxaca.gob.mx\/ieea\/wp-json\/wp\/v2\/users\/58"}],"replies":[{"embeddable":true,"href":"https:\/\/www.oaxaca.gob.mx\/ieea\/wp-json\/wp\/v2\/comments?post=8036"}],"version-history":[{"count":2,"href":"https:\/\/www.oaxaca.gob.mx\/ieea\/wp-json\/wp\/v2\/pages\/8036\/revisions"}],"predecessor-version":[{"id":8119,"href":"https:\/\/www.oaxaca.gob.mx\/ieea\/wp-json\/wp\/v2\/pages\/8036\/revisions\/8119"}],"wp:attachment":[{"href":"https:\/\/www.oaxaca.gob.mx\/ieea\/wp-json\/wp\/v2\/media?parent=8036"}],"wp:term":[{"taxonomy":"category","embeddable":true,"href":"https:\/\/www.oaxaca.gob.mx\/ieea\/wp-json\/wp\/v2\/categories?post=8036"},{"taxonomy":"post_tag","embeddable":true,"href":"https:\/\/www.oaxaca.gob.mx\/ieea\/wp-json\/wp\/v2\/tags?post=8036"}],"curies":[{"name":"wp","href":"https:\/\/api.w.org\/{rel}","templated":true}]}}