{"id":7687,"date":"2025-04-14T13:12:07","date_gmt":"2025-04-14T19:12:07","guid":{"rendered":"https:\/\/www.oaxaca.gob.mx\/ieea\/?page_id=7687"},"modified":"2025-07-07T11:44:15","modified_gmt":"2025-07-07T17:44:15","slug":"presupuesto-1er-trimestre-2025","status":"publish","type":"page","link":"https:\/\/www.oaxaca.gob.mx\/ieea\/presupuesto-1er-trimestre-2025\/","title":{"rendered":"Presupuesto 1er Trimestre 2025"},"content":{"rendered":"<p><a href=\"https:\/\/www.oaxaca.gob.mx\/ieea\/wp-content\/uploads\/sites\/49\/2025\/04\/AVANCE-DE-GESTION-FINANCIERA-ENE-MARZO-2025.pdf\">AVANCE DE GESTION FINANCIERA ENE-MARZO 2025<\/a><\/p>\n<p><a href=\"https:\/\/www.oaxaca.gob.mx\/ieea\/wp-content\/uploads\/sites\/49\/2025\/04\/Memorandum-Avance-De-Gestion-Financiera.pdf\">Memora\u0301ndum Avance De Gestio\u0301n Financiera<\/a><\/p>\n<p><a href=\"https:\/\/www.oaxaca.gob.mx\/ieea\/wp-content\/uploads\/sites\/49\/2025\/07\/ESTADOS-FINANCIEROS-ENERO-2025.pdf\">ESTADOS FINANCIEROS ENERO<\/a><\/p>\n<p><a href=\"https:\/\/www.oaxaca.gob.mx\/ieea\/wp-content\/uploads\/sites\/49\/2025\/07\/ESTADOS-FINANCIEROS-FEBRERO-2025.pdf\">ESTADOS FINANCIEROS FEBRERO<\/a><\/p>\n<p><a href=\"https:\/\/www.oaxaca.gob.mx\/ieea\/wp-content\/uploads\/sites\/49\/2025\/07\/ESTADOS-FINANCIEROS-MARZO-2025.pdf\">ESTADOS FINANCIEROS MARZO<\/a><\/p>\n<p><a href=\"https:\/\/www.oaxaca.gob.mx\/ieea\/wp-content\/uploads\/sites\/49\/2025\/07\/ReporteFinal_2024.xlsx\">Reporte Final<\/a><\/p>\n<p><em><strong>CONAC<\/strong><\/em><\/p>\n<p><a href=\"https:\/\/www.oaxaca.gob.mx\/ieea\/wp-content\/uploads\/sites\/49\/2025\/04\/Analitico-de-Categorias-Plazas-Autorizadas-con-su-Tabulador.pdf\">Analitico de Categorias Plazas Autorizadas con su Tabulador<\/a><\/p>\n<p><a href=\"https:\/\/www.oaxaca.gob.mx\/ieea\/wp-content\/uploads\/sites\/49\/2025\/04\/Catalogo-de-Categorias-y-Tabuladores.pdf\">Cat\u00e1logo de Categor\u00edas y Tabuladores<\/a><\/p>\n<p><a href=\"https:\/\/www.oaxaca.gob.mx\/ieea\/wp-content\/uploads\/sites\/49\/2025\/04\/Catalogo-de-Percepciones-y-Deducciones.pdf\">Cat\u00e1logo de Percepciones y Deducciones<\/a><\/p>\n<p><a href=\"https:\/\/www.oaxaca.gob.mx\/ieea\/wp-content\/uploads\/sites\/49\/2025\/04\/Movimientos-de-Personal-por-Centro-de-Trabajo.pdf\">Movimientos de Personal por Centro de Trabajo<\/a><\/p>\n<p><a href=\"https:\/\/www.oaxaca.gob.mx\/ieea\/wp-content\/uploads\/sites\/49\/2025\/04\/Movimientos-de-Plazas.pdf\">Movimientos de Plazas<\/a><\/p>\n<p><a href=\"https:\/\/www.oaxaca.gob.mx\/ieea\/wp-content\/uploads\/sites\/49\/2025\/04\/Personal-Comisionado.pdf\">Personal Comisionado<\/a><\/p>\n<p><a href=\"https:\/\/www.oaxaca.gob.mx\/ieea\/wp-content\/uploads\/sites\/49\/2025\/04\/Personal-con-Licencia.pdf\">Personal con Licencia<\/a><\/p>\n<p><a href=\"https:\/\/www.oaxaca.gob.mx\/ieea\/wp-content\/uploads\/sites\/49\/2025\/04\/Personal-Federalizado-por-RFC.pdf\">Personal Federalizado por RFC<\/a><\/p>\n<p><a href=\"https:\/\/www.oaxaca.gob.mx\/ieea\/wp-content\/uploads\/sites\/49\/2025\/04\/Plaza-Funcion.pdf\">Plaza Funci\u00f3n<\/a><\/p>\n<p><a href=\"https:\/\/www.oaxaca.gob.mx\/ieea\/wp-content\/uploads\/sites\/49\/2025\/04\/RFC-de-Trabajadores-con-Pagos-Retroactivos-con-un-periodo-mayor-a-45-dias.pdf\">RFC de Trabajadores con Pagos Retroactivos con un periodo mayor a 45 dias<\/a><\/p>\n<p><a href=\"https:\/\/www.oaxaca.gob.mx\/ieea\/wp-content\/uploads\/sites\/49\/2025\/04\/Trabajadores-con-Doble-Aasignacion-Salarial-en-Municipios-no-Colindantes-Geograficamente.pdf\">Trabajadores con Doble Aasignaci\u00f3n Salarial en Municipios no Colindantes Geogr\u00e1ficamente<\/a><\/p>\n<p><a href=\"https:\/\/www.oaxaca.gob.mx\/ieea\/wp-content\/uploads\/sites\/49\/2025\/04\/Trabajadores-contratados-por-Honorarios-en-el-Periodo.pdf\">Trabajadores contratados por Honorarios en el Periodo<\/a><\/p>\n<p><a href=\"https:\/\/www.oaxaca.gob.mx\/ieea\/wp-content\/uploads\/sites\/49\/2025\/04\/Trabajadores-cuyo-Salario-Basico-supere-los-Ingresos-Promedio.pdf\">Trabajadores cuyo Salario B\u00e1sico supere los Ingresos Promedio<\/a><\/p>\n<p><a href=\"https:\/\/www.oaxaca.gob.mx\/ieea\/wp-content\/uploads\/sites\/49\/2025\/04\/Trabajadores-Jubilados-en-el-Periodo.pdf\">Trabajadores Jubilados en el Periodo<\/a><\/p>\n<p><a href=\"https:\/\/www.oaxaca.gob.mx\/ieea\/wp-content\/uploads\/sites\/49\/2025\/04\/Trabajadores-ocupando-Plazas-que-superan-el-Numero-de-Horas-de-Compatibilidad.pdf\">Trabajadores ocupando Plazas que superan el N\u00famero de Horas de Compatibilidad<\/a><\/p>\n<p><a href=\"https:\/\/www.oaxaca.gob.mx\/ieea\/wp-content\/uploads\/sites\/49\/2025\/04\/Trabajadores-que-cobran-con-RFC-CURP-con-Formato-Incorrecto.pdf\">Trabajadores que cobran con RFC CURP con Formato Incorrecto<\/a><\/p>\n<p><a href=\"https:\/\/www.oaxaca.gob.mx\/ieea\/wp-content\/uploads\/sites\/49\/2025\/04\/Trabajadores-que-Tramitaron-Licencia-Prejubilatoria-en-el-periodo.pdf\">Trabajadores que Tramitar\u00f3n Licencia Prejubilatoria en el periodo<\/a><\/p>\n","protected":false},"excerpt":{"rendered":"<p>AVANCE DE GESTION FINANCIERA ENE-MARZO 2025 Memora\u0301ndum Avance De Gestio\u0301n Financiera ESTADOS FINANCIEROS ENERO ESTADOS FINANCIEROS FEBRERO ESTADOS FINANCIEROS MARZO Reporte Final CONAC Analitico de Categorias Plazas Autorizadas con su Tabulador Cat\u00e1logo de Categor\u00edas y Tabuladores Cat\u00e1logo de Percepciones y Deducciones Movimientos de Personal por Centro de Trabajo Movimientos de Plazas Personal Comisionado Personal con [&hellip;]<\/p>\n","protected":false},"author":58,"featured_media":0,"parent":0,"menu_order":0,"comment_status":"closed","ping_status":"closed","template":"","meta":{"episode_type":"","audio_file":"","podmotor_file_id":"","podmotor_episode_id":"","cover_image":"","cover_image_id":"","duration":"","filesize":"","filesize_raw":"","date_recorded":"","explicit":"","block":"","itunes_episode_number":"","itunes_title":"","itunes_season_number":"","itunes_episode_type":"","footnotes":""},"categories":[],"tags":[],"class_list":["post-7687","page","type-page","status-publish","hentry"],"acf":[],"publishpress_future_action":{"enabled":false,"date":"2026-04-20 12:45:15","action":"change-status","newStatus":"draft","terms":[],"taxonomy":"category","extraData":[]},"publishpress_future_workflow_manual_trigger":{"enabledWorkflows":[]},"_links":{"self":[{"href":"https:\/\/www.oaxaca.gob.mx\/ieea\/wp-json\/wp\/v2\/pages\/7687","targetHints":{"allow":["GET"]}}],"collection":[{"href":"https:\/\/www.oaxaca.gob.mx\/ieea\/wp-json\/wp\/v2\/pages"}],"about":[{"href":"https:\/\/www.oaxaca.gob.mx\/ieea\/wp-json\/wp\/v2\/types\/page"}],"author":[{"embeddable":true,"href":"https:\/\/www.oaxaca.gob.mx\/ieea\/wp-json\/wp\/v2\/users\/58"}],"replies":[{"embeddable":true,"href":"https:\/\/www.oaxaca.gob.mx\/ieea\/wp-json\/wp\/v2\/comments?post=7687"}],"version-history":[{"count":2,"href":"https:\/\/www.oaxaca.gob.mx\/ieea\/wp-json\/wp\/v2\/pages\/7687\/revisions"}],"predecessor-version":[{"id":7805,"href":"https:\/\/www.oaxaca.gob.mx\/ieea\/wp-json\/wp\/v2\/pages\/7687\/revisions\/7805"}],"wp:attachment":[{"href":"https:\/\/www.oaxaca.gob.mx\/ieea\/wp-json\/wp\/v2\/media?parent=7687"}],"wp:term":[{"taxonomy":"category","embeddable":true,"href":"https:\/\/www.oaxaca.gob.mx\/ieea\/wp-json\/wp\/v2\/categories?post=7687"},{"taxonomy":"post_tag","embeddable":true,"href":"https:\/\/www.oaxaca.gob.mx\/ieea\/wp-json\/wp\/v2\/tags?post=7687"}],"curies":[{"name":"wp","href":"https:\/\/api.w.org\/{rel}","templated":true}]}}