{"id":7552,"date":"2024-12-30T16:53:07","date_gmt":"2024-12-30T22:53:07","guid":{"rendered":"https:\/\/www.oaxaca.gob.mx\/ieea\/?page_id=7552"},"modified":"2025-03-07T11:54:36","modified_gmt":"2025-03-07T17:54:36","slug":"presupuesto-4to-trimestre-2024","status":"publish","type":"page","link":"https:\/\/www.oaxaca.gob.mx\/ieea\/presupuesto-4to-trimestre-2024\/","title":{"rendered":"Presupuesto 4To Trimestre 2024"},"content":{"rendered":"<p><a href=\"https:\/\/www.oaxaca.gob.mx\/ieea\/wp-content\/uploads\/sites\/49\/2024\/12\/10-ESTADO-FINANCIEROS-OCTUBRE-2024-1.pdf\">ESTADO FINANCIEROS OCTUBRE<\/a><\/p>\n<p><a href=\"https:\/\/www.oaxaca.gob.mx\/ieea\/wp-content\/uploads\/sites\/49\/2024\/12\/11-ESTADO-FINANCIERO-NOVIEMBRE-2024-1.pdf\">ESTADO FINANCIERO NOVIEMBRE<\/a><\/p>\n<p><a href=\"https:\/\/www.oaxaca.gob.mx\/ieea\/wp-content\/uploads\/sites\/49\/2025\/01\/Pagos-por-Ayudas-Subsidios-4a-trimestre-2024.pdf\">Pagos por Ayudas Subsidios 4\u00aa trimestre 2024<\/a><\/p>\n<p><a href=\"https:\/\/www.oaxaca.gob.mx\/ieea\/wp-content\/uploads\/sites\/49\/2025\/03\/CUENTA-PUBLICA-2024.pdf\">CUENTA P\u00daBLICA 2024<\/a><\/p>\n<p><em><strong>SRFT<\/strong><\/em><\/p>\n<p><a href=\"https:\/\/www.oaxaca.gob.mx\/ieea\/wp-content\/uploads\/sites\/49\/2025\/02\/CUARTO-INFORME-TRIMESTRAL-ENE-DIC-2024.pdf\">CUARTO INFORME TRIMESTRAL ENE-DIC 2024<\/a><\/p>\n<p><a href=\"https:\/\/www.oaxaca.gob.mx\/ieea\/wp-content\/uploads\/sites\/49\/2025\/02\/Cuarto-Trimestre-2024-ReporteFinal.xlsx\">Cuarto Trimestre 2024 ReporteFinal<\/a><\/p>\n<p><em><a href=\"https:\/\/www.oaxaca.gob.mx\/ieea\/wp-content\/uploads\/sites\/49\/2025\/02\/ESTADO-FINANCIERO-DICIEMBRE-2024-1.pdf\">ESTADO FINANCIERO DICIEMBRE 2024<\/a><\/em><\/p>\n<p>&nbsp;<\/p>\n<p><em><strong>CONAC<\/strong><\/em><\/p>\n<p><a href=\"https:\/\/www.oaxaca.gob.mx\/ieea\/wp-content\/uploads\/sites\/49\/2025\/01\/Analitico-de-Categorias-Plazas-Autorizadas-con-su-Tabulador.pdf\">Anal\u00edtico de Categor\u00edas Plazas Autorizadas con su Tabulador<\/a><br \/>\n<a href=\"https:\/\/www.oaxaca.gob.mx\/ieea\/wp-content\/uploads\/sites\/49\/2025\/01\/Catalogo-de-Categorias-y-Tabuladores.pdf\">Cat\u00e1logo de Categorias y Tabuladores<\/a><br \/>\n<a href=\"https:\/\/www.oaxaca.gob.mx\/ieea\/wp-content\/uploads\/sites\/49\/2025\/01\/Catalogo-de-Percepciones-y-Deducciones.pdf\">Cat\u00e1logo de Percepciones y Deducciones<\/a><br \/>\n<a href=\"https:\/\/www.oaxaca.gob.mx\/ieea\/wp-content\/uploads\/sites\/49\/2025\/01\/Movimientos-de-Personal-por-Centros-de-Trabajo.pdf\">Movimientos de Personal por Centros de Trabajo<\/a><br \/>\n<a href=\"https:\/\/www.oaxaca.gob.mx\/ieea\/wp-content\/uploads\/sites\/49\/2025\/01\/Movimientos-de-Plazas.pdf\">Movimientos de Plazas<\/a><br \/>\n<a href=\"https:\/\/www.oaxaca.gob.mx\/ieea\/wp-content\/uploads\/sites\/49\/2025\/01\/Personal-Comisionado.pdf\">Personal Comisionado<\/a><br \/>\n<a href=\"https:\/\/www.oaxaca.gob.mx\/ieea\/wp-content\/uploads\/sites\/49\/2025\/01\/Personal-con-Licencia.pdf\">Personal con Licencia<\/a><br \/>\n<a href=\"https:\/\/www.oaxaca.gob.mx\/ieea\/wp-content\/uploads\/sites\/49\/2025\/01\/Personal-Federalizado-por-RFC.pdf\">Personal Federalizado por RFC<\/a><br \/>\n<a href=\"https:\/\/www.oaxaca.gob.mx\/ieea\/wp-content\/uploads\/sites\/49\/2025\/01\/Plaza-Funcion.pdf\">Plaza Funci\u00f3n<\/a><br \/>\n<a href=\"https:\/\/www.oaxaca.gob.mx\/ieea\/wp-content\/uploads\/sites\/49\/2025\/01\/rfc-con-pagos-Retroactivo-con-Periodo-Mayor-a-45-dias.pdf\">rfc con pagos Retroactivo con Periodo Mayor a 45 d\u00edas<\/a><br \/>\n<a href=\"https:\/\/www.oaxaca.gob.mx\/ieea\/wp-content\/uploads\/sites\/49\/2025\/01\/Trabajadores-con-Doble-Asignacion-Salarial-en-Municipios-no-Colindantes-Geograficamente.pdf\">Trabajadores con Doble Asignaci\u00f3n Salarial en Municipios no Colindantes Geogr\u00e1ficamente<\/a><br \/>\n<a href=\"https:\/\/www.oaxaca.gob.mx\/ieea\/wp-content\/uploads\/sites\/49\/2025\/01\/Trabajadores-Contratados-por-Honorarios-en-el-Periodo.pdf\">Trabajadores Contratados por Honorarios en el Periodo<\/a><br \/>\n<a href=\"https:\/\/www.oaxaca.gob.mx\/ieea\/wp-content\/uploads\/sites\/49\/2025\/01\/Trabajadores-cuyo-Salario-supere-los-ingresos-Promedio.pdf\">Trabajadores cuyo Salario supere los ingresos Promedio<\/a><br \/>\n<a href=\"https:\/\/www.oaxaca.gob.mx\/ieea\/wp-content\/uploads\/sites\/49\/2025\/01\/Trabajadores-Jubilados-en-el-Periodo.pdf\">Trabajadores Jubilados en el Periodo<\/a><br \/>\n<a href=\"https:\/\/www.oaxaca.gob.mx\/ieea\/wp-content\/uploads\/sites\/49\/2025\/01\/Trabajadores-Ocupan-Plazas-que-Superan-el-Numero-de-Horas-de-Compatibilidad.pdf\">Trabajadores Ocupan Plazas que Superan el N\u00famero de Horas de Compatibilidad<\/a><br \/>\n<a href=\"https:\/\/www.oaxaca.gob.mx\/ieea\/wp-content\/uploads\/sites\/49\/2025\/01\/Trabajadores-que-cobran-con-RFC-CURP-con-Formato-Incorrecto.pdf\">Trabajadores que cobran con RFC CURP con Formato Incorrecto<\/a><br \/>\n<a href=\"https:\/\/www.oaxaca.gob.mx\/ieea\/wp-content\/uploads\/sites\/49\/2025\/01\/Trabajadores-que-tramitaron-Licencia-Prejubilatoria-en-el-Periodo.pdf\">Trabajadores que tramitaron Licencia Prejubilatoria en el Periodo<\/a><\/p>\n<p>&nbsp;<\/p>\n","protected":false},"excerpt":{"rendered":"<p>ESTADO FINANCIEROS OCTUBRE ESTADO FINANCIERO NOVIEMBRE Pagos por Ayudas Subsidios 4\u00aa trimestre 2024 CUENTA P\u00daBLICA 2024 SRFT CUARTO INFORME TRIMESTRAL ENE-DIC 2024 Cuarto Trimestre 2024 ReporteFinal ESTADO FINANCIERO DICIEMBRE 2024 &nbsp; CONAC Anal\u00edtico de Categor\u00edas Plazas Autorizadas con su Tabulador Cat\u00e1logo de Categorias y Tabuladores Cat\u00e1logo de Percepciones y Deducciones Movimientos de Personal por Centros [&hellip;]<\/p>\n","protected":false},"author":58,"featured_media":0,"parent":0,"menu_order":0,"comment_status":"closed","ping_status":"closed","template":"","meta":{"episode_type":"","audio_file":"","podmotor_file_id":"","podmotor_episode_id":"","cover_image":"","cover_image_id":"","duration":"","filesize":"","filesize_raw":"","date_recorded":"","explicit":"","block":"","itunes_episode_number":"","itunes_title":"","itunes_season_number":"","itunes_episode_type":"","footnotes":""},"categories":[],"tags":[],"class_list":["post-7552","page","type-page","status-publish","hentry"],"acf":[],"publishpress_future_action":{"enabled":false,"date":"2026-04-13 04:27:57","action":"change-status","newStatus":"draft","terms":[],"taxonomy":"category","extraData":[]},"publishpress_future_workflow_manual_trigger":{"enabledWorkflows":[]},"_links":{"self":[{"href":"https:\/\/www.oaxaca.gob.mx\/ieea\/wp-json\/wp\/v2\/pages\/7552","targetHints":{"allow":["GET"]}}],"collection":[{"href":"https:\/\/www.oaxaca.gob.mx\/ieea\/wp-json\/wp\/v2\/pages"}],"about":[{"href":"https:\/\/www.oaxaca.gob.mx\/ieea\/wp-json\/wp\/v2\/types\/page"}],"author":[{"embeddable":true,"href":"https:\/\/www.oaxaca.gob.mx\/ieea\/wp-json\/wp\/v2\/users\/58"}],"replies":[{"embeddable":true,"href":"https:\/\/www.oaxaca.gob.mx\/ieea\/wp-json\/wp\/v2\/comments?post=7552"}],"version-history":[{"count":2,"href":"https:\/\/www.oaxaca.gob.mx\/ieea\/wp-json\/wp\/v2\/pages\/7552\/revisions"}],"predecessor-version":[{"id":7653,"href":"https:\/\/www.oaxaca.gob.mx\/ieea\/wp-json\/wp\/v2\/pages\/7552\/revisions\/7653"}],"wp:attachment":[{"href":"https:\/\/www.oaxaca.gob.mx\/ieea\/wp-json\/wp\/v2\/media?parent=7552"}],"wp:term":[{"taxonomy":"category","embeddable":true,"href":"https:\/\/www.oaxaca.gob.mx\/ieea\/wp-json\/wp\/v2\/categories?post=7552"},{"taxonomy":"post_tag","embeddable":true,"href":"https:\/\/www.oaxaca.gob.mx\/ieea\/wp-json\/wp\/v2\/tags?post=7552"}],"curies":[{"name":"wp","href":"https:\/\/api.w.org\/{rel}","templated":true}]}}