{"id":7482,"date":"2024-10-11T10:01:29","date_gmt":"2024-10-11T16:01:29","guid":{"rendered":"https:\/\/www.oaxaca.gob.mx\/ieea\/?page_id=7482"},"modified":"2024-11-05T13:07:47","modified_gmt":"2024-11-05T19:07:47","slug":"presupuesto-3er-trimestre-2024","status":"publish","type":"page","link":"https:\/\/www.oaxaca.gob.mx\/ieea\/presupuesto-3er-trimestre-2024\/","title":{"rendered":"Presupuesto 3er Trimestre 2024"},"content":{"rendered":"<p><a href=\"https:\/\/www.oaxaca.gob.mx\/ieea\/wp-content\/uploads\/sites\/49\/2024\/10\/Pagos-por-Ayudas-Subsidios.pdf\">Pagos por Ayudas Subsidios<\/a><\/p>\n<p>&nbsp;<\/p>\n<p><a href=\"https:\/\/www.oaxaca.gob.mx\/ieea\/wp-content\/uploads\/sites\/49\/2024\/11\/TERCER-INFORME-TRIMESTRAL-ENERO-SEPTIEMBRE-2024.pdf\">NFORME TRIMESTRAL ENERO-SEPTIEMBRE 2024<\/a><\/p>\n<p><a href=\"https:\/\/www.oaxaca.gob.mx\/ieea\/wp-content\/uploads\/sites\/49\/2024\/11\/ESTADO-FINANCIERO-AGOSTO-2024.pdf\">ESTADO FINANCIERO AGOSTO 2024<\/a><\/p>\n<p><a href=\"https:\/\/www.oaxaca.gob.mx\/ieea\/wp-content\/uploads\/sites\/49\/2024\/11\/ESTADO-FINANCIERO-JULIO-2024.pdf\">ESTADO FINANCIERO JULIO 2024<\/a><\/p>\n<p><a href=\"https:\/\/www.oaxaca.gob.mx\/ieea\/wp-content\/uploads\/sites\/49\/2024\/11\/ESTADO-FINANCIERO-SEPTIEMBRE-2024.pdf\">ESTADO FINANCIERO SEPTIEMBRE 2024<\/a><\/p>\n<p>&nbsp;<\/p>\n<p><em><strong>SRFT<\/strong><\/em><\/p>\n<p><a href=\"https:\/\/www.oaxaca.gob.mx\/ieea\/wp-content\/uploads\/sites\/49\/2024\/11\/ReporteFinal-1.xlsx\">REPORTE FINAL\u00a0<\/a><\/p>\n<p>&nbsp;<\/p>\n<p><strong><em>CONAC\u00a0<\/em><\/strong><\/p>\n<p><a href=\"https:\/\/www.oaxaca.gob.mx\/ieea\/wp-content\/uploads\/sites\/49\/2024\/10\/Analitico-de-Categorias-Plazas-Autorizadas-con-su-Tabulador.pdf\">Analitico de Categorias Plazas Autorizadas con su Tabulador<\/a><\/p>\n<p><a href=\"https:\/\/www.oaxaca.gob.mx\/ieea\/wp-content\/uploads\/sites\/49\/2024\/10\/Catalogo-de-Categorias-y-Tabuladores.pdf\">Cat\u00e1logo de Categor\u00edas y Tabuladores<\/a><\/p>\n<p><a href=\"https:\/\/www.oaxaca.gob.mx\/ieea\/wp-content\/uploads\/sites\/49\/2024\/10\/Catalogo-de-Percepciones-y-Deducciones.pdf\">Cat\u00e1logo de Percepciones y Deducciones<\/a><\/p>\n<p><a href=\"https:\/\/www.oaxaca.gob.mx\/ieea\/wp-content\/uploads\/sites\/49\/2024\/10\/Movimientos-de-Personal-por-Centros-de-Trabajo.pdf\">Movimientos de Personal por Centros de Trabajo<\/a><\/p>\n<p><a href=\"https:\/\/www.oaxaca.gob.mx\/ieea\/wp-content\/uploads\/sites\/49\/2024\/10\/Movimientos-de-Plazas.pdf\">Movimientos de Plazas<\/a><\/p>\n<p><a href=\"https:\/\/www.oaxaca.gob.mx\/ieea\/wp-content\/uploads\/sites\/49\/2024\/10\/Personal-Comisionado.pdf\">Personal Comisionado<\/a><\/p>\n<p><a href=\"https:\/\/www.oaxaca.gob.mx\/ieea\/wp-content\/uploads\/sites\/49\/2024\/10\/Personal-con-Licencia.pdf\">Personal con Licencia<\/a><\/p>\n<p><a href=\"https:\/\/www.oaxaca.gob.mx\/ieea\/wp-content\/uploads\/sites\/49\/2024\/10\/Personal-Federalizado-con-RFC.pdf\">Personal Federalizado con RFC<\/a><\/p>\n<p><a href=\"https:\/\/www.oaxaca.gob.mx\/ieea\/wp-content\/uploads\/sites\/49\/2024\/10\/Plaza-Funcion.pdf\">Plaza Funci\u00f3n<\/a><\/p>\n<p><a href=\"https:\/\/www.oaxaca.gob.mx\/ieea\/wp-content\/uploads\/sites\/49\/2024\/10\/rfc-con-pagos-Retroactivos-con-Periodo-Mayor-a-45-dias.pdf\">rfc con pagos Retroactivos con Periodo Mayor a 45 dias<\/a><\/p>\n<p><a href=\"https:\/\/www.oaxaca.gob.mx\/ieea\/wp-content\/uploads\/sites\/49\/2024\/10\/Trabajadores-con-Doble-Asignacion-Salarial-en-Municipios-no-Colindantes-Geograficamente.pdf\">Trabajadores con Doble Asignaci\u00f3n Salarial en Municipios no Colindantes Geogr\u00e1ficamente<\/a><\/p>\n<p><a href=\"https:\/\/www.oaxaca.gob.mx\/ieea\/wp-content\/uploads\/sites\/49\/2024\/10\/Trabajadores-Contratados-por-Honorarios-en-el-Periodo.pdf\">Trabajadores Contratados por Honorarios en el Periodo<\/a><\/p>\n<p><a href=\"https:\/\/www.oaxaca.gob.mx\/ieea\/wp-content\/uploads\/sites\/49\/2024\/10\/Trabajadores-cuyo-Salario-supere-los-ingresos-Promedio.pdf\">Trabajadores cuyo Salario supere los ingresos Promedio<\/a><\/p>\n<p><a href=\"https:\/\/www.oaxaca.gob.mx\/ieea\/wp-content\/uploads\/sites\/49\/2024\/10\/Trabajadores-Jubilados-en-el-Periodo.pdf\">Trabajadores Jubilados en el Periodo<\/a><\/p>\n<p><a href=\"https:\/\/www.oaxaca.gob.mx\/ieea\/wp-content\/uploads\/sites\/49\/2024\/10\/Trabajadores-Oupan-Plazas-que-Superan-el-Numero-de-Horas-de-Compatibilidad.pdf\">Trabajadores Ocupan Plazas que Superan el N\u00famero de Horas de Compatibilidad<\/a><\/p>\n<p><a href=\"https:\/\/www.oaxaca.gob.mx\/ieea\/wp-content\/uploads\/sites\/49\/2024\/10\/Trabajadores-que-cobran-con-RFC-CURP-con-Formato-Incorrecto.pdf\">Trabajadores que cobran con RFC CURP con Formato Incorrecto<\/a><\/p>\n<p><a href=\"https:\/\/www.oaxaca.gob.mx\/ieea\/wp-content\/uploads\/sites\/49\/2024\/10\/Trabajadores-que-tramitaron-Licencia-Prejubilatoria-en-el-Periodo.pdf\">Trabajadores que tramitaron Licencia Prejubilatoria en el Periodo<\/a><\/p>\n","protected":false},"excerpt":{"rendered":"<p>Pagos por Ayudas Subsidios &nbsp; NFORME TRIMESTRAL ENERO-SEPTIEMBRE 2024 ESTADO FINANCIERO AGOSTO 2024 ESTADO FINANCIERO JULIO 2024 ESTADO FINANCIERO SEPTIEMBRE 2024 &nbsp; SRFT REPORTE FINAL\u00a0 &nbsp; CONAC\u00a0 Analitico de Categorias Plazas Autorizadas con su Tabulador Cat\u00e1logo de Categor\u00edas y Tabuladores Cat\u00e1logo de Percepciones y Deducciones Movimientos de Personal por Centros de Trabajo Movimientos de Plazas [&hellip;]<\/p>\n","protected":false},"author":58,"featured_media":0,"parent":0,"menu_order":0,"comment_status":"closed","ping_status":"closed","template":"","meta":{"episode_type":"","audio_file":"","podmotor_file_id":"","podmotor_episode_id":"","cover_image":"","cover_image_id":"","duration":"","filesize":"","filesize_raw":"","date_recorded":"","explicit":"","block":"","itunes_episode_number":"","itunes_title":"","itunes_season_number":"","itunes_episode_type":"","footnotes":""},"categories":[],"tags":[],"class_list":["post-7482","page","type-page","status-publish","hentry"],"acf":[],"publishpress_future_action":{"enabled":false,"date":"2026-04-13 04:28:32","action":"change-status","newStatus":"draft","terms":[],"taxonomy":"category","extraData":[]},"publishpress_future_workflow_manual_trigger":{"enabledWorkflows":[]},"_links":{"self":[{"href":"https:\/\/www.oaxaca.gob.mx\/ieea\/wp-json\/wp\/v2\/pages\/7482","targetHints":{"allow":["GET"]}}],"collection":[{"href":"https:\/\/www.oaxaca.gob.mx\/ieea\/wp-json\/wp\/v2\/pages"}],"about":[{"href":"https:\/\/www.oaxaca.gob.mx\/ieea\/wp-json\/wp\/v2\/types\/page"}],"author":[{"embeddable":true,"href":"https:\/\/www.oaxaca.gob.mx\/ieea\/wp-json\/wp\/v2\/users\/58"}],"replies":[{"embeddable":true,"href":"https:\/\/www.oaxaca.gob.mx\/ieea\/wp-json\/wp\/v2\/comments?post=7482"}],"version-history":[{"count":2,"href":"https:\/\/www.oaxaca.gob.mx\/ieea\/wp-json\/wp\/v2\/pages\/7482\/revisions"}],"predecessor-version":[{"id":7523,"href":"https:\/\/www.oaxaca.gob.mx\/ieea\/wp-json\/wp\/v2\/pages\/7482\/revisions\/7523"}],"wp:attachment":[{"href":"https:\/\/www.oaxaca.gob.mx\/ieea\/wp-json\/wp\/v2\/media?parent=7482"}],"wp:term":[{"taxonomy":"category","embeddable":true,"href":"https:\/\/www.oaxaca.gob.mx\/ieea\/wp-json\/wp\/v2\/categories?post=7482"},{"taxonomy":"post_tag","embeddable":true,"href":"https:\/\/www.oaxaca.gob.mx\/ieea\/wp-json\/wp\/v2\/tags?post=7482"}],"curies":[{"name":"wp","href":"https:\/\/api.w.org\/{rel}","templated":true}]}}