{"id":7417,"date":"2024-07-09T14:31:17","date_gmt":"2024-07-09T20:31:17","guid":{"rendered":"https:\/\/www.oaxaca.gob.mx\/ieea\/?page_id=7417"},"modified":"2024-11-05T12:36:07","modified_gmt":"2024-11-05T18:36:07","slug":"presupuesto-2do-trimestre-2024","status":"publish","type":"page","link":"https:\/\/www.oaxaca.gob.mx\/ieea\/presupuesto-2do-trimestre-2024\/","title":{"rendered":"Presupuesto 2do Trimestre 2024"},"content":{"rendered":"<p><a href=\"https:\/\/www.oaxaca.gob.mx\/ieea\/wp-content\/uploads\/sites\/49\/2024\/07\/Pagos-por-Ayudas-Subsidios-2o-trimestre-2024.pdf\">Pagos por Ayudas Subsidios 2o trimestre 2024<\/a><\/p>\n<p><a href=\"https:\/\/www.oaxaca.gob.mx\/ieea\/wp-content\/uploads\/sites\/49\/2024\/08\/ESTADO-FINANCIERO-ABRIL-2024.pdf\">ESTADO FINANCIERO ABRIL 2024<\/a><\/p>\n<p><a href=\"https:\/\/www.oaxaca.gob.mx\/ieea\/wp-content\/uploads\/sites\/49\/2024\/11\/ESTADO-FINANCIERO-MAYO-2024.pdf\">ESTADO FINANCIERO MAYO 2024<\/a><\/p>\n<p><a href=\"https:\/\/www.oaxaca.gob.mx\/ieea\/wp-content\/uploads\/sites\/49\/2024\/11\/ESTADO-FINANCIERO-JUNIO-2024.pdf\">ESTADO FINANCIERO JUNIO 2024<\/a><\/p>\n<p>&nbsp;<\/p>\n<p><em><strong>RFT<\/strong><\/em><\/p>\n<p><a href=\"https:\/\/www.oaxaca.gob.mx\/ieea\/wp-content\/uploads\/sites\/49\/2024\/07\/SEGUNDO-INFORME-TRIMESTRAL-ENE-JUN-2024.pdf\">SEGUNDO INFORME TRIMESTRAL ENE-JUN 2024<\/a><\/p>\n<p><a href=\"https:\/\/www.oaxaca.gob.mx\/ieea\/wp-content\/uploads\/sites\/49\/2024\/11\/ReporteFinal.xlsx\">REPORTE FINAL<\/a><\/p>\n<p><strong><em>CONAC<\/em><\/strong><\/p>\n<p><a href=\"https:\/\/www.oaxaca.gob.mx\/ieea\/wp-content\/uploads\/sites\/49\/2024\/07\/Analitico-de-Categorias-Plazas-Autorizadas-con-su-Tabulador.pdf\">Analitico de Categorias Plazas Autorizadas con su Tabulador<\/a><\/p>\n<p><a href=\"https:\/\/www.oaxaca.gob.mx\/ieea\/wp-content\/uploads\/sites\/49\/2024\/07\/Catalogo-de-Categorias-y-Tabuladores.pdf\">Cat\u00e1logo de Categor\u00edas y Tabuladores<\/a><\/p>\n<p><a href=\"https:\/\/www.oaxaca.gob.mx\/ieea\/wp-content\/uploads\/sites\/49\/2024\/07\/Catalogo-de-Percepciones-y-Deducciones.pdf\">Cat\u00e1logo de Percepciones y Deducciones<\/a><\/p>\n<p><a href=\"https:\/\/www.oaxaca.gob.mx\/ieea\/wp-content\/uploads\/sites\/49\/2024\/07\/Movimientos-de-Personal-por-Centro-de-Trabajo.pdf\">Movimientos de Personal por Centro de Trabajo<\/a><\/p>\n<p><a href=\"https:\/\/www.oaxaca.gob.mx\/ieea\/wp-content\/uploads\/sites\/49\/2024\/07\/Movimientos-de-Plazas.pdf\">Movimientos de Plazas<\/a><\/p>\n<p><a href=\"https:\/\/www.oaxaca.gob.mx\/ieea\/wp-content\/uploads\/sites\/49\/2024\/07\/Personal-Comisionado.pdf\">Personal Comisionado<\/a><\/p>\n<p><a href=\"https:\/\/www.oaxaca.gob.mx\/ieea\/wp-content\/uploads\/sites\/49\/2024\/07\/Personal-con-Licencia.pdf\">Personal con Licencia<\/a><\/p>\n<p><a href=\"https:\/\/www.oaxaca.gob.mx\/ieea\/wp-content\/uploads\/sites\/49\/2024\/07\/Personal-Federalizado-con-RFC.pdf\">Personal Federalizado con RFC<\/a><\/p>\n<p><a href=\"https:\/\/www.oaxaca.gob.mx\/ieea\/wp-content\/uploads\/sites\/49\/2024\/07\/Plaza-Funcion.pdf\">Plaza Funci\u00f3n<\/a><\/p>\n<p><a href=\"https:\/\/www.oaxaca.gob.mx\/ieea\/wp-content\/uploads\/sites\/49\/2024\/07\/rfc-con-pagos-Retroactivos-con-Periodo-Mayor-a-45-dias.pdf\">RFCcon pagos Retroactivos con Periodo Mayor a 45 dias<\/a><\/p>\n<p><a href=\"https:\/\/www.oaxaca.gob.mx\/ieea\/wp-content\/uploads\/sites\/49\/2024\/07\/Trabajadores-con-Doble-Asignacion-Salarial-en-Municipios-no-Colindantes-Geograficamente.pdf\">Trabajadores con Doble Asignaci\u00f3n Salarial en Municipios no Colindantes Geogr\u00e1ficamente<\/a><\/p>\n<p><a href=\"https:\/\/www.oaxaca.gob.mx\/ieea\/wp-content\/uploads\/sites\/49\/2024\/07\/Trabajadores-Contratados-por-Honorarios-en-el-Periodo.pdf\">Trabajadores Contratados por Honorarios en el Periodo<\/a><\/p>\n<p><a href=\"https:\/\/www.oaxaca.gob.mx\/ieea\/wp-content\/uploads\/sites\/49\/2024\/07\/Trabajadores-cuyo-Salario-supere-los-ingresos-Promedio.pdf\">Trabajadores cuyo Salario supere los ingresos Promedio<\/a><\/p>\n<p><a href=\"https:\/\/www.oaxaca.gob.mx\/ieea\/wp-content\/uploads\/sites\/49\/2024\/07\/Trabajadores-Jubilados-en-el-Periodo.pdf\">Trabajadores Jubilados en el Periodo<\/a><\/p>\n<p><a href=\"https:\/\/www.oaxaca.gob.mx\/ieea\/wp-content\/uploads\/sites\/49\/2024\/07\/Trabajadores-Ocupan-Plazas-que-Superan-el-Numero-de-Horas-de-Compatibilidad.pdf\">Trabajadores Ocupan Plazas que Superan el N\u00famero de Horas de Compatibilidad<\/a><\/p>\n<p><a href=\"https:\/\/www.oaxaca.gob.mx\/ieea\/wp-content\/uploads\/sites\/49\/2024\/07\/Trabajadores-que-cobran-con-RFC-CURP-con-Formato-incorrecto.pdf\">Trabajadores que cobran con RFC CURP con Formato incorrecto<\/a><\/p>\n<p><a href=\"https:\/\/www.oaxaca.gob.mx\/ieea\/wp-content\/uploads\/sites\/49\/2024\/07\/Trabajadores-que-tramitaron-Licencia-Prejubilatoria-en-el-Periodo.pdf\">Trabajadores que tramitar\u00f3n Licencia Prejubilatoria en el Periodo<\/a><\/p>\n","protected":false},"excerpt":{"rendered":"<p>Pagos por Ayudas Subsidios 2o trimestre 2024 ESTADO FINANCIERO ABRIL 2024 ESTADO FINANCIERO MAYO 2024 ESTADO FINANCIERO JUNIO 2024 &nbsp; RFT SEGUNDO INFORME TRIMESTRAL ENE-JUN 2024 REPORTE FINAL CONAC Analitico de Categorias Plazas Autorizadas con su Tabulador Cat\u00e1logo de Categor\u00edas y Tabuladores Cat\u00e1logo de Percepciones y Deducciones Movimientos de Personal por Centro de Trabajo Movimientos [&hellip;]<\/p>\n","protected":false},"author":58,"featured_media":0,"parent":0,"menu_order":0,"comment_status":"closed","ping_status":"closed","template":"","meta":{"episode_type":"","audio_file":"","podmotor_file_id":"","podmotor_episode_id":"","cover_image":"","cover_image_id":"","duration":"","filesize":"","filesize_raw":"","date_recorded":"","explicit":"","block":"","itunes_episode_number":"","itunes_title":"","itunes_season_number":"","itunes_episode_type":"","footnotes":""},"categories":[],"tags":[],"class_list":["post-7417","page","type-page","status-publish","hentry"],"acf":[],"publishpress_future_action":{"enabled":false,"date":"2026-04-20 12:34:15","action":"change-status","newStatus":"draft","terms":[],"taxonomy":"category","extraData":[]},"publishpress_future_workflow_manual_trigger":{"enabledWorkflows":[]},"_links":{"self":[{"href":"https:\/\/www.oaxaca.gob.mx\/ieea\/wp-json\/wp\/v2\/pages\/7417","targetHints":{"allow":["GET"]}}],"collection":[{"href":"https:\/\/www.oaxaca.gob.mx\/ieea\/wp-json\/wp\/v2\/pages"}],"about":[{"href":"https:\/\/www.oaxaca.gob.mx\/ieea\/wp-json\/wp\/v2\/types\/page"}],"author":[{"embeddable":true,"href":"https:\/\/www.oaxaca.gob.mx\/ieea\/wp-json\/wp\/v2\/users\/58"}],"replies":[{"embeddable":true,"href":"https:\/\/www.oaxaca.gob.mx\/ieea\/wp-json\/wp\/v2\/comments?post=7417"}],"version-history":[{"count":3,"href":"https:\/\/www.oaxaca.gob.mx\/ieea\/wp-json\/wp\/v2\/pages\/7417\/revisions"}],"predecessor-version":[{"id":7516,"href":"https:\/\/www.oaxaca.gob.mx\/ieea\/wp-json\/wp\/v2\/pages\/7417\/revisions\/7516"}],"wp:attachment":[{"href":"https:\/\/www.oaxaca.gob.mx\/ieea\/wp-json\/wp\/v2\/media?parent=7417"}],"wp:term":[{"taxonomy":"category","embeddable":true,"href":"https:\/\/www.oaxaca.gob.mx\/ieea\/wp-json\/wp\/v2\/categories?post=7417"},{"taxonomy":"post_tag","embeddable":true,"href":"https:\/\/www.oaxaca.gob.mx\/ieea\/wp-json\/wp\/v2\/tags?post=7417"}],"curies":[{"name":"wp","href":"https:\/\/api.w.org\/{rel}","templated":true}]}}